{"id":4565,"date":"2022-12-07T11:50:14","date_gmt":"2022-12-07T10:50:14","guid":{"rendered":"https:\/\/www.lab-science.eu\/?page_id=4565"},"modified":"2023-02-20T15:12:55","modified_gmt":"2023-02-20T14:12:55","slug":"biosafety-training","status":"publish","type":"page","link":"https:\/\/www.lab-science.eu\/en\/labcience-academy-2\/biosafety-training\/","title":{"rendered":"Biosafety training"},"content":{"rendered":"<p>&nbsp;<\/p>\n<div class=\"title\">\n<h1 class=\"header-text\">Biosafety training<\/h1>\n<div class=\"clearfix aligncenter\"><div class=\"fancy-header1\"><h2>Biosafety and biosecurity<\/h2><\/div><\/div>\n<\/div>\n<div class=\"full-width\" style=\"color: #333333;background: #f6f6f6;\">\n<p>&nbsp;<\/p>\n<div class=\"one_half rnr-column\">\n<h2 style=\"font-size: 25px;\">Objectives of the biosafety training<\/h2>\n<p>&nbsp;<\/p>\n<div style=\"text-align: left; font-weight: 400;\"><ul class=\"styled-list\">\n<li><i class=\"fa fa-check\" style=\"color:#6a0e41 !important;\"><\/i>To develop skills in the fields of biosafety and biosecurity (knowledge).<\/li>\n<li><i class=\"fa fa-check\" style=\"color:#6a0e41 !important;\"><\/i>To ensure that concepts and practices related to specific topics in the fields of biosafety and biosecurity are mastered (know-how).<\/li>\n<li><i class=\"fa fa-check\" style=\"color:#6a0e41 !important;\"><\/i>Implementing good practice in handling biological materials in the laboratory (know-how).<\/li>\n<\/ul><\/div>\n<p>&nbsp;<\/p>\n<p style=\"text-align: left;\"><a class=\"header-text\" style=\"box-shadow: #6a0e41 0px 0px 0px 3px; font-size: 20px; font-style: normal; color: #ffffff; font-weight: normal; text-transform: uppercase; margin-bottom: 20px; line-height: 1; display: inline-block; padding: 10px; background: #6a0e41; text-align: center;\" href=\"https:\/\/www.lab-science.eu\/contact\/\">I WOULD LIKE TO KNOW MORE<\/a><\/p>\n<\/div>\n<div class=\"one_half rnr-column last\">\n<p><img loading=\"lazy\" decoding=\"async\" class=\"alignnone wp-image-3858 size-large portfolio-lazyLoad\" title=\"Modular clean room - Lab Science\" src=\"https:\/\/www.lab-science.eu\/wp-content\/uploads\/2020\/12\/Scan-60-scaled-e1608028518249.jpeg\" data-original=\"https:\/\/www.lab-science.eu\/wp-content\/uploads\/2020\/12\/Scan-60-scaled-e1608028518249.jpeg\" alt=\"Modular clean room - Lab Science\" width=\"1024\" height=\"521\" \/><noscript><img loading=\"lazy\" decoding=\"async\" class=\"alignnone wp-image-3858 size-large portfolio-lazyLoad\" title=\"Modular clean room - Lab Science\" src=\"https:\/\/www.lab-science.eu\/wp-content\/uploads\/2020\/12\/Scan-60-scaled-e1608028518249.jpeg\" alt=\"Modular clean room - Lab Science\" width=\"1024\" height=\"521\" \/><\/noscript><\/p>\n<\/div><div class=\"clear\"><\/div>\n<p><\/div>\n<div class=\"one_half rnr-column\">\n<h2 style=\"font-size: 25px;\">Means and teaching methods<\/h2>\n<p><strong>LAB&#8217;SCIENCE Academy organises theoretical and hands-on training sessions taking place in a classroom setting, where lectures and active methods (participative, demonstrative, questioning) are used alternately.<br \/>\nExercises, scenarios and case studies are used to apply the knowledge.<br \/>\n<\/strong><\/p>\n<p>&#8211; Our training courses are organised in a fully equipped training room (video projector, paperboard, laser pointer, speaker\/sound system), in compliance with the regulations in terms of accessibility, hygiene and safety, including those for disabled people.<br \/>\n&#8211; For our practical workshops, we make sure to use a laboratory area.<\/p>\n<p><\/div>\n<div class=\"one_half rnr-column last\">\n<h2 style=\"font-size: 25px;\">Prerequisites for biosafety training<\/h2>\n<p>Our training courses are aimed at laboratory professionals in the fields of health, research and industry (pharmaceutical, food, agri-food).<br \/>\nNo specific knowledge or prerequisites in biosafety or biosecurity are required, unless defined during the customisation of the biosafety training.<\/p>\n<p><\/div><div class=\"clear\"><\/div>\n<div class=\"title\">\n<h2 class=\"header-text\"><div class=\"clearfix aligncenter\"><div class=\"fancy-header1\"><h2>Target audience<\/h2><\/div><\/div><\/h2>\n<div class=\"subtitle\">\n<p style=\"text-transform: initial; text-align: center; font-size: 18px;\"><strong>Any person who has to work with pathogenic micro-organisms or is confronted with a professional situation related to a risk of microbiological contamination:<\/strong><\/p>\n<p><em>TECHNICAL DIVISION: USERS, MANIPULATORS<\/em><br \/>\n(TECHNICIANS, RESEARCHERS, TRAINEES);<br \/>\n<em>SUPPORT, MANAGEMENT OR SUPERVISORY DIVISIONS<\/em><br \/>\n(BIOLOGICAL SAFETY MANAGERS, TEAM MANAGERS, HEALTH, SAFETY AND ENVIRONMENT MANAGERS).<\/p>\n<p>&nbsp;<\/p>\n<p style=\"text-align: center;\"><a class=\"header-text\" style=\"box-shadow: #6a0e41 0px 0px 0px 3px; font-size: 20px; font-style: normal; color: #ffffff; font-weight: normal; text-transform: uppercase; margin-bottom: 20px; line-height: 1; display: inline-block; padding: 10px; background: #6a0e41; text-align: center;\" href=\"https:\/\/www.lab-science.eu\/contact\/\"> CONTACT US<\/a><\/p>\n<\/div>\n<\/div>\n<h2 class=\"header-text\"><div class=\"clearfix aligncenter\"><div class=\"fancy-header1\"><h2>Evaluation of the course<\/h2><\/div><\/div><\/h2>\n<p style=\"text-align: center;\">Assessment of the knowledge acquired is carried out at the end of each day, in the form of questions, exercises and discussions, to ensure that the concepts have been correctly understood.<br \/>\n<strong>A training certificate is issued at the end of the course.<\/strong><\/p>\n<p>&nbsp;<\/p>\n<h2 class=\"header-text\"><div class=\"clearfix aligncenter\"><div class=\"fancy-header1\"><h2>Terms and conditions<\/h2><\/div><\/div><\/h2>\n<p style=\"text-align: center;\">The duration of the biosafety training course depends on your needs.<\/p>\n<p style=\"text-align: center; color: #6a0e41;\"><em>4450 euros (excl. VAT) \/ trainee \/ day for in-company training<br \/>\n650 euros (excl. VAT) \/ trainee \/ day for inter-company training<\/em><\/p>\n<p style=\"text-align: center;\">The location of the training is defined according to the request.<br \/>\nThese conditions are applicable to our existing and developed training courses. Please contact us for any request for a tailor-made training estimate.<\/p>\n<div class=\"full-width\" style=\"color: #333333;background: #f6f6f6;\">\n<h2 class=\"header-text\"><div class=\"clearfix aligncenter\"><div class=\"fancy-header1\"><h2>Trainers<\/h2><\/div><\/div><\/h2>\n<p style=\"text-align: center;\"><strong><em>Our trainers are recognised specialists in biosafety and biosecurity and have extensive field experience.<\/em><\/strong><\/p>\n<div class=\"one_half rnr-column\">\n<a href=\"https:\/\/www.lab-science.eu\/lab-science-academie\/\"><div data-effect=\"fadeInUp\" id=\"service-features-31196923\" class=\"service-features animated rnr-animate\"><style type=\"text\/css\">#service-features-31196923 .img-container { background : #848E98; } #service-features-31196923 .img-container i{ color: ; } #service-features-31196923 .img-container:after { border-color: #848E98; }<\/style><div class=\"img-container\"><img decoding=\"async\" src=\"https:\/\/www.lab-science.eu\/wp-content\/uploads\/2019\/09\/sebastien-alix-leguen.png\" data-original=\"https:\/\/www.lab-science.eu\/wp-content\/uploads\/2019\/09\/sebastien-alix-leguen.png\" alt=\"S\u00e9bastien Allix\"><noscript><img decoding=\"async\" src=\"https:\/\/www.lab-science.eu\/wp-content\/uploads\/2019\/09\/sebastien-alix-leguen.png\" alt=\"S\u00e9bastien Allix\"><\/noscript><\/div>  <h3>S\u00e9bastien Allix<\/h3>                <p>\u00a0<span class=\"highlight portfolio-lazyLoad\"><\/a><a href=\"https:\/\/www.lab-science.eu\/lab-science-academie\/\">Scientific Director of LAB&#8217;SCIENCE<\/a><a href=\"https:\/\/www.lab-science.eu\/lab-science-academie\/\"><\/span><\/p><\/div><\/a><br \/>\n<\/div>\n<div class=\"one_half rnr-column last\">\n<a href=\"https:\/\/www.lab-science.eu\/lab-science-academie\/\"><div data-effect=\"fadeInUp\" id=\"service-features-899256621\" class=\"service-features animated rnr-animate\"><style type=\"text\/css\">#service-features-899256621 .img-container { background : #848E98; } #service-features-899256621 .img-container i{ color: ; } #service-features-899256621 .img-container:after { border-color: #848E98; }<\/style><div class=\"img-container\"><img decoding=\"async\" src=\"https:\/\/www.lab-science.eu\/wp-content\/uploads\/2021\/12\/arnaud.png\" data-original=\"https:\/\/www.lab-science.eu\/wp-content\/uploads\/2021\/12\/arnaud.png\" alt=\"Arnaud Orelle\"><noscript><img decoding=\"async\" src=\"https:\/\/www.lab-science.eu\/wp-content\/uploads\/2021\/12\/arnaud.png\" alt=\"Arnaud Orelle\"><\/noscript><\/div>  <h3>Arnaud Orelle<\/h3>                <p><span class=\"highlight portfolio-lazyLoad\"><\/a><a href=\"https:\/\/www.lab-science.eu\/lab-science-academie\/\">Scientific Advisor of LAB&#8217;SCIENCE<\/a><a href=\"https:\/\/www.lab-science.eu\/lab-science-academie\/\"><\/span><\/p><\/div><\/a><br \/>\n<\/div><div class=\"clear\"><\/div>\n<\/div>\n<div class=\"fancy-header2\"><h4>Themes<\/h4><h2 class=\"highlight\">Biosafety training<\/h2><\/div>\n<p style=\"text-align: center;\"><strong>Biosafety and biosecurity cover a wide range of topics that we can address.<br \/>\nThe list of these topics is detailed below:<\/strong><\/p>\n<div class=\"one_half rnr-column\">\n<img loading=\"lazy\" decoding=\"async\" class=\"alignnone wp-image-3858 size-large portfolio-lazyLoad\" title=\"Modular clean room - Lab Science\" src=\"https:\/\/www.lab-science.eu\/wp-content\/uploads\/2020\/12\/maintenance-1024x521.jpeg\" data-original=\"https:\/\/www.lab-science.eu\/wp-content\/uploads\/2020\/12\/maintenance-1024x521.jpeg\" alt=\"Modular clean room - Lab Science\" width=\"1024\" height=\"521\" \/><noscript><img loading=\"lazy\" decoding=\"async\" class=\"alignnone wp-image-3858 size-large portfolio-lazyLoad\" title=\"Modular clean room - Lab Science\" src=\"https:\/\/www.lab-science.eu\/wp-content\/uploads\/2020\/12\/maintenance-1024x521.jpeg\" alt=\"Modular clean room - Lab Science\" width=\"1024\" height=\"521\" \/><\/noscript><br \/>\n<\/div>\n<div class=\"one_half rnr-column last\">\n<div style=\"text-align: left; font-weight: 400;\"><ul class=\"styled-list\">\n<li><i class=\"fa fa-check\" style=\"color:#6a0e41 !important;\"><\/i>Introduction to biosafety and biosecurity (quizzes\/photos);<\/li>\n<li><i class=\"fa fa-check\" style=\"color:#6a0e41 !important;\"><\/i>Good laboratory practices;<\/li>\n<li><i class=\"fa fa-check\" style=\"color:#6a0e41 !important;\"><\/i>Safety level and classification of pathogens;<\/li>\n<li><i class=\"fa fa-check\" style=\"color:#6a0e41 !important;\"><\/i>National regulations;<\/li>\n<li><i class=\"fa fa-check\" style=\"color:#6a0e41 !important;\"><\/i>International regulations;<\/li>\n<li><i class=\"fa fa-check\" style=\"color:#6a0e41 !important;\"><\/i>Infrastructure and facilities;<\/li>\n<li><i class=\"fa fa-check\" style=\"color:#6a0e41 !important;\"><\/i>Personal protective equipment;<\/li>\n<li><i class=\"fa fa-check\" style=\"color:#6a0e41 !important;\"><\/i>Signage;<\/li>\n<li><i class=\"fa fa-check\" style=\"color:#6a0e41 !important;\"><\/i>Disinfection, cleaning and decontamination;<\/li>\n<li><i class=\"fa fa-check\" style=\"color:#6a0e41 !important;\"><\/i>Hand washing;<\/li>\n<li><i class=\"fa fa-check\" style=\"color:#6a0e41 !important;\"><\/i>Biosecurity;<\/li>\n<li><i class=\"fa fa-check\" style=\"color:#6a0e41 !important;\"><\/i>Emergencies:<br \/>\n&#8211; Emergency procedures and safety equipment;<br \/>\n&#8211; Fire;<br \/>\n&#8211; Incident management;<br \/>\n&#8211; Spill and aerosol management;<br \/>\n<\/li>\n<li><i class=\"fa fa-check\" style=\"color:#6a0e41 !important;\"><\/i>Documentation, procedures and manual and Biological Safety and Security;<\/li>\n<li><i class=\"fa fa-check\" style=\"color:#6a0e41 !important;\"><\/i>Transport and shipment of infectious materials (national, internal, international);<\/li>\n<li><i class=\"fa fa-check\" style=\"color:#6a0e41 !important;\"><\/i>Waste pre-treatment (autoclave, effluent);<\/li>\n<li><i class=\"fa fa-check\" style=\"color:#6a0e41 !important;\"><\/i>Waste management;<\/li>\n<li><i class=\"fa fa-check\" style=\"color:#6a0e41 !important;\"><\/i>Medical follow-up;<\/li>\n<li><i class=\"fa fa-check\" style=\"color:#6a0e41 !important;\"><\/i>Microbiological safety station, appropriate practices and behaviours;<\/li>\n<li><i class=\"fa fa-check\" style=\"color:#6a0e41 !important;\"><\/i>Biological risk assessment.<\/li><\/ul><\/div>\n<p>&nbsp;<\/p>\n<p style=\"text-align: left;\"><a class=\"header-text\" style=\"box-shadow: #6a0e41 0px 0px 0px 3px; font-size: 20px; font-style: normal; color: #ffffff; font-weight: normal; text-transform: uppercase; margin-bottom: 20px; line-height: 1; display: inline-block; padding: 10px; background: #6a0e41; text-align: center;\" href=\"https:\/\/www.lab-science.eu\/wp-content\/uploads\/2023\/02\/FLY-formation-J-1121_compressed.pdf\" target=\"_blank\" rel=\"noopener\">DOWNLOAD THE TRAINING BROCHURE<\/a><\/p>\n<p><\/div><div class=\"clear\"><\/div>\n<p>&nbsp;<\/p>\n<div class=\"title\">\n<h2 style=\"text-align: center;\">And, also&#8230;<\/h2>\n<p style=\"text-align: center;\">Practical workshops on the following topics can be organised (list not exhaustive):<br \/>\n<em>Personal protective equipment; Microbiological Safety Station (MSS); Emergency management (spill management); Biological risk assessment (security and safety)&#8230;<\/em><\/p>\n<p>&nbsp;<\/p>\n<p style=\"text-align: center;\"><a class=\"header-text\" style=\"box-shadow: #6a0e41 0px 0px 0px 3px; font-size: 20px; font-style: normal; color: #ffffff; font-weight: normal; text-transform: uppercase; margin-bottom: 20px; line-height: 1; display: inline-block; padding: 10px; background: #6a0e41; text-align: center;\" href=\"https:\/\/www.lab-science.eu\/lab-science-academie\/formation-decontamination-non-dirigee-des-surfaces\/\">DISCOVER OUR TRAINING IN NON-DIRECTED SURFACE DECONTAMINATION<\/a><\/p>\n<\/div>\n","protected":false},"excerpt":{"rendered":"<p>&nbsp; Biosafety training Any person who has to work with pathogenic micro-organisms or is confronted with a professional situation related to a risk of microbiological contamination: TECHNICAL DIVISION: USERS, MANIPULATORS (TECHNICIANS, RESEARCHERS, TRAINEES); SUPPORT, MANAGEMENT OR SUPERVISORY DIVISIONS (BIOLOGICAL SAFETY MANAGERS, TEAM MANAGERS, HEALTH, SAFETY AND ENVIRONMENT MANAGERS). &nbsp; CONTACT US Assessment of the knowledge&hellip;<\/p>\n<p><a href=\"https:\/\/www.lab-science.eu\/en\/labcience-academy-2\/biosafety-training\/\" class=\"read-more-link\">Read More &rarr;<\/a><\/p>\n","protected":false},"author":7,"featured_media":0,"parent":3616,"menu_order":0,"comment_status":"closed","ping_status":"closed","template":"","meta":{"footnotes":""},"class_list":["post-4565","page","type-page","status-publish","hentry"],"yoast_head":"<!-- This site is optimized with the Yoast SEO plugin v27.3 - https:\/\/yoast.com\/product\/yoast-seo-wordpress\/ -->\n<title>Formation \u00e0 la bios\u00e9curit\u00e9<\/title>\n<meta name=\"description\" content=\"Learn about biosafety and biosecurity with the biosafety training offered by the scientific experts of Lab&#039;Science Acad\u00e9mie.\" \/>\n<meta name=\"robots\" content=\"index, follow, max-snippet:-1, max-image-preview:large, max-video-preview:-1\" \/>\n<link rel=\"canonical\" href=\"https:\/\/www.lab-science.eu\/en\/labcience-academy-2\/biosafety-training\/\" \/>\n<meta property=\"og:locale\" content=\"en_US\" \/>\n<meta property=\"og:type\" content=\"article\" \/>\n<meta property=\"og:title\" content=\"Formation \u00e0 la bios\u00e9curit\u00e9\" \/>\n<meta property=\"og:description\" content=\"Learn about biosafety and biosecurity with the biosafety training offered by the scientific experts of Lab&#039;Science Acad\u00e9mie.\" \/>\n<meta property=\"og:url\" content=\"https:\/\/www.lab-science.eu\/en\/labcience-academy-2\/biosafety-training\/\" \/>\n<meta property=\"og:site_name\" content=\"Lab Science - Conception et Fabrication de salles blanches modulaire\" \/>\n<meta property=\"article:modified_time\" content=\"2023-02-20T14:12:55+00:00\" \/>\n<meta property=\"og:image\" content=\"https:\/\/www.lab-science.eu\/wp-content\/uploads\/2020\/12\/Scan-60-scaled-e1608028518249.jpeg\" \/>\n<meta name=\"twitter:card\" content=\"summary_large_image\" \/>\n<meta name=\"twitter:label1\" content=\"Est. reading time\" \/>\n\t<meta name=\"twitter:data1\" content=\"4 minutes\" \/>\n<script type=\"application\/ld+json\" class=\"yoast-schema-graph\">{\"@context\":\"https:\\\/\\\/schema.org\",\"@graph\":[{\"@type\":\"WebPage\",\"@id\":\"https:\\\/\\\/www.lab-science.eu\\\/en\\\/labcience-academy-2\\\/biosafety-training\\\/\",\"url\":\"https:\\\/\\\/www.lab-science.eu\\\/en\\\/labcience-academy-2\\\/biosafety-training\\\/\",\"name\":\"Formation \u00e0 la bios\u00e9curit\u00e9\",\"isPartOf\":{\"@id\":\"https:\\\/\\\/www.lab-science.eu\\\/#website\"},\"primaryImageOfPage\":{\"@id\":\"https:\\\/\\\/www.lab-science.eu\\\/en\\\/labcience-academy-2\\\/biosafety-training\\\/#primaryimage\"},\"image\":{\"@id\":\"https:\\\/\\\/www.lab-science.eu\\\/en\\\/labcience-academy-2\\\/biosafety-training\\\/#primaryimage\"},\"thumbnailUrl\":\"https:\\\/\\\/www.lab-science.eu\\\/wp-content\\\/uploads\\\/2020\\\/12\\\/Scan-60-scaled-e1608028518249.jpeg\",\"datePublished\":\"2022-12-07T10:50:14+00:00\",\"dateModified\":\"2023-02-20T14:12:55+00:00\",\"description\":\"Learn about biosafety and biosecurity with the biosafety training offered by the scientific experts of Lab'Science Acad\u00e9mie.\",\"breadcrumb\":{\"@id\":\"https:\\\/\\\/www.lab-science.eu\\\/en\\\/labcience-academy-2\\\/biosafety-training\\\/#breadcrumb\"},\"inLanguage\":\"en-US\",\"potentialAction\":[{\"@type\":\"ReadAction\",\"target\":[\"https:\\\/\\\/www.lab-science.eu\\\/en\\\/labcience-academy-2\\\/biosafety-training\\\/\"]}]},{\"@type\":\"ImageObject\",\"inLanguage\":\"en-US\",\"@id\":\"https:\\\/\\\/www.lab-science.eu\\\/en\\\/labcience-academy-2\\\/biosafety-training\\\/#primaryimage\",\"url\":\"https:\\\/\\\/www.lab-science.eu\\\/wp-content\\\/uploads\\\/2020\\\/12\\\/Scan-60-scaled-e1608028518249.jpeg\",\"contentUrl\":\"https:\\\/\\\/www.lab-science.eu\\\/wp-content\\\/uploads\\\/2020\\\/12\\\/Scan-60-scaled-e1608028518249.jpeg\"},{\"@type\":\"BreadcrumbList\",\"@id\":\"https:\\\/\\\/www.lab-science.eu\\\/en\\\/labcience-academy-2\\\/biosafety-training\\\/#breadcrumb\",\"itemListElement\":[{\"@type\":\"ListItem\",\"position\":1,\"name\":\"Accueil\",\"item\":\"https:\\\/\\\/www.lab-science.eu\\\/en\\\/\"},{\"@type\":\"ListItem\",\"position\":2,\"name\":\"Lab&rsquo;Science Academy\",\"item\":\"https:\\\/\\\/www.lab-science.eu\\\/en\\\/labcience-academy-2\\\/\"},{\"@type\":\"ListItem\",\"position\":3,\"name\":\"Biosafety training\"}]},{\"@type\":\"WebSite\",\"@id\":\"https:\\\/\\\/www.lab-science.eu\\\/#website\",\"url\":\"https:\\\/\\\/www.lab-science.eu\\\/\",\"name\":\"Lab Science - Conception et Fabrication de salles blanches modulaire\",\"description\":\"\",\"potentialAction\":[{\"@type\":\"SearchAction\",\"target\":{\"@type\":\"EntryPoint\",\"urlTemplate\":\"https:\\\/\\\/www.lab-science.eu\\\/?s={search_term_string}\"},\"query-input\":{\"@type\":\"PropertyValueSpecification\",\"valueRequired\":true,\"valueName\":\"search_term_string\"}}],\"inLanguage\":\"en-US\"}]}<\/script>\n<!-- \/ Yoast SEO plugin. -->","yoast_head_json":{"title":"Formation \u00e0 la bios\u00e9curit\u00e9","description":"Learn about biosafety and biosecurity with the biosafety training offered by the scientific experts of Lab'Science Acad\u00e9mie.","robots":{"index":"index","follow":"follow","max-snippet":"max-snippet:-1","max-image-preview":"max-image-preview:large","max-video-preview":"max-video-preview:-1"},"canonical":"https:\/\/www.lab-science.eu\/en\/labcience-academy-2\/biosafety-training\/","og_locale":"en_US","og_type":"article","og_title":"Formation \u00e0 la bios\u00e9curit\u00e9","og_description":"Learn about biosafety and biosecurity with the biosafety training offered by the scientific experts of Lab'Science Acad\u00e9mie.","og_url":"https:\/\/www.lab-science.eu\/en\/labcience-academy-2\/biosafety-training\/","og_site_name":"Lab Science - Conception et Fabrication de salles blanches modulaire","article_modified_time":"2023-02-20T14:12:55+00:00","og_image":[{"url":"https:\/\/www.lab-science.eu\/wp-content\/uploads\/2020\/12\/Scan-60-scaled-e1608028518249.jpeg","type":"","width":"","height":""}],"twitter_card":"summary_large_image","twitter_misc":{"Est. reading time":"4 minutes"},"schema":{"@context":"https:\/\/schema.org","@graph":[{"@type":"WebPage","@id":"https:\/\/www.lab-science.eu\/en\/labcience-academy-2\/biosafety-training\/","url":"https:\/\/www.lab-science.eu\/en\/labcience-academy-2\/biosafety-training\/","name":"Formation \u00e0 la bios\u00e9curit\u00e9","isPartOf":{"@id":"https:\/\/www.lab-science.eu\/#website"},"primaryImageOfPage":{"@id":"https:\/\/www.lab-science.eu\/en\/labcience-academy-2\/biosafety-training\/#primaryimage"},"image":{"@id":"https:\/\/www.lab-science.eu\/en\/labcience-academy-2\/biosafety-training\/#primaryimage"},"thumbnailUrl":"https:\/\/www.lab-science.eu\/wp-content\/uploads\/2020\/12\/Scan-60-scaled-e1608028518249.jpeg","datePublished":"2022-12-07T10:50:14+00:00","dateModified":"2023-02-20T14:12:55+00:00","description":"Learn about biosafety and biosecurity with the biosafety training offered by the scientific experts of Lab'Science Acad\u00e9mie.","breadcrumb":{"@id":"https:\/\/www.lab-science.eu\/en\/labcience-academy-2\/biosafety-training\/#breadcrumb"},"inLanguage":"en-US","potentialAction":[{"@type":"ReadAction","target":["https:\/\/www.lab-science.eu\/en\/labcience-academy-2\/biosafety-training\/"]}]},{"@type":"ImageObject","inLanguage":"en-US","@id":"https:\/\/www.lab-science.eu\/en\/labcience-academy-2\/biosafety-training\/#primaryimage","url":"https:\/\/www.lab-science.eu\/wp-content\/uploads\/2020\/12\/Scan-60-scaled-e1608028518249.jpeg","contentUrl":"https:\/\/www.lab-science.eu\/wp-content\/uploads\/2020\/12\/Scan-60-scaled-e1608028518249.jpeg"},{"@type":"BreadcrumbList","@id":"https:\/\/www.lab-science.eu\/en\/labcience-academy-2\/biosafety-training\/#breadcrumb","itemListElement":[{"@type":"ListItem","position":1,"name":"Accueil","item":"https:\/\/www.lab-science.eu\/en\/"},{"@type":"ListItem","position":2,"name":"Lab&rsquo;Science Academy","item":"https:\/\/www.lab-science.eu\/en\/labcience-academy-2\/"},{"@type":"ListItem","position":3,"name":"Biosafety training"}]},{"@type":"WebSite","@id":"https:\/\/www.lab-science.eu\/#website","url":"https:\/\/www.lab-science.eu\/","name":"Lab Science - Conception et Fabrication de salles blanches modulaire","description":"","potentialAction":[{"@type":"SearchAction","target":{"@type":"EntryPoint","urlTemplate":"https:\/\/www.lab-science.eu\/?s={search_term_string}"},"query-input":{"@type":"PropertyValueSpecification","valueRequired":true,"valueName":"search_term_string"}}],"inLanguage":"en-US"}]}},"_links":{"self":[{"href":"https:\/\/www.lab-science.eu\/en\/wp-json\/wp\/v2\/pages\/4565","targetHints":{"allow":["GET"]}}],"collection":[{"href":"https:\/\/www.lab-science.eu\/en\/wp-json\/wp\/v2\/pages"}],"about":[{"href":"https:\/\/www.lab-science.eu\/en\/wp-json\/wp\/v2\/types\/page"}],"author":[{"embeddable":true,"href":"https:\/\/www.lab-science.eu\/en\/wp-json\/wp\/v2\/users\/7"}],"replies":[{"embeddable":true,"href":"https:\/\/www.lab-science.eu\/en\/wp-json\/wp\/v2\/comments?post=4565"}],"version-history":[{"count":0,"href":"https:\/\/www.lab-science.eu\/en\/wp-json\/wp\/v2\/pages\/4565\/revisions"}],"up":[{"embeddable":true,"href":"https:\/\/www.lab-science.eu\/en\/wp-json\/wp\/v2\/pages\/3616"}],"wp:attachment":[{"href":"https:\/\/www.lab-science.eu\/en\/wp-json\/wp\/v2\/media?parent=4565"}],"curies":[{"name":"wp","href":"https:\/\/api.w.org\/{rel}","templated":true}]}}