{"id":4038,"date":"2021-04-09T09:34:42","date_gmt":"2021-04-09T07:34:42","guid":{"rendered":"https:\/\/www.lab-science.eu\/contacto\/"},"modified":"2022-12-01T16:21:02","modified_gmt":"2022-12-01T15:21:02","slug":"contacto","status":"publish","type":"page","link":"https:\/\/www.lab-science.eu\/es\/contacto\/","title":{"rendered":"CONTACTO"},"content":{"rendered":"<div class=\"title\">\n<div class=\"aligncenter\">\n<h2 class=\"header-text\" style=\"box-shadow: #6a0e41 0px 0px 0px 3px; font-size: 60px; font-style: normal; color: #ffffff; font-weight: normal; text-transform: none; margin-bottom: 20px; line-height: 1; display: inline-block; padding: 10px; background: #6a0e41; border: 4px solid #ffffff; text-align: center;\">CONTACTO<\/h2>\n<div class=\"subtitle\">\n<p style=\"text-transform: initial; font-size: 18px;\">NOS GUSTAR\u00cdA\u00a0<span class=\"highlight\">HABLAR<\/span> DE SU PROYECTO.<br \/>\nDEJENOS UN MENSAJE Y\u00a0<span class=\"highlight\">LE CONTESTAREMOS<\/span>\u00a0LO ANTES POSIBLE.<\/p>\n<\/div>\n<p>\n<div class=\"wpcf7 no-js\" id=\"wpcf7-f4037-o1\" lang=\"en-US\" dir=\"ltr\" data-wpcf7-id=\"4037\">\n<div class=\"screen-reader-response\"><p role=\"status\" aria-live=\"polite\" aria-atomic=\"true\"><\/p> <ul><\/ul><\/div>\n<form action=\"\/es\/wp-json\/wp\/v2\/pages\/4038#wpcf7-f4037-o1\" method=\"post\" class=\"wpcf7-form init\" aria-label=\"Contact form\" novalidate=\"novalidate\" data-status=\"init\">\n<fieldset class=\"hidden-fields-container\"><input type=\"hidden\" name=\"_wpcf7\" value=\"4037\" \/><input type=\"hidden\" name=\"_wpcf7_version\" value=\"6.1.5\" \/><input type=\"hidden\" name=\"_wpcf7_locale\" value=\"en_US\" \/><input type=\"hidden\" name=\"_wpcf7_unit_tag\" value=\"wpcf7-f4037-o1\" \/><input type=\"hidden\" name=\"_wpcf7_container_post\" value=\"0\" \/><input type=\"hidden\" name=\"_wpcf7_posted_data_hash\" value=\"\" \/><input type=\"hidden\" name=\"_wpcf7_recaptcha_response\" value=\"\" \/>\n<\/fieldset>\n<div class=\"rnr-input\">\n\t<p><span class=\"wpcf7-form-control-wrap\" data-name=\"nom\"><input size=\"40\" maxlength=\"400\" class=\"wpcf7-form-control wpcf7-text wpcf7-validates-as-required\" aria-required=\"true\" aria-invalid=\"false\" placeholder=\"Su nombre\" value=\"\" type=\"text\" name=\"nom\" \/><\/span><br \/>\n<span class=\"wpcf7-form-control-wrap\" data-name=\"entreprise\"><input size=\"40\" maxlength=\"400\" class=\"wpcf7-form-control wpcf7-text wpcf7-validates-as-required\" aria-required=\"true\" aria-invalid=\"false\" placeholder=\"Su empresa\" value=\"\" type=\"text\" name=\"entreprise\" \/><\/span><br \/>\n<span class=\"wpcf7-form-control-wrap\" data-name=\"tel\"><input size=\"10\" maxlength=\"400\" class=\"wpcf7-form-control wpcf7-text\" aria-invalid=\"false\" placeholder=\"Su tel\u00e9fono\" value=\"\" type=\"text\" name=\"tel\" \/><\/span><br \/>\n<span class=\"wpcf7-form-control-wrap\" data-name=\"siteweb\"><input size=\"40\" maxlength=\"400\" class=\"wpcf7-form-control wpcf7-text\" aria-invalid=\"false\" placeholder=\"Su p\u00e1gina web\" value=\"\" type=\"text\" name=\"siteweb\" \/><\/span>\n\t<\/p>\n<\/div>\n<div class=\"rnr-input\">\n\t<p><span class=\"wpcf7-form-control-wrap\" data-name=\"email\"><input size=\"40\" maxlength=\"400\" class=\"wpcf7-form-control wpcf7-email wpcf7-validates-as-required wpcf7-text wpcf7-validates-as-email\" aria-required=\"true\" aria-invalid=\"false\" placeholder=\"Su e-mail\" value=\"\" type=\"email\" name=\"email\" \/><\/span>\n\t<\/p>\n<\/div>\n<div class=\"rnr-textarea\">\n\t<p><span class=\"wpcf7-form-control-wrap\" data-name=\"message\"><textarea cols=\"40\" rows=\"10\" maxlength=\"2000\" class=\"wpcf7-form-control wpcf7-textarea wpcf7-validates-as-required\" aria-required=\"true\" aria-invalid=\"false\" placeholder=\"Escriba aqu\u00ed su mensaje\" name=\"message\"><\/textarea><\/span>\n\t<\/p>\n<\/div>\n<div class=\"rnr-submit\">\n\t<div>\n\t\t<p><input class=\"wpcf7-form-control wpcf7-submit has-spinner\" type=\"submit\" value=\"Enviar\" \/>\n\t\t<\/p>\n\t<\/div>\n<\/div>\n<div style=\"clear:both\">\n<\/div>\n<p style=\"font-weight:400\"><br \/>\n\"Inform\u00e1tica y Libertades\" del 6 de enero de 1978 modificada en 2004, usted tiene derecho a acceder y rectificar la informaci\u00f3n sobre usted, dirigi\u00e9ndose a Lab Science. Cnil Registro: No.2176418 v 0. Por razones leg\u00edtimas, tambi\u00e9n puede oponerse al procesamiento de su datos.\n<\/p><div class=\"wpcf7-response-output\" aria-hidden=\"true\"><\/div>\n<\/form>\n<\/div>\n<br \/>\n<\/div>\n<\/p><\/div>\n","protected":false},"excerpt":{"rendered":"","protected":false},"author":1,"featured_media":0,"parent":0,"menu_order":11,"comment_status":"closed","ping_status":"open","template":"","meta":{"footnotes":""},"class_list":["post-4038","page","type-page","status-publish","hentry"],"yoast_head":"<!-- This site is optimized with the Yoast SEO plugin v27.3 - https:\/\/yoast.com\/product\/yoast-seo-wordpress\/ -->\n<title>Datos de contacto y formulario de contacto de lab&#039;science<\/title>\n<meta name=\"description\" content=\"P\u00f3ngase en contacto con nosotros. D\u00e9jenos un mensaje en nuestro formulario de contacto y nos pondremos en contacto con usted lo antes posible.\" \/>\n<meta name=\"robots\" content=\"index, follow, max-snippet:-1, max-image-preview:large, max-video-preview:-1\" \/>\n<link rel=\"canonical\" href=\"https:\/\/www.lab-science.eu\/es\/contacto\/\" \/>\n<meta property=\"og:locale\" content=\"es_ES\" \/>\n<meta property=\"og:type\" content=\"article\" \/>\n<meta property=\"og:title\" content=\"Datos de contacto y formulario de contacto de lab&#039;science\" \/>\n<meta property=\"og:description\" content=\"P\u00f3ngase en contacto con nosotros. D\u00e9jenos un mensaje en nuestro formulario de contacto y nos pondremos en contacto con usted lo antes posible.\" \/>\n<meta property=\"og:url\" content=\"https:\/\/www.lab-science.eu\/es\/contacto\/\" \/>\n<meta property=\"og:site_name\" content=\"Lab Science - Conception et Fabrication de salles blanches modulaire\" \/>\n<meta property=\"article:modified_time\" content=\"2022-12-01T15:21:02+00:00\" \/>\n<meta name=\"twitter:card\" content=\"summary_large_image\" \/>\n<script type=\"application\/ld+json\" class=\"yoast-schema-graph\">{\"@context\":\"https:\\\/\\\/schema.org\",\"@graph\":[{\"@type\":\"WebPage\",\"@id\":\"https:\\\/\\\/www.lab-science.eu\\\/es\\\/contacto\\\/\",\"url\":\"https:\\\/\\\/www.lab-science.eu\\\/es\\\/contacto\\\/\",\"name\":\"Datos de contacto y formulario de contacto de lab'science\",\"isPartOf\":{\"@id\":\"https:\\\/\\\/www.lab-science.eu\\\/#website\"},\"datePublished\":\"2021-04-09T07:34:42+00:00\",\"dateModified\":\"2022-12-01T15:21:02+00:00\",\"description\":\"P\u00f3ngase en contacto con nosotros. D\u00e9jenos un mensaje en nuestro formulario de contacto y nos pondremos en contacto con usted lo antes posible.\",\"breadcrumb\":{\"@id\":\"https:\\\/\\\/www.lab-science.eu\\\/es\\\/contacto\\\/#breadcrumb\"},\"inLanguage\":\"es\",\"potentialAction\":[{\"@type\":\"ReadAction\",\"target\":[\"https:\\\/\\\/www.lab-science.eu\\\/es\\\/contacto\\\/\"]}]},{\"@type\":\"BreadcrumbList\",\"@id\":\"https:\\\/\\\/www.lab-science.eu\\\/es\\\/contacto\\\/#breadcrumb\",\"itemListElement\":[{\"@type\":\"ListItem\",\"position\":1,\"name\":\"Accueil\",\"item\":\"https:\\\/\\\/www.lab-science.eu\\\/es\\\/\"},{\"@type\":\"ListItem\",\"position\":2,\"name\":\"CONTACTO\"}]},{\"@type\":\"WebSite\",\"@id\":\"https:\\\/\\\/www.lab-science.eu\\\/#website\",\"url\":\"https:\\\/\\\/www.lab-science.eu\\\/\",\"name\":\"Lab Science - Conception et Fabrication de salles blanches modulaire\",\"description\":\"\",\"potentialAction\":[{\"@type\":\"SearchAction\",\"target\":{\"@type\":\"EntryPoint\",\"urlTemplate\":\"https:\\\/\\\/www.lab-science.eu\\\/?s={search_term_string}\"},\"query-input\":{\"@type\":\"PropertyValueSpecification\",\"valueRequired\":true,\"valueName\":\"search_term_string\"}}],\"inLanguage\":\"es\"}]}<\/script>\n<!-- \/ Yoast SEO plugin. -->","yoast_head_json":{"title":"Datos de contacto y formulario de contacto de lab'science","description":"P\u00f3ngase en contacto con nosotros. D\u00e9jenos un mensaje en nuestro formulario de contacto y nos pondremos en contacto con usted lo antes posible.","robots":{"index":"index","follow":"follow","max-snippet":"max-snippet:-1","max-image-preview":"max-image-preview:large","max-video-preview":"max-video-preview:-1"},"canonical":"https:\/\/www.lab-science.eu\/es\/contacto\/","og_locale":"es_ES","og_type":"article","og_title":"Datos de contacto y formulario de contacto de lab'science","og_description":"P\u00f3ngase en contacto con nosotros. D\u00e9jenos un mensaje en nuestro formulario de contacto y nos pondremos en contacto con usted lo antes posible.","og_url":"https:\/\/www.lab-science.eu\/es\/contacto\/","og_site_name":"Lab Science - Conception et Fabrication de salles blanches modulaire","article_modified_time":"2022-12-01T15:21:02+00:00","twitter_card":"summary_large_image","schema":{"@context":"https:\/\/schema.org","@graph":[{"@type":"WebPage","@id":"https:\/\/www.lab-science.eu\/es\/contacto\/","url":"https:\/\/www.lab-science.eu\/es\/contacto\/","name":"Datos de contacto y formulario de contacto de lab'science","isPartOf":{"@id":"https:\/\/www.lab-science.eu\/#website"},"datePublished":"2021-04-09T07:34:42+00:00","dateModified":"2022-12-01T15:21:02+00:00","description":"P\u00f3ngase en contacto con nosotros. D\u00e9jenos un mensaje en nuestro formulario de contacto y nos pondremos en contacto con usted lo antes posible.","breadcrumb":{"@id":"https:\/\/www.lab-science.eu\/es\/contacto\/#breadcrumb"},"inLanguage":"es","potentialAction":[{"@type":"ReadAction","target":["https:\/\/www.lab-science.eu\/es\/contacto\/"]}]},{"@type":"BreadcrumbList","@id":"https:\/\/www.lab-science.eu\/es\/contacto\/#breadcrumb","itemListElement":[{"@type":"ListItem","position":1,"name":"Accueil","item":"https:\/\/www.lab-science.eu\/es\/"},{"@type":"ListItem","position":2,"name":"CONTACTO"}]},{"@type":"WebSite","@id":"https:\/\/www.lab-science.eu\/#website","url":"https:\/\/www.lab-science.eu\/","name":"Lab Science - Conception et Fabrication de salles blanches modulaire","description":"","potentialAction":[{"@type":"SearchAction","target":{"@type":"EntryPoint","urlTemplate":"https:\/\/www.lab-science.eu\/?s={search_term_string}"},"query-input":{"@type":"PropertyValueSpecification","valueRequired":true,"valueName":"search_term_string"}}],"inLanguage":"es"}]}},"_links":{"self":[{"href":"https:\/\/www.lab-science.eu\/es\/wp-json\/wp\/v2\/pages\/4038","targetHints":{"allow":["GET"]}}],"collection":[{"href":"https:\/\/www.lab-science.eu\/es\/wp-json\/wp\/v2\/pages"}],"about":[{"href":"https:\/\/www.lab-science.eu\/es\/wp-json\/wp\/v2\/types\/page"}],"author":[{"embeddable":true,"href":"https:\/\/www.lab-science.eu\/es\/wp-json\/wp\/v2\/users\/1"}],"replies":[{"embeddable":true,"href":"https:\/\/www.lab-science.eu\/es\/wp-json\/wp\/v2\/comments?post=4038"}],"version-history":[{"count":0,"href":"https:\/\/www.lab-science.eu\/es\/wp-json\/wp\/v2\/pages\/4038\/revisions"}],"wp:attachment":[{"href":"https:\/\/www.lab-science.eu\/es\/wp-json\/wp\/v2\/media?parent=4038"}],"curies":[{"name":"wp","href":"https:\/\/api.w.org\/{rel}","templated":true}]}}