{"id":4042,"date":"2021-04-12T14:00:28","date_gmt":"2021-04-12T12:00:28","guid":{"rendered":"https:\/\/www.lab-science.eu\/soluciones\/"},"modified":"2023-01-20T12:09:48","modified_gmt":"2023-01-20T11:09:48","slug":"soluciones","status":"publish","type":"page","link":"https:\/\/www.lab-science.eu\/es\/soluciones\/","title":{"rendered":"Soluciones"},"content":{"rendered":"<div class=\"title\">\n<h1 class=\"header-text\" style=\"font-size: 50px;\">LAB\u2019SCIENCE: FABRICANTE DE SALAS LIMPIAS<br \/>\n<span style=\"font-size: 80%;\">FIJAS Y MODULARES) Y DE SOLUCIONES DE DESCONTAMINACI\u00d3N<\/span><\/h1>\n<\/div>\n<p>&nbsp;<\/p>\n<h2 style=\"text-align: center;\"><b>UNA AMPLIA GAMA DE SOLUCIONES, M\u00c1S CERCA DE SUS EXPECTATIVAS<\/b><\/h2>\n<p style=\"text-align: center;\"><span style=\"font-weight: 400;\">Fabricante de salas limpias (fijas y modulares) y de soluciones de descontaminaci\u00f3n, <\/span><span style=\"font-weight: 400;\">proponemos una gama de soluciones llave en mano, respondiendo a sus necesidades en termino de descontaminaci\u00f3n y de salas de trabajo bajo atmosfera controlada. Para asegurar su sostenibilidad, le ofrecemos tambi\u00e9n una oferta de mantenimiento.<\/span><\/p>\n<div class=\"full-width\" style=\"color: #333333;background: #FAFAFA;\">\n<div class=\"one_half rnr-column\">\n<p><img loading=\"lazy\" decoding=\"async\" class=\"alignnone wp-image-2396 portfolio-lazyLoad\" title=\"LAB\u2019SCIENCE SALAS LIMPIAS MODULARES\" src=\"https:\/\/www.lab-science.eu\/wp-content\/uploads\/2018\/04\/lab-science-salle-blanche-modulable-13-1024x683.jpg\" data-original=\"https:\/\/www.lab-science.eu\/wp-content\/uploads\/2018\/04\/lab-science-salle-blanche-modulable-13-1024x683.jpg\" alt=\"LAB\u2019SCIENCE SALAS LIMPIAS MODULARES\" width=\"500\" height=\"333\" srcset=\"https:\/\/www.lab-science.eu\/wp-content\/uploads\/2018\/04\/lab-science-salle-blanche-modulable-13-1024x683.jpg 1024w, https:\/\/www.lab-science.eu\/wp-content\/uploads\/2018\/04\/lab-science-salle-blanche-modulable-13-300x200.jpg 300w, https:\/\/www.lab-science.eu\/wp-content\/uploads\/2018\/04\/lab-science-salle-blanche-modulable-13-768x512.jpg 768w, https:\/\/www.lab-science.eu\/wp-content\/uploads\/2018\/04\/lab-science-salle-blanche-modulable-13.jpg 1500w\" sizes=\"auto, (max-width: 500px) 100vw, 500px\" \/><noscript><img loading=\"lazy\" decoding=\"async\" class=\"alignnone wp-image-2396 portfolio-lazyLoad\" title=\"LAB\u2019SCIENCE SALAS LIMPIAS MODULARES\" src=\"https:\/\/www.lab-science.eu\/wp-content\/uploads\/2018\/04\/lab-science-salle-blanche-modulable-13-1024x683.jpg\" alt=\"LAB\u2019SCIENCE SALAS LIMPIAS MODULARES\" width=\"500\" height=\"333\" srcset=\"https:\/\/www.lab-science.eu\/wp-content\/uploads\/2018\/04\/lab-science-salle-blanche-modulable-13-1024x683.jpg 1024w, https:\/\/www.lab-science.eu\/wp-content\/uploads\/2018\/04\/lab-science-salle-blanche-modulable-13-300x200.jpg 300w, https:\/\/www.lab-science.eu\/wp-content\/uploads\/2018\/04\/lab-science-salle-blanche-modulable-13-768x512.jpg 768w, https:\/\/www.lab-science.eu\/wp-content\/uploads\/2018\/04\/lab-science-salle-blanche-modulable-13.jpg 1500w\" sizes=\"auto, (max-width: 500px) 100vw, 500px\" \/><\/noscript><\/p>\n<\/div>\n<div class=\"one_half rnr-column last\">\n<h2><b>4 SOLUCIONES MODULARES PROPUESTAS POR LAB\u2019SCIENCE, <\/b><b>FABRICANTE DE SALAS LIMPIAS<\/b><\/h2>\n<p><span style=\"font-weight: 400;\">Que trabaje en el sector de la salud, de la qu\u00edmica o de las tecnolog\u00edas puntas, LAB&#8217;SCIENCE, como fabricante de salas limpias, dispone de la soluci\u00f3n modular que responde a sus necesidades.<\/span><\/p>\n<ul class=\"styled-list\">\n<li><i class=\"fa fa-home\" style=\"color:#6a0e41 !important;\"><\/i><a href=\"https:\/\/www.lab-science.eu\/es\/soluciones\/soluciones-modulares\/sciencelabs\/\">Science\u2019Labs\u00ae<\/a>: el laboratorio de seguridad biol\u00f3gico \u2013 Sala limpia \u2013 Laboratorio de qu\u00edmica \u2013 Quir\u00f3fano.<\/li>\n<li><i class=\"fa fa-home\" style=\"color:#6a0e41 !important;\"><\/i><a href=\"https:\/\/www.lab-science.eu\/es\/soluciones\/soluciones-modulares\/checklabs\/\">Check&#8217;Labs\u00ae<\/a>: el laboratorio m\u00f3vil de diagn\u00f3stico llave en mano.<\/li>\n<li><i class=\"fa fa-home\" style=\"color:#6a0e41 !important;\"><\/i><a href=\"https:\/\/www.lab-science.eu\/es\/soluciones\/soluciones-modulares\/smartlabs\/\">Smart\u2019Labs\u00ae<\/a>: el laboratorio para las tecnolog\u00edas puntas.<\/li>\n<li><i class=\"fa fa-home\" style=\"color:#6a0e41 !important;\"><\/i><a href=\"https:\/\/www.lab-science.eu\/es\/soluciones\/soluciones-modulares\/modulabs\/\">Modu\u2019Labs\u00ae<\/a>: para alojar animales peque\u00f1os.<\/li>\n<\/ul>\n<p>&nbsp;<\/p>\n<p><strong><a href=\"https:\/\/www.lab-science.eu\/es\/soluciones\/soluciones-modulares\/\">Descubre nuestras soluciones modulares.<\/a><\/strong><\/p>\n<\/div><div class=\"clear\"><\/div>\n<p><\/div>\n<div class=\"one_half rnr-column\">\n<h2><b>LAS SOLUCIONES FIJAS DE LAB\u2019SCIENCE<\/b><\/h2>\n<p><span style=\"font-weight: 400;\">Dise\u00f1amos, construimos e mantenemos entornos limpios reconocidos por sus rendimientos. Adaptadas a todo tipo de industria y cualquier tama\u00f1o de proyecto, nuestras soluciones fijas se acompa\u00f1an de servicios como el mantenimiento para asegurar su perennidad en las mejores condiciones.<\/span><\/p>\n<p><a href=\"https:\/\/www.lab-science.eu\/es\/soluciones\/soluciones-fijas\/\"><span style=\"font-weight: 400;\"><strong>Descubre nuestra oferta de soluciones fijas<\/strong><\/span><\/a><\/p>\n<\/div>\n<div class=\"one_half rnr-column last\">\n<h2><b>OFERTA DE <b>auditor\u00eda<\/b> Y CALIFICACI\u00d3N DE DISE<b>\u00f1<\/b>O<\/b><\/h2>\n<p>Ya sea durante el dise\u00f1o de su instalaci\u00f3n o una vez en funcionamiento, el departamento cient\u00edfico de LAB&#8217;SCIENCE le ofrece una auditor\u00eda t\u00e9cnica del proceso o una cualificaci\u00f3n del dise\u00f1o para un mejor rendimiento.<\/p>\n<p><span style=\"font-weight: 400;\"><strong>Descubre nuestra oferta de calificaci\u00f3n de dise\u00f1o.<\/strong><\/span><\/p>\n<h2><b>LA OFERTA DE MANTENIMIENTO<\/b><\/h2>\n<p><span style=\"font-weight: 400;\">Para asegurar su perennidad y rendimiento, le proponemos una oferta de mantenimiento dedicada a cada una de nuestras soluciones.<\/span><\/p>\n<p><a href=\"https:\/\/www.lab-science.eu\/es\/soluciones\/mantenimiento\/\"><span style=\"font-weight: 400;\"><strong>Descubre nuestra oferta de mantenimiento.<\/strong><\/span><\/a><\/p>\n<\/div><div class=\"clear\"><\/div>\n<div class=\"full-width\" style=\"color: #333333;background: #f6f6f6;\">\n<div class=\"fancy-header2\"><h4>\u00bfQu\u00e9 hacemos?<\/h4><h2 class=\"highlight\">NUESTRAS RESPUESTAS A SUS PROYECTOS<\/h2><\/div>\n<div class=\"one_fourth rnr-column\">\n<a href=\"https:\/\/www.lab-science.eu\/es\/soluciones\/soluciones-modulares\/\"><br \/>\n<div data-effect=\"fadeInUp\" id=\"service-features-1821427326\" class=\"service-features animated rnr-animate\"><style type=\"text\/css\">#service-features-1821427326 .img-container { background : #6a0e41; } #service-features-1821427326 .img-container i{ color: ; } #service-features-1821427326 .img-container:after { border-color: #6a0e41; }<\/style><div class=\"img-container\"><img decoding=\"async\" src=\"https:\/\/www.lab-science.eu\/wp-content\/uploads\/2020\/12\/solutions-modulaires.jpg\" data-original=\"https:\/\/www.lab-science.eu\/wp-content\/uploads\/2020\/12\/solutions-modulaires.jpg\" alt=\"Soluciones modulares\"><noscript><img decoding=\"async\" src=\"https:\/\/www.lab-science.eu\/wp-content\/uploads\/2020\/12\/solutions-modulaires.jpg\" alt=\"Soluciones modulares\"><\/noscript><\/div>  <h3>Soluciones modulares<\/h3>                <p><\/p><\/div><\/a><br \/>\n<\/div>\n<div class=\"one_fourth rnr-column\">\n<a href=\"https:\/\/www.lab-science.eu\/es\/soluciones\/solucion-de-descontaminacion\/\"><br \/>\n<div data-effect=\"fadeInUp\" id=\"service-features-1777706663\" class=\"service-features animated rnr-animate\"><style type=\"text\/css\">#service-features-1777706663 .img-container { background : #6a0e41; } #service-features-1777706663 .img-container i{ color: ; } #service-features-1777706663 .img-container:after { border-color: #6a0e41; }<\/style><div class=\"img-container\"><img decoding=\"async\" src=\"https:\/\/www.lab-science.eu\/wp-content\/uploads\/2020\/12\/solutions-de\u0301contaminations.jpg\" data-original=\"https:\/\/www.lab-science.eu\/wp-content\/uploads\/2020\/12\/solutions-de\u0301contaminations.jpg\" alt=\"Soluciones de descontaminaci\u00f3n\"><noscript><img decoding=\"async\" src=\"https:\/\/www.lab-science.eu\/wp-content\/uploads\/2020\/12\/solutions-de\u0301contaminations.jpg\" alt=\"Soluciones de descontaminaci\u00f3n\"><\/noscript><\/div>  <h3>Soluciones de descontaminaci\u00f3n<\/h3>                <p><\/p><\/div><\/a><br \/>\n<\/div>\n<div class=\"one_fourth rnr-column\">\n<a href=\"https:\/\/www.lab-science.eu\/es\/soluciones\/soluciones-fijas\/\"><br \/>\n<div data-effect=\"fadeInUp\" id=\"service-features-1286993972\" class=\"service-features animated rnr-animate\"><style type=\"text\/css\">#service-features-1286993972 .img-container { background : #6a0e41; } #service-features-1286993972 .img-container i{ color: ; } #service-features-1286993972 .img-container:after { border-color: #6a0e41; }<\/style><div class=\"img-container\"><img decoding=\"async\" src=\"https:\/\/www.lab-science.eu\/wp-content\/uploads\/2020\/12\/solutions-fixes.jpg\" data-original=\"https:\/\/www.lab-science.eu\/wp-content\/uploads\/2020\/12\/solutions-fixes.jpg\" alt=\"Soluciones fijas\"><noscript><img decoding=\"async\" src=\"https:\/\/www.lab-science.eu\/wp-content\/uploads\/2020\/12\/solutions-fixes.jpg\" alt=\"Soluciones fijas\"><\/noscript><\/div>  <h3>Soluciones fijas<\/h3>                <p><\/p><\/div><\/a><br \/>\n<\/div>\n<div class=\"one_fourth rnr-column last\">\n<a href=\"https:\/\/www.lab-science.eu\/es\/soluciones\/mantenimiento\/\"><br \/>\n<div data-effect=\"fadeInUp\" id=\"service-features-1119514791\" class=\"service-features animated rnr-animate\"><style type=\"text\/css\">#service-features-1119514791 .img-container { background : #6a0e41; } #service-features-1119514791 .img-container i{ color: ; } #service-features-1119514791 .img-container:after { border-color: #6a0e41; }<\/style><div class=\"img-container\"><img decoding=\"async\" src=\"https:\/\/www.lab-science.eu\/wp-content\/uploads\/2020\/12\/maintenance.jpg\" data-original=\"https:\/\/www.lab-science.eu\/wp-content\/uploads\/2020\/12\/maintenance.jpg\" alt=\"Mantenimiento\"><noscript><img decoding=\"async\" src=\"https:\/\/www.lab-science.eu\/wp-content\/uploads\/2020\/12\/maintenance.jpg\" alt=\"Mantenimiento\"><\/noscript><\/div>  <h3>Mantenimiento<\/h3>                <p><\/p><\/div><\/a><br \/>\n<\/div><div class=\"clear\"><\/div>\n<\/div>\n<p>&nbsp;<\/p>\n<div class=\"title\">\n<h2 style=\"text-align: center;\">\u00bfQuiere confiarnos su proyecto?<\/h2>\n<p style=\"text-align: center;\">LAB&#8217;SCIENCE le acompa\u00f1a<\/p>\n<p>&nbsp;<\/p>\n<p style=\"text-align: center;\"><a class=\"header-text\" style=\"box-shadow: #6a0e41 0px 0px 0px 3px; font-size: 20px; font-style: normal; color: #ffffff; font-weight: normal; text-transform: uppercase; margin-bottom: 20px; line-height: 1; display: inline-block; padding: 10px; background: #6a0e41; text-align: center;\" href=\"https:\/\/www.lab-science.eu\/es\/contacto\/\">Cont\u00e1ctenos<\/a><\/p>\n<\/div>\n","protected":false},"excerpt":{"rendered":"<p>LAB\u2019SCIENCE: FABRICANTE DE SALAS LIMPIAS FIJAS Y MODULARES) Y DE SOLUCIONES DE DESCONTAMINACI\u00d3N &nbsp; UNA AMPLIA GAMA DE SOLUCIONES, M\u00c1S CERCA DE SUS EXPECTATIVAS Fabricante de salas limpias (fijas y modulares) y de soluciones de descontaminaci\u00f3n, proponemos una gama de soluciones llave en mano, respondiendo a sus necesidades en termino de descontaminaci\u00f3n y de salas&hellip;<\/p>\n<p><a href=\"https:\/\/www.lab-science.eu\/es\/soluciones\/\" class=\"read-more-link\">Read More &rarr;<\/a><\/p>\n","protected":false},"author":7,"featured_media":0,"parent":0,"menu_order":1,"comment_status":"closed","ping_status":"closed","template":"","meta":{"footnotes":""},"class_list":["post-4042","page","type-page","status-publish","hentry"],"yoast_head":"<!-- This site is optimized with the Yoast SEO plugin v27.3 - https:\/\/yoast.com\/product\/yoast-seo-wordpress\/ -->\n<title>Lab&#039;Science, fabricante de zonas de atm\u00f3sfera controlada<\/title>\n<meta name=\"description\" content=\"Como fabricante de zonas de atm\u00f3sfera controlada, Lab&#039;Science le ofrece soluciones personalizadas (laboratorio, centro de investigaci\u00f3n, quir\u00f3fano etc.)\" \/>\n<meta name=\"robots\" content=\"index, follow, max-snippet:-1, max-image-preview:large, max-video-preview:-1\" \/>\n<link rel=\"canonical\" href=\"https:\/\/www.lab-science.eu\/es\/soluciones\/\" \/>\n<meta property=\"og:locale\" content=\"es_ES\" \/>\n<meta property=\"og:type\" content=\"article\" \/>\n<meta property=\"og:title\" content=\"Lab&#039;Science, fabricante de zonas de atm\u00f3sfera controlada\" \/>\n<meta property=\"og:description\" content=\"Como fabricante de zonas de atm\u00f3sfera controlada, Lab&#039;Science le ofrece soluciones personalizadas (laboratorio, centro de investigaci\u00f3n, quir\u00f3fano etc.)\" \/>\n<meta property=\"og:url\" content=\"https:\/\/www.lab-science.eu\/es\/soluciones\/\" \/>\n<meta property=\"og:site_name\" content=\"Lab Science - Conception et Fabrication de salles blanches modulaire\" \/>\n<meta property=\"article:modified_time\" content=\"2023-01-20T11:09:48+00:00\" \/>\n<meta property=\"og:image\" content=\"https:\/\/www.lab-science.eu\/wp-content\/uploads\/2018\/04\/lab-science-salle-blanche-modulable-13-1024x683.jpg\" \/>\n<meta name=\"twitter:card\" content=\"summary_large_image\" \/>\n<meta name=\"twitter:label1\" content=\"Tiempo de lectura\" \/>\n\t<meta name=\"twitter:data1\" content=\"3 minutos\" \/>\n<script type=\"application\/ld+json\" class=\"yoast-schema-graph\">{\"@context\":\"https:\\\/\\\/schema.org\",\"@graph\":[{\"@type\":\"WebPage\",\"@id\":\"https:\\\/\\\/www.lab-science.eu\\\/es\\\/soluciones\\\/\",\"url\":\"https:\\\/\\\/www.lab-science.eu\\\/es\\\/soluciones\\\/\",\"name\":\"Lab'Science, fabricante de zonas de atm\u00f3sfera controlada\",\"isPartOf\":{\"@id\":\"https:\\\/\\\/www.lab-science.eu\\\/#website\"},\"primaryImageOfPage\":{\"@id\":\"https:\\\/\\\/www.lab-science.eu\\\/es\\\/soluciones\\\/#primaryimage\"},\"image\":{\"@id\":\"https:\\\/\\\/www.lab-science.eu\\\/es\\\/soluciones\\\/#primaryimage\"},\"thumbnailUrl\":\"https:\\\/\\\/www.lab-science.eu\\\/wp-content\\\/uploads\\\/2018\\\/04\\\/lab-science-salle-blanche-modulable-13-1024x683.jpg\",\"datePublished\":\"2021-04-12T12:00:28+00:00\",\"dateModified\":\"2023-01-20T11:09:48+00:00\",\"description\":\"Como fabricante de zonas de atm\u00f3sfera controlada, Lab'Science le ofrece soluciones personalizadas (laboratorio, centro de investigaci\u00f3n, quir\u00f3fano etc.)\",\"breadcrumb\":{\"@id\":\"https:\\\/\\\/www.lab-science.eu\\\/es\\\/soluciones\\\/#breadcrumb\"},\"inLanguage\":\"es\",\"potentialAction\":[{\"@type\":\"ReadAction\",\"target\":[\"https:\\\/\\\/www.lab-science.eu\\\/es\\\/soluciones\\\/\"]}]},{\"@type\":\"ImageObject\",\"inLanguage\":\"es\",\"@id\":\"https:\\\/\\\/www.lab-science.eu\\\/es\\\/soluciones\\\/#primaryimage\",\"url\":\"https:\\\/\\\/www.lab-science.eu\\\/wp-content\\\/uploads\\\/2018\\\/04\\\/lab-science-salle-blanche-modulable-13-1024x683.jpg\",\"contentUrl\":\"https:\\\/\\\/www.lab-science.eu\\\/wp-content\\\/uploads\\\/2018\\\/04\\\/lab-science-salle-blanche-modulable-13-1024x683.jpg\"},{\"@type\":\"BreadcrumbList\",\"@id\":\"https:\\\/\\\/www.lab-science.eu\\\/es\\\/soluciones\\\/#breadcrumb\",\"itemListElement\":[{\"@type\":\"ListItem\",\"position\":1,\"name\":\"Accueil\",\"item\":\"https:\\\/\\\/www.lab-science.eu\\\/es\\\/\"},{\"@type\":\"ListItem\",\"position\":2,\"name\":\"Soluciones\"}]},{\"@type\":\"WebSite\",\"@id\":\"https:\\\/\\\/www.lab-science.eu\\\/#website\",\"url\":\"https:\\\/\\\/www.lab-science.eu\\\/\",\"name\":\"Lab Science - Conception et Fabrication de salles blanches modulaire\",\"description\":\"\",\"potentialAction\":[{\"@type\":\"SearchAction\",\"target\":{\"@type\":\"EntryPoint\",\"urlTemplate\":\"https:\\\/\\\/www.lab-science.eu\\\/?s={search_term_string}\"},\"query-input\":{\"@type\":\"PropertyValueSpecification\",\"valueRequired\":true,\"valueName\":\"search_term_string\"}}],\"inLanguage\":\"es\"}]}<\/script>\n<!-- \/ Yoast SEO plugin. -->","yoast_head_json":{"title":"Lab'Science, fabricante de zonas de atm\u00f3sfera controlada","description":"Como fabricante de zonas de atm\u00f3sfera controlada, Lab'Science le ofrece soluciones personalizadas (laboratorio, centro de investigaci\u00f3n, quir\u00f3fano etc.)","robots":{"index":"index","follow":"follow","max-snippet":"max-snippet:-1","max-image-preview":"max-image-preview:large","max-video-preview":"max-video-preview:-1"},"canonical":"https:\/\/www.lab-science.eu\/es\/soluciones\/","og_locale":"es_ES","og_type":"article","og_title":"Lab'Science, fabricante de zonas de atm\u00f3sfera controlada","og_description":"Como fabricante de zonas de atm\u00f3sfera controlada, Lab'Science le ofrece soluciones personalizadas (laboratorio, centro de investigaci\u00f3n, quir\u00f3fano etc.)","og_url":"https:\/\/www.lab-science.eu\/es\/soluciones\/","og_site_name":"Lab Science - Conception et Fabrication de salles blanches modulaire","article_modified_time":"2023-01-20T11:09:48+00:00","og_image":[{"url":"https:\/\/www.lab-science.eu\/wp-content\/uploads\/2018\/04\/lab-science-salle-blanche-modulable-13-1024x683.jpg","type":"","width":"","height":""}],"twitter_card":"summary_large_image","twitter_misc":{"Tiempo de lectura":"3 minutos"},"schema":{"@context":"https:\/\/schema.org","@graph":[{"@type":"WebPage","@id":"https:\/\/www.lab-science.eu\/es\/soluciones\/","url":"https:\/\/www.lab-science.eu\/es\/soluciones\/","name":"Lab'Science, fabricante de zonas de atm\u00f3sfera controlada","isPartOf":{"@id":"https:\/\/www.lab-science.eu\/#website"},"primaryImageOfPage":{"@id":"https:\/\/www.lab-science.eu\/es\/soluciones\/#primaryimage"},"image":{"@id":"https:\/\/www.lab-science.eu\/es\/soluciones\/#primaryimage"},"thumbnailUrl":"https:\/\/www.lab-science.eu\/wp-content\/uploads\/2018\/04\/lab-science-salle-blanche-modulable-13-1024x683.jpg","datePublished":"2021-04-12T12:00:28+00:00","dateModified":"2023-01-20T11:09:48+00:00","description":"Como fabricante de zonas de atm\u00f3sfera controlada, Lab'Science le ofrece soluciones personalizadas (laboratorio, centro de investigaci\u00f3n, quir\u00f3fano etc.)","breadcrumb":{"@id":"https:\/\/www.lab-science.eu\/es\/soluciones\/#breadcrumb"},"inLanguage":"es","potentialAction":[{"@type":"ReadAction","target":["https:\/\/www.lab-science.eu\/es\/soluciones\/"]}]},{"@type":"ImageObject","inLanguage":"es","@id":"https:\/\/www.lab-science.eu\/es\/soluciones\/#primaryimage","url":"https:\/\/www.lab-science.eu\/wp-content\/uploads\/2018\/04\/lab-science-salle-blanche-modulable-13-1024x683.jpg","contentUrl":"https:\/\/www.lab-science.eu\/wp-content\/uploads\/2018\/04\/lab-science-salle-blanche-modulable-13-1024x683.jpg"},{"@type":"BreadcrumbList","@id":"https:\/\/www.lab-science.eu\/es\/soluciones\/#breadcrumb","itemListElement":[{"@type":"ListItem","position":1,"name":"Accueil","item":"https:\/\/www.lab-science.eu\/es\/"},{"@type":"ListItem","position":2,"name":"Soluciones"}]},{"@type":"WebSite","@id":"https:\/\/www.lab-science.eu\/#website","url":"https:\/\/www.lab-science.eu\/","name":"Lab Science - Conception et Fabrication de salles blanches modulaire","description":"","potentialAction":[{"@type":"SearchAction","target":{"@type":"EntryPoint","urlTemplate":"https:\/\/www.lab-science.eu\/?s={search_term_string}"},"query-input":{"@type":"PropertyValueSpecification","valueRequired":true,"valueName":"search_term_string"}}],"inLanguage":"es"}]}},"_links":{"self":[{"href":"https:\/\/www.lab-science.eu\/es\/wp-json\/wp\/v2\/pages\/4042","targetHints":{"allow":["GET"]}}],"collection":[{"href":"https:\/\/www.lab-science.eu\/es\/wp-json\/wp\/v2\/pages"}],"about":[{"href":"https:\/\/www.lab-science.eu\/es\/wp-json\/wp\/v2\/types\/page"}],"author":[{"embeddable":true,"href":"https:\/\/www.lab-science.eu\/es\/wp-json\/wp\/v2\/users\/7"}],"replies":[{"embeddable":true,"href":"https:\/\/www.lab-science.eu\/es\/wp-json\/wp\/v2\/comments?post=4042"}],"version-history":[{"count":0,"href":"https:\/\/www.lab-science.eu\/es\/wp-json\/wp\/v2\/pages\/4042\/revisions"}],"wp:attachment":[{"href":"https:\/\/www.lab-science.eu\/es\/wp-json\/wp\/v2\/media?parent=4042"}],"curies":[{"name":"wp","href":"https:\/\/api.w.org\/{rel}","templated":true}]}}