{"id":4043,"date":"2021-04-12T14:49:31","date_gmt":"2021-04-12T12:49:31","guid":{"rendered":"https:\/\/www.lab-science.eu\/soluciones\/soluciones-modulares\/"},"modified":"2023-01-23T09:38:09","modified_gmt":"2023-01-23T08:38:09","slug":"soluciones-modulares","status":"publish","type":"page","link":"https:\/\/www.lab-science.eu\/es\/soluciones\/soluciones-modulares\/","title":{"rendered":"SOLUCIONES MODULARES"},"content":{"rendered":"<div class=\"title\">\n<h1 class=\"header-text\">SOLUCIONES MODULARES<br \/>\n<span style=\"font-size: 50px;\">FABRICANTE DE SALAS LIMPIAS MODULARES Y LABORATORIOS MODULARES<\/span><\/h1>\n<h2 style=\"text-align: center;\">ESTRUCUTRAS MODULARES PARA SALAS LIMPIAS, LABORATORIOS, QUIR\u00d3FANS<\/h2>\n<p style=\"text-transform: initial;\">Fabricante de salas blancas modulares, laboratorios modulares y soluciones de descontaminaci\u00f3n, LAB&#8217;SCIENCE os aporta flexibilidad y adaptaci\u00f3n a trav\u00e9s de soluciones modulares dedicadas a las \u00e1reas de la salud, la qu\u00edmica y las tecnolog\u00edas puntas.<\/p>\n<\/div>\n<div class=\"one_half rnr-column\">\n<h2 style=\"text-align: left;\">LAB\u2019SCIENCE, FABRICANTE DE SALAS LIMPIAS MODULARES Y LABORATORIOS MODULARES<br \/>\nLLAVE EN MANO<\/h2>\n<p style=\"text-align: left;\">Nuestra oferta de soluciones modulares se apoya en una gama de productos t\u00e9cnicos innovadores adaptados a los entornos modulares y ultra-modulares.<br \/>\nSe aplican a todo tipo de industrias y para proyectos de cualquier tama\u00f1o.<\/p>\n<div class=\"subtitle\" style=\"text-align: left; font-size: 13px;\"><ul class=\"styled-list\">\n<li><i class=\"fa fa-check\" style=\"color:#6a0e41 !important;\"><\/i>Un acompa\u00f1amiento desde el dise\u00f1o del proyecto.<\/li>\n<li><i class=\"fa fa-check\" style=\"color:#6a0e41 !important;\"><\/i>La elaboraci\u00f3n de una oferta adaptada e innovadora.<\/li>\n<li><i class=\"fa fa-check\" style=\"color:#6a0e41 !important;\"><\/i>Un contrato \u00fanico.<\/li>\n<li><i class=\"fa fa-check\" style=\"color:#6a0e41 !important;\"><\/i>Una garant\u00eda de buen cumplimiento.<\/li>\n<li><i class=\"fa fa-check\" style=\"color:#6a0e41 !important;\"><\/i>Una oferta de mantenimiento asociada.<\/li>\n<\/ul><\/div>\n<p><\/div>\n<div class=\"one_half rnr-column last\">\n<p><img loading=\"lazy\" decoding=\"async\" class=\"alignnone wp-image-3796 size-large portfolio-lazyLoad\" title=\"LAB\u2019SCIENCE, FABRICANTE DE SALAS LIMPIAS MODULARES\" src=\"https:\/\/www.lab-science.eu\/wp-content\/uploads\/2020\/12\/visuel-cle-lab-science-croquis2-1-1024x922.jpg\" data-original=\"https:\/\/www.lab-science.eu\/wp-content\/uploads\/2020\/12\/visuel-cle-lab-science-croquis2-1-1024x922.jpg\" alt=\"FABRICANTE\" width=\"1024\" height=\"922\" srcset=\"https:\/\/www.lab-science.eu\/wp-content\/uploads\/2020\/12\/visuel-cle-lab-science-croquis2-1-1024x922.jpg 1024w, https:\/\/www.lab-science.eu\/wp-content\/uploads\/2020\/12\/visuel-cle-lab-science-croquis2-1-300x270.jpg 300w, https:\/\/www.lab-science.eu\/wp-content\/uploads\/2020\/12\/visuel-cle-lab-science-croquis2-1-768x691.jpg 768w, https:\/\/www.lab-science.eu\/wp-content\/uploads\/2020\/12\/visuel-cle-lab-science-croquis2-1-1536x1383.jpg 1536w, https:\/\/www.lab-science.eu\/wp-content\/uploads\/2020\/12\/visuel-cle-lab-science-croquis2-1-2048x1844.jpg 2048w\" sizes=\"auto, (max-width: 1024px) 100vw, 1024px\" \/><noscript><img loading=\"lazy\" decoding=\"async\" class=\"alignnone wp-image-3796 size-large portfolio-lazyLoad\" title=\"LAB\u2019SCIENCE, FABRICANTE DE SALAS LIMPIAS MODULARES\" src=\"https:\/\/www.lab-science.eu\/wp-content\/uploads\/2020\/12\/visuel-cle-lab-science-croquis2-1-1024x922.jpg\" alt=\"FABRICANTE\" width=\"1024\" height=\"922\" srcset=\"https:\/\/www.lab-science.eu\/wp-content\/uploads\/2020\/12\/visuel-cle-lab-science-croquis2-1-1024x922.jpg 1024w, https:\/\/www.lab-science.eu\/wp-content\/uploads\/2020\/12\/visuel-cle-lab-science-croquis2-1-300x270.jpg 300w, https:\/\/www.lab-science.eu\/wp-content\/uploads\/2020\/12\/visuel-cle-lab-science-croquis2-1-768x691.jpg 768w, https:\/\/www.lab-science.eu\/wp-content\/uploads\/2020\/12\/visuel-cle-lab-science-croquis2-1-1536x1383.jpg 1536w, https:\/\/www.lab-science.eu\/wp-content\/uploads\/2020\/12\/visuel-cle-lab-science-croquis2-1-2048x1844.jpg 2048w\" sizes=\"auto, (max-width: 1024px) 100vw, 1024px\" \/><\/noscript><\/p>\n<p><\/div><div class=\"clear\"><\/div>\n<div class=\"one_half rnr-column\">\n<iframe loading=\"lazy\" src=\"https:\/\/cdn.flipsnack.com\/widget\/v2\/widget.html?hash=u8gjbwspma\" width=\"100%\" height=\"480\" seamless=\"seamless\" scrolling=\"no\" frameBorder=\"0\" allowFullScreen><\/iframe><\/p>\n<p><\/div>\n<div class=\"one_half rnr-column last\">\n<h3><div class=\"fancy-header2\"><h4><\/h4><h2 class=\"highlight\">DESCUBRE NUESTRAS SOLUCIONES MODULARES<\/h2><\/div><\/h3>\n<ul class=\"styled-list\">\n<li><i class=\"fa fa-home\" style=\"color:#6a0e41 !important;\"><\/i><a href=\"https:\/\/www.lab-science.eu\/es\/soluciones\/soluciones-modulares\/sciencelabs\/\">Science\u2019Labs<\/a><a href=\"#\" target=\"_blank\" rel=\"nofollow\"><span style=\"font-weight: 400;\"><b>\u24c7<\/b><\/span><\/a>: el laboratorio de seguridad biol\u00f3gico \u2013 Sala limpia \u2013 Laboratorio de qu\u00edmica \u2013 Quir\u00f3fano.<\/li>\n<li><i class=\"fa fa-home\" style=\"color:#6a0e41 !important;\"><\/i><a href=\"https:\/\/www.lab-science.eu\/es\/soluciones\/soluciones-modulares\/checklabs\/\">Check&#8217;Labs<\/a><a href=\"#\" target=\"_blank\" rel=\"nofollow\"><span style=\"font-weight: 400;\"><b>\u24c7<\/b><\/span><\/a>: el laboratorio m\u00f3vil de diagn\u00f3stico llave en mano.<\/li>\n<li><i class=\"fa fa-home\" style=\"color:#6a0e41 !important;\"><\/i><a href=\"https:\/\/www.lab-science.eu\/es\/soluciones\/soluciones-modulares\/smartlabs\/\"><span style=\"font-weight: 400;\">Smart\u2019Labs<\/span><\/a><a href=\"#\" target=\"_blank\" rel=\"nofollow\"><span style=\"font-weight: 400;\"><b>\u24c7<\/b><\/span><\/a><span style=\"font-weight: 400;\">: el laboratorio para las tecnolog\u00edas puntas.<\/span><\/li>\n<li><i class=\"fa fa-home\" style=\"color:#6a0e41 !important;\"><\/i><a href=\"https:\/\/www.lab-science.eu\/es\/soluciones\/soluciones-modulares\/modulabs\/\"><span style=\"font-weight: 400;\">Modu\u2019Labs<\/span><\/a><a href=\"#\" target=\"_blank\" rel=\"nofollow\"><b>\u24c7<\/b><\/a><span style=\"font-weight: 400;\">: para alojar animales peque\u00f1os.<\/span><\/li>\n<\/ul>\n<p>\u00bfQuiere una soluci\u00f3n de descontaminaci\u00f3n probada y perfectamente eficaz?<br \/>\nPiensa en nuestras <b><a href=\"https:\/\/www.lab-science.eu\/es\/soluciones\/solucion-de-descontaminacion\/\">soluciones de descontaminaci\u00f3n.<\/a><\/b><br \/>\n<\/div><div class=\"clear\"><\/div>\n<div class=\"one_half rnr-column\">\n<h2 style=\"text-align: left;\">CONFIGURE SU PROYECTO CON NUESTRO CONFIGURADOR EN L\u00cdNEA<\/h2>\n<p style=\"text-align: left;\">\u00bfTiene un proyecto de laboratorio modular? \u00bfDe sala limpia modular? \u00bfDe Quir\u00f3fano modular?<\/p>\n<p>Cree en l\u00ednea su configuraci\u00f3n con Config\u2019Labs, uno de nuestros agentes le contactar\u00e1 r\u00e1pidamente para guiarle en su proyecto y proponerle una soluci\u00f3n a medida.<\/p>\n<p>LAB&#8217;SCIENCE, la garant\u00eda de un fabricante de salas limpias modulares, laboratorios modulares y quir\u00f3fanos modulares que le acompa\u00f1a para un proyecto llave en mano eficaz y disponible r\u00e1pidamente.<br \/>\n<\/div>\n<div class=\"one_half rnr-column last\">\n<p><a href=\"https:\/\/www.lab-science.eu\/es\/configurador\/\"><img loading=\"lazy\" decoding=\"async\" class=\"alignnone wp-image-4236 size-full portfolio-lazyLoad\" title=\"Configurador en l\u00ednea LAB'SCIENCE\" src=\"https:\/\/www.lab-science.eu\/wp-content\/uploads\/2021\/06\/configurador-labscience.jpg\" data-original=\"https:\/\/www.lab-science.eu\/wp-content\/uploads\/2021\/06\/configurador-labscience.jpg\" alt=\"configurador-labscience\" width=\"854\" height=\"913\" srcset=\"https:\/\/www.lab-science.eu\/wp-content\/uploads\/2021\/06\/configurador-labscience.jpg 854w, https:\/\/www.lab-science.eu\/wp-content\/uploads\/2021\/06\/configurador-labscience-281x300.jpg 281w, https:\/\/www.lab-science.eu\/wp-content\/uploads\/2021\/06\/configurador-labscience-768x821.jpg 768w\" sizes=\"auto, (max-width: 854px) 100vw, 854px\" \/><noscript><img loading=\"lazy\" decoding=\"async\" class=\"alignnone wp-image-4236 size-full portfolio-lazyLoad\" title=\"Configurador en l\u00ednea LAB'SCIENCE\" src=\"https:\/\/www.lab-science.eu\/wp-content\/uploads\/2021\/06\/configurador-labscience.jpg\" alt=\"configurador-labscience\" width=\"854\" height=\"913\" srcset=\"https:\/\/www.lab-science.eu\/wp-content\/uploads\/2021\/06\/configurador-labscience.jpg 854w, https:\/\/www.lab-science.eu\/wp-content\/uploads\/2021\/06\/configurador-labscience-281x300.jpg 281w, https:\/\/www.lab-science.eu\/wp-content\/uploads\/2021\/06\/configurador-labscience-768x821.jpg 768w\" sizes=\"auto, (max-width: 854px) 100vw, 854px\" \/><\/noscript><\/a><\/p>\n<p><\/div><div class=\"clear\"><\/div>\n<div class=\"title\">\n<h2 style=\"text-align: center;\">\u00bfQuiere confiarnos su proyecto?<\/h2>\n<p style=\"text-align: center;\">LAB&#8217;SCIENCE le acompa\u00f1a<\/p>\n<p style=\"text-align: center;\"><a class=\"header-text\" style=\"box-shadow: #6a0e41 0px 0px 0px 3px; font-size: 20px; font-style: normal; color: #ffffff; font-weight: normal; text-transform: uppercase; margin-bottom: 20px; line-height: 1; display: inline-block; padding: 10px; background: #6a0e41; text-align: center;\" href=\"https:\/\/www.lab-science.eu\/es\/contacto\/\">Cont\u00e1ctenos<\/a><\/p>\n<\/div>\n","protected":false},"excerpt":{"rendered":"<p>SOLUCIONES MODULARES FABRICANTE DE SALAS LIMPIAS MODULARES Y LABORATORIOS MODULARES ESTRUCUTRAS MODULARES PARA SALAS LIMPIAS, LABORATORIOS, QUIR\u00d3FANS Fabricante de salas blancas modulares, laboratorios modulares y soluciones de descontaminaci\u00f3n, LAB&#8217;SCIENCE os aporta flexibilidad y adaptaci\u00f3n a trav\u00e9s de soluciones modulares dedicadas a las \u00e1reas de la salud, la qu\u00edmica y las tecnolog\u00edas puntas. \u00bfQuiere confiarnos su&hellip;<\/p>\n<p><a href=\"https:\/\/www.lab-science.eu\/es\/soluciones\/soluciones-modulares\/\" class=\"read-more-link\">Read More &rarr;<\/a><\/p>\n","protected":false},"author":7,"featured_media":0,"parent":4042,"menu_order":0,"comment_status":"closed","ping_status":"closed","template":"","meta":{"footnotes":""},"class_list":["post-4043","page","type-page","status-publish","hentry"],"yoast_head":"<!-- This site is optimized with the Yoast SEO plugin v27.5 - https:\/\/yoast.com\/product\/yoast-seo-wordpress\/ -->\n<title>Lab&#039;Science, fabricante de salas limpias modulares<\/title>\n<meta name=\"description\" content=\"Como fabricante de salas limpias y laboratorios modulares, Lab&#039;Science propone soluciones llaves en mano para la salud, la qu\u00edmica y la alta tecnolog\u00eda\" \/>\n<meta name=\"robots\" content=\"index, follow, max-snippet:-1, max-image-preview:large, max-video-preview:-1\" \/>\n<link rel=\"canonical\" href=\"https:\/\/www.lab-science.eu\/es\/soluciones\/soluciones-modulares\/\" \/>\n<meta property=\"og:locale\" content=\"es_ES\" \/>\n<meta property=\"og:type\" content=\"article\" \/>\n<meta property=\"og:title\" content=\"Lab&#039;Science, fabricante de salas limpias modulares\" \/>\n<meta property=\"og:description\" content=\"Como fabricante de salas limpias y laboratorios modulares, Lab&#039;Science propone soluciones llaves en mano para la salud, la qu\u00edmica y la alta tecnolog\u00eda\" \/>\n<meta property=\"og:url\" content=\"https:\/\/www.lab-science.eu\/es\/soluciones\/soluciones-modulares\/\" \/>\n<meta property=\"og:site_name\" content=\"Lab Science - Conception et Fabrication de salles blanches modulaire\" \/>\n<meta property=\"article:modified_time\" content=\"2023-01-23T08:38:09+00:00\" \/>\n<meta property=\"og:image\" content=\"https:\/\/www.lab-science.eu\/wp-content\/uploads\/2020\/12\/visuel-cle-lab-science-croquis2-1-1024x922.jpg\" \/>\n<meta name=\"twitter:card\" content=\"summary_large_image\" \/>\n<meta name=\"twitter:label1\" content=\"Tiempo de lectura\" \/>\n\t<meta name=\"twitter:data1\" content=\"2 minutos\" \/>\n<script type=\"application\/ld+json\" class=\"yoast-schema-graph\">{\"@context\":\"https:\\\/\\\/schema.org\",\"@graph\":[{\"@type\":\"WebPage\",\"@id\":\"https:\\\/\\\/www.lab-science.eu\\\/es\\\/soluciones\\\/soluciones-modulares\\\/\",\"url\":\"https:\\\/\\\/www.lab-science.eu\\\/es\\\/soluciones\\\/soluciones-modulares\\\/\",\"name\":\"Lab'Science, fabricante de salas limpias modulares\",\"isPartOf\":{\"@id\":\"https:\\\/\\\/www.lab-science.eu\\\/#website\"},\"primaryImageOfPage\":{\"@id\":\"https:\\\/\\\/www.lab-science.eu\\\/es\\\/soluciones\\\/soluciones-modulares\\\/#primaryimage\"},\"image\":{\"@id\":\"https:\\\/\\\/www.lab-science.eu\\\/es\\\/soluciones\\\/soluciones-modulares\\\/#primaryimage\"},\"thumbnailUrl\":\"https:\\\/\\\/www.lab-science.eu\\\/wp-content\\\/uploads\\\/2020\\\/12\\\/visuel-cle-lab-science-croquis2-1-1024x922.jpg\",\"datePublished\":\"2021-04-12T12:49:31+00:00\",\"dateModified\":\"2023-01-23T08:38:09+00:00\",\"description\":\"Como fabricante de salas limpias y laboratorios modulares, Lab'Science propone soluciones llaves en mano para la salud, la qu\u00edmica y la alta tecnolog\u00eda\",\"breadcrumb\":{\"@id\":\"https:\\\/\\\/www.lab-science.eu\\\/es\\\/soluciones\\\/soluciones-modulares\\\/#breadcrumb\"},\"inLanguage\":\"es\",\"potentialAction\":[{\"@type\":\"ReadAction\",\"target\":[\"https:\\\/\\\/www.lab-science.eu\\\/es\\\/soluciones\\\/soluciones-modulares\\\/\"]}]},{\"@type\":\"ImageObject\",\"inLanguage\":\"es\",\"@id\":\"https:\\\/\\\/www.lab-science.eu\\\/es\\\/soluciones\\\/soluciones-modulares\\\/#primaryimage\",\"url\":\"https:\\\/\\\/www.lab-science.eu\\\/wp-content\\\/uploads\\\/2020\\\/12\\\/visuel-cle-lab-science-croquis2-1-1024x922.jpg\",\"contentUrl\":\"https:\\\/\\\/www.lab-science.eu\\\/wp-content\\\/uploads\\\/2020\\\/12\\\/visuel-cle-lab-science-croquis2-1-1024x922.jpg\"},{\"@type\":\"BreadcrumbList\",\"@id\":\"https:\\\/\\\/www.lab-science.eu\\\/es\\\/soluciones\\\/soluciones-modulares\\\/#breadcrumb\",\"itemListElement\":[{\"@type\":\"ListItem\",\"position\":1,\"name\":\"Accueil\",\"item\":\"https:\\\/\\\/www.lab-science.eu\\\/es\\\/\"},{\"@type\":\"ListItem\",\"position\":2,\"name\":\"Soluciones\",\"item\":\"https:\\\/\\\/www.lab-science.eu\\\/es\\\/soluciones\\\/\"},{\"@type\":\"ListItem\",\"position\":3,\"name\":\"SOLUCIONES MODULARES\"}]},{\"@type\":\"WebSite\",\"@id\":\"https:\\\/\\\/www.lab-science.eu\\\/#website\",\"url\":\"https:\\\/\\\/www.lab-science.eu\\\/\",\"name\":\"Lab Science - Conception et Fabrication de salles blanches modulaire\",\"description\":\"\",\"potentialAction\":[{\"@type\":\"SearchAction\",\"target\":{\"@type\":\"EntryPoint\",\"urlTemplate\":\"https:\\\/\\\/www.lab-science.eu\\\/?s={search_term_string}\"},\"query-input\":{\"@type\":\"PropertyValueSpecification\",\"valueRequired\":true,\"valueName\":\"search_term_string\"}}],\"inLanguage\":\"es\"}]}<\/script>\n<!-- \/ Yoast SEO plugin. -->","yoast_head_json":{"title":"Lab'Science, fabricante de salas limpias modulares","description":"Como fabricante de salas limpias y laboratorios modulares, Lab'Science propone soluciones llaves en mano para la salud, la qu\u00edmica y la alta tecnolog\u00eda","robots":{"index":"index","follow":"follow","max-snippet":"max-snippet:-1","max-image-preview":"max-image-preview:large","max-video-preview":"max-video-preview:-1"},"canonical":"https:\/\/www.lab-science.eu\/es\/soluciones\/soluciones-modulares\/","og_locale":"es_ES","og_type":"article","og_title":"Lab'Science, fabricante de salas limpias modulares","og_description":"Como fabricante de salas limpias y laboratorios modulares, Lab'Science propone soluciones llaves en mano para la salud, la qu\u00edmica y la alta tecnolog\u00eda","og_url":"https:\/\/www.lab-science.eu\/es\/soluciones\/soluciones-modulares\/","og_site_name":"Lab Science - Conception et Fabrication de salles blanches modulaire","article_modified_time":"2023-01-23T08:38:09+00:00","og_image":[{"url":"https:\/\/www.lab-science.eu\/wp-content\/uploads\/2020\/12\/visuel-cle-lab-science-croquis2-1-1024x922.jpg","type":"","width":"","height":""}],"twitter_card":"summary_large_image","twitter_misc":{"Tiempo de lectura":"2 minutos"},"schema":{"@context":"https:\/\/schema.org","@graph":[{"@type":"WebPage","@id":"https:\/\/www.lab-science.eu\/es\/soluciones\/soluciones-modulares\/","url":"https:\/\/www.lab-science.eu\/es\/soluciones\/soluciones-modulares\/","name":"Lab'Science, fabricante de salas limpias modulares","isPartOf":{"@id":"https:\/\/www.lab-science.eu\/#website"},"primaryImageOfPage":{"@id":"https:\/\/www.lab-science.eu\/es\/soluciones\/soluciones-modulares\/#primaryimage"},"image":{"@id":"https:\/\/www.lab-science.eu\/es\/soluciones\/soluciones-modulares\/#primaryimage"},"thumbnailUrl":"https:\/\/www.lab-science.eu\/wp-content\/uploads\/2020\/12\/visuel-cle-lab-science-croquis2-1-1024x922.jpg","datePublished":"2021-04-12T12:49:31+00:00","dateModified":"2023-01-23T08:38:09+00:00","description":"Como fabricante de salas limpias y laboratorios modulares, Lab'Science propone soluciones llaves en mano para la salud, la qu\u00edmica y la alta tecnolog\u00eda","breadcrumb":{"@id":"https:\/\/www.lab-science.eu\/es\/soluciones\/soluciones-modulares\/#breadcrumb"},"inLanguage":"es","potentialAction":[{"@type":"ReadAction","target":["https:\/\/www.lab-science.eu\/es\/soluciones\/soluciones-modulares\/"]}]},{"@type":"ImageObject","inLanguage":"es","@id":"https:\/\/www.lab-science.eu\/es\/soluciones\/soluciones-modulares\/#primaryimage","url":"https:\/\/www.lab-science.eu\/wp-content\/uploads\/2020\/12\/visuel-cle-lab-science-croquis2-1-1024x922.jpg","contentUrl":"https:\/\/www.lab-science.eu\/wp-content\/uploads\/2020\/12\/visuel-cle-lab-science-croquis2-1-1024x922.jpg"},{"@type":"BreadcrumbList","@id":"https:\/\/www.lab-science.eu\/es\/soluciones\/soluciones-modulares\/#breadcrumb","itemListElement":[{"@type":"ListItem","position":1,"name":"Accueil","item":"https:\/\/www.lab-science.eu\/es\/"},{"@type":"ListItem","position":2,"name":"Soluciones","item":"https:\/\/www.lab-science.eu\/es\/soluciones\/"},{"@type":"ListItem","position":3,"name":"SOLUCIONES MODULARES"}]},{"@type":"WebSite","@id":"https:\/\/www.lab-science.eu\/#website","url":"https:\/\/www.lab-science.eu\/","name":"Lab Science - Conception et Fabrication de salles blanches modulaire","description":"","potentialAction":[{"@type":"SearchAction","target":{"@type":"EntryPoint","urlTemplate":"https:\/\/www.lab-science.eu\/?s={search_term_string}"},"query-input":{"@type":"PropertyValueSpecification","valueRequired":true,"valueName":"search_term_string"}}],"inLanguage":"es"}]}},"_links":{"self":[{"href":"https:\/\/www.lab-science.eu\/es\/wp-json\/wp\/v2\/pages\/4043","targetHints":{"allow":["GET"]}}],"collection":[{"href":"https:\/\/www.lab-science.eu\/es\/wp-json\/wp\/v2\/pages"}],"about":[{"href":"https:\/\/www.lab-science.eu\/es\/wp-json\/wp\/v2\/types\/page"}],"author":[{"embeddable":true,"href":"https:\/\/www.lab-science.eu\/es\/wp-json\/wp\/v2\/users\/7"}],"replies":[{"embeddable":true,"href":"https:\/\/www.lab-science.eu\/es\/wp-json\/wp\/v2\/comments?post=4043"}],"version-history":[{"count":0,"href":"https:\/\/www.lab-science.eu\/es\/wp-json\/wp\/v2\/pages\/4043\/revisions"}],"up":[{"embeddable":true,"href":"https:\/\/www.lab-science.eu\/es\/wp-json\/wp\/v2\/pages\/4042"}],"wp:attachment":[{"href":"https:\/\/www.lab-science.eu\/es\/wp-json\/wp\/v2\/media?parent=4043"}],"curies":[{"name":"wp","href":"https:\/\/api.w.org\/{rel}","templated":true}]}}