{"id":4057,"date":"2021-04-12T14:53:00","date_gmt":"2021-04-12T12:53:00","guid":{"rendered":"https:\/\/www.lab-science.eu\/soluciones\/solucion-de-descontaminacion\/"},"modified":"2023-01-20T12:14:06","modified_gmt":"2023-01-20T11:14:06","slug":"solucion-de-descontaminacion","status":"publish","type":"page","link":"https:\/\/www.lab-science.eu\/es\/soluciones\/solucion-de-descontaminacion\/","title":{"rendered":"SOLUCI\u00d3N DE DESCONTAMINACI\u00d3N"},"content":{"rendered":"<div class=\"title\">\n<h1 class=\"header-text\">SOLUCI\u00d3N DE DESCONTAMINACI\u00d3N LAB&#8217;SCIENCE<br \/>\n<span style=\"font-size: 50px;\">LA RESPUESTA A SUS PROBLEMATICAS DE BIO-DESCONTAMINACI\u00d3N<\/span><\/h1>\n<h2 style=\"text-align: center;\">UN ENFOQUE A MEDIDA<\/h2>\n<p style=\"text-transform: initial;\">Con su experiencia en descontaminaci\u00f3n y bio-descontaminaci\u00f3n, LAB&#8217;SCIENCE ofrece una soluci\u00f3n de descontaminaci\u00f3n hecha a medida, lo m\u00e1s cerca posible de sus expectativas.<\/p>\n<p style=\"text-align: left;\"><ul class=\"styled-list\">\n<li><i class=\"fa fa-check\" style=\"color:#6a0e41 !important;\"><\/i>Procesos calificados y certificados por nuestros expertos para una eficacia \u00f3ptima: seguridad comprobada.<\/li>\n<li><i class=\"fa fa-check\" style=\"color:#6a0e41 !important;\"><\/i>Soluciones de servicio llave en mano: protocolos personalizados y entrega r\u00e1pida.<\/li>\n<li><i class=\"fa fa-check\" style=\"color:#6a0e41 !important;\"><\/i>Protocolos ad hoc que ofrecen una soluci\u00f3n \u00f3ptima, ya sea en el caso de intervenciones recurrentes o durante operaciones m\u00e1s puntuales (limpieza extrema o gesti\u00f3n de crisis).<\/li>\n<\/ul>\n<div class=\"one_half rnr-column\">\n<h2 style=\"text-align: left;\">UNA SOLUCI\u00d3N DE DESCONTAMINACI\u00d3N PARA CADA INDUSTRIA<\/h2>\n<p style=\"text-align: left;\">Para tiendas y supermercados, centros de salud, transporte, actores de la industria, investigaci\u00f3n y ciencias animales, LAB&#8217;SCIENCE ha desarrollado la soluci\u00f3n de descontaminaci\u00f3n adecuada, asegurando una eficiencia \u00f3ptima, cient\u00edficamente probada.<\/p>\n<p style=\"text-align: left;\">Descontaminar carritos de supermercado, equipaje en aeropuertos, equipos para profesionales de la salud&#8230; Los usos son numerosos y se basan en dos t\u00e9cnicas : descontaminaci\u00f3n UV-C (a trav\u00e9s de l\u00e1mparas de plasma fr\u00edo) o per\u00f3xido de hidr\u00f3geno (a una concentraci\u00f3n no corrosiva).<\/p>\n<p style=\"text-align: left;\"><\/div>\n<p style=\"text-align: left;\"><div class=\"one_half rnr-column last\">\n<p><img loading=\"lazy\" decoding=\"async\" class=\"alignnone wp-image-3794 size-large portfolio-lazyLoad\" title=\"Soluci\u00f3n de descontaminaci\u00f3n de LAB'SCIENCE\" src=\"https:\/\/www.lab-science.eu\/wp-content\/uploads\/2020\/12\/visuel-cle-lab-science-croquis2-1024x745.jpg\" data-original=\"https:\/\/www.lab-science.eu\/wp-content\/uploads\/2020\/12\/visuel-cle-lab-science-croquis2-1024x745.jpg\" alt=\"Soluci\u00f3n de descontaminaci\u00f3n LAB'SCIENCE\" width=\"1024\" height=\"922\" \/><noscript><img loading=\"lazy\" decoding=\"async\" class=\"alignnone wp-image-3794 size-large portfolio-lazyLoad\" title=\"Soluci\u00f3n de descontaminaci\u00f3n de LAB'SCIENCE\" src=\"https:\/\/www.lab-science.eu\/wp-content\/uploads\/2020\/12\/visuel-cle-lab-science-croquis2-1024x745.jpg\" alt=\"Soluci\u00f3n de descontaminaci\u00f3n LAB'SCIENCE\" width=\"1024\" height=\"922\" \/><\/noscript><\/p>\n<\/div><div class=\"clear\"><\/div>\n<\/div>\n<div class=\"one_half rnr-column\">\n<iframe loading=\"lazy\" src=\"https:\/\/cdn.flipsnack.com\/widget\/v2\/widget.html?hash=hclrijt6rh\" width=\"100%\" height=\"480\" frameborder=\"0\" scrolling=\"no\" seamless=\"seamless\" allowfullscreen=\"allowfullscreen\"><\/iframe><br \/>\n<\/div>\n<div class=\"one_half rnr-column last\">\n<h3><div class=\"fancy-header2\"><h4><\/h4><h2 class=\"highlight\">QUIERE SABER M\u00c1S SOBRE NUESTRAS SOLUCIONES DE DESCONTAMINACI\u00d3N<\/h2><\/div><\/h3>\n<p>Independientemente del tama\u00f1o de su proyecto, le apoyamos desde el dise\u00f1o hasta la instalaci\u00f3n, mantenimiento y acreditaci\u00f3n de sus entornos controlados en los campos de la investigaci\u00f3n (laboratorios), la salud (farmacias, hospitales, cl\u00ednicas), el espacial, la microelectr\u00f3nica y la nanotecnolog\u00eda a trav\u00e9s de nuestras diversas soluciones :<br \/>\n<ul class=\"styled-list\">\n<li><i class=\"fa fa-home\" style=\"color:#6a0e41 !important;\"><\/i><a href=\"https:\/\/www.lab-science.eu\/es\/soluciones\/solucion-de-descontaminacion\/uvclabs\/\"><span style=\"font-weight: 400;\">UVC&#8217;Labs<b>\u24c7<\/b><\/span><\/a><span style=\"font-weight: 400;\"><span style=\"font-weight: 400;\"> : <b><\/b><\/span><\/span><b><\/b><span style=\"font-weight: 400;\">soluci\u00f3n de descontaminaci\u00f3n por el plasma y radiaci\u00f3n \u00f3ptica ;<\/span><\/li>\n<li><i class=\"fa fa-home\" style=\"color:#6a0e41 !important;\"><\/i><a href=\"https:\/\/www.lab-science.eu\/es\/soluciones\/solucion-de-descontaminacion\/saslabs\/\">Sas&#8217;Labs<\/a><a href=\"#\" target=\"_blank\" rel=\"nofollow\"><span style=\"font-weight: 400;\"><b>\u24c7<\/b><\/span><\/a> : <span style=\"font-weight: 400;\">soluci\u00f3n de descontaminaci\u00f3n unitaria; el Pass-through para la transferencia segura de peque\u00f1os materiales ;<\/span><\/li>\n<li><i class=\"fa fa-home\" style=\"color:#6a0e41 !important;\"><\/i><a href=\"https:\/\/www.lab-science.eu\/es\/soluciones\/solucion-de-descontaminacion\/umdlabs\/\"><span style=\"font-weight: 400;\">UMD\u2019Labs<\/span><\/a><a href=\"#\" target=\"_blank\" rel=\"nofollow\"><span style=\"font-weight: 400;\"><b>\u24c7<\/b><\/span><\/a><span style=\"font-weight: 400;\"> : <\/span><span style=\"font-weight: 400;\">Oferta de desinfecci\u00f3n m\u00f3vil modular totalmente automatizada de LAB&#8217;SCIENCE ;<\/span><\/li>\n<li><i class=\"fa fa-home\" style=\"color:#6a0e41 !important;\"><\/i><a href=\"https:\/\/www.lab-science.eu\/es\/soluciones\/solucion-de-descontaminacion\/tunlabs-tunel-de-descontaminacion\/\"><span style=\"font-weight: 400;\">Tun\u2019Labs<\/span><\/a><a href=\"#\" target=\"_blank\" rel=\"nofollow\"><b>\u24c7<\/b><\/a> <span style=\"font-weight: 400;\"> : T\u00fanel de descontaminaci\u00f3n LAB&#8217;SCIENCE<\/span><\/li>\n<\/ul>\n<p><strong>\u00bfDesea una soluci\u00f3n llave en mano que sea eficiente y se instale r\u00e1pidamente? Piense en nuestras <\/strong><b><a href=\"https:\/\/www.lab-science.eu\/es\/soluciones\/soluciones-modulares\/\">soluciones modulares.<\/a><br \/>\n<\/div><div class=\"clear\"><\/div><\/b><\/p>\n<div class=\"title\">\n<h2 style=\"text-align: center;\">\u00bfQuiere confiarnos su proyecto?<\/h2>\n<p style=\"text-align: center;\">LAB&#8217;SCIENCE  le acompa\u00f1a.<\/p>\n<p style=\"text-align: center;\"><a class=\"header-text\" style=\"box-shadow: #6a0e41 0px 0px 0px 3px; font-size: 20px; font-style: normal; color: #ffffff; font-weight: normal; text-transform: uppercase; margin-bottom: 20px; line-height: 1; display: inline-block; padding: 10px; background: #6a0e41; text-align: center;\" href=\"https:\/\/www.lab-science.eu\/es\/contacto\/\">Cont\u00e1ctenos<\/a><\/p>\n<\/div>\n","protected":false},"excerpt":{"rendered":"<p>SOLUCI\u00d3N DE DESCONTAMINACI\u00d3N LAB&#8217;SCIENCE LA RESPUESTA A SUS PROBLEMATICAS DE BIO-DESCONTAMINACI\u00d3N UN ENFOQUE A MEDIDA Con su experiencia en descontaminaci\u00f3n y bio-descontaminaci\u00f3n, LAB&#8217;SCIENCE ofrece una soluci\u00f3n de descontaminaci\u00f3n hecha a medida, lo m\u00e1s cerca posible de sus expectativas. \u00bfQuiere confiarnos su proyecto? LAB&#8217;SCIENCE le acompa\u00f1a. Cont\u00e1ctenos<\/p>\n","protected":false},"author":11,"featured_media":0,"parent":4042,"menu_order":0,"comment_status":"closed","ping_status":"closed","template":"","meta":{"footnotes":""},"class_list":["post-4057","page","type-page","status-publish","hentry"],"yoast_head":"<!-- This site is optimized with the Yoast SEO plugin v27.5 - https:\/\/yoast.com\/product\/yoast-seo-wordpress\/ -->\n<title>soluci\u00f3n de descontaminaci\u00f3n Lab\u2019Science. Proyectos a medida.<\/title>\n<meta name=\"description\" content=\"Como experto en descontaminaci\u00f3n, Lab&#039;Science ofrece una soluci\u00f3n de descontaminaci\u00f3n a medida utilizando UV-C o per\u00f3xido de hidr\u00f3geno para todos sus proyectos.\" \/>\n<meta name=\"robots\" content=\"index, follow, max-snippet:-1, max-image-preview:large, max-video-preview:-1\" \/>\n<link rel=\"canonical\" href=\"https:\/\/www.lab-science.eu\/es\/soluciones\/solucion-de-descontaminacion\/\" \/>\n<meta property=\"og:locale\" content=\"es_ES\" \/>\n<meta property=\"og:type\" content=\"article\" \/>\n<meta property=\"og:title\" content=\"soluci\u00f3n de descontaminaci\u00f3n Lab\u2019Science. Proyectos a medida.\" \/>\n<meta property=\"og:description\" content=\"Como experto en descontaminaci\u00f3n, Lab&#039;Science ofrece una soluci\u00f3n de descontaminaci\u00f3n a medida utilizando UV-C o per\u00f3xido de hidr\u00f3geno para todos sus proyectos.\" \/>\n<meta property=\"og:url\" content=\"https:\/\/www.lab-science.eu\/es\/soluciones\/solucion-de-descontaminacion\/\" \/>\n<meta property=\"og:site_name\" content=\"Lab Science - Conception et Fabrication de salles blanches modulaire\" \/>\n<meta property=\"article:modified_time\" content=\"2023-01-20T11:14:06+00:00\" \/>\n<meta property=\"og:image\" content=\"https:\/\/www.lab-science.eu\/wp-content\/uploads\/2020\/12\/visuel-cle-lab-science-croquis2-1024x745.jpg\" \/>\n<meta name=\"twitter:card\" content=\"summary_large_image\" \/>\n<meta name=\"twitter:label1\" content=\"Tiempo de lectura\" \/>\n\t<meta name=\"twitter:data1\" content=\"2 minutos\" \/>\n<script type=\"application\/ld+json\" class=\"yoast-schema-graph\">{\"@context\":\"https:\\\/\\\/schema.org\",\"@graph\":[{\"@type\":\"WebPage\",\"@id\":\"https:\\\/\\\/www.lab-science.eu\\\/es\\\/soluciones\\\/solucion-de-descontaminacion\\\/\",\"url\":\"https:\\\/\\\/www.lab-science.eu\\\/es\\\/soluciones\\\/solucion-de-descontaminacion\\\/\",\"name\":\"soluci\u00f3n de descontaminaci\u00f3n Lab\u2019Science. Proyectos a medida.\",\"isPartOf\":{\"@id\":\"https:\\\/\\\/www.lab-science.eu\\\/#website\"},\"primaryImageOfPage\":{\"@id\":\"https:\\\/\\\/www.lab-science.eu\\\/es\\\/soluciones\\\/solucion-de-descontaminacion\\\/#primaryimage\"},\"image\":{\"@id\":\"https:\\\/\\\/www.lab-science.eu\\\/es\\\/soluciones\\\/solucion-de-descontaminacion\\\/#primaryimage\"},\"thumbnailUrl\":\"https:\\\/\\\/www.lab-science.eu\\\/wp-content\\\/uploads\\\/2020\\\/12\\\/visuel-cle-lab-science-croquis2-1024x745.jpg\",\"datePublished\":\"2021-04-12T12:53:00+00:00\",\"dateModified\":\"2023-01-20T11:14:06+00:00\",\"description\":\"Como experto en descontaminaci\u00f3n, Lab'Science ofrece una soluci\u00f3n de descontaminaci\u00f3n a medida utilizando UV-C o per\u00f3xido de hidr\u00f3geno para todos sus proyectos.\",\"breadcrumb\":{\"@id\":\"https:\\\/\\\/www.lab-science.eu\\\/es\\\/soluciones\\\/solucion-de-descontaminacion\\\/#breadcrumb\"},\"inLanguage\":\"es\",\"potentialAction\":[{\"@type\":\"ReadAction\",\"target\":[\"https:\\\/\\\/www.lab-science.eu\\\/es\\\/soluciones\\\/solucion-de-descontaminacion\\\/\"]}]},{\"@type\":\"ImageObject\",\"inLanguage\":\"es\",\"@id\":\"https:\\\/\\\/www.lab-science.eu\\\/es\\\/soluciones\\\/solucion-de-descontaminacion\\\/#primaryimage\",\"url\":\"https:\\\/\\\/www.lab-science.eu\\\/wp-content\\\/uploads\\\/2020\\\/12\\\/visuel-cle-lab-science-croquis2-1024x745.jpg\",\"contentUrl\":\"https:\\\/\\\/www.lab-science.eu\\\/wp-content\\\/uploads\\\/2020\\\/12\\\/visuel-cle-lab-science-croquis2-1024x745.jpg\"},{\"@type\":\"BreadcrumbList\",\"@id\":\"https:\\\/\\\/www.lab-science.eu\\\/es\\\/soluciones\\\/solucion-de-descontaminacion\\\/#breadcrumb\",\"itemListElement\":[{\"@type\":\"ListItem\",\"position\":1,\"name\":\"Accueil\",\"item\":\"https:\\\/\\\/www.lab-science.eu\\\/es\\\/\"},{\"@type\":\"ListItem\",\"position\":2,\"name\":\"Soluciones\",\"item\":\"https:\\\/\\\/www.lab-science.eu\\\/es\\\/soluciones\\\/\"},{\"@type\":\"ListItem\",\"position\":3,\"name\":\"SOLUCI\u00d3N DE DESCONTAMINACI\u00d3N\"}]},{\"@type\":\"WebSite\",\"@id\":\"https:\\\/\\\/www.lab-science.eu\\\/#website\",\"url\":\"https:\\\/\\\/www.lab-science.eu\\\/\",\"name\":\"Lab Science - Conception et Fabrication de salles blanches modulaire\",\"description\":\"\",\"potentialAction\":[{\"@type\":\"SearchAction\",\"target\":{\"@type\":\"EntryPoint\",\"urlTemplate\":\"https:\\\/\\\/www.lab-science.eu\\\/?s={search_term_string}\"},\"query-input\":{\"@type\":\"PropertyValueSpecification\",\"valueRequired\":true,\"valueName\":\"search_term_string\"}}],\"inLanguage\":\"es\"}]}<\/script>\n<!-- \/ Yoast SEO plugin. -->","yoast_head_json":{"title":"soluci\u00f3n de descontaminaci\u00f3n Lab\u2019Science. Proyectos a medida.","description":"Como experto en descontaminaci\u00f3n, Lab'Science ofrece una soluci\u00f3n de descontaminaci\u00f3n a medida utilizando UV-C o per\u00f3xido de hidr\u00f3geno para todos sus proyectos.","robots":{"index":"index","follow":"follow","max-snippet":"max-snippet:-1","max-image-preview":"max-image-preview:large","max-video-preview":"max-video-preview:-1"},"canonical":"https:\/\/www.lab-science.eu\/es\/soluciones\/solucion-de-descontaminacion\/","og_locale":"es_ES","og_type":"article","og_title":"soluci\u00f3n de descontaminaci\u00f3n Lab\u2019Science. Proyectos a medida.","og_description":"Como experto en descontaminaci\u00f3n, Lab'Science ofrece una soluci\u00f3n de descontaminaci\u00f3n a medida utilizando UV-C o per\u00f3xido de hidr\u00f3geno para todos sus proyectos.","og_url":"https:\/\/www.lab-science.eu\/es\/soluciones\/solucion-de-descontaminacion\/","og_site_name":"Lab Science - Conception et Fabrication de salles blanches modulaire","article_modified_time":"2023-01-20T11:14:06+00:00","og_image":[{"url":"https:\/\/www.lab-science.eu\/wp-content\/uploads\/2020\/12\/visuel-cle-lab-science-croquis2-1024x745.jpg","type":"","width":"","height":""}],"twitter_card":"summary_large_image","twitter_misc":{"Tiempo de lectura":"2 minutos"},"schema":{"@context":"https:\/\/schema.org","@graph":[{"@type":"WebPage","@id":"https:\/\/www.lab-science.eu\/es\/soluciones\/solucion-de-descontaminacion\/","url":"https:\/\/www.lab-science.eu\/es\/soluciones\/solucion-de-descontaminacion\/","name":"soluci\u00f3n de descontaminaci\u00f3n Lab\u2019Science. Proyectos a medida.","isPartOf":{"@id":"https:\/\/www.lab-science.eu\/#website"},"primaryImageOfPage":{"@id":"https:\/\/www.lab-science.eu\/es\/soluciones\/solucion-de-descontaminacion\/#primaryimage"},"image":{"@id":"https:\/\/www.lab-science.eu\/es\/soluciones\/solucion-de-descontaminacion\/#primaryimage"},"thumbnailUrl":"https:\/\/www.lab-science.eu\/wp-content\/uploads\/2020\/12\/visuel-cle-lab-science-croquis2-1024x745.jpg","datePublished":"2021-04-12T12:53:00+00:00","dateModified":"2023-01-20T11:14:06+00:00","description":"Como experto en descontaminaci\u00f3n, Lab'Science ofrece una soluci\u00f3n de descontaminaci\u00f3n a medida utilizando UV-C o per\u00f3xido de hidr\u00f3geno para todos sus proyectos.","breadcrumb":{"@id":"https:\/\/www.lab-science.eu\/es\/soluciones\/solucion-de-descontaminacion\/#breadcrumb"},"inLanguage":"es","potentialAction":[{"@type":"ReadAction","target":["https:\/\/www.lab-science.eu\/es\/soluciones\/solucion-de-descontaminacion\/"]}]},{"@type":"ImageObject","inLanguage":"es","@id":"https:\/\/www.lab-science.eu\/es\/soluciones\/solucion-de-descontaminacion\/#primaryimage","url":"https:\/\/www.lab-science.eu\/wp-content\/uploads\/2020\/12\/visuel-cle-lab-science-croquis2-1024x745.jpg","contentUrl":"https:\/\/www.lab-science.eu\/wp-content\/uploads\/2020\/12\/visuel-cle-lab-science-croquis2-1024x745.jpg"},{"@type":"BreadcrumbList","@id":"https:\/\/www.lab-science.eu\/es\/soluciones\/solucion-de-descontaminacion\/#breadcrumb","itemListElement":[{"@type":"ListItem","position":1,"name":"Accueil","item":"https:\/\/www.lab-science.eu\/es\/"},{"@type":"ListItem","position":2,"name":"Soluciones","item":"https:\/\/www.lab-science.eu\/es\/soluciones\/"},{"@type":"ListItem","position":3,"name":"SOLUCI\u00d3N DE DESCONTAMINACI\u00d3N"}]},{"@type":"WebSite","@id":"https:\/\/www.lab-science.eu\/#website","url":"https:\/\/www.lab-science.eu\/","name":"Lab Science - Conception et Fabrication de salles blanches modulaire","description":"","potentialAction":[{"@type":"SearchAction","target":{"@type":"EntryPoint","urlTemplate":"https:\/\/www.lab-science.eu\/?s={search_term_string}"},"query-input":{"@type":"PropertyValueSpecification","valueRequired":true,"valueName":"search_term_string"}}],"inLanguage":"es"}]}},"_links":{"self":[{"href":"https:\/\/www.lab-science.eu\/es\/wp-json\/wp\/v2\/pages\/4057","targetHints":{"allow":["GET"]}}],"collection":[{"href":"https:\/\/www.lab-science.eu\/es\/wp-json\/wp\/v2\/pages"}],"about":[{"href":"https:\/\/www.lab-science.eu\/es\/wp-json\/wp\/v2\/types\/page"}],"author":[{"embeddable":true,"href":"https:\/\/www.lab-science.eu\/es\/wp-json\/wp\/v2\/users\/11"}],"replies":[{"embeddable":true,"href":"https:\/\/www.lab-science.eu\/es\/wp-json\/wp\/v2\/comments?post=4057"}],"version-history":[{"count":0,"href":"https:\/\/www.lab-science.eu\/es\/wp-json\/wp\/v2\/pages\/4057\/revisions"}],"up":[{"embeddable":true,"href":"https:\/\/www.lab-science.eu\/es\/wp-json\/wp\/v2\/pages\/4042"}],"wp:attachment":[{"href":"https:\/\/www.lab-science.eu\/es\/wp-json\/wp\/v2\/media?parent=4057"}],"curies":[{"name":"wp","href":"https:\/\/api.w.org\/{rel}","templated":true}]}}