{"id":4067,"date":"2021-04-12T14:55:33","date_gmt":"2021-04-12T12:55:33","guid":{"rendered":"https:\/\/www.lab-science.eu\/soluciones\/soluciones-fijas\/"},"modified":"2023-01-23T09:25:45","modified_gmt":"2023-01-23T08:25:45","slug":"soluciones-fijas","status":"publish","type":"page","link":"https:\/\/www.lab-science.eu\/es\/soluciones\/soluciones-fijas\/","title":{"rendered":"SOLUCIONES FIJAS"},"content":{"rendered":"<div class=\"title\">\n<h1 class=\"header-text\">SOLUCIONES FIJAS<\/h1>\n<h2>LAB\u2019SCIENCE FABRICANTE DE SALAS LIMPIAS<\/h2>\n<p style=\"text-transform: initial;\">El grupo LAB&#8217;SCIENCE le acompa\u00f1a para su proyecto de creaci\u00f3n de entornos limpios (sala limpia, sala gris, sas de descontaminaci\u00f3n).<\/p>\n<\/div>\n<p>&nbsp;<\/p>\n<p>&nbsp;<\/p>\n<div class=\"one_half rnr-column\">\n<p style=\"font-size: 25px; text-transform: uppercase; color: #6a0e41; text-align: left; font-family: bebasneueregular;\">\u00bfNUESTRA MISION COMO FABRICANTE DE SALA LIMPIA?<\/p>\n<p>&nbsp;<\/p>\n<p>Pensar, dise\u00f1ar, construir y mantener los espacios respondiendo a sus criterios y sus necesidades, garantizando un nivel de control del aire.<\/p>\n<p>Una sala limpia es un entorno con un nivel de limpieza conocido y controlado en t\u00e9rminos de tipos y n\u00fameros de contaminantes.<\/p>\n<p><strong>Esta zona est\u00e1 constituida de :<\/strong><br \/>\n<ul class=\"styled-list\">\n<li><i class=\"fa fa-check\" style=\"color:#6a0e41 !important;\"><\/i><span style=\"font-weight: 400;\">Un recinto o cerramiento especifico (delimitaci\u00f3n en el espacio) ;<\/span><\/li>\n<li><i class=\"fa fa-check\" style=\"color:#6a0e41 !important;\"><\/i><span style=\"font-weight: 400;\">Un sistema de tratamiento de aire (filtraci\u00f3n, mantenimiento de supresi\u00f3n, control de la temperatura y de higrometr\u00eda) ;<\/span><\/li>\n<li><i class=\"fa fa-check\" style=\"color:#6a0e41 !important;\"><\/i>Procedimientos para entra\/salida de personas, las materias y los materiales.<\/li>\n<\/ul>\n<p>Adaptados a todo tipo de industria y a cualquier tama\u00f1o de proyecto, del m\u00e1s peque\u00f1o al m\u00e1s grande, nuestros productos y servicios reconocidos cubren el conjunto de sus necesidades.<\/p>\n<p><\/div>\n<div class=\"one_half rnr-column last\">\n<img loading=\"lazy\" decoding=\"async\" class=\"alignnone wp-image-3798 size-large portfolio-lazyLoad\" title=\"LAB'SCIENCE, fabricante de sala limpia\" src=\"https:\/\/www.lab-science.eu\/wp-content\/uploads\/2020\/12\/Scan-60-1024x875.jpeg\" data-original=\"https:\/\/www.lab-science.eu\/wp-content\/uploads\/2020\/12\/Scan-60-1024x875.jpeg\" alt=\"LAB'SCIENCE, fabricante de sala limpia\" width=\"1024\" height=\"875\" \/><noscript><img loading=\"lazy\" decoding=\"async\" class=\"alignnone wp-image-3798 size-large portfolio-lazyLoad\" title=\"LAB'SCIENCE, fabricante de sala limpia\" src=\"https:\/\/www.lab-science.eu\/wp-content\/uploads\/2020\/12\/Scan-60-1024x875.jpeg\" alt=\"LAB'SCIENCE, fabricante de sala limpia\" width=\"1024\" height=\"875\" \/><\/noscript><br \/>\n<\/div><div class=\"clear\"><\/div>\n<div class=\"one_half rnr-column\">\n<p><img loading=\"lazy\" decoding=\"async\" class=\"alignnone wp-image-3800 size-large portfolio-lazyLoad\" title=\"Clean concept del fabricante de sala limpia LAB'SCIENCE\" src=\"https:\/\/www.lab-science.eu\/wp-content\/uploads\/2020\/12\/projet-vue-de-malte-1024x720.jpg\" data-original=\"https:\/\/www.lab-science.eu\/wp-content\/uploads\/2020\/12\/projet-vue-de-malte-1024x720.jpg\" alt=\"El fabricante de sala limpia LAB'SCIENCE\" width=\"1024\" height=\"720\" \/><noscript><img loading=\"lazy\" decoding=\"async\" class=\"alignnone wp-image-3800 size-large portfolio-lazyLoad\" title=\"Clean concept del fabricante de sala limpia LAB'SCIENCE\" src=\"https:\/\/www.lab-science.eu\/wp-content\/uploads\/2020\/12\/projet-vue-de-malte-1024x720.jpg\" alt=\"El fabricante de sala limpia LAB'SCIENCE\" width=\"1024\" height=\"720\" \/><\/noscript><br \/>\n<\/div>\n<div class=\"one_half rnr-column last\">\n<h2 style=\"font-size: 25px;\">Clean Concept<\/h2>\n<p><strong>\u00bfPorqu\u00e9?<\/strong><br \/>\nDurante una intervenci\u00f3n en una sala blanca, numerosas tareas generan contaminaci\u00f3n. La implementaci\u00f3n de un protocolo clean concept es entonces indispensable. Respetar ese protocolo permitir\u00e1 satisfacer los objetivos especificados del control de la contaminaci\u00f3n. Los principios generales (basados en las recomendaciones de la ISO 14644-4\/14644-5) :<\/p>\n<ul class=\"styled-list\">\n<li><i class=\"fa fa-check\" style=\"color:#6a0e41 !important;\"><\/i><span style=\"font-weight: 400;\">Planificar las tareas m\u00e1s contaminantes antes que las menos contaminantes o m\u00e1s sensibles a la contaminaci\u00f3n ;<\/span><\/li>\n<li><i class=\"fa fa-check\" style=\"color:#6a0e41 !important;\"><\/i><span style=\"font-weight: 400;\">La contaminaci\u00f3n debe ser contenida y evacuada con el fin de preservar las zonas de alrededor ;<\/span><\/li>\n<li><i class=\"fa fa-check\" style=\"color:#6a0e41 !important;\"><\/i><span style=\"font-weight: 400;\">Prever una limpieza continua o frecuente con el fin de evitar la acumulaci\u00f3n de los contaminantes, su conformidad ser\u00e1 verificada ;<\/span><\/li>\n<li><i class=\"fa fa-check\" style=\"color:#6a0e41 !important;\"><\/i><span style=\"font-weight: 400;\">Prever una primera limpieza de los componentes antes de su introducci\u00f3n en los entornos controlados cada vez que sea posible y en particular cuando el acceso o la limpieza despu\u00e9s ser\u00e1 dif\u00edcil o imposible ;<\/span><\/li>\n<\/ul>\n<div><span style=\"font-weight: bold;\">Fabricante de sala limpia reconocido, LAB&#8217;SCIENCE le acompa\u00f1a en la implementaci\u00f3n de este protocolo Clean Concept.<\/span><\/div>\n<p><\/div><div class=\"clear\"><\/div>\n<div class=\"title\">\n<h2 style=\"text-align: center;\">LAB\u2019SCIENCE, UN FABRICANTE DE SALA LIMPIA CERITICADO ISO\/CEI 17000<\/h2>\n<p style=\"text-align: center;\"><strong>LAB&#8217;SCIENCE es un fabricante de sala limpia experto en su \u00e1rea. Es tambi\u00e9n un sello de calidad.<\/strong><br \/>\nQue sea para la investigaci\u00f3n, el sector de la salud, de las tecnolog\u00edas puntas o del agroalimentario, el control de la contaminaci\u00f3n es un reto clave.<br \/>\nLa norma ISO y el nivel de limpieza del aire asociado son diferentes de un \u00e1rea de actividad a la otra. La certificaci\u00f3n le ata\u00f1a a todas las etapas de fabricaci\u00f3n de la sala limpia. Tiene que ser re-evaluada regularmente.<br \/>\nLa totalidad de los productos y servicios del grupo est\u00e1n certificados ISO (normas relativas a los entornos de atmosfera controlada: sala blanca ISO 4 a 8).<\/p>\n<\/div>\n<p>&nbsp;<\/p>\n<div class=\"title\">\n<h2 style=\"text-align: center;\">\u00bfQuiere confiarnos su proyecto?<\/h2>\n<p style=\"text-align: center;\">LAB&#8217;SCIENCE le acompa\u00f1a.<\/p>\n<p>&nbsp;<\/p>\n<p style=\"text-align: center;\"><a class=\"header-text\" style=\"box-shadow: #6a0e41 0px 0px 0px 3px; font-size: 20px; font-style: normal; color: #ffffff; font-weight: normal; text-transform: uppercase; margin-bottom: 20px; line-height: 1; display: inline-block; padding: 10px; background: #6a0e41; text-align: center;\" href=\"https:\/\/www.lab-science.eu\/es\/contacto\/\">Cont\u00e1ctenos<\/a><\/p>\n<\/div>\n","protected":false},"excerpt":{"rendered":"<p>SOLUCIONES FIJAS LAB\u2019SCIENCE FABRICANTE DE SALAS LIMPIAS El grupo LAB&#8217;SCIENCE le acompa\u00f1a para su proyecto de creaci\u00f3n de entornos limpios (sala limpia, sala gris, sas de descontaminaci\u00f3n). &nbsp; &nbsp; LAB\u2019SCIENCE, UN FABRICANTE DE SALA LIMPIA CERITICADO ISO\/CEI 17000 LAB&#8217;SCIENCE es un fabricante de sala limpia experto en su \u00e1rea. Es tambi\u00e9n un sello de calidad.&hellip;<\/p>\n<p><a href=\"https:\/\/www.lab-science.eu\/es\/soluciones\/soluciones-fijas\/\" class=\"read-more-link\">Read More &rarr;<\/a><\/p>\n","protected":false},"author":11,"featured_media":0,"parent":4042,"menu_order":0,"comment_status":"closed","ping_status":"closed","template":"","meta":{"footnotes":""},"class_list":["post-4067","page","type-page","status-publish","hentry"],"yoast_head":"<!-- This site is optimized with the Yoast SEO plugin v27.3 - https:\/\/yoast.com\/product\/yoast-seo-wordpress\/ -->\n<title>Soluciones fijas del fabricante de salas limpias Lab&#039;Science<\/title>\n<meta name=\"description\" content=\"Como fabricante de salas limpias, Lab&#039;Science ofrece soluciones fijas desarrolladas espec\u00edficamente para satisfacer las necesidades de cada cliente.\" \/>\n<meta name=\"robots\" content=\"index, follow, max-snippet:-1, max-image-preview:large, max-video-preview:-1\" \/>\n<link rel=\"canonical\" href=\"https:\/\/www.lab-science.eu\/es\/soluciones\/soluciones-fijas\/\" \/>\n<meta property=\"og:locale\" content=\"es_ES\" \/>\n<meta property=\"og:type\" content=\"article\" \/>\n<meta property=\"og:title\" content=\"Soluciones fijas del fabricante de salas limpias Lab&#039;Science\" \/>\n<meta property=\"og:description\" content=\"Como fabricante de salas limpias, Lab&#039;Science ofrece soluciones fijas desarrolladas espec\u00edficamente para satisfacer las necesidades de cada cliente.\" \/>\n<meta property=\"og:url\" content=\"https:\/\/www.lab-science.eu\/es\/soluciones\/soluciones-fijas\/\" \/>\n<meta property=\"og:site_name\" content=\"Lab Science - Conception et Fabrication de salles blanches modulaire\" \/>\n<meta property=\"article:modified_time\" content=\"2023-01-23T08:25:45+00:00\" \/>\n<meta property=\"og:image\" content=\"https:\/\/www.lab-science.eu\/wp-content\/uploads\/2020\/12\/Scan-60-1024x875.jpeg\" \/>\n<meta name=\"twitter:card\" content=\"summary_large_image\" \/>\n<meta name=\"twitter:label1\" content=\"Tiempo de lectura\" \/>\n\t<meta name=\"twitter:data1\" content=\"3 minutos\" \/>\n<script type=\"application\/ld+json\" class=\"yoast-schema-graph\">{\"@context\":\"https:\\\/\\\/schema.org\",\"@graph\":[{\"@type\":\"WebPage\",\"@id\":\"https:\\\/\\\/www.lab-science.eu\\\/es\\\/soluciones\\\/soluciones-fijas\\\/\",\"url\":\"https:\\\/\\\/www.lab-science.eu\\\/es\\\/soluciones\\\/soluciones-fijas\\\/\",\"name\":\"Soluciones fijas del fabricante de salas limpias Lab'Science\",\"isPartOf\":{\"@id\":\"https:\\\/\\\/www.lab-science.eu\\\/#website\"},\"primaryImageOfPage\":{\"@id\":\"https:\\\/\\\/www.lab-science.eu\\\/es\\\/soluciones\\\/soluciones-fijas\\\/#primaryimage\"},\"image\":{\"@id\":\"https:\\\/\\\/www.lab-science.eu\\\/es\\\/soluciones\\\/soluciones-fijas\\\/#primaryimage\"},\"thumbnailUrl\":\"https:\\\/\\\/www.lab-science.eu\\\/wp-content\\\/uploads\\\/2020\\\/12\\\/Scan-60-1024x875.jpeg\",\"datePublished\":\"2021-04-12T12:55:33+00:00\",\"dateModified\":\"2023-01-23T08:25:45+00:00\",\"description\":\"Como fabricante de salas limpias, Lab'Science ofrece soluciones fijas desarrolladas espec\u00edficamente para satisfacer las necesidades de cada cliente.\",\"breadcrumb\":{\"@id\":\"https:\\\/\\\/www.lab-science.eu\\\/es\\\/soluciones\\\/soluciones-fijas\\\/#breadcrumb\"},\"inLanguage\":\"es\",\"potentialAction\":[{\"@type\":\"ReadAction\",\"target\":[\"https:\\\/\\\/www.lab-science.eu\\\/es\\\/soluciones\\\/soluciones-fijas\\\/\"]}]},{\"@type\":\"ImageObject\",\"inLanguage\":\"es\",\"@id\":\"https:\\\/\\\/www.lab-science.eu\\\/es\\\/soluciones\\\/soluciones-fijas\\\/#primaryimage\",\"url\":\"https:\\\/\\\/www.lab-science.eu\\\/wp-content\\\/uploads\\\/2020\\\/12\\\/Scan-60-1024x875.jpeg\",\"contentUrl\":\"https:\\\/\\\/www.lab-science.eu\\\/wp-content\\\/uploads\\\/2020\\\/12\\\/Scan-60-1024x875.jpeg\"},{\"@type\":\"BreadcrumbList\",\"@id\":\"https:\\\/\\\/www.lab-science.eu\\\/es\\\/soluciones\\\/soluciones-fijas\\\/#breadcrumb\",\"itemListElement\":[{\"@type\":\"ListItem\",\"position\":1,\"name\":\"Accueil\",\"item\":\"https:\\\/\\\/www.lab-science.eu\\\/es\\\/\"},{\"@type\":\"ListItem\",\"position\":2,\"name\":\"Soluciones\",\"item\":\"https:\\\/\\\/www.lab-science.eu\\\/es\\\/soluciones\\\/\"},{\"@type\":\"ListItem\",\"position\":3,\"name\":\"SOLUCIONES FIJAS\"}]},{\"@type\":\"WebSite\",\"@id\":\"https:\\\/\\\/www.lab-science.eu\\\/#website\",\"url\":\"https:\\\/\\\/www.lab-science.eu\\\/\",\"name\":\"Lab Science - Conception et Fabrication de salles blanches modulaire\",\"description\":\"\",\"potentialAction\":[{\"@type\":\"SearchAction\",\"target\":{\"@type\":\"EntryPoint\",\"urlTemplate\":\"https:\\\/\\\/www.lab-science.eu\\\/?s={search_term_string}\"},\"query-input\":{\"@type\":\"PropertyValueSpecification\",\"valueRequired\":true,\"valueName\":\"search_term_string\"}}],\"inLanguage\":\"es\"}]}<\/script>\n<!-- \/ Yoast SEO plugin. -->","yoast_head_json":{"title":"Soluciones fijas del fabricante de salas limpias Lab'Science","description":"Como fabricante de salas limpias, Lab'Science ofrece soluciones fijas desarrolladas espec\u00edficamente para satisfacer las necesidades de cada cliente.","robots":{"index":"index","follow":"follow","max-snippet":"max-snippet:-1","max-image-preview":"max-image-preview:large","max-video-preview":"max-video-preview:-1"},"canonical":"https:\/\/www.lab-science.eu\/es\/soluciones\/soluciones-fijas\/","og_locale":"es_ES","og_type":"article","og_title":"Soluciones fijas del fabricante de salas limpias Lab'Science","og_description":"Como fabricante de salas limpias, Lab'Science ofrece soluciones fijas desarrolladas espec\u00edficamente para satisfacer las necesidades de cada cliente.","og_url":"https:\/\/www.lab-science.eu\/es\/soluciones\/soluciones-fijas\/","og_site_name":"Lab Science - Conception et Fabrication de salles blanches modulaire","article_modified_time":"2023-01-23T08:25:45+00:00","og_image":[{"url":"https:\/\/www.lab-science.eu\/wp-content\/uploads\/2020\/12\/Scan-60-1024x875.jpeg","type":"","width":"","height":""}],"twitter_card":"summary_large_image","twitter_misc":{"Tiempo de lectura":"3 minutos"},"schema":{"@context":"https:\/\/schema.org","@graph":[{"@type":"WebPage","@id":"https:\/\/www.lab-science.eu\/es\/soluciones\/soluciones-fijas\/","url":"https:\/\/www.lab-science.eu\/es\/soluciones\/soluciones-fijas\/","name":"Soluciones fijas del fabricante de salas limpias Lab'Science","isPartOf":{"@id":"https:\/\/www.lab-science.eu\/#website"},"primaryImageOfPage":{"@id":"https:\/\/www.lab-science.eu\/es\/soluciones\/soluciones-fijas\/#primaryimage"},"image":{"@id":"https:\/\/www.lab-science.eu\/es\/soluciones\/soluciones-fijas\/#primaryimage"},"thumbnailUrl":"https:\/\/www.lab-science.eu\/wp-content\/uploads\/2020\/12\/Scan-60-1024x875.jpeg","datePublished":"2021-04-12T12:55:33+00:00","dateModified":"2023-01-23T08:25:45+00:00","description":"Como fabricante de salas limpias, Lab'Science ofrece soluciones fijas desarrolladas espec\u00edficamente para satisfacer las necesidades de cada cliente.","breadcrumb":{"@id":"https:\/\/www.lab-science.eu\/es\/soluciones\/soluciones-fijas\/#breadcrumb"},"inLanguage":"es","potentialAction":[{"@type":"ReadAction","target":["https:\/\/www.lab-science.eu\/es\/soluciones\/soluciones-fijas\/"]}]},{"@type":"ImageObject","inLanguage":"es","@id":"https:\/\/www.lab-science.eu\/es\/soluciones\/soluciones-fijas\/#primaryimage","url":"https:\/\/www.lab-science.eu\/wp-content\/uploads\/2020\/12\/Scan-60-1024x875.jpeg","contentUrl":"https:\/\/www.lab-science.eu\/wp-content\/uploads\/2020\/12\/Scan-60-1024x875.jpeg"},{"@type":"BreadcrumbList","@id":"https:\/\/www.lab-science.eu\/es\/soluciones\/soluciones-fijas\/#breadcrumb","itemListElement":[{"@type":"ListItem","position":1,"name":"Accueil","item":"https:\/\/www.lab-science.eu\/es\/"},{"@type":"ListItem","position":2,"name":"Soluciones","item":"https:\/\/www.lab-science.eu\/es\/soluciones\/"},{"@type":"ListItem","position":3,"name":"SOLUCIONES FIJAS"}]},{"@type":"WebSite","@id":"https:\/\/www.lab-science.eu\/#website","url":"https:\/\/www.lab-science.eu\/","name":"Lab Science - Conception et Fabrication de salles blanches modulaire","description":"","potentialAction":[{"@type":"SearchAction","target":{"@type":"EntryPoint","urlTemplate":"https:\/\/www.lab-science.eu\/?s={search_term_string}"},"query-input":{"@type":"PropertyValueSpecification","valueRequired":true,"valueName":"search_term_string"}}],"inLanguage":"es"}]}},"_links":{"self":[{"href":"https:\/\/www.lab-science.eu\/es\/wp-json\/wp\/v2\/pages\/4067","targetHints":{"allow":["GET"]}}],"collection":[{"href":"https:\/\/www.lab-science.eu\/es\/wp-json\/wp\/v2\/pages"}],"about":[{"href":"https:\/\/www.lab-science.eu\/es\/wp-json\/wp\/v2\/types\/page"}],"author":[{"embeddable":true,"href":"https:\/\/www.lab-science.eu\/es\/wp-json\/wp\/v2\/users\/11"}],"replies":[{"embeddable":true,"href":"https:\/\/www.lab-science.eu\/es\/wp-json\/wp\/v2\/comments?post=4067"}],"version-history":[{"count":0,"href":"https:\/\/www.lab-science.eu\/es\/wp-json\/wp\/v2\/pages\/4067\/revisions"}],"up":[{"embeddable":true,"href":"https:\/\/www.lab-science.eu\/es\/wp-json\/wp\/v2\/pages\/4042"}],"wp:attachment":[{"href":"https:\/\/www.lab-science.eu\/es\/wp-json\/wp\/v2\/media?parent=4067"}],"curies":[{"name":"wp","href":"https:\/\/api.w.org\/{rel}","templated":true}]}}