{"id":4070,"date":"2021-04-12T14:55:59","date_gmt":"2021-04-12T12:55:59","guid":{"rendered":"https:\/\/www.lab-science.eu\/soluciones\/mantenimiento\/"},"modified":"2023-01-20T12:08:41","modified_gmt":"2023-01-20T11:08:41","slug":"mantenimiento","status":"publish","type":"page","link":"https:\/\/www.lab-science.eu\/es\/soluciones\/mantenimiento\/","title":{"rendered":"MANTENIMIENTO"},"content":{"rendered":"<div class=\"title\">\n<h1 class=\"header-text\">MANTENIMIENTO<\/h1>\n<h2>EL MANTENIMIENTO DE SUS INSTALACIONES<\/h2>\n<p style=\"text-transform: initial;\">La duraci\u00f3n de sus instalaciones pasa por una oferta de mantenimiento adaptada.<br \/>\nDesde su creaci\u00f3n, LAB&#8217;SCIENCE propone prestaciones de mantenimiento operacional de salas bajo atmosfera controlada.<br \/>\nLAB&#8217;SCIENCE dispone de competencias especificas en el \u00e1mbito del mantenimiento de las salas limpias y laboratorios de seguridad modular y fija.<\/p>\n<\/div>\n<div class=\"full-width\" style=\"color: #333333;background: #f6f6f6;\">\n<p>&nbsp;<\/p>\n<div class=\"one_half rnr-column\">\n<h2 style=\"font-size: 25px;\">LOS OBJETIVOS DE NUESTROS CONTRATOS DE MATENIMIENTO SON LOS SIGUIENTES :<\/h2>\n<p>&nbsp;<\/p>\n<div style=\"text-align: left; font-weight: 400;\"><ul class=\"styled-list\">\n<li><i class=\"fa fa-check\" style=\"color:#6a0e41 !important;\"><\/i>Alargar el tiempo de vida de su instalaci\u00f3n y su garant\u00eda ;<\/li>\n<li><i class=\"fa fa-check\" style=\"color:#6a0e41 !important;\"><\/i>Asegurar la atenci\u00f3n m\u00ednima del ajuste y las calibraciones de los sub-equipos claves (ex: los filtros), seg\u00fan una periodicidad adaptada en funci\u00f3n del tipo de mantenimiento y de la reglamentaci\u00f3n ;<\/li>\n<li><i class=\"fa fa-check\" style=\"color:#6a0e41 !important;\"><\/i>Seguir vuestro equipamiento gracias a la trazabilidad de cada una de nuestras intervenciones.<\/li>\n<\/ul><\/div>\n<p>&nbsp;<\/p>\n<div class=\"subtitle\" style=\"text-align: left; font-size: 15px; font-weight: 400; line-height: 25px;\"><strong>FRIGORISTA, T\u00c9CNICO DE CALEFACI\u00d3N, ESPECIALISTAS DEL TRATAMIENTO DEL AIRE\u2026NUESTRAS COMPETENCIAS SON MULTIPLES. EL PERSONAL DEL SERVICIO DE MANTENIMIENTO TIENE LOS PERMISOS EL\u00c9CTRICOS, CONTROLA CUALQUIER TIPO DE SOLDADURA SOBRE MATERIALES MET\u00c1LICOS.<\/strong><\/div>\n<\/div>\n<div class=\"one_half rnr-column last\">\n<p><img loading=\"lazy\" decoding=\"async\" class=\"alignnone wp-image-3858 size-large portfolio-lazyLoad\" title=\"Mantenimiento\" src=\"https:\/\/www.lab-science.eu\/wp-content\/uploads\/2020\/12\/maintenance-1024x521.jpeg\" data-original=\"https:\/\/www.lab-science.eu\/wp-content\/uploads\/2020\/12\/maintenance-1024x521.jpeg\" alt=\"Mantenimiento\" width=\"1024\" height=\"521\" \/><noscript><img loading=\"lazy\" decoding=\"async\" class=\"alignnone wp-image-3858 size-large portfolio-lazyLoad\" title=\"Mantenimiento\" src=\"https:\/\/www.lab-science.eu\/wp-content\/uploads\/2020\/12\/maintenance-1024x521.jpeg\" alt=\"Mantenimiento\" width=\"1024\" height=\"521\" \/><\/noscript><\/p>\n<\/div><div class=\"clear\"><\/div>\n<p><\/div>\n<div class=\"one_half rnr-column\">\n<h2 style=\"font-size: 25px;\">NUESTRAS PRESTACIONES DE MANTENIMIENTO PREVENTIVO<\/h2>\n<p>Nuestras operaciones de mantenimiento preventivo se realizan en plazos regulares. Est\u00e1n documentadas con informes y actas de mantenimiento, ofreciendo una total transparencia sobre el mantenimiento de sus equipos. Nuestras prestaciones de mantenimiento tratan sobre una gama o un equipo, que luego son agrupadas en ensayos o grupos de equipos asegurando funciones t\u00e9cnicas similares.<\/p>\n<p><\/div>\n<div class=\"one_half rnr-column last\">\n<h2 style=\"font-size: 25px;\">NUESTRAS PRESTACIONES DE MANTENIMIENTO CORRECTIVO<\/h2>\n<p>En caso de aver\u00eda de uno de sus equipos, nuestros equipos pueden intervenir en los plazos m\u00e1s breves.<\/p>\n<p>Disponemos de diferentes f\u00f3rmulas de atenci\u00f3n de las reparaciones, de intervenci\u00f3n inmediata a intervenci\u00f3n en 4h despu\u00e9s de su petici\u00f3n.<br \/>\n<\/div><div class=\"clear\"><\/div>\n<p>&nbsp;<\/p>\n<p style=\"text-align: center;\"><div class=\"one_fifth rnr-column\">\n<p style=\"text-align: center;\"><img loading=\"lazy\" decoding=\"async\" class=\"alignnone wp-image-3304 portfolio-lazyLoad\" src=\"https:\/\/www.lab-science.eu\/wp-content\/uploads\/2020\/03\/BIM-1024x1024.png\" data-original=\"https:\/\/www.lab-science.eu\/wp-content\/uploads\/2020\/03\/BIM-1024x1024.png\" alt=\"\" width=\"130\" height=\"130\" srcset=\"https:\/\/www.lab-science.eu\/wp-content\/uploads\/2020\/03\/BIM-1024x1024.png 1024w, https:\/\/www.lab-science.eu\/wp-content\/uploads\/2020\/03\/BIM-300x300.png 300w, https:\/\/www.lab-science.eu\/wp-content\/uploads\/2020\/03\/BIM-150x150.png 150w, https:\/\/www.lab-science.eu\/wp-content\/uploads\/2020\/03\/BIM-768x768.png 768w, https:\/\/www.lab-science.eu\/wp-content\/uploads\/2020\/03\/BIM-1536x1536.png 1536w, https:\/\/www.lab-science.eu\/wp-content\/uploads\/2020\/03\/BIM-2048x2048.png 2048w, https:\/\/www.lab-science.eu\/wp-content\/uploads\/2020\/03\/BIM-60x60.png 60w\" sizes=\"auto, (max-width: 130px) 100vw, 130px\" \/><noscript><img loading=\"lazy\" decoding=\"async\" class=\"alignnone wp-image-3304 portfolio-lazyLoad\" src=\"https:\/\/www.lab-science.eu\/wp-content\/uploads\/2020\/03\/BIM-1024x1024.png\" alt=\"\" width=\"130\" height=\"130\" srcset=\"https:\/\/www.lab-science.eu\/wp-content\/uploads\/2020\/03\/BIM-1024x1024.png 1024w, https:\/\/www.lab-science.eu\/wp-content\/uploads\/2020\/03\/BIM-300x300.png 300w, https:\/\/www.lab-science.eu\/wp-content\/uploads\/2020\/03\/BIM-150x150.png 150w, https:\/\/www.lab-science.eu\/wp-content\/uploads\/2020\/03\/BIM-768x768.png 768w, https:\/\/www.lab-science.eu\/wp-content\/uploads\/2020\/03\/BIM-1536x1536.png 1536w, https:\/\/www.lab-science.eu\/wp-content\/uploads\/2020\/03\/BIM-2048x2048.png 2048w, https:\/\/www.lab-science.eu\/wp-content\/uploads\/2020\/03\/BIM-60x60.png 60w\" sizes=\"auto, (max-width: 130px) 100vw, 130px\" \/><\/noscript><\/p>\n<p style=\"text-align: center;\"><strong>Modelizaci\u00f3n BIM<\/strong><\/p>\n<p style=\"text-align: center;\"><\/div>\n<p style=\"text-align: center;\"><div class=\"one_fifth rnr-column\">\n<p style=\"text-align: center;\"><img loading=\"lazy\" decoding=\"async\" class=\"alignnone wp-image-3306 portfolio-lazyLoad\" src=\"https:\/\/www.lab-science.eu\/wp-content\/uploads\/2020\/03\/Conception-optimis\u00e9e-1024x1024.png\" data-original=\"https:\/\/www.lab-science.eu\/wp-content\/uploads\/2020\/03\/Conception-optimis\u00e9e-1024x1024.png\" alt=\"\" width=\"130\" height=\"130\" srcset=\"https:\/\/www.lab-science.eu\/wp-content\/uploads\/2020\/03\/Conception-optimis\u00e9e-1024x1024.png 1024w, https:\/\/www.lab-science.eu\/wp-content\/uploads\/2020\/03\/Conception-optimis\u00e9e-300x300.png 300w, https:\/\/www.lab-science.eu\/wp-content\/uploads\/2020\/03\/Conception-optimis\u00e9e-150x150.png 150w, https:\/\/www.lab-science.eu\/wp-content\/uploads\/2020\/03\/Conception-optimis\u00e9e-768x768.png 768w, https:\/\/www.lab-science.eu\/wp-content\/uploads\/2020\/03\/Conception-optimis\u00e9e-1536x1536.png 1536w, https:\/\/www.lab-science.eu\/wp-content\/uploads\/2020\/03\/Conception-optimis\u00e9e-2048x2048.png 2048w, https:\/\/www.lab-science.eu\/wp-content\/uploads\/2020\/03\/Conception-optimis\u00e9e-60x60.png 60w\" sizes=\"auto, (max-width: 130px) 100vw, 130px\" \/><noscript><img loading=\"lazy\" decoding=\"async\" class=\"alignnone wp-image-3306 portfolio-lazyLoad\" src=\"https:\/\/www.lab-science.eu\/wp-content\/uploads\/2020\/03\/Conception-optimis\u00e9e-1024x1024.png\" alt=\"\" width=\"130\" height=\"130\" srcset=\"https:\/\/www.lab-science.eu\/wp-content\/uploads\/2020\/03\/Conception-optimis\u00e9e-1024x1024.png 1024w, https:\/\/www.lab-science.eu\/wp-content\/uploads\/2020\/03\/Conception-optimis\u00e9e-300x300.png 300w, https:\/\/www.lab-science.eu\/wp-content\/uploads\/2020\/03\/Conception-optimis\u00e9e-150x150.png 150w, https:\/\/www.lab-science.eu\/wp-content\/uploads\/2020\/03\/Conception-optimis\u00e9e-768x768.png 768w, https:\/\/www.lab-science.eu\/wp-content\/uploads\/2020\/03\/Conception-optimis\u00e9e-1536x1536.png 1536w, https:\/\/www.lab-science.eu\/wp-content\/uploads\/2020\/03\/Conception-optimis\u00e9e-2048x2048.png 2048w, https:\/\/www.lab-science.eu\/wp-content\/uploads\/2020\/03\/Conception-optimis\u00e9e-60x60.png 60w\" sizes=\"auto, (max-width: 130px) 100vw, 130px\" \/><\/noscript><\/p>\n<p style=\"text-align: center;\"><strong>Dise\u00f1o optimizado<\/strong><\/p>\n<p style=\"text-align: center;\"><\/div>\n<p style=\"text-align: center;\"><div class=\"one_fifth rnr-column\">\n<p style=\"text-align: center;\"><img loading=\"lazy\" decoding=\"async\" class=\"alignnone wp-image-3308 portfolio-lazyLoad\" src=\"https:\/\/www.lab-science.eu\/wp-content\/uploads\/2020\/03\/Construction-1024x1024.png\" data-original=\"https:\/\/www.lab-science.eu\/wp-content\/uploads\/2020\/03\/Construction-1024x1024.png\" alt=\"\" width=\"130\" height=\"130\" srcset=\"https:\/\/www.lab-science.eu\/wp-content\/uploads\/2020\/03\/Construction-1024x1024.png 1024w, https:\/\/www.lab-science.eu\/wp-content\/uploads\/2020\/03\/Construction-300x300.png 300w, https:\/\/www.lab-science.eu\/wp-content\/uploads\/2020\/03\/Construction-150x150.png 150w, https:\/\/www.lab-science.eu\/wp-content\/uploads\/2020\/03\/Construction-768x768.png 768w, https:\/\/www.lab-science.eu\/wp-content\/uploads\/2020\/03\/Construction-1536x1536.png 1536w, https:\/\/www.lab-science.eu\/wp-content\/uploads\/2020\/03\/Construction-2048x2048.png 2048w, https:\/\/www.lab-science.eu\/wp-content\/uploads\/2020\/03\/Construction-60x60.png 60w\" sizes=\"auto, (max-width: 130px) 100vw, 130px\" \/><noscript><img loading=\"lazy\" decoding=\"async\" class=\"alignnone wp-image-3308 portfolio-lazyLoad\" src=\"https:\/\/www.lab-science.eu\/wp-content\/uploads\/2020\/03\/Construction-1024x1024.png\" alt=\"\" width=\"130\" height=\"130\" srcset=\"https:\/\/www.lab-science.eu\/wp-content\/uploads\/2020\/03\/Construction-1024x1024.png 1024w, https:\/\/www.lab-science.eu\/wp-content\/uploads\/2020\/03\/Construction-300x300.png 300w, https:\/\/www.lab-science.eu\/wp-content\/uploads\/2020\/03\/Construction-150x150.png 150w, https:\/\/www.lab-science.eu\/wp-content\/uploads\/2020\/03\/Construction-768x768.png 768w, https:\/\/www.lab-science.eu\/wp-content\/uploads\/2020\/03\/Construction-1536x1536.png 1536w, https:\/\/www.lab-science.eu\/wp-content\/uploads\/2020\/03\/Construction-2048x2048.png 2048w, https:\/\/www.lab-science.eu\/wp-content\/uploads\/2020\/03\/Construction-60x60.png 60w\" sizes=\"auto, (max-width: 130px) 100vw, 130px\" \/><\/noscript><\/p>\n<p style=\"text-align: center;\"><strong>Construcci\u00f3n Clean Concept<\/strong><\/p>\n<p style=\"text-align: center;\"><\/div>\n<p style=\"text-align: center;\"><div class=\"one_fifth rnr-column\">\n<p style=\"text-align: center;\"><img loading=\"lazy\" decoding=\"async\" class=\"alignnone wp-image-3312 portfolio-lazyLoad\" src=\"https:\/\/www.lab-science.eu\/wp-content\/uploads\/2020\/03\/Livraison-1024x1024.png\" data-original=\"https:\/\/www.lab-science.eu\/wp-content\/uploads\/2020\/03\/Livraison-1024x1024.png\" alt=\"\" width=\"130\" height=\"130\" srcset=\"https:\/\/www.lab-science.eu\/wp-content\/uploads\/2020\/03\/Livraison-1024x1024.png 1024w, https:\/\/www.lab-science.eu\/wp-content\/uploads\/2020\/03\/Livraison-300x300.png 300w, https:\/\/www.lab-science.eu\/wp-content\/uploads\/2020\/03\/Livraison-150x150.png 150w, https:\/\/www.lab-science.eu\/wp-content\/uploads\/2020\/03\/Livraison-768x768.png 768w, https:\/\/www.lab-science.eu\/wp-content\/uploads\/2020\/03\/Livraison-1536x1536.png 1536w, https:\/\/www.lab-science.eu\/wp-content\/uploads\/2020\/03\/Livraison-2048x2048.png 2048w, https:\/\/www.lab-science.eu\/wp-content\/uploads\/2020\/03\/Livraison-60x60.png 60w\" sizes=\"auto, (max-width: 130px) 100vw, 130px\" \/><noscript><img loading=\"lazy\" decoding=\"async\" class=\"alignnone wp-image-3312 portfolio-lazyLoad\" src=\"https:\/\/www.lab-science.eu\/wp-content\/uploads\/2020\/03\/Livraison-1024x1024.png\" alt=\"\" width=\"130\" height=\"130\" srcset=\"https:\/\/www.lab-science.eu\/wp-content\/uploads\/2020\/03\/Livraison-1024x1024.png 1024w, https:\/\/www.lab-science.eu\/wp-content\/uploads\/2020\/03\/Livraison-300x300.png 300w, https:\/\/www.lab-science.eu\/wp-content\/uploads\/2020\/03\/Livraison-150x150.png 150w, https:\/\/www.lab-science.eu\/wp-content\/uploads\/2020\/03\/Livraison-768x768.png 768w, https:\/\/www.lab-science.eu\/wp-content\/uploads\/2020\/03\/Livraison-1536x1536.png 1536w, https:\/\/www.lab-science.eu\/wp-content\/uploads\/2020\/03\/Livraison-2048x2048.png 2048w, https:\/\/www.lab-science.eu\/wp-content\/uploads\/2020\/03\/Livraison-60x60.png 60w\" sizes=\"auto, (max-width: 130px) 100vw, 130px\" \/><\/noscript><\/p>\n<p style=\"text-align: center;\"><strong>Entrega<\/strong><\/p>\n<p style=\"text-align: center;\"><\/div>\n<p style=\"text-align: center;\"><div class=\"one_fifth rnr-column last\">\n<p style=\"text-align: center;\"><img loading=\"lazy\" decoding=\"async\" class=\"alignnone wp-image-3310 portfolio-lazyLoad\" src=\"https:\/\/www.lab-science.eu\/wp-content\/uploads\/2020\/03\/Devis-sur-mesure-1024x1024.png\" data-original=\"https:\/\/www.lab-science.eu\/wp-content\/uploads\/2020\/03\/Devis-sur-mesure-1024x1024.png\" alt=\"\" width=\"130\" height=\"130\" srcset=\"https:\/\/www.lab-science.eu\/wp-content\/uploads\/2020\/03\/Devis-sur-mesure-1024x1024.png 1024w, https:\/\/www.lab-science.eu\/wp-content\/uploads\/2020\/03\/Devis-sur-mesure-300x300.png 300w, https:\/\/www.lab-science.eu\/wp-content\/uploads\/2020\/03\/Devis-sur-mesure-150x150.png 150w, https:\/\/www.lab-science.eu\/wp-content\/uploads\/2020\/03\/Devis-sur-mesure-768x768.png 768w, https:\/\/www.lab-science.eu\/wp-content\/uploads\/2020\/03\/Devis-sur-mesure-1536x1536.png 1536w, https:\/\/www.lab-science.eu\/wp-content\/uploads\/2020\/03\/Devis-sur-mesure-2048x2048.png 2048w, https:\/\/www.lab-science.eu\/wp-content\/uploads\/2020\/03\/Devis-sur-mesure-60x60.png 60w\" sizes=\"auto, (max-width: 130px) 100vw, 130px\" \/><noscript><img loading=\"lazy\" decoding=\"async\" class=\"alignnone wp-image-3310 portfolio-lazyLoad\" src=\"https:\/\/www.lab-science.eu\/wp-content\/uploads\/2020\/03\/Devis-sur-mesure-1024x1024.png\" alt=\"\" width=\"130\" height=\"130\" srcset=\"https:\/\/www.lab-science.eu\/wp-content\/uploads\/2020\/03\/Devis-sur-mesure-1024x1024.png 1024w, https:\/\/www.lab-science.eu\/wp-content\/uploads\/2020\/03\/Devis-sur-mesure-300x300.png 300w, https:\/\/www.lab-science.eu\/wp-content\/uploads\/2020\/03\/Devis-sur-mesure-150x150.png 150w, https:\/\/www.lab-science.eu\/wp-content\/uploads\/2020\/03\/Devis-sur-mesure-768x768.png 768w, https:\/\/www.lab-science.eu\/wp-content\/uploads\/2020\/03\/Devis-sur-mesure-1536x1536.png 1536w, https:\/\/www.lab-science.eu\/wp-content\/uploads\/2020\/03\/Devis-sur-mesure-2048x2048.png 2048w, https:\/\/www.lab-science.eu\/wp-content\/uploads\/2020\/03\/Devis-sur-mesure-60x60.png 60w\" sizes=\"auto, (max-width: 130px) 100vw, 130px\" \/><\/noscript><\/p>\n<p style=\"text-align: center;\"><strong>Calificaci\u00f3n<\/strong><\/p>\n<p style=\"text-align: center;\"><\/div><div class=\"clear\"><\/div>\n<p>&nbsp;<\/p>\n<div class=\"title\">\n<h2 style=\"text-align: center;\">\u00bfQuiere confiarnos su proyecto?<\/h2>\n<p style=\"text-align: center;\">LAB&#8217;SCIENCE le acompa\u00f1a.<\/p>\n<p>&nbsp;<\/p>\n<p style=\"text-align: center;\"><a class=\"header-text\" style=\"box-shadow: #6a0e41 0px 0px 0px 3px; font-size: 20px; font-style: normal; color: #ffffff; font-weight: normal; text-transform: uppercase; margin-bottom: 20px; line-height: 1; display: inline-block; padding: 10px; background: #6a0e41; text-align: center;\" href=\"https:\/\/www.lab-science.eu\/es\/contacto\/\">Cont\u00e1ctenos<\/a><\/p>\n<\/div>\n","protected":false},"excerpt":{"rendered":"<p>MANTENIMIENTO EL MANTENIMIENTO DE SUS INSTALACIONES La duraci\u00f3n de sus instalaciones pasa por una oferta de mantenimiento adaptada. Desde su creaci\u00f3n, LAB&#8217;SCIENCE propone prestaciones de mantenimiento operacional de salas bajo atmosfera controlada. LAB&#8217;SCIENCE dispone de competencias especificas en el \u00e1mbito del mantenimiento de las salas limpias y laboratorios de seguridad modular y fija. &nbsp; &nbsp;&hellip;<\/p>\n<p><a href=\"https:\/\/www.lab-science.eu\/es\/soluciones\/mantenimiento\/\" class=\"read-more-link\">Read More &rarr;<\/a><\/p>\n","protected":false},"author":11,"featured_media":0,"parent":4042,"menu_order":0,"comment_status":"closed","ping_status":"closed","template":"","meta":{"footnotes":""},"class_list":["post-4070","page","type-page","status-publish","hentry"],"yoast_head":"<!-- This site is optimized with the Yoast SEO plugin v27.5 - https:\/\/yoast.com\/product\/yoast-seo-wordpress\/ -->\n<title>Lab\u2019Science: una oferta de mantenimiento para sus instalaciones<\/title>\n<meta name=\"description\" content=\"La durabilidad de sus instalaciones depende de una oferta de mantenimiento adaptada. Lab&#039;Science es plenamente consciente de ello y le apoyar\u00e1.\" \/>\n<meta name=\"robots\" content=\"index, follow, max-snippet:-1, max-image-preview:large, max-video-preview:-1\" \/>\n<link rel=\"canonical\" href=\"https:\/\/www.lab-science.eu\/es\/soluciones\/mantenimiento\/\" \/>\n<meta property=\"og:locale\" content=\"es_ES\" \/>\n<meta property=\"og:type\" content=\"article\" \/>\n<meta property=\"og:title\" content=\"Lab\u2019Science: una oferta de mantenimiento para sus instalaciones\" \/>\n<meta property=\"og:description\" content=\"La durabilidad de sus instalaciones depende de una oferta de mantenimiento adaptada. Lab&#039;Science es plenamente consciente de ello y le apoyar\u00e1.\" \/>\n<meta property=\"og:url\" content=\"https:\/\/www.lab-science.eu\/es\/soluciones\/mantenimiento\/\" \/>\n<meta property=\"og:site_name\" content=\"Lab Science - Conception et Fabrication de salles blanches modulaire\" \/>\n<meta property=\"article:modified_time\" content=\"2023-01-20T11:08:41+00:00\" \/>\n<meta property=\"og:image\" content=\"https:\/\/www.lab-science.eu\/wp-content\/uploads\/2020\/12\/maintenance-1024x521.jpeg\" \/>\n<meta name=\"twitter:card\" content=\"summary_large_image\" \/>\n<meta name=\"twitter:label1\" content=\"Tiempo de lectura\" \/>\n\t<meta name=\"twitter:data1\" content=\"3 minutos\" \/>\n<script type=\"application\/ld+json\" class=\"yoast-schema-graph\">{\"@context\":\"https:\\\/\\\/schema.org\",\"@graph\":[{\"@type\":\"WebPage\",\"@id\":\"https:\\\/\\\/www.lab-science.eu\\\/es\\\/soluciones\\\/mantenimiento\\\/\",\"url\":\"https:\\\/\\\/www.lab-science.eu\\\/es\\\/soluciones\\\/mantenimiento\\\/\",\"name\":\"Lab\u2019Science: una oferta de mantenimiento para sus instalaciones\",\"isPartOf\":{\"@id\":\"https:\\\/\\\/www.lab-science.eu\\\/#website\"},\"primaryImageOfPage\":{\"@id\":\"https:\\\/\\\/www.lab-science.eu\\\/es\\\/soluciones\\\/mantenimiento\\\/#primaryimage\"},\"image\":{\"@id\":\"https:\\\/\\\/www.lab-science.eu\\\/es\\\/soluciones\\\/mantenimiento\\\/#primaryimage\"},\"thumbnailUrl\":\"https:\\\/\\\/www.lab-science.eu\\\/wp-content\\\/uploads\\\/2020\\\/12\\\/maintenance-1024x521.jpeg\",\"datePublished\":\"2021-04-12T12:55:59+00:00\",\"dateModified\":\"2023-01-20T11:08:41+00:00\",\"description\":\"La durabilidad de sus instalaciones depende de una oferta de mantenimiento adaptada. Lab'Science es plenamente consciente de ello y le apoyar\u00e1.\",\"breadcrumb\":{\"@id\":\"https:\\\/\\\/www.lab-science.eu\\\/es\\\/soluciones\\\/mantenimiento\\\/#breadcrumb\"},\"inLanguage\":\"es\",\"potentialAction\":[{\"@type\":\"ReadAction\",\"target\":[\"https:\\\/\\\/www.lab-science.eu\\\/es\\\/soluciones\\\/mantenimiento\\\/\"]}]},{\"@type\":\"ImageObject\",\"inLanguage\":\"es\",\"@id\":\"https:\\\/\\\/www.lab-science.eu\\\/es\\\/soluciones\\\/mantenimiento\\\/#primaryimage\",\"url\":\"https:\\\/\\\/www.lab-science.eu\\\/wp-content\\\/uploads\\\/2020\\\/12\\\/maintenance-1024x521.jpeg\",\"contentUrl\":\"https:\\\/\\\/www.lab-science.eu\\\/wp-content\\\/uploads\\\/2020\\\/12\\\/maintenance-1024x521.jpeg\"},{\"@type\":\"BreadcrumbList\",\"@id\":\"https:\\\/\\\/www.lab-science.eu\\\/es\\\/soluciones\\\/mantenimiento\\\/#breadcrumb\",\"itemListElement\":[{\"@type\":\"ListItem\",\"position\":1,\"name\":\"Accueil\",\"item\":\"https:\\\/\\\/www.lab-science.eu\\\/es\\\/\"},{\"@type\":\"ListItem\",\"position\":2,\"name\":\"Soluciones\",\"item\":\"https:\\\/\\\/www.lab-science.eu\\\/es\\\/soluciones\\\/\"},{\"@type\":\"ListItem\",\"position\":3,\"name\":\"MANTENIMIENTO\"}]},{\"@type\":\"WebSite\",\"@id\":\"https:\\\/\\\/www.lab-science.eu\\\/#website\",\"url\":\"https:\\\/\\\/www.lab-science.eu\\\/\",\"name\":\"Lab Science - Conception et Fabrication de salles blanches modulaire\",\"description\":\"\",\"potentialAction\":[{\"@type\":\"SearchAction\",\"target\":{\"@type\":\"EntryPoint\",\"urlTemplate\":\"https:\\\/\\\/www.lab-science.eu\\\/?s={search_term_string}\"},\"query-input\":{\"@type\":\"PropertyValueSpecification\",\"valueRequired\":true,\"valueName\":\"search_term_string\"}}],\"inLanguage\":\"es\"}]}<\/script>\n<!-- \/ Yoast SEO plugin. -->","yoast_head_json":{"title":"Lab\u2019Science: una oferta de mantenimiento para sus instalaciones","description":"La durabilidad de sus instalaciones depende de una oferta de mantenimiento adaptada. Lab'Science es plenamente consciente de ello y le apoyar\u00e1.","robots":{"index":"index","follow":"follow","max-snippet":"max-snippet:-1","max-image-preview":"max-image-preview:large","max-video-preview":"max-video-preview:-1"},"canonical":"https:\/\/www.lab-science.eu\/es\/soluciones\/mantenimiento\/","og_locale":"es_ES","og_type":"article","og_title":"Lab\u2019Science: una oferta de mantenimiento para sus instalaciones","og_description":"La durabilidad de sus instalaciones depende de una oferta de mantenimiento adaptada. Lab'Science es plenamente consciente de ello y le apoyar\u00e1.","og_url":"https:\/\/www.lab-science.eu\/es\/soluciones\/mantenimiento\/","og_site_name":"Lab Science - Conception et Fabrication de salles blanches modulaire","article_modified_time":"2023-01-20T11:08:41+00:00","og_image":[{"url":"https:\/\/www.lab-science.eu\/wp-content\/uploads\/2020\/12\/maintenance-1024x521.jpeg","type":"","width":"","height":""}],"twitter_card":"summary_large_image","twitter_misc":{"Tiempo de lectura":"3 minutos"},"schema":{"@context":"https:\/\/schema.org","@graph":[{"@type":"WebPage","@id":"https:\/\/www.lab-science.eu\/es\/soluciones\/mantenimiento\/","url":"https:\/\/www.lab-science.eu\/es\/soluciones\/mantenimiento\/","name":"Lab\u2019Science: una oferta de mantenimiento para sus instalaciones","isPartOf":{"@id":"https:\/\/www.lab-science.eu\/#website"},"primaryImageOfPage":{"@id":"https:\/\/www.lab-science.eu\/es\/soluciones\/mantenimiento\/#primaryimage"},"image":{"@id":"https:\/\/www.lab-science.eu\/es\/soluciones\/mantenimiento\/#primaryimage"},"thumbnailUrl":"https:\/\/www.lab-science.eu\/wp-content\/uploads\/2020\/12\/maintenance-1024x521.jpeg","datePublished":"2021-04-12T12:55:59+00:00","dateModified":"2023-01-20T11:08:41+00:00","description":"La durabilidad de sus instalaciones depende de una oferta de mantenimiento adaptada. Lab'Science es plenamente consciente de ello y le apoyar\u00e1.","breadcrumb":{"@id":"https:\/\/www.lab-science.eu\/es\/soluciones\/mantenimiento\/#breadcrumb"},"inLanguage":"es","potentialAction":[{"@type":"ReadAction","target":["https:\/\/www.lab-science.eu\/es\/soluciones\/mantenimiento\/"]}]},{"@type":"ImageObject","inLanguage":"es","@id":"https:\/\/www.lab-science.eu\/es\/soluciones\/mantenimiento\/#primaryimage","url":"https:\/\/www.lab-science.eu\/wp-content\/uploads\/2020\/12\/maintenance-1024x521.jpeg","contentUrl":"https:\/\/www.lab-science.eu\/wp-content\/uploads\/2020\/12\/maintenance-1024x521.jpeg"},{"@type":"BreadcrumbList","@id":"https:\/\/www.lab-science.eu\/es\/soluciones\/mantenimiento\/#breadcrumb","itemListElement":[{"@type":"ListItem","position":1,"name":"Accueil","item":"https:\/\/www.lab-science.eu\/es\/"},{"@type":"ListItem","position":2,"name":"Soluciones","item":"https:\/\/www.lab-science.eu\/es\/soluciones\/"},{"@type":"ListItem","position":3,"name":"MANTENIMIENTO"}]},{"@type":"WebSite","@id":"https:\/\/www.lab-science.eu\/#website","url":"https:\/\/www.lab-science.eu\/","name":"Lab Science - Conception et Fabrication de salles blanches modulaire","description":"","potentialAction":[{"@type":"SearchAction","target":{"@type":"EntryPoint","urlTemplate":"https:\/\/www.lab-science.eu\/?s={search_term_string}"},"query-input":{"@type":"PropertyValueSpecification","valueRequired":true,"valueName":"search_term_string"}}],"inLanguage":"es"}]}},"_links":{"self":[{"href":"https:\/\/www.lab-science.eu\/es\/wp-json\/wp\/v2\/pages\/4070","targetHints":{"allow":["GET"]}}],"collection":[{"href":"https:\/\/www.lab-science.eu\/es\/wp-json\/wp\/v2\/pages"}],"about":[{"href":"https:\/\/www.lab-science.eu\/es\/wp-json\/wp\/v2\/types\/page"}],"author":[{"embeddable":true,"href":"https:\/\/www.lab-science.eu\/es\/wp-json\/wp\/v2\/users\/11"}],"replies":[{"embeddable":true,"href":"https:\/\/www.lab-science.eu\/es\/wp-json\/wp\/v2\/comments?post=4070"}],"version-history":[{"count":0,"href":"https:\/\/www.lab-science.eu\/es\/wp-json\/wp\/v2\/pages\/4070\/revisions"}],"up":[{"embeddable":true,"href":"https:\/\/www.lab-science.eu\/es\/wp-json\/wp\/v2\/pages\/4042"}],"wp:attachment":[{"href":"https:\/\/www.lab-science.eu\/es\/wp-json\/wp\/v2\/media?parent=4070"}],"curies":[{"name":"wp","href":"https:\/\/api.w.org\/{rel}","templated":true}]}}