{"id":4075,"date":"2021-04-12T14:57:06","date_gmt":"2021-04-12T12:57:06","guid":{"rendered":"https:\/\/www.lab-science.eu\/academia-labscience\/"},"modified":"2023-01-24T11:41:02","modified_gmt":"2023-01-24T10:41:02","slug":"academia-labscience-2","status":"publish","type":"page","link":"https:\/\/www.lab-science.eu\/es\/academia-labscience-2\/","title":{"rendered":"ACADEMIA LAB\u2019SCIENCE"},"content":{"rendered":"<div class=\"one_half rnr-column\">\n<div class=\"title\">\n<h1 class=\"header-text\" style=\"background-color: #396ba1; box-shadow: 0px 0px 0px 3px #396ba1;\">LAB&#8217;SCIENCE Acad\u00e9mie<\/h1>\n<h2 style=\"color: #000000; font-size: 25px;\">Su experto en formaci\u00f3n para las industrias sanitaria, farmac\u00e9utica y de la investigaci\u00f3n.<\/h2>\n<\/div>\n<\/div>\n<div class=\"one_half rnr-column last\">\n<div class=\"title\"><img loading=\"lazy\" decoding=\"async\" class=\"aligncenter wp-image-3821 size-thumbnail portfolio-lazyLoad\" src=\"https:\/\/www.lab-science.eu\/wp-content\/uploads\/2021\/12\/Logo-labscience-academie-365x365-1.png\" data-original=\"https:\/\/www.lab-science.eu\/wp-content\/uploads\/2021\/12\/Logo-labscience-academie-365x365-1.png\" alt=\"logo academy purple\" width=\"200\" height=\"200\" \/><noscript><img loading=\"lazy\" decoding=\"async\" class=\"aligncenter wp-image-3821 size-thumbnail portfolio-lazyLoad\" src=\"https:\/\/www.lab-science.eu\/wp-content\/uploads\/2021\/12\/Logo-labscience-academie-365x365-1.png\" alt=\"logo academy purple\" width=\"200\" height=\"200\" \/><\/noscript><\/div>\n<\/div><div class=\"clear\"><\/div>\n<div class=\"full-width\" style=\"color: #333333;background: #f6f6f6;\">\n<div class=\"one_half rnr-column\">\n<p><img loading=\"lazy\" decoding=\"async\" class=\"size-medium wp-image-4378 aligncenter portfolio-lazyLoad\" style=\"padding-top: 40px;\" src=\"https:\/\/www.lab-science.eu\/wp-content\/uploads\/2021\/12\/logo-lab-SCIENCE-academie_Accent.png\" data-original=\"https:\/\/www.lab-science.eu\/wp-content\/uploads\/2021\/12\/logo-lab-SCIENCE-academie_Accent.png\" alt=\"logotipo academia morado\" width=\"300\" height=\"179\" \/><noscript><img loading=\"lazy\" decoding=\"async\" class=\"size-medium wp-image-4378 aligncenter portfolio-lazyLoad\" style=\"padding-top: 40px;\" src=\"https:\/\/www.lab-science.eu\/wp-content\/uploads\/2021\/12\/logo-lab-SCIENCE-academie_Accent.png\" alt=\"logotipo academia morado\" width=\"300\" height=\"179\" \/><\/noscript><\/p>\n<p><\/div>\n<div class=\"one_half rnr-column last\">\n<h2 style=\"color: #396ba1;\">Nuestra singularidad<\/h2>\n<p style=\"font-size: 16px;\">LAB&#8217;SCIENCE Acad\u00e9mie pone a los participantes en el centro de sus formaciones. Nuestras formaciones persiguen ser lo m\u00e1s pr\u00e1cticas, visuales, concretas, participativas y l\u00fadicas posible.<\/p>\n<p style=\"font-size: 16px;\">Sobre todo, se adaptan perfectamente a su contexto profesional. Adaptamos nuestra formaci\u00f3n a cada caso concreto y ofrecemos asesoramiento pr\u00e1ctico.<\/p>\n<p style=\"font-size: 16px;\">Nuestras formaciones se desarrollan para satisfacer sus necesidades espec\u00edficas con el fin de que pueda mejorar las pr\u00e1cticas en sus instalaciones.<\/p>\n<p><\/div><div class=\"clear\"><\/div>\n<\/div>\n<p><img loading=\"lazy\" decoding=\"async\" class=\"aligncenter wp-image-4830 size-large portfolio-lazyLoad\" style=\"padding-top: 25px;\" src=\"https:\/\/www.lab-science.eu\/wp-content\/uploads\/2023\/01\/Encart-Qualiopi-ESP-1024x234.png\" data-original=\"https:\/\/www.lab-science.eu\/wp-content\/uploads\/2023\/01\/Encart-Qualiopi-ESP-1024x234.png\" alt=\"\" width=\"1024\" height=\"234\" srcset=\"https:\/\/www.lab-science.eu\/wp-content\/uploads\/2023\/01\/Encart-Qualiopi-ESP-1024x234.png 1024w, https:\/\/www.lab-science.eu\/wp-content\/uploads\/2023\/01\/Encart-Qualiopi-ESP-300x69.png 300w, https:\/\/www.lab-science.eu\/wp-content\/uploads\/2023\/01\/Encart-Qualiopi-ESP-768x176.png 768w, https:\/\/www.lab-science.eu\/wp-content\/uploads\/2023\/01\/Encart-Qualiopi-ESP-1536x352.png 1536w, https:\/\/www.lab-science.eu\/wp-content\/uploads\/2023\/01\/Encart-Qualiopi-ESP-2048x469.png 2048w\" sizes=\"auto, (max-width: 1024px) 100vw, 1024px\" \/><noscript><img loading=\"lazy\" decoding=\"async\" class=\"aligncenter wp-image-4830 size-large portfolio-lazyLoad\" style=\"padding-top: 25px;\" src=\"https:\/\/www.lab-science.eu\/wp-content\/uploads\/2023\/01\/Encart-Qualiopi-ESP-1024x234.png\" alt=\"\" width=\"1024\" height=\"234\" srcset=\"https:\/\/www.lab-science.eu\/wp-content\/uploads\/2023\/01\/Encart-Qualiopi-ESP-1024x234.png 1024w, https:\/\/www.lab-science.eu\/wp-content\/uploads\/2023\/01\/Encart-Qualiopi-ESP-300x69.png 300w, https:\/\/www.lab-science.eu\/wp-content\/uploads\/2023\/01\/Encart-Qualiopi-ESP-768x176.png 768w, https:\/\/www.lab-science.eu\/wp-content\/uploads\/2023\/01\/Encart-Qualiopi-ESP-1536x352.png 1536w, https:\/\/www.lab-science.eu\/wp-content\/uploads\/2023\/01\/Encart-Qualiopi-ESP-2048x469.png 2048w\" sizes=\"auto, (max-width: 1024px) 100vw, 1024px\" \/><\/noscript><\/p>\n<p>&nbsp;<\/p>\n<div class=\"clearfix aligncenter\"><div class=\"fancy-header1\"><h2>Formaciones ofertadas por LAB&#8217;SCIENCE Acad\u00e9mie<\/h2><\/div><\/div>\n<div class=\"one_half rnr-column\">\n<p><a href=\"https:\/\/www.lab-science.eu\/lab-science-academie\/formation-biosecurite\/\" target=\"_blank\" rel=\"noopener\"><img loading=\"lazy\" decoding=\"async\" class=\"size-medium wp-image-4384 aligncenter portfolio-lazyLoad\" src=\"https:\/\/www.lab-science.eu\/wp-content\/uploads\/2021\/12\/formation-securite.jpg\" data-original=\"https:\/\/www.lab-science.eu\/wp-content\/uploads\/2021\/12\/formation-securite.jpg\" alt=\"formation securite\" width=\"424\" height=\"600\" srcset=\"https:\/\/www.lab-science.eu\/wp-content\/uploads\/2021\/12\/formation-securite-211x300.jpg 211w, https:\/\/www.lab-science.eu\/wp-content\/uploads\/2021\/12\/formation-securite-722x1024.jpg 722w\" sizes=\"auto, (max-width: 424px) 100vw, 424px\" \/><noscript><img loading=\"lazy\" decoding=\"async\" class=\"size-medium wp-image-4384 aligncenter portfolio-lazyLoad\" src=\"https:\/\/www.lab-science.eu\/wp-content\/uploads\/2021\/12\/formation-securite.jpg\" alt=\"formation securite\" width=\"424\" height=\"600\" srcset=\"https:\/\/www.lab-science.eu\/wp-content\/uploads\/2021\/12\/formation-securite-211x300.jpg 211w, https:\/\/www.lab-science.eu\/wp-content\/uploads\/2021\/12\/formation-securite-722x1024.jpg 722w\" sizes=\"auto, (max-width: 424px) 100vw, 424px\" \/><\/noscript><\/a><\/p>\n<h3 style=\"text-align: center; font-size: 20px; text-decoration: underline;\"><a href=\"https:\/\/www.lab-science.eu\/lab-science-academie\/formation-biosecurite\/\" target=\"_blank\" rel=\"noopener\">&gt; Formaci\u00f3n en bioseguridad<\/a><\/h3>\n<p><\/div>\n<div class=\"one_half rnr-column last\">\n<p><a href=\"https:\/\/www.lab-science.eu\/lab-science-academie\/formation-decontamination-non-dirigee-des-surfaces\/\" target=\"_blank\" rel=\"noopener\"><img loading=\"lazy\" decoding=\"async\" class=\"size-medium wp-image-4387 aligncenter portfolio-lazyLoad\" src=\"https:\/\/www.lab-science.eu\/wp-content\/uploads\/2021\/12\/formation-decontamination.jpg\" data-original=\"https:\/\/www.lab-science.eu\/wp-content\/uploads\/2021\/12\/formation-decontamination.jpg\" alt=\"formation decontamination\" width=\"424\" height=\"600\" srcset=\"https:\/\/www.lab-science.eu\/wp-content\/uploads\/2021\/12\/formation-decontamination-211x300.jpg 211w, https:\/\/www.lab-science.eu\/wp-content\/uploads\/2021\/12\/formation-decontamination-722x1024.jpg 722w\" sizes=\"auto, (max-width: 424px) 100vw, 424px\" \/><noscript><img loading=\"lazy\" decoding=\"async\" class=\"size-medium wp-image-4387 aligncenter portfolio-lazyLoad\" src=\"https:\/\/www.lab-science.eu\/wp-content\/uploads\/2021\/12\/formation-decontamination.jpg\" alt=\"formation decontamination\" width=\"424\" height=\"600\" srcset=\"https:\/\/www.lab-science.eu\/wp-content\/uploads\/2021\/12\/formation-decontamination-211x300.jpg 211w, https:\/\/www.lab-science.eu\/wp-content\/uploads\/2021\/12\/formation-decontamination-722x1024.jpg 722w\" sizes=\"auto, (max-width: 424px) 100vw, 424px\" \/><\/noscript><\/a><\/p>\n<h3 style=\"text-align: center; font-size: 20px; text-decoration: underline;\"><a href=\"https:\/\/www.lab-science.eu\/lab-science-academie\/formation-decontamination-non-dirigee-des-surfaces\/\" target=\"_blank\" rel=\"noopener\">&gt; Formaci\u00f3n en desinfecci\u00f3n de superficies no dirigida<\/a><\/h3>\n<p><\/div><div class=\"clear\"><\/div>\n<p>&nbsp;<\/p>\n<div class=\"fancy-header2\"><h4>Y tambi\u00e9n :<\/h4><h2 class=\"highlight\"><\/h2><\/div>\n<p style=\"text-align: center;\">Dise\u00f1o, construcci\u00f3n y mantenimiento de ZAC.<br \/>\nBuenas pr\u00e1cticas de uso de salas limpias.<br \/>\nBuenas pr\u00e1cticas de fabricaci\u00f3n (GMP).<br \/>\nBuenas pr\u00e1cticas de laboratorio.<\/p>\n<p>&nbsp;<\/p>\n<p style=\"text-align: center;\"><a class=\"header-text\" style=\"box-shadow: #6a0e41 0px 0px 0px 3px; font-size: 20px; font-style: normal; color: #ffffff; font-weight: normal; text-transform: uppercase; margin-bottom: 20px; line-height: 1; display: inline-block; padding: 10px; background: #6a0e41; text-align: center;\" href=\"https:\/\/www.lab-science.eu\/contact\/\" target=\"_blank\" rel=\"noopener\">M\u00c1S INFORMACI\u00d3N<\/a><\/p>\n<h3 style=\"text-align: center; color: #396ba1;\"><a style=\"color: #000000;\" href=\"https:\/\/www.lab-science.eu\/wp-content\/uploads\/2021\/12\/LBS_Academie_ReglementInterieur_v3.0_Signed_compressed.pdf\" target=\"_blank\" rel=\"noopener\">El reglamento interno de LAB&#8217;SCIENCE Academy est\u00e1 disponible aqu\u00ed<\/a><\/h3>\n<p>&nbsp;<\/p>\n<h2 style=\"text-align: center; color: #396ba1;\">Nuestro equipo de formadores<\/h2>\n<div class=\"one_half rnr-column\">\n<div data-effect=\"fadeInUp\" id=\"service-features-2126668297\" class=\"service-features animated rnr-animate\"><style type=\"text\/css\">#service-features-2126668297 .img-container { background : #848E98; } #service-features-2126668297 .img-container i{ color: ; } #service-features-2126668297 .img-container:after { border-color: #848E98; }<\/style><div class=\"img-container\"><img decoding=\"async\" src=\"https:\/\/www.lab-science.eu\/wp-content\/uploads\/2019\/09\/sebastien-alix-leguen.png\" data-original=\"https:\/\/www.lab-science.eu\/wp-content\/uploads\/2019\/09\/sebastien-alix-leguen.png\" alt=\"S\u00e9bastien Allix\"><noscript><img decoding=\"async\" src=\"https:\/\/www.lab-science.eu\/wp-content\/uploads\/2019\/09\/sebastien-alix-leguen.png\" alt=\"S\u00e9bastien Allix\"><\/noscript><\/div>  <h3>S\u00e9bastien Allix<\/h3>                <p>\u00a0<span class=\"highlight portfolio-lazyLoad\"><span style=\"color: #396ba1;\">Director cient\u00edfico de LAB&#8217;SCIENCE :<\/span><\/span>\n<p>Licenciado en microbiolog\u00eda m\u00e9dica y virolog\u00eda sistem\u00e1tica por el Instituto Pasteur de Par\u00eds y la Universidad de Par\u00eds Diderot, S\u00e9bastien Allix tiene 20 a\u00f1os de experiencia en bioseguridad y bioprotecci\u00f3n. Tras haber desempe\u00f1ado varios cargos en la Escuela Nacional Veterinaria de Alfort y en la Agencia Francesa de Seguridad Sanitaria de los Alimentos (AFSSA, que se convirti\u00f3 en ANSES en 2010), se incorpor\u00f3 a LAB&#8217;SCIENCE como director cient\u00edfico en 2019. S\u00e9bastien Allix es un experto de la OMS, la AIEA y la OIE.<\/p>\n<\/p><\/div>\n<\/div>\n<div class=\"one_half rnr-column last\">\n<div data-effect=\"fadeInUp\" id=\"service-features-1877000643\" class=\"service-features animated rnr-animate\"><style type=\"text\/css\">#service-features-1877000643 .img-container { background : #848E98; } #service-features-1877000643 .img-container i{ color: ; } #service-features-1877000643 .img-container:after { border-color: #848E98; }<\/style><div class=\"img-container\"><img decoding=\"async\" src=\"https:\/\/www.lab-science.eu\/wp-content\/uploads\/2021\/12\/arnaud.png\" data-original=\"https:\/\/www.lab-science.eu\/wp-content\/uploads\/2021\/12\/arnaud.png\" alt=\"Arnaud Orelle\"><noscript><img decoding=\"async\" src=\"https:\/\/www.lab-science.eu\/wp-content\/uploads\/2021\/12\/arnaud.png\" alt=\"Arnaud Orelle\"><\/noscript><\/div>  <h3>Arnaud Orelle<\/h3>                <p><span class=\"highlight portfolio-lazyLoad\"><span style=\"color: #396ba1;\">Asesor cient\u00edfico de LAB&#8217;SCIENCE :<\/span><\/span>\n<p>Arnaud Orelle, licenciado en Enfermedades Infecciosas por la Universidad Claude Bernard de Lyon, ha trabajado en los departamentos de investigaci\u00f3n de Sanofi-Pasteur en Francia y en la Unidad de Virolog\u00eda del Instituto Pasteur de Madagascar, y posteriormente en la Universidad de Hong Kong. En 2011, se incorpor\u00f3 a IQLS como experto internacional en laboratorio, calidad y bioseguridad, antes de realizar labores de consultor\u00eda en Sanofi Pasteur. Arnaud Orelle es el representante en Francia de la ASM (American Society for Microbiology) y es Young Ambassador to France (2019 \u2013 2021). Tambi\u00e9n es miembro del consejo asesor restringido del Young Leader Circle (YLC) de la ASM (2020-2023). Arnaud es un profesional certificado por la IFBA (International Federation of Biosafety Association).<\/p>\n<\/p><\/div>\n<\/div><div class=\"clear\"><\/div>\n<div class=\"full-width\" style=\"color: #333333;background: #f6f6f6;\">\n<p style=\"text-align: center;\">Nuestras formaciones son a medida para satisfacer sus necesidades de la mejor manera posible. Para m\u00e1s informaci\u00f3n :<\/p>\n<p style=\"text-align: center;\"><a class=\"header-text\" style=\"box-shadow: 10px 0px 0px 3px; font-size: 20px; font-style: normal; color: #ffffff; font-weight: normal; margin-bottom: 20px; line-height: 1; display: inline-block; padding: 10px; background: #396ba1; text-align: center;\" href=\"mailto:academie@lab-science.eu\" target=\"_blank\" rel=\"nofollow\">CONT\u00c1CTENOS EN academie@lab-science.eu<\/a><\/p>\n<p><\/div>\n<p><b>Menci\u00f3n con respecto a cualquier discapacidad:<\/b><i> puede tener la certeza de que haremos todo lo posible para responder a cualquier solicitud espec\u00edfica relacionada con una discapacidad. Le invitamos a ponerse en contacto con nosotros directamente para estudiar juntos las adaptaciones necesarias para que pueda seguir esta formaci\u00f3n.<\/i><\/p>\n","protected":false},"excerpt":{"rendered":"<p>&nbsp; &nbsp; Dise\u00f1o, construcci\u00f3n y mantenimiento de ZAC. Buenas pr\u00e1cticas de uso de salas limpias. Buenas pr\u00e1cticas de fabricaci\u00f3n (GMP). Buenas pr\u00e1cticas de laboratorio. &nbsp; M\u00c1S INFORMACI\u00d3N El reglamento interno de LAB&#8217;SCIENCE Academy est\u00e1 disponible aqu\u00ed &nbsp; Nuestro equipo de formadores Menci\u00f3n con respecto a cualquier discapacidad: puede tener la certeza de que haremos todo&hellip;<\/p>\n<p><a href=\"https:\/\/www.lab-science.eu\/es\/academia-labscience-2\/\" class=\"read-more-link\">Read More &rarr;<\/a><\/p>\n","protected":false},"author":11,"featured_media":0,"parent":0,"menu_order":0,"comment_status":"closed","ping_status":"closed","template":"","meta":{"footnotes":""},"class_list":["post-4075","page","type-page","status-publish","hentry"],"yoast_head":"<!-- This site is optimized with the Yoast SEO plugin v27.5 - https:\/\/yoast.com\/product\/yoast-seo-wordpress\/ -->\n<title>Formaci\u00f3n en bioseguridad y seguridad de Lab&#039;Science Academie<\/title>\n<meta name=\"description\" content=\"La academia Lab\u2019Science, su experto en formaci\u00f3n sobre seguridad biol\u00f3gica. Formaci\u00f3n a medida para garantizar las buenas pr\u00e1cticas de laboratorio.\" \/>\n<meta name=\"robots\" content=\"index, follow, max-snippet:-1, max-image-preview:large, max-video-preview:-1\" \/>\n<link rel=\"canonical\" href=\"https:\/\/www.lab-science.eu\/es\/academia-labscience-2\/\" \/>\n<meta property=\"og:locale\" content=\"es_ES\" \/>\n<meta property=\"og:type\" content=\"article\" \/>\n<meta property=\"og:title\" content=\"Formaci\u00f3n en bioseguridad y seguridad de Lab&#039;Science Academie\" \/>\n<meta property=\"og:description\" content=\"La academia Lab\u2019Science, su experto en formaci\u00f3n sobre seguridad biol\u00f3gica. Formaci\u00f3n a medida para garantizar las buenas pr\u00e1cticas de laboratorio.\" \/>\n<meta property=\"og:url\" content=\"https:\/\/www.lab-science.eu\/es\/academia-labscience-2\/\" \/>\n<meta property=\"og:site_name\" content=\"Lab Science - Conception et Fabrication de salles blanches modulaire\" \/>\n<meta property=\"article:modified_time\" content=\"2023-01-24T10:41:02+00:00\" \/>\n<meta property=\"og:image\" content=\"https:\/\/www.lab-science.eu\/wp-content\/uploads\/2021\/12\/Logo-labscience-academie-365x365-1.png\" \/>\n<meta name=\"twitter:card\" content=\"summary_large_image\" \/>\n<meta name=\"twitter:label1\" content=\"Tiempo de lectura\" \/>\n\t<meta name=\"twitter:data1\" content=\"4 minutos\" \/>\n<script type=\"application\/ld+json\" class=\"yoast-schema-graph\">{\"@context\":\"https:\\\/\\\/schema.org\",\"@graph\":[{\"@type\":\"WebPage\",\"@id\":\"https:\\\/\\\/www.lab-science.eu\\\/es\\\/academia-labscience-2\\\/\",\"url\":\"https:\\\/\\\/www.lab-science.eu\\\/es\\\/academia-labscience-2\\\/\",\"name\":\"Formaci\u00f3n en bioseguridad y seguridad de Lab'Science Academie\",\"isPartOf\":{\"@id\":\"https:\\\/\\\/www.lab-science.eu\\\/#website\"},\"primaryImageOfPage\":{\"@id\":\"https:\\\/\\\/www.lab-science.eu\\\/es\\\/academia-labscience-2\\\/#primaryimage\"},\"image\":{\"@id\":\"https:\\\/\\\/www.lab-science.eu\\\/es\\\/academia-labscience-2\\\/#primaryimage\"},\"thumbnailUrl\":\"https:\\\/\\\/www.lab-science.eu\\\/wp-content\\\/uploads\\\/2021\\\/12\\\/Logo-labscience-academie-365x365-1.png\",\"datePublished\":\"2021-04-12T12:57:06+00:00\",\"dateModified\":\"2023-01-24T10:41:02+00:00\",\"description\":\"La academia Lab\u2019Science, su experto en formaci\u00f3n sobre seguridad biol\u00f3gica. Formaci\u00f3n a medida para garantizar las buenas pr\u00e1cticas de laboratorio.\",\"breadcrumb\":{\"@id\":\"https:\\\/\\\/www.lab-science.eu\\\/es\\\/academia-labscience-2\\\/#breadcrumb\"},\"inLanguage\":\"es\",\"potentialAction\":[{\"@type\":\"ReadAction\",\"target\":[\"https:\\\/\\\/www.lab-science.eu\\\/es\\\/academia-labscience-2\\\/\"]}]},{\"@type\":\"ImageObject\",\"inLanguage\":\"es\",\"@id\":\"https:\\\/\\\/www.lab-science.eu\\\/es\\\/academia-labscience-2\\\/#primaryimage\",\"url\":\"https:\\\/\\\/www.lab-science.eu\\\/wp-content\\\/uploads\\\/2021\\\/12\\\/Logo-labscience-academie-365x365-1.png\",\"contentUrl\":\"https:\\\/\\\/www.lab-science.eu\\\/wp-content\\\/uploads\\\/2021\\\/12\\\/Logo-labscience-academie-365x365-1.png\"},{\"@type\":\"BreadcrumbList\",\"@id\":\"https:\\\/\\\/www.lab-science.eu\\\/es\\\/academia-labscience-2\\\/#breadcrumb\",\"itemListElement\":[{\"@type\":\"ListItem\",\"position\":1,\"name\":\"Accueil\",\"item\":\"https:\\\/\\\/www.lab-science.eu\\\/es\\\/\"},{\"@type\":\"ListItem\",\"position\":2,\"name\":\"ACADEMIA LAB\u2019SCIENCE\"}]},{\"@type\":\"WebSite\",\"@id\":\"https:\\\/\\\/www.lab-science.eu\\\/#website\",\"url\":\"https:\\\/\\\/www.lab-science.eu\\\/\",\"name\":\"Lab Science - Conception et Fabrication de salles blanches modulaire\",\"description\":\"\",\"potentialAction\":[{\"@type\":\"SearchAction\",\"target\":{\"@type\":\"EntryPoint\",\"urlTemplate\":\"https:\\\/\\\/www.lab-science.eu\\\/?s={search_term_string}\"},\"query-input\":{\"@type\":\"PropertyValueSpecification\",\"valueRequired\":true,\"valueName\":\"search_term_string\"}}],\"inLanguage\":\"es\"}]}<\/script>\n<!-- \/ Yoast SEO plugin. -->","yoast_head_json":{"title":"Formaci\u00f3n en bioseguridad y seguridad de Lab'Science Academie","description":"La academia Lab\u2019Science, su experto en formaci\u00f3n sobre seguridad biol\u00f3gica. Formaci\u00f3n a medida para garantizar las buenas pr\u00e1cticas de laboratorio.","robots":{"index":"index","follow":"follow","max-snippet":"max-snippet:-1","max-image-preview":"max-image-preview:large","max-video-preview":"max-video-preview:-1"},"canonical":"https:\/\/www.lab-science.eu\/es\/academia-labscience-2\/","og_locale":"es_ES","og_type":"article","og_title":"Formaci\u00f3n en bioseguridad y seguridad de Lab'Science Academie","og_description":"La academia Lab\u2019Science, su experto en formaci\u00f3n sobre seguridad biol\u00f3gica. Formaci\u00f3n a medida para garantizar las buenas pr\u00e1cticas de laboratorio.","og_url":"https:\/\/www.lab-science.eu\/es\/academia-labscience-2\/","og_site_name":"Lab Science - Conception et Fabrication de salles blanches modulaire","article_modified_time":"2023-01-24T10:41:02+00:00","og_image":[{"url":"https:\/\/www.lab-science.eu\/wp-content\/uploads\/2021\/12\/Logo-labscience-academie-365x365-1.png","type":"","width":"","height":""}],"twitter_card":"summary_large_image","twitter_misc":{"Tiempo de lectura":"4 minutos"},"schema":{"@context":"https:\/\/schema.org","@graph":[{"@type":"WebPage","@id":"https:\/\/www.lab-science.eu\/es\/academia-labscience-2\/","url":"https:\/\/www.lab-science.eu\/es\/academia-labscience-2\/","name":"Formaci\u00f3n en bioseguridad y seguridad de Lab'Science Academie","isPartOf":{"@id":"https:\/\/www.lab-science.eu\/#website"},"primaryImageOfPage":{"@id":"https:\/\/www.lab-science.eu\/es\/academia-labscience-2\/#primaryimage"},"image":{"@id":"https:\/\/www.lab-science.eu\/es\/academia-labscience-2\/#primaryimage"},"thumbnailUrl":"https:\/\/www.lab-science.eu\/wp-content\/uploads\/2021\/12\/Logo-labscience-academie-365x365-1.png","datePublished":"2021-04-12T12:57:06+00:00","dateModified":"2023-01-24T10:41:02+00:00","description":"La academia Lab\u2019Science, su experto en formaci\u00f3n sobre seguridad biol\u00f3gica. Formaci\u00f3n a medida para garantizar las buenas pr\u00e1cticas de laboratorio.","breadcrumb":{"@id":"https:\/\/www.lab-science.eu\/es\/academia-labscience-2\/#breadcrumb"},"inLanguage":"es","potentialAction":[{"@type":"ReadAction","target":["https:\/\/www.lab-science.eu\/es\/academia-labscience-2\/"]}]},{"@type":"ImageObject","inLanguage":"es","@id":"https:\/\/www.lab-science.eu\/es\/academia-labscience-2\/#primaryimage","url":"https:\/\/www.lab-science.eu\/wp-content\/uploads\/2021\/12\/Logo-labscience-academie-365x365-1.png","contentUrl":"https:\/\/www.lab-science.eu\/wp-content\/uploads\/2021\/12\/Logo-labscience-academie-365x365-1.png"},{"@type":"BreadcrumbList","@id":"https:\/\/www.lab-science.eu\/es\/academia-labscience-2\/#breadcrumb","itemListElement":[{"@type":"ListItem","position":1,"name":"Accueil","item":"https:\/\/www.lab-science.eu\/es\/"},{"@type":"ListItem","position":2,"name":"ACADEMIA LAB\u2019SCIENCE"}]},{"@type":"WebSite","@id":"https:\/\/www.lab-science.eu\/#website","url":"https:\/\/www.lab-science.eu\/","name":"Lab Science - Conception et Fabrication de salles blanches modulaire","description":"","potentialAction":[{"@type":"SearchAction","target":{"@type":"EntryPoint","urlTemplate":"https:\/\/www.lab-science.eu\/?s={search_term_string}"},"query-input":{"@type":"PropertyValueSpecification","valueRequired":true,"valueName":"search_term_string"}}],"inLanguage":"es"}]}},"_links":{"self":[{"href":"https:\/\/www.lab-science.eu\/es\/wp-json\/wp\/v2\/pages\/4075","targetHints":{"allow":["GET"]}}],"collection":[{"href":"https:\/\/www.lab-science.eu\/es\/wp-json\/wp\/v2\/pages"}],"about":[{"href":"https:\/\/www.lab-science.eu\/es\/wp-json\/wp\/v2\/types\/page"}],"author":[{"embeddable":true,"href":"https:\/\/www.lab-science.eu\/es\/wp-json\/wp\/v2\/users\/11"}],"replies":[{"embeddable":true,"href":"https:\/\/www.lab-science.eu\/es\/wp-json\/wp\/v2\/comments?post=4075"}],"version-history":[{"count":0,"href":"https:\/\/www.lab-science.eu\/es\/wp-json\/wp\/v2\/pages\/4075\/revisions"}],"wp:attachment":[{"href":"https:\/\/www.lab-science.eu\/es\/wp-json\/wp\/v2\/media?parent=4075"}],"curies":[{"name":"wp","href":"https:\/\/api.w.org\/{rel}","templated":true}]}}