{"id":4078,"date":"2021-04-12T15:01:19","date_gmt":"2021-04-12T13:01:19","guid":{"rendered":"https:\/\/www.lab-science.eu\/empleo\/"},"modified":"2023-01-20T15:46:55","modified_gmt":"2023-01-20T14:46:55","slug":"empleo","status":"publish","type":"page","link":"https:\/\/www.lab-science.eu\/es\/empleo\/","title":{"rendered":"EMPLEO"},"content":{"rendered":"<p><img loading=\"lazy\" decoding=\"async\" class=\"alignnone size-medium wp-image-3408 portfolio-lazyLoad\" title=\"TRABAJA CON NOSOSTROS\" src=\"https:\/\/www.lab-science.eu\/wp-content\/uploads\/2020\/08\/banner-lab-science-join-our-team-min.jpg\" data-original=\"https:\/\/www.lab-science.eu\/wp-content\/uploads\/2020\/08\/banner-lab-science-join-our-team-min.jpg\" alt=\"TRABAJA CON NOSOSTROS\" width=\"1182\" height=\"516\" \/><noscript><img loading=\"lazy\" decoding=\"async\" class=\"alignnone size-medium wp-image-3408 portfolio-lazyLoad\" title=\"TRABAJA CON NOSOSTROS\" src=\"https:\/\/www.lab-science.eu\/wp-content\/uploads\/2020\/08\/banner-lab-science-join-our-team-min.jpg\" alt=\"TRABAJA CON NOSOSTROS\" width=\"1182\" height=\"516\" \/><\/noscript><\/p>\n<p style=\"text-align: justify;\">LAB&#8217;SCIENCE est\u00e1 convencido que la diversidad y la igualdad profesional entre mujeres y hombres son factores esenciales para el progreso social y desempe\u00f1o duradero.<\/p>\n<p style=\"text-align: justify;\">Adem\u00e1s, si la igualdad de salario entre mujeres y hombres constituye uno de los fundamentos de la igualdad profesional, otros retos, tan fuertes, son importantes para los miembros del grupo LAB&#8217;SCIENCE : diversidad de los oficios, los puestos claves y el liderazgo, flexibilidad y equilibrio familiar y profesional, evoluci\u00f3n de las mentalidades, con la lucha contra los estereotipos de g\u00e9nero, contra los actos sexistas, las discriminaciones y las violencias.<\/p>\n<p style=\"text-align: justify;\">La inserci\u00f3n de los j\u00f3venes, demandantes de empleo y trabajadores en situaci\u00f3n de h\u00e1ndicap es una de nuestras palabras claves para erradicar la exclusi\u00f3n social. Las mujeres son generalmente bien representadas en la empresa, en puestos de alta responsabilidad y no tienen diferencias de salario, a puesto equivalente, que los hombres.<\/p>\n<p style=\"text-align: justify;\">Todas estas acciones a favor de la Diversidad resultan de la voluntad de las mujeres y hombres de la empresa de avanzar juntos en el respeto de los valores comunes que forman la identidad del grupo LAB&#8217;SCIENCE ; descubre <a href=\"https:\/\/www.lab-science.eu\/wp-content\/uploads\/2020\/07\/Charte-D%C3%A9ontologie-LabScience.pdf\" target=\"_blank\" rel=\"noopener noreferrer nofollow\">nuestros valores:<\/a><\/p>\n<div style=\"text-align: center; padding: 30px;\"><a data-effect=\"fadeInUp\"  href=\"https:\/\/www.lab-science.eu\/wp-content\/uploads\/2020\/07\/Charte-D%C3%A9ontologie-LabScience.pdf\" target=\"_blank or _self\" class=\"button rnr-animate animated \"  style=\"background-color:change background color for button with hex codes, #ffd600; color:change the text color of your button by adding hexcodes, #000000 !important;\" >DESCUBRE NUESTROS VALORES<\/a><\/div>\n<div><\/div>\n<div class=\"one_half rnr-column\">\n<p><img loading=\"lazy\" decoding=\"async\" class=\"alignnone wp-image-3410 portfolio-lazyLoad\" title=\"Empleo\" src=\"https:\/\/www.lab-science.eu\/wp-content\/uploads\/2020\/08\/recrutement-violet-min.jpg\" data-original=\"https:\/\/www.lab-science.eu\/wp-content\/uploads\/2020\/08\/recrutement-violet-min.jpg\" alt=\"Empleo\" width=\"769\" height=\"546\" \/><noscript><img loading=\"lazy\" decoding=\"async\" class=\"alignnone wp-image-3410 portfolio-lazyLoad\" title=\"Empleo\" src=\"https:\/\/www.lab-science.eu\/wp-content\/uploads\/2020\/08\/recrutement-violet-min.jpg\" alt=\"Empleo\" width=\"769\" height=\"546\" \/><\/noscript><\/p>\n<p><\/div>\n<div class=\"one_half rnr-column last\">\n<p style=\"text-align: justify;\"><span style=\"font-weight: 400;\">En una l\u00f3gica de mejora continua, hemos creado nuestro propio servicio de formaci\u00f3n interna @Academia LAB&#8217;SCIENCE.<\/span><\/p>\n<p><span style=\"font-weight: 400;\">Nuestros objetivos :<\/span><\/p>\n<p style=\"padding-left: 40px;\"><ul class=\"styled-list\">\n<span style=\"font-weight: 400;\"><li><i class=\"fa fa-check\" style=\"color:#6a0e41 !important;\"><\/i>Capitalizar en el saber-hacer del grupo LAB&#8217;SCIENCE ;<\/li><\/span><br \/>\n<span style=\"font-weight: 400;\"><li><i class=\"fa fa-check\" style=\"color:#6a0e41 !important;\"><\/i>Valorizar los expertos internos ;<\/li><\/span><br \/>\n<span style=\"font-weight: 400;\"><li><i class=\"fa fa-check\" style=\"color:#6a0e41 !important;\"><\/i>Transmitir la cultura de grupo ;<\/li><\/span><br \/>\n<span style=\"font-weight: 400;\"><li><i class=\"fa fa-check\" style=\"color:#6a0e41 !important;\"><\/i>Acelerar la integraci\u00f3n de reci\u00e9n llegados y garantizar el \u00e9xito de las contrataciones\/movilidades ;<\/li><\/span><br \/>\n<span style=\"font-weight: 400;\"><li><i class=\"fa fa-check\" style=\"color:#6a0e41 !important;\"><\/i>Implicar los jefes en el desarrollo de competencias de sus equipos.<\/li><\/span><br \/>\n<\/ul>\n<p><span style=\"font-weight: 400;\">Damos mucha importancia al buen equilibrio entre la vida privada y la vida profesional de nuestros colaboradores. La empresa se adapta todo lo que puede a los deseos de tiempo parcial, horarios adaptados\u2026etc.<\/span><\/p>\n<p><span style=\"font-weight: 400;\">Estamos buscando actualmente candidatos para algunos puestos definidos, pero no duda en enviarnos su candidatura espontanea para cualquier otro puesto.<\/span><\/p>\n<p><span style=\"font-weight: 400;\">Propone su candidatura a: <\/span><a href=\"mailto:rhcontact@lab-science.eu\" target=\"_blank\" rel=\"nofollow\"><span style=\"font-weight: 400;\">rhcontact@lab-science.eu<\/span><\/a><\/p>\n<p>&nbsp;<\/p>\n<a data-effect=\"fadeInUp\"  href=\"mailto:rhcontact@lab-science.eu\" target=\"_blank or _self\" class=\"button rnr-animate animated \"  style=\"background-color:change background color for button with hex codes, #ffd600; color:change the text color of your button by adding hexcodes, #000000 !important;\" >PROPONE SU CANDIDATURA<\/a>\n<p><\/div><div class=\"clear\"><\/div>\n","protected":false},"excerpt":{"rendered":"<p>LAB&#8217;SCIENCE est\u00e1 convencido que la diversidad y la igualdad profesional entre mujeres y hombres son factores esenciales para el progreso social y desempe\u00f1o duradero. Adem\u00e1s, si la igualdad de salario entre mujeres y hombres constituye uno de los fundamentos de la igualdad profesional, otros retos, tan fuertes, son importantes para los miembros del grupo LAB&#8217;SCIENCE&hellip;<\/p>\n<p><a href=\"https:\/\/www.lab-science.eu\/es\/empleo\/\" class=\"read-more-link\">Read More &rarr;<\/a><\/p>\n","protected":false},"author":1,"featured_media":4079,"parent":0,"menu_order":0,"comment_status":"closed","ping_status":"closed","template":"","meta":{"footnotes":""},"class_list":["post-4078","page","type-page","status-publish","has-post-thumbnail","hentry"],"yoast_head":"<!-- This site is optimized with the Yoast SEO plugin v27.3 - https:\/\/yoast.com\/product\/yoast-seo-wordpress\/ -->\n<title>Empleo y- pol\u00edtica de RRHH en Lab&#039;Science<\/title>\n<meta name=\"description\" content=\"\u00bfEst\u00e1 interesado en unirse a Lab&#039;Science? Conozca nuestra pol\u00edtica de RRHH o presente su candidatura de forma espont\u00e1nea.\" \/>\n<meta name=\"robots\" content=\"index, follow, max-snippet:-1, max-image-preview:large, max-video-preview:-1\" \/>\n<link rel=\"canonical\" href=\"https:\/\/www.lab-science.eu\/es\/empleo\/\" \/>\n<meta property=\"og:locale\" content=\"es_ES\" \/>\n<meta property=\"og:type\" content=\"article\" \/>\n<meta property=\"og:title\" content=\"Empleo y- pol\u00edtica de RRHH en Lab&#039;Science\" \/>\n<meta property=\"og:description\" content=\"\u00bfEst\u00e1 interesado en unirse a Lab&#039;Science? Conozca nuestra pol\u00edtica de RRHH o presente su candidatura de forma espont\u00e1nea.\" \/>\n<meta property=\"og:url\" content=\"https:\/\/www.lab-science.eu\/es\/empleo\/\" \/>\n<meta property=\"og:site_name\" content=\"Lab Science - Conception et Fabrication de salles blanches modulaire\" \/>\n<meta property=\"article:modified_time\" content=\"2023-01-20T14:46:55+00:00\" \/>\n<meta property=\"og:image\" content=\"https:\/\/www.lab-science.eu\/wp-content\/uploads\/2020\/08\/banner-lab-science-join-our-team-min-scaled.jpg\" \/>\n\t<meta property=\"og:image:width\" content=\"2560\" \/>\n\t<meta property=\"og:image:height\" content=\"910\" \/>\n\t<meta property=\"og:image:type\" content=\"image\/jpeg\" \/>\n<meta name=\"twitter:card\" content=\"summary_large_image\" \/>\n<meta name=\"twitter:label1\" content=\"Tiempo de lectura\" \/>\n\t<meta name=\"twitter:data1\" content=\"3 minutos\" \/>\n<script type=\"application\/ld+json\" class=\"yoast-schema-graph\">{\"@context\":\"https:\\\/\\\/schema.org\",\"@graph\":[{\"@type\":\"WebPage\",\"@id\":\"https:\\\/\\\/www.lab-science.eu\\\/es\\\/empleo\\\/\",\"url\":\"https:\\\/\\\/www.lab-science.eu\\\/es\\\/empleo\\\/\",\"name\":\"Empleo y- pol\u00edtica de RRHH en Lab'Science\",\"isPartOf\":{\"@id\":\"https:\\\/\\\/www.lab-science.eu\\\/#website\"},\"primaryImageOfPage\":{\"@id\":\"https:\\\/\\\/www.lab-science.eu\\\/es\\\/empleo\\\/#primaryimage\"},\"image\":{\"@id\":\"https:\\\/\\\/www.lab-science.eu\\\/es\\\/empleo\\\/#primaryimage\"},\"thumbnailUrl\":\"https:\\\/\\\/www.lab-science.eu\\\/wp-content\\\/uploads\\\/2020\\\/08\\\/banner-lab-science-join-our-team-min-scaled.jpg\",\"datePublished\":\"2021-04-12T13:01:19+00:00\",\"dateModified\":\"2023-01-20T14:46:55+00:00\",\"description\":\"\u00bfEst\u00e1 interesado en unirse a Lab'Science? Conozca nuestra pol\u00edtica de RRHH o presente su candidatura de forma espont\u00e1nea.\",\"breadcrumb\":{\"@id\":\"https:\\\/\\\/www.lab-science.eu\\\/es\\\/empleo\\\/#breadcrumb\"},\"inLanguage\":\"es\",\"potentialAction\":[{\"@type\":\"ReadAction\",\"target\":[\"https:\\\/\\\/www.lab-science.eu\\\/es\\\/empleo\\\/\"]}]},{\"@type\":\"ImageObject\",\"inLanguage\":\"es\",\"@id\":\"https:\\\/\\\/www.lab-science.eu\\\/es\\\/empleo\\\/#primaryimage\",\"url\":\"https:\\\/\\\/www.lab-science.eu\\\/wp-content\\\/uploads\\\/2020\\\/08\\\/banner-lab-science-join-our-team-min-scaled.jpg\",\"contentUrl\":\"https:\\\/\\\/www.lab-science.eu\\\/wp-content\\\/uploads\\\/2020\\\/08\\\/banner-lab-science-join-our-team-min-scaled.jpg\",\"width\":2560,\"height\":910},{\"@type\":\"BreadcrumbList\",\"@id\":\"https:\\\/\\\/www.lab-science.eu\\\/es\\\/empleo\\\/#breadcrumb\",\"itemListElement\":[{\"@type\":\"ListItem\",\"position\":1,\"name\":\"Accueil\",\"item\":\"https:\\\/\\\/www.lab-science.eu\\\/es\\\/\"},{\"@type\":\"ListItem\",\"position\":2,\"name\":\"EMPLEO\"}]},{\"@type\":\"WebSite\",\"@id\":\"https:\\\/\\\/www.lab-science.eu\\\/#website\",\"url\":\"https:\\\/\\\/www.lab-science.eu\\\/\",\"name\":\"Lab Science - Conception et Fabrication de salles blanches modulaire\",\"description\":\"\",\"potentialAction\":[{\"@type\":\"SearchAction\",\"target\":{\"@type\":\"EntryPoint\",\"urlTemplate\":\"https:\\\/\\\/www.lab-science.eu\\\/?s={search_term_string}\"},\"query-input\":{\"@type\":\"PropertyValueSpecification\",\"valueRequired\":true,\"valueName\":\"search_term_string\"}}],\"inLanguage\":\"es\"}]}<\/script>\n<!-- \/ Yoast SEO plugin. -->","yoast_head_json":{"title":"Empleo y- pol\u00edtica de RRHH en Lab'Science","description":"\u00bfEst\u00e1 interesado en unirse a Lab'Science? Conozca nuestra pol\u00edtica de RRHH o presente su candidatura de forma espont\u00e1nea.","robots":{"index":"index","follow":"follow","max-snippet":"max-snippet:-1","max-image-preview":"max-image-preview:large","max-video-preview":"max-video-preview:-1"},"canonical":"https:\/\/www.lab-science.eu\/es\/empleo\/","og_locale":"es_ES","og_type":"article","og_title":"Empleo y- pol\u00edtica de RRHH en Lab'Science","og_description":"\u00bfEst\u00e1 interesado en unirse a Lab'Science? Conozca nuestra pol\u00edtica de RRHH o presente su candidatura de forma espont\u00e1nea.","og_url":"https:\/\/www.lab-science.eu\/es\/empleo\/","og_site_name":"Lab Science - Conception et Fabrication de salles blanches modulaire","article_modified_time":"2023-01-20T14:46:55+00:00","og_image":[{"width":2560,"height":910,"url":"https:\/\/www.lab-science.eu\/wp-content\/uploads\/2020\/08\/banner-lab-science-join-our-team-min-scaled.jpg","type":"image\/jpeg"}],"twitter_card":"summary_large_image","twitter_misc":{"Tiempo de lectura":"3 minutos"},"schema":{"@context":"https:\/\/schema.org","@graph":[{"@type":"WebPage","@id":"https:\/\/www.lab-science.eu\/es\/empleo\/","url":"https:\/\/www.lab-science.eu\/es\/empleo\/","name":"Empleo y- pol\u00edtica de RRHH en Lab'Science","isPartOf":{"@id":"https:\/\/www.lab-science.eu\/#website"},"primaryImageOfPage":{"@id":"https:\/\/www.lab-science.eu\/es\/empleo\/#primaryimage"},"image":{"@id":"https:\/\/www.lab-science.eu\/es\/empleo\/#primaryimage"},"thumbnailUrl":"https:\/\/www.lab-science.eu\/wp-content\/uploads\/2020\/08\/banner-lab-science-join-our-team-min-scaled.jpg","datePublished":"2021-04-12T13:01:19+00:00","dateModified":"2023-01-20T14:46:55+00:00","description":"\u00bfEst\u00e1 interesado en unirse a Lab'Science? Conozca nuestra pol\u00edtica de RRHH o presente su candidatura de forma espont\u00e1nea.","breadcrumb":{"@id":"https:\/\/www.lab-science.eu\/es\/empleo\/#breadcrumb"},"inLanguage":"es","potentialAction":[{"@type":"ReadAction","target":["https:\/\/www.lab-science.eu\/es\/empleo\/"]}]},{"@type":"ImageObject","inLanguage":"es","@id":"https:\/\/www.lab-science.eu\/es\/empleo\/#primaryimage","url":"https:\/\/www.lab-science.eu\/wp-content\/uploads\/2020\/08\/banner-lab-science-join-our-team-min-scaled.jpg","contentUrl":"https:\/\/www.lab-science.eu\/wp-content\/uploads\/2020\/08\/banner-lab-science-join-our-team-min-scaled.jpg","width":2560,"height":910},{"@type":"BreadcrumbList","@id":"https:\/\/www.lab-science.eu\/es\/empleo\/#breadcrumb","itemListElement":[{"@type":"ListItem","position":1,"name":"Accueil","item":"https:\/\/www.lab-science.eu\/es\/"},{"@type":"ListItem","position":2,"name":"EMPLEO"}]},{"@type":"WebSite","@id":"https:\/\/www.lab-science.eu\/#website","url":"https:\/\/www.lab-science.eu\/","name":"Lab Science - Conception et Fabrication de salles blanches modulaire","description":"","potentialAction":[{"@type":"SearchAction","target":{"@type":"EntryPoint","urlTemplate":"https:\/\/www.lab-science.eu\/?s={search_term_string}"},"query-input":{"@type":"PropertyValueSpecification","valueRequired":true,"valueName":"search_term_string"}}],"inLanguage":"es"}]}},"_links":{"self":[{"href":"https:\/\/www.lab-science.eu\/es\/wp-json\/wp\/v2\/pages\/4078","targetHints":{"allow":["GET"]}}],"collection":[{"href":"https:\/\/www.lab-science.eu\/es\/wp-json\/wp\/v2\/pages"}],"about":[{"href":"https:\/\/www.lab-science.eu\/es\/wp-json\/wp\/v2\/types\/page"}],"author":[{"embeddable":true,"href":"https:\/\/www.lab-science.eu\/es\/wp-json\/wp\/v2\/users\/1"}],"replies":[{"embeddable":true,"href":"https:\/\/www.lab-science.eu\/es\/wp-json\/wp\/v2\/comments?post=4078"}],"version-history":[{"count":0,"href":"https:\/\/www.lab-science.eu\/es\/wp-json\/wp\/v2\/pages\/4078\/revisions"}],"wp:featuredmedia":[{"embeddable":true,"href":"https:\/\/www.lab-science.eu\/es\/wp-json\/wp\/v2\/media\/4079"}],"wp:attachment":[{"href":"https:\/\/www.lab-science.eu\/es\/wp-json\/wp\/v2\/media?parent=4078"}],"curies":[{"name":"wp","href":"https:\/\/api.w.org\/{rel}","templated":true}]}}