{"id":4105,"date":"2021-04-20T16:58:48","date_gmt":"2021-04-20T14:58:48","guid":{"rendered":"https:\/\/www.lab-science.eu\/climascience\/"},"modified":"2023-01-20T15:49:40","modified_gmt":"2023-01-20T14:49:40","slug":"climascience","status":"publish","type":"page","link":"https:\/\/www.lab-science.eu\/es\/los-miembros-de-la-red-labscience-2\/climascience\/","title":{"rendered":"Climascience"},"content":{"rendered":"<div class=\"title\">\n<h1 class=\"header-text\">Climascience<br \/>\n<span style=\"font-size: 50%;\"> ESPECIALISTA DEL TRATAMIENTO DEL AIRE<\/span><\/h1>\n<div class=\"full-width\" style=\"color: #333333;background: #FAFAFA;\"><div class=\"one_half rnr-column\">\n<p><img loading=\"lazy\" decoding=\"async\" class=\"aligncenter size-full wp-image-2694 portfolio-lazyLoad\" src=\"https:\/\/www.lab-science.eu\/wp-content\/uploads\/2018\/05\/climascience_400.png\" data-original=\"https:\/\/www.lab-science.eu\/wp-content\/uploads\/2018\/05\/climascience_400.png\" alt=\"\" width=\"400\" height=\"177\" srcset=\"https:\/\/www.lab-science.eu\/wp-content\/uploads\/2018\/05\/climascience_400.png 400w, https:\/\/www.lab-science.eu\/wp-content\/uploads\/2018\/05\/climascience_400-300x133.png 300w, https:\/\/www.lab-science.eu\/wp-content\/uploads\/2018\/05\/climascience_400-270x120.png 270w\" sizes=\"auto, (max-width: 400px) 100vw, 400px\" \/><noscript><img loading=\"lazy\" decoding=\"async\" class=\"aligncenter size-full wp-image-2694 portfolio-lazyLoad\" src=\"https:\/\/www.lab-science.eu\/wp-content\/uploads\/2018\/05\/climascience_400.png\" alt=\"\" width=\"400\" height=\"177\" srcset=\"https:\/\/www.lab-science.eu\/wp-content\/uploads\/2018\/05\/climascience_400.png 400w, https:\/\/www.lab-science.eu\/wp-content\/uploads\/2018\/05\/climascience_400-300x133.png 300w, https:\/\/www.lab-science.eu\/wp-content\/uploads\/2018\/05\/climascience_400-270x120.png 270w\" sizes=\"auto, (max-width: 400px) 100vw, 400px\" \/><\/noscript><br \/>\n<\/div>\n<div class=\"one_half rnr-column last\">\nClimascience est\u00e1 especializado desde 1987 en el acondicionamiento y tratamiento del aire de alta tecnicidad.<\/p>\n<p>Es el socio privilegiado de los actores de la investigaci\u00f3n cient\u00edfica, de la salud, de la farmac\u00e9utica e industria punta (microelectr\u00f3nica, aeron\u00e1utica, espacial) e interviene tambi\u00e9n en todas las \u00e1reas donde el control de las condiciones de ambiente es necesaria (ultra-limpieza, metrolog\u00eda,\u2026.).<\/p>\n<p>Como instalador industrial, Climascience tiene un enfoque llave en mano de la gesti\u00f3n de proyectos complejos de instalaci\u00f3n de tratamiento del aire y le acompa\u00f1a desde el dise\u00f1o hasta la realizaci\u00f3n y el mantenimiento de su entorno controlado.<\/p>\n<\/div><div class=\"clear\"><\/div>\n<\/div>\n<p>&nbsp;<\/p>\n<h2>AREAS DE ACTIVIDAD DE CLIMASCIENCE :<\/h2>\n<ul class=\"styled-list\">\n<li><i class=\"fa fa-check\" style=\"color:#6a0e41 !important;\"><\/i><strong>Asistencia al promotor ;<\/strong><\/li>\n<li><i class=\"fa fa-check\" style=\"color:#6a0e41 !important;\"><\/i><strong>Auditor\u00eda y especializaci\u00f3n aer\u00f3licas ;<\/strong><\/li>\n<li><i class=\"fa fa-check\" style=\"color:#6a0e41 !important;\"><\/i><strong>Obras nuevas ;<\/strong><\/li>\n<li><i class=\"fa fa-check\" style=\"color:#6a0e41 !important;\"><\/i><strong>Ultra-limpieza y Bio-descontaminaci\u00f3n ;<\/strong><\/li>\n<li><i class=\"fa fa-check\" style=\"color:#6a0e41 !important;\"><\/i><strong>Desarrollo ;<\/strong><\/li>\n<li><i class=\"fa fa-check\" style=\"color:#6a0e41 !important;\"><\/i><strong>Mantenimiento de instalaci\u00f3n HVAC.<\/strong><\/li>\n<\/ul>\n<p>&nbsp;<\/p>\n<h2>DISE\u00d1O Y DESARROLLO DE ENTORNOS CONTROLADOS<\/h2>\n<p>Climascience pone a su servicio m\u00e1s de 30 a\u00f1os de experiencia en la gesti\u00f3n de proyecto complejo y de alta tecnicidad ligados al tratamiento de aire, con la realizaci\u00f3n de laboratorios de seguridad biol\u00f3gica (BLS2 a BLS4), de salas blancas ISO 4 a ISO 8, de laboratorios de qu\u00edmica y metrolog\u00eda, de centrales de tratamiento de aire\u2026 (fluidos HVAC, filtros HEPA y filtros ULPA\u2026).<\/p>\n<h3>EXPERTO EN TRATAMIENTO DE AIRE<\/h3>\n<p>Miembro de l\u2019ASPEC (Asociaci\u00f3n para la Prevenci\u00f3n y el Estudio de la Contaminaci\u00f3n), Climascience dispone de las calificaciones las m\u00e1s elevadas en climatizaci\u00f3n y fluidos especiales (QUALIBAT 5414 y 5114) as\u00ed como de las autorizaciones y habilitaciones exigidas para la manipulaci\u00f3n de fluidos refrigerantes (QUALICLIMAFROID).<\/p>\n<h3>EL MANTENIMIENTO DE SUS INSTALACIONES<\/h3>\n<p>Climascience ha desarrollado a lo largo de estos a\u00f1os y proyectos, un saber-hacer y una experiencia solida en mantenimiento preventivo y MCO (Mantenimiento en Condiciones Operacional) y acompa\u00f1a sus clientes m\u00e1s all\u00e1 de la puesta en marcha de sus instalaciones, en particular los que est\u00e1n expuestos a riesgos sanitarios en caso de aver\u00eda de las instalaciones.<\/p>\n<p><strong>Sitio web:<\/strong> <a href=\"http:\/\/www.climascience.com\/\" target=\"_blank\" rel=\"nofollow\">www.climascience.com<\/a><\/p>\n<p>&nbsp;<\/p>\n<div class=\"title\">\n<h2 style=\"text-align: center;\">\u00bfQuiere confiarnos su proyecto?<\/h2>\n<p style=\"text-align: center;\">LAB&#8217;SCIENCE le acompa\u00f1a.<\/p>\n<p>&nbsp;<\/p>\n<p style=\"text-align: center;\"><a class=\"header-text\" style=\"box-shadow: #6a0e41 0px 0px 0px 3px; font-size: 20px; font-style: normal; color: #ffffff; font-weight: normal; text-transform: uppercase; margin-bottom: 20px; line-height: 1; display: inline-block; padding: 10px; background: #6a0e41; text-align: center;\" href=\"https:\/\/www.lab-science.eu\/es\/contacto\/\">Cont\u00e1ctenos<\/a><\/p>\n<\/div>\n<\/div>\n","protected":false},"excerpt":{"rendered":"<p>Climascience ESPECIALISTA DEL TRATAMIENTO DEL AIRE &nbsp; AREAS DE ACTIVIDAD DE CLIMASCIENCE : &nbsp; DISE\u00d1O Y DESARROLLO DE ENTORNOS CONTROLADOS Climascience pone a su servicio m\u00e1s de 30 a\u00f1os de experiencia en la gesti\u00f3n de proyecto complejo y de alta tecnicidad ligados al tratamiento de aire, con la realizaci\u00f3n de laboratorios de seguridad biol\u00f3gica (BLS2&hellip;<\/p>\n<p><a href=\"https:\/\/www.lab-science.eu\/es\/los-miembros-de-la-red-labscience-2\/climascience\/\" class=\"read-more-link\">Read More &rarr;<\/a><\/p>\n","protected":false},"author":1,"featured_media":0,"parent":4278,"menu_order":0,"comment_status":"closed","ping_status":"closed","template":"","meta":{"footnotes":""},"class_list":["post-4105","page","type-page","status-publish","hentry"],"yoast_head":"<!-- This site is optimized with the Yoast SEO plugin v27.3 - https:\/\/yoast.com\/product\/yoast-seo-wordpress\/ -->\n<title>Climascience, tratamiento del aire y entorno controlado<\/title>\n<meta name=\"description\" content=\"Climascience est\u00e1 especializado en el tratamiento del aire en salas limpias o otros entornos controlados (fluidos HVAC, filtros HEPA y filtros ULPA\u2026).\" \/>\n<meta name=\"robots\" content=\"index, follow, max-snippet:-1, max-image-preview:large, max-video-preview:-1\" \/>\n<link rel=\"canonical\" href=\"https:\/\/www.lab-science.eu\/es\/los-miembros-de-la-red-labscience-2\/climascience\/\" \/>\n<meta property=\"og:locale\" content=\"es_ES\" \/>\n<meta property=\"og:type\" content=\"article\" \/>\n<meta property=\"og:title\" content=\"Climascience, tratamiento del aire y entorno controlado\" \/>\n<meta property=\"og:description\" content=\"Climascience est\u00e1 especializado en el tratamiento del aire en salas limpias o otros entornos controlados (fluidos HVAC, filtros HEPA y filtros ULPA\u2026).\" \/>\n<meta property=\"og:url\" content=\"https:\/\/www.lab-science.eu\/es\/los-miembros-de-la-red-labscience-2\/climascience\/\" \/>\n<meta property=\"og:site_name\" content=\"Lab Science - Conception et Fabrication de salles blanches modulaire\" \/>\n<meta property=\"article:modified_time\" content=\"2023-01-20T14:49:40+00:00\" \/>\n<meta property=\"og:image\" content=\"https:\/\/www.lab-science.eu\/wp-content\/uploads\/2018\/05\/climascience_400.png\" \/>\n<meta name=\"twitter:card\" content=\"summary_large_image\" \/>\n<meta name=\"twitter:label1\" content=\"Tiempo de lectura\" \/>\n\t<meta name=\"twitter:data1\" content=\"2 minutos\" \/>\n<script type=\"application\/ld+json\" class=\"yoast-schema-graph\">{\"@context\":\"https:\\\/\\\/schema.org\",\"@graph\":[{\"@type\":\"WebPage\",\"@id\":\"https:\\\/\\\/www.lab-science.eu\\\/es\\\/los-miembros-de-la-red-labscience-2\\\/climascience\\\/\",\"url\":\"https:\\\/\\\/www.lab-science.eu\\\/es\\\/los-miembros-de-la-red-labscience-2\\\/climascience\\\/\",\"name\":\"Climascience, tratamiento del aire y entorno controlado\",\"isPartOf\":{\"@id\":\"https:\\\/\\\/www.lab-science.eu\\\/#website\"},\"primaryImageOfPage\":{\"@id\":\"https:\\\/\\\/www.lab-science.eu\\\/es\\\/los-miembros-de-la-red-labscience-2\\\/climascience\\\/#primaryimage\"},\"image\":{\"@id\":\"https:\\\/\\\/www.lab-science.eu\\\/es\\\/los-miembros-de-la-red-labscience-2\\\/climascience\\\/#primaryimage\"},\"thumbnailUrl\":\"https:\\\/\\\/www.lab-science.eu\\\/wp-content\\\/uploads\\\/2018\\\/05\\\/climascience_400.png\",\"datePublished\":\"2021-04-20T14:58:48+00:00\",\"dateModified\":\"2023-01-20T14:49:40+00:00\",\"description\":\"Climascience est\u00e1 especializado en el tratamiento del aire en salas limpias o otros entornos controlados (fluidos HVAC, filtros HEPA y filtros ULPA\u2026).\",\"breadcrumb\":{\"@id\":\"https:\\\/\\\/www.lab-science.eu\\\/es\\\/los-miembros-de-la-red-labscience-2\\\/climascience\\\/#breadcrumb\"},\"inLanguage\":\"es\",\"potentialAction\":[{\"@type\":\"ReadAction\",\"target\":[\"https:\\\/\\\/www.lab-science.eu\\\/es\\\/los-miembros-de-la-red-labscience-2\\\/climascience\\\/\"]}]},{\"@type\":\"ImageObject\",\"inLanguage\":\"es\",\"@id\":\"https:\\\/\\\/www.lab-science.eu\\\/es\\\/los-miembros-de-la-red-labscience-2\\\/climascience\\\/#primaryimage\",\"url\":\"https:\\\/\\\/www.lab-science.eu\\\/wp-content\\\/uploads\\\/2018\\\/05\\\/climascience_400.png\",\"contentUrl\":\"https:\\\/\\\/www.lab-science.eu\\\/wp-content\\\/uploads\\\/2018\\\/05\\\/climascience_400.png\"},{\"@type\":\"BreadcrumbList\",\"@id\":\"https:\\\/\\\/www.lab-science.eu\\\/es\\\/los-miembros-de-la-red-labscience-2\\\/climascience\\\/#breadcrumb\",\"itemListElement\":[{\"@type\":\"ListItem\",\"position\":1,\"name\":\"Accueil\",\"item\":\"https:\\\/\\\/www.lab-science.eu\\\/es\\\/\"},{\"@type\":\"ListItem\",\"position\":2,\"name\":\"LOS MIEMBROS DE LA RED LAB\u2019SCIENCE\",\"item\":\"https:\\\/\\\/www.lab-science.eu\\\/es\\\/los-miembros-de-la-red-labscience-2\\\/\"},{\"@type\":\"ListItem\",\"position\":3,\"name\":\"Climascience\"}]},{\"@type\":\"WebSite\",\"@id\":\"https:\\\/\\\/www.lab-science.eu\\\/#website\",\"url\":\"https:\\\/\\\/www.lab-science.eu\\\/\",\"name\":\"Lab Science - Conception et Fabrication de salles blanches modulaire\",\"description\":\"\",\"potentialAction\":[{\"@type\":\"SearchAction\",\"target\":{\"@type\":\"EntryPoint\",\"urlTemplate\":\"https:\\\/\\\/www.lab-science.eu\\\/?s={search_term_string}\"},\"query-input\":{\"@type\":\"PropertyValueSpecification\",\"valueRequired\":true,\"valueName\":\"search_term_string\"}}],\"inLanguage\":\"es\"}]}<\/script>\n<!-- \/ Yoast SEO plugin. -->","yoast_head_json":{"title":"Climascience, tratamiento del aire y entorno controlado","description":"Climascience est\u00e1 especializado en el tratamiento del aire en salas limpias o otros entornos controlados (fluidos HVAC, filtros HEPA y filtros ULPA\u2026).","robots":{"index":"index","follow":"follow","max-snippet":"max-snippet:-1","max-image-preview":"max-image-preview:large","max-video-preview":"max-video-preview:-1"},"canonical":"https:\/\/www.lab-science.eu\/es\/los-miembros-de-la-red-labscience-2\/climascience\/","og_locale":"es_ES","og_type":"article","og_title":"Climascience, tratamiento del aire y entorno controlado","og_description":"Climascience est\u00e1 especializado en el tratamiento del aire en salas limpias o otros entornos controlados (fluidos HVAC, filtros HEPA y filtros ULPA\u2026).","og_url":"https:\/\/www.lab-science.eu\/es\/los-miembros-de-la-red-labscience-2\/climascience\/","og_site_name":"Lab Science - Conception et Fabrication de salles blanches modulaire","article_modified_time":"2023-01-20T14:49:40+00:00","og_image":[{"url":"https:\/\/www.lab-science.eu\/wp-content\/uploads\/2018\/05\/climascience_400.png","type":"","width":"","height":""}],"twitter_card":"summary_large_image","twitter_misc":{"Tiempo de lectura":"2 minutos"},"schema":{"@context":"https:\/\/schema.org","@graph":[{"@type":"WebPage","@id":"https:\/\/www.lab-science.eu\/es\/los-miembros-de-la-red-labscience-2\/climascience\/","url":"https:\/\/www.lab-science.eu\/es\/los-miembros-de-la-red-labscience-2\/climascience\/","name":"Climascience, tratamiento del aire y entorno controlado","isPartOf":{"@id":"https:\/\/www.lab-science.eu\/#website"},"primaryImageOfPage":{"@id":"https:\/\/www.lab-science.eu\/es\/los-miembros-de-la-red-labscience-2\/climascience\/#primaryimage"},"image":{"@id":"https:\/\/www.lab-science.eu\/es\/los-miembros-de-la-red-labscience-2\/climascience\/#primaryimage"},"thumbnailUrl":"https:\/\/www.lab-science.eu\/wp-content\/uploads\/2018\/05\/climascience_400.png","datePublished":"2021-04-20T14:58:48+00:00","dateModified":"2023-01-20T14:49:40+00:00","description":"Climascience est\u00e1 especializado en el tratamiento del aire en salas limpias o otros entornos controlados (fluidos HVAC, filtros HEPA y filtros ULPA\u2026).","breadcrumb":{"@id":"https:\/\/www.lab-science.eu\/es\/los-miembros-de-la-red-labscience-2\/climascience\/#breadcrumb"},"inLanguage":"es","potentialAction":[{"@type":"ReadAction","target":["https:\/\/www.lab-science.eu\/es\/los-miembros-de-la-red-labscience-2\/climascience\/"]}]},{"@type":"ImageObject","inLanguage":"es","@id":"https:\/\/www.lab-science.eu\/es\/los-miembros-de-la-red-labscience-2\/climascience\/#primaryimage","url":"https:\/\/www.lab-science.eu\/wp-content\/uploads\/2018\/05\/climascience_400.png","contentUrl":"https:\/\/www.lab-science.eu\/wp-content\/uploads\/2018\/05\/climascience_400.png"},{"@type":"BreadcrumbList","@id":"https:\/\/www.lab-science.eu\/es\/los-miembros-de-la-red-labscience-2\/climascience\/#breadcrumb","itemListElement":[{"@type":"ListItem","position":1,"name":"Accueil","item":"https:\/\/www.lab-science.eu\/es\/"},{"@type":"ListItem","position":2,"name":"LOS MIEMBROS DE LA RED LAB\u2019SCIENCE","item":"https:\/\/www.lab-science.eu\/es\/los-miembros-de-la-red-labscience-2\/"},{"@type":"ListItem","position":3,"name":"Climascience"}]},{"@type":"WebSite","@id":"https:\/\/www.lab-science.eu\/#website","url":"https:\/\/www.lab-science.eu\/","name":"Lab Science - Conception et Fabrication de salles blanches modulaire","description":"","potentialAction":[{"@type":"SearchAction","target":{"@type":"EntryPoint","urlTemplate":"https:\/\/www.lab-science.eu\/?s={search_term_string}"},"query-input":{"@type":"PropertyValueSpecification","valueRequired":true,"valueName":"search_term_string"}}],"inLanguage":"es"}]}},"_links":{"self":[{"href":"https:\/\/www.lab-science.eu\/es\/wp-json\/wp\/v2\/pages\/4105","targetHints":{"allow":["GET"]}}],"collection":[{"href":"https:\/\/www.lab-science.eu\/es\/wp-json\/wp\/v2\/pages"}],"about":[{"href":"https:\/\/www.lab-science.eu\/es\/wp-json\/wp\/v2\/types\/page"}],"author":[{"embeddable":true,"href":"https:\/\/www.lab-science.eu\/es\/wp-json\/wp\/v2\/users\/1"}],"replies":[{"embeddable":true,"href":"https:\/\/www.lab-science.eu\/es\/wp-json\/wp\/v2\/comments?post=4105"}],"version-history":[{"count":0,"href":"https:\/\/www.lab-science.eu\/es\/wp-json\/wp\/v2\/pages\/4105\/revisions"}],"up":[{"embeddable":true,"href":"https:\/\/www.lab-science.eu\/es\/wp-json\/wp\/v2\/pages\/4278"}],"wp:attachment":[{"href":"https:\/\/www.lab-science.eu\/es\/wp-json\/wp\/v2\/media?parent=4105"}],"curies":[{"name":"wp","href":"https:\/\/api.w.org\/{rel}","templated":true}]}}