{"id":4106,"date":"2021-04-20T17:02:53","date_gmt":"2021-04-20T15:02:53","guid":{"rendered":"https:\/\/www.lab-science.eu\/instrufluid\/"},"modified":"2023-01-20T15:34:13","modified_gmt":"2023-01-20T14:34:13","slug":"instrufluid","status":"publish","type":"page","link":"https:\/\/www.lab-science.eu\/es\/los-miembros-de-la-red-labscience-2\/instrufluid\/","title":{"rendered":"Instrufluid"},"content":{"rendered":"<div class=\"title\">\n<h1 class=\"header-text\">Instrufluid<br \/>\n<span style=\"font-size: 50%;\">ESPECIALISTA DE LA TUBER\u00cdA INDUSTRIAL<\/span><\/h1>\n<div class=\"full-width\" style=\"color: #333333;background: #FAFAFA;\">\n<div class=\"one_half rnr-column\">\n<img loading=\"lazy\" decoding=\"async\" class=\"aligncenter size-medium wp-image-3010 portfolio-lazyLoad\" src=\"https:\/\/www.lab-science.eu\/wp-content\/uploads\/2018\/07\/logo-Instrufluid-300x207.png\" data-original=\"https:\/\/www.lab-science.eu\/wp-content\/uploads\/2018\/07\/logo-Instrufluid-300x207.png\" alt=\"\" width=\"300\" height=\"207\" srcset=\"https:\/\/www.lab-science.eu\/wp-content\/uploads\/2018\/07\/logo-Instrufluid-300x207.png 300w, https:\/\/www.lab-science.eu\/wp-content\/uploads\/2018\/07\/logo-Instrufluid-768x531.png 768w, https:\/\/www.lab-science.eu\/wp-content\/uploads\/2018\/07\/logo-Instrufluid-1024x708.png 1024w, https:\/\/www.lab-science.eu\/wp-content\/uploads\/2018\/07\/logo-Instrufluid.png 1043w\" sizes=\"auto, (max-width: 300px) 100vw, 300px\" \/><noscript><img loading=\"lazy\" decoding=\"async\" class=\"aligncenter size-medium wp-image-3010 portfolio-lazyLoad\" src=\"https:\/\/www.lab-science.eu\/wp-content\/uploads\/2018\/07\/logo-Instrufluid-300x207.png\" alt=\"\" width=\"300\" height=\"207\" srcset=\"https:\/\/www.lab-science.eu\/wp-content\/uploads\/2018\/07\/logo-Instrufluid-300x207.png 300w, https:\/\/www.lab-science.eu\/wp-content\/uploads\/2018\/07\/logo-Instrufluid-768x531.png 768w, https:\/\/www.lab-science.eu\/wp-content\/uploads\/2018\/07\/logo-Instrufluid-1024x708.png 1024w, https:\/\/www.lab-science.eu\/wp-content\/uploads\/2018\/07\/logo-Instrufluid.png 1043w\" sizes=\"auto, (max-width: 300px) 100vw, 300px\" \/><\/noscript><br \/>\n<\/div>\n<div class=\"one_half rnr-column last\">\n<p>Especialista en la concepci\u00f3n e instalaci\u00f3n industrial, Instrufluid pone en pr\u00e1ctica los equipos necesarios al transporte, la distribuci\u00f3n, la regulaci\u00f3n y el almacenamiento de fluidos especiales, gases especiales, t\u00f3xicos y peligrosos.<br \/>\nCreado en 1996 la empresa Instrufluid se ha juntado a la red de empresas LAB&#8217;SCIENCE en 2017.<\/p>\n<\/div><div class=\"clear\"><\/div>\n<\/div>\n<h2>EL SABER-HACER INSTRUFLUID PARA LA GESTI\u00d3N DE SU FLUIDOS ESPECIALES<\/h2>\n<p>Teniendo una extensa experiencia y un alto nivel de saber-hacer en el \u00e1mbito del transporte de gases y fluidos especiales y t\u00f3xicos, Instruiflud interviene en proyectos de cualquier tama\u00f1o, en Francia y a nivel internacional :<\/p>\n<ul class=\"styled-list\">\n<li><i class=\"fa fa-check\" style=\"color:#6a0e41 !important;\"><\/i><strong>Estudios, dise\u00f1o, fabricaci\u00f3n de sistemas de distribuci\u00f3n para fluidos especiales ;<\/strong><\/li>\n<li><i class=\"fa fa-check\" style=\"color:#6a0e41 !important;\"><\/i><strong>Asistencia y supervisi\u00f3n de realizaci\u00f3n de proyectos ;<\/strong><\/li>\n<li><i class=\"fa fa-check\" style=\"color:#6a0e41 !important;\"><\/i><strong>Montaje y moldeado de tuber\u00eda industrial ;<\/strong><\/li>\n<li><i class=\"fa fa-check\" style=\"color:#6a0e41 !important;\"><\/i><strong>Mantenimiento de redes process gaseosos y l\u00edquidos.<\/strong><\/li>\n<\/ul>\n<p>Su especializaci\u00f3n concierne tanto la naturaleza de los gases y fluidos especiales transportados, las t\u00e9cnicas de soldadura y ensamble de tuber\u00eda industrial como las normas y c\u00f3digos internacionales.<\/p>\n<h2>SUS \u00c1MBITOS DE COMPETENCIA<\/h2>\n<ul class=\"styled-list\">\n<li><i class=\"fa fa-check\" style=\"color:#6a0e41 !important;\"><\/i>Dise\u00f1o y realizaci\u00f3n de instalaciones a medida para la gesti\u00f3n de gases y fluidos especiales, adaptados a los procesos m\u00e1s avanzados.<\/li>\n<li><i class=\"fa fa-check\" style=\"color:#6a0e41 !important;\"><\/i>Ensamble de redes de tuber\u00eda industrial en inox, aluminio, cobre o PVC o derivados.<\/li>\n<li><i class=\"fa fa-check\" style=\"color:#6a0e41 !important;\"><\/i>Instalaci\u00f3n de armarios a medida, con cuadro manual, cuadro de purga, cartucho de detoxificaci\u00f3n CS Clean Solution y autom\u00e1tico programable con pantalla t\u00e1ctil.<\/li>\n<li><i class=\"fa fa-check\" style=\"color:#6a0e41 !important;\"><\/i>Gesti\u00f3n de gases explosivos y armarios ATEX, control de gases en l\u00ednea con filtro tangencial, coalescente, fluj\u00f3metro, medici\u00f3n, an\u00e1lisis, etc.<\/li>\n<\/ul>\n<p>Instrufluid es, adem\u00e1s, una de las empresas francesas m\u00e1s escasa en controlar la soldadura orbital. Muy utilizado en el sector del semiconductor, este m\u00e9todo se impone cada vez m\u00e1s en los sectores agroalimentario, farmac\u00e9utico, qu\u00edmico o biotecnol\u00f3gico.<\/p>\n<p>&nbsp;<\/p>\n<div class=\"title\">\n<h2 style=\"text-align: center;\">\u00bfQuiere confiarnos su proyecto?<\/h2>\n<p style=\"text-align: center;\">LAB&#8217;SCIENCE le acompa\u00f1a.<\/p>\n<p>&nbsp;<\/p>\n<p style=\"text-align: center;\"><a class=\"header-text\" style=\"box-shadow: #6a0e41 0px 0px 0px 3px; font-size: 20px; font-style: normal; color: #ffffff; font-weight: normal; text-transform: uppercase; margin-bottom: 20px; line-height: 1; display: inline-block; padding: 10px; background: #6a0e41; text-align: center;\" href=\"https:\/\/www.lab-science.eu\/es\/contacto\/\">Cont\u00e1ctenos<\/a><\/p>\n<\/div>\n<\/div>\n","protected":false},"excerpt":{"rendered":"<p>Instrufluid ESPECIALISTA DE LA TUBER\u00cdA INDUSTRIAL EL SABER-HACER INSTRUFLUID PARA LA GESTI\u00d3N DE SU FLUIDOS ESPECIALES Teniendo una extensa experiencia y un alto nivel de saber-hacer en el \u00e1mbito del transporte de gases y fluidos especiales y t\u00f3xicos, Instruiflud interviene en proyectos de cualquier tama\u00f1o, en Francia y a nivel internacional : Su especializaci\u00f3n concierne&hellip;<\/p>\n<p><a href=\"https:\/\/www.lab-science.eu\/es\/los-miembros-de-la-red-labscience-2\/instrufluid\/\" class=\"read-more-link\">Read More &rarr;<\/a><\/p>\n","protected":false},"author":1,"featured_media":0,"parent":4278,"menu_order":0,"comment_status":"closed","ping_status":"closed","template":"","meta":{"footnotes":""},"class_list":["post-4106","page","type-page","status-publish","hentry"],"yoast_head":"<!-- This site is optimized with the Yoast SEO plugin v27.5 - https:\/\/yoast.com\/product\/yoast-seo-wordpress\/ -->\n<title>Instrufluid : ESPECIALISTA DE LA TUBER\u00cdA INDUSTRIA<\/title>\n<meta name=\"description\" content=\"La empresa Instrufluid es especializada en la concepci\u00f3n e instalaci\u00f3n de la tuber\u00eda industrial para los fluidos especiales\" \/>\n<meta name=\"robots\" content=\"index, follow, max-snippet:-1, max-image-preview:large, max-video-preview:-1\" \/>\n<link rel=\"canonical\" href=\"https:\/\/www.lab-science.eu\/es\/los-miembros-de-la-red-labscience-2\/instrufluid\/\" \/>\n<meta property=\"og:locale\" content=\"es_ES\" \/>\n<meta property=\"og:type\" content=\"article\" \/>\n<meta property=\"og:title\" content=\"Instrufluid : ESPECIALISTA DE LA TUBER\u00cdA INDUSTRIA\" \/>\n<meta property=\"og:description\" content=\"La empresa Instrufluid es especializada en la concepci\u00f3n e instalaci\u00f3n de la tuber\u00eda industrial para los fluidos especiales\" \/>\n<meta property=\"og:url\" content=\"https:\/\/www.lab-science.eu\/es\/los-miembros-de-la-red-labscience-2\/instrufluid\/\" \/>\n<meta property=\"og:site_name\" content=\"Lab Science - Conception et Fabrication de salles blanches modulaire\" \/>\n<meta property=\"article:modified_time\" content=\"2023-01-20T14:34:13+00:00\" \/>\n<meta property=\"og:image\" content=\"https:\/\/www.lab-science.eu\/wp-content\/uploads\/2018\/07\/logo-Instrufluid-300x207.png\" \/>\n<meta name=\"twitter:card\" content=\"summary_large_image\" \/>\n<meta name=\"twitter:label1\" content=\"Tiempo de lectura\" \/>\n\t<meta name=\"twitter:data1\" content=\"2 minutos\" \/>\n<script type=\"application\/ld+json\" class=\"yoast-schema-graph\">{\"@context\":\"https:\\\/\\\/schema.org\",\"@graph\":[{\"@type\":\"WebPage\",\"@id\":\"https:\\\/\\\/www.lab-science.eu\\\/es\\\/los-miembros-de-la-red-labscience-2\\\/instrufluid\\\/\",\"url\":\"https:\\\/\\\/www.lab-science.eu\\\/es\\\/los-miembros-de-la-red-labscience-2\\\/instrufluid\\\/\",\"name\":\"Instrufluid : ESPECIALISTA DE LA TUBER\u00cdA INDUSTRIA\",\"isPartOf\":{\"@id\":\"https:\\\/\\\/www.lab-science.eu\\\/#website\"},\"primaryImageOfPage\":{\"@id\":\"https:\\\/\\\/www.lab-science.eu\\\/es\\\/los-miembros-de-la-red-labscience-2\\\/instrufluid\\\/#primaryimage\"},\"image\":{\"@id\":\"https:\\\/\\\/www.lab-science.eu\\\/es\\\/los-miembros-de-la-red-labscience-2\\\/instrufluid\\\/#primaryimage\"},\"thumbnailUrl\":\"https:\\\/\\\/www.lab-science.eu\\\/wp-content\\\/uploads\\\/2018\\\/07\\\/logo-Instrufluid-300x207.png\",\"datePublished\":\"2021-04-20T15:02:53+00:00\",\"dateModified\":\"2023-01-20T14:34:13+00:00\",\"description\":\"La empresa Instrufluid es especializada en la concepci\u00f3n e instalaci\u00f3n de la tuber\u00eda industrial para los fluidos especiales\",\"breadcrumb\":{\"@id\":\"https:\\\/\\\/www.lab-science.eu\\\/es\\\/los-miembros-de-la-red-labscience-2\\\/instrufluid\\\/#breadcrumb\"},\"inLanguage\":\"es\",\"potentialAction\":[{\"@type\":\"ReadAction\",\"target\":[\"https:\\\/\\\/www.lab-science.eu\\\/es\\\/los-miembros-de-la-red-labscience-2\\\/instrufluid\\\/\"]}]},{\"@type\":\"ImageObject\",\"inLanguage\":\"es\",\"@id\":\"https:\\\/\\\/www.lab-science.eu\\\/es\\\/los-miembros-de-la-red-labscience-2\\\/instrufluid\\\/#primaryimage\",\"url\":\"https:\\\/\\\/www.lab-science.eu\\\/wp-content\\\/uploads\\\/2018\\\/07\\\/logo-Instrufluid-300x207.png\",\"contentUrl\":\"https:\\\/\\\/www.lab-science.eu\\\/wp-content\\\/uploads\\\/2018\\\/07\\\/logo-Instrufluid-300x207.png\"},{\"@type\":\"BreadcrumbList\",\"@id\":\"https:\\\/\\\/www.lab-science.eu\\\/es\\\/los-miembros-de-la-red-labscience-2\\\/instrufluid\\\/#breadcrumb\",\"itemListElement\":[{\"@type\":\"ListItem\",\"position\":1,\"name\":\"Accueil\",\"item\":\"https:\\\/\\\/www.lab-science.eu\\\/es\\\/\"},{\"@type\":\"ListItem\",\"position\":2,\"name\":\"LOS MIEMBROS DE LA RED LAB\u2019SCIENCE\",\"item\":\"https:\\\/\\\/www.lab-science.eu\\\/es\\\/los-miembros-de-la-red-labscience-2\\\/\"},{\"@type\":\"ListItem\",\"position\":3,\"name\":\"Instrufluid\"}]},{\"@type\":\"WebSite\",\"@id\":\"https:\\\/\\\/www.lab-science.eu\\\/#website\",\"url\":\"https:\\\/\\\/www.lab-science.eu\\\/\",\"name\":\"Lab Science - Conception et Fabrication de salles blanches modulaire\",\"description\":\"\",\"potentialAction\":[{\"@type\":\"SearchAction\",\"target\":{\"@type\":\"EntryPoint\",\"urlTemplate\":\"https:\\\/\\\/www.lab-science.eu\\\/?s={search_term_string}\"},\"query-input\":{\"@type\":\"PropertyValueSpecification\",\"valueRequired\":true,\"valueName\":\"search_term_string\"}}],\"inLanguage\":\"es\"}]}<\/script>\n<!-- \/ Yoast SEO plugin. -->","yoast_head_json":{"title":"Instrufluid : ESPECIALISTA DE LA TUBER\u00cdA INDUSTRIA","description":"La empresa Instrufluid es especializada en la concepci\u00f3n e instalaci\u00f3n de la tuber\u00eda industrial para los fluidos especiales","robots":{"index":"index","follow":"follow","max-snippet":"max-snippet:-1","max-image-preview":"max-image-preview:large","max-video-preview":"max-video-preview:-1"},"canonical":"https:\/\/www.lab-science.eu\/es\/los-miembros-de-la-red-labscience-2\/instrufluid\/","og_locale":"es_ES","og_type":"article","og_title":"Instrufluid : ESPECIALISTA DE LA TUBER\u00cdA INDUSTRIA","og_description":"La empresa Instrufluid es especializada en la concepci\u00f3n e instalaci\u00f3n de la tuber\u00eda industrial para los fluidos especiales","og_url":"https:\/\/www.lab-science.eu\/es\/los-miembros-de-la-red-labscience-2\/instrufluid\/","og_site_name":"Lab Science - Conception et Fabrication de salles blanches modulaire","article_modified_time":"2023-01-20T14:34:13+00:00","og_image":[{"url":"https:\/\/www.lab-science.eu\/wp-content\/uploads\/2018\/07\/logo-Instrufluid-300x207.png","type":"","width":"","height":""}],"twitter_card":"summary_large_image","twitter_misc":{"Tiempo de lectura":"2 minutos"},"schema":{"@context":"https:\/\/schema.org","@graph":[{"@type":"WebPage","@id":"https:\/\/www.lab-science.eu\/es\/los-miembros-de-la-red-labscience-2\/instrufluid\/","url":"https:\/\/www.lab-science.eu\/es\/los-miembros-de-la-red-labscience-2\/instrufluid\/","name":"Instrufluid : ESPECIALISTA DE LA TUBER\u00cdA INDUSTRIA","isPartOf":{"@id":"https:\/\/www.lab-science.eu\/#website"},"primaryImageOfPage":{"@id":"https:\/\/www.lab-science.eu\/es\/los-miembros-de-la-red-labscience-2\/instrufluid\/#primaryimage"},"image":{"@id":"https:\/\/www.lab-science.eu\/es\/los-miembros-de-la-red-labscience-2\/instrufluid\/#primaryimage"},"thumbnailUrl":"https:\/\/www.lab-science.eu\/wp-content\/uploads\/2018\/07\/logo-Instrufluid-300x207.png","datePublished":"2021-04-20T15:02:53+00:00","dateModified":"2023-01-20T14:34:13+00:00","description":"La empresa Instrufluid es especializada en la concepci\u00f3n e instalaci\u00f3n de la tuber\u00eda industrial para los fluidos especiales","breadcrumb":{"@id":"https:\/\/www.lab-science.eu\/es\/los-miembros-de-la-red-labscience-2\/instrufluid\/#breadcrumb"},"inLanguage":"es","potentialAction":[{"@type":"ReadAction","target":["https:\/\/www.lab-science.eu\/es\/los-miembros-de-la-red-labscience-2\/instrufluid\/"]}]},{"@type":"ImageObject","inLanguage":"es","@id":"https:\/\/www.lab-science.eu\/es\/los-miembros-de-la-red-labscience-2\/instrufluid\/#primaryimage","url":"https:\/\/www.lab-science.eu\/wp-content\/uploads\/2018\/07\/logo-Instrufluid-300x207.png","contentUrl":"https:\/\/www.lab-science.eu\/wp-content\/uploads\/2018\/07\/logo-Instrufluid-300x207.png"},{"@type":"BreadcrumbList","@id":"https:\/\/www.lab-science.eu\/es\/los-miembros-de-la-red-labscience-2\/instrufluid\/#breadcrumb","itemListElement":[{"@type":"ListItem","position":1,"name":"Accueil","item":"https:\/\/www.lab-science.eu\/es\/"},{"@type":"ListItem","position":2,"name":"LOS MIEMBROS DE LA RED LAB\u2019SCIENCE","item":"https:\/\/www.lab-science.eu\/es\/los-miembros-de-la-red-labscience-2\/"},{"@type":"ListItem","position":3,"name":"Instrufluid"}]},{"@type":"WebSite","@id":"https:\/\/www.lab-science.eu\/#website","url":"https:\/\/www.lab-science.eu\/","name":"Lab Science - Conception et Fabrication de salles blanches modulaire","description":"","potentialAction":[{"@type":"SearchAction","target":{"@type":"EntryPoint","urlTemplate":"https:\/\/www.lab-science.eu\/?s={search_term_string}"},"query-input":{"@type":"PropertyValueSpecification","valueRequired":true,"valueName":"search_term_string"}}],"inLanguage":"es"}]}},"_links":{"self":[{"href":"https:\/\/www.lab-science.eu\/es\/wp-json\/wp\/v2\/pages\/4106","targetHints":{"allow":["GET"]}}],"collection":[{"href":"https:\/\/www.lab-science.eu\/es\/wp-json\/wp\/v2\/pages"}],"about":[{"href":"https:\/\/www.lab-science.eu\/es\/wp-json\/wp\/v2\/types\/page"}],"author":[{"embeddable":true,"href":"https:\/\/www.lab-science.eu\/es\/wp-json\/wp\/v2\/users\/1"}],"replies":[{"embeddable":true,"href":"https:\/\/www.lab-science.eu\/es\/wp-json\/wp\/v2\/comments?post=4106"}],"version-history":[{"count":0,"href":"https:\/\/www.lab-science.eu\/es\/wp-json\/wp\/v2\/pages\/4106\/revisions"}],"up":[{"embeddable":true,"href":"https:\/\/www.lab-science.eu\/es\/wp-json\/wp\/v2\/pages\/4278"}],"wp:attachment":[{"href":"https:\/\/www.lab-science.eu\/es\/wp-json\/wp\/v2\/media?parent=4106"}],"curies":[{"name":"wp","href":"https:\/\/api.w.org\/{rel}","templated":true}]}}