{"id":4112,"date":"2021-04-20T17:17:06","date_gmt":"2021-04-20T15:17:06","guid":{"rendered":"https:\/\/www.lab-science.eu\/dujardin\/"},"modified":"2023-01-20T15:30:14","modified_gmt":"2023-01-20T14:30:14","slug":"dujardin","status":"publish","type":"page","link":"https:\/\/www.lab-science.eu\/es\/los-miembros-de-la-red-labscience-2\/dujardin\/","title":{"rendered":"Dujardin"},"content":{"rendered":"<div class=\"title\">\n<h1 class=\"header-text\">Dujardin<br \/>\n<span style=\"font-size: 50%;\">FABRICANTE DE ESTRUCTURAS MET\u00c1LICAS<\/span><\/h1>\n<div class=\"full-width\" style=\"color: #333333;background: #FAFAFA;\">\n<div class=\"one_half rnr-column\">\n<img loading=\"lazy\" decoding=\"async\" class=\"aligncenter size-full wp-image-2744 portfolio-lazyLoad\" src=\"https:\/\/www.lab-science.eu\/wp-content\/uploads\/2022\/01\/LOGO-Dujardin-complet.png\" data-original=\"https:\/\/www.lab-science.eu\/wp-content\/uploads\/2022\/01\/LOGO-Dujardin-complet.png\" alt=\"\" width=\"354\" height=\"207\" \/><noscript><img loading=\"lazy\" decoding=\"async\" class=\"aligncenter size-full wp-image-2744 portfolio-lazyLoad\" src=\"https:\/\/www.lab-science.eu\/wp-content\/uploads\/2022\/01\/LOGO-Dujardin-complet.png\" alt=\"\" width=\"354\" height=\"207\" \/><\/noscript><br \/>\n<\/div>\n<div class=\"one_half rnr-column last\">\n<p>La empresa Dujardin est\u00e1 especializada desde casi 60 a\u00f1os en la fabricaci\u00f3n de estructuras met\u00e1licas en los campos de tuber\u00edas, soldadura y fabricaci\u00f3n industrial de calderas.<\/p>\n<p>Esta empresa de tama\u00f1o mediano tiene su sede en La Haya Malherbes. Con un fuerte know-how en su negocio principal, acompa\u00f1a a sus clientes en el estudio e implementaci\u00f3n de sus proyectos.<br \/>\n<\/div><div class=\"clear\"><\/div>\n<\/div>\n<p>&nbsp;<\/p>\n<h2>SOPORTE A MEDIDA<\/h2>\n<p>Dujardin apoya a sus clientes desde el dise\u00f1o hasta la instalaci\u00f3n (fabricaci\u00f3n, montaje, pruebas, etc.) de equipos a medida. La empresa es el socio privilegiado de los actores de la industria nuclear y las industrias del sector secundario.<\/p>\n<p>La oficina t\u00e9cnica da soporte a cada tipo de cliente para ofrecerles una soluci\u00f3n a medida seg\u00fan las especificidades de su actividad.<\/p>\n<p>&nbsp;<\/p>\n<h2>ESTRUCTURA MET\u00c1LICA PARA TUBER\u00cdA, SOLDADURA Y CALDERER\u00cdA INDUSTRIAL<\/h2>\n<p>Con sus 2000m2 de talleres, Dujardin trabaja con actores de la industria nuclear e industrias del sector secundario con necesidades de estructura de acero para brindarles los siguientes servicios :<br \/>\n<ul class=\"styled-list\">\n<li><i class=\"fa fa-check\" style=\"color:#6a0e41 !important;\"><\/i><strong>Industria nuclear ;<\/strong><\/li>\n<li><i class=\"fa fa-check\" style=\"color:#6a0e41 !important;\"><\/i><strong>Perforaci\u00f3n ;<\/strong><\/li>\n<li><i class=\"fa fa-check\" style=\"color:#6a0e41 !important;\"><\/i><strong>Corte por l\u00e1ser y plasma ;<\/strong><\/li>\n<li><i class=\"fa fa-check\" style=\"color:#6a0e41 !important;\"><\/i><strong>Soldadura ;<\/strong><\/li>\n<li><i class=\"fa fa-check\" style=\"color:#6a0e41 !important;\"><\/i><strong>Plegado de gran longitud ;<\/strong><\/li>\n<li><i class=\"fa fa-check\" style=\"color:#6a0e41 !important;\"><\/i><strong>Fabricaci\u00f3n de repuestos ;<\/strong><\/li>\n<li><i class=\"fa fa-check\" style=\"color:#6a0e41 !important;\"><\/i><strong>Termocambiador ;<\/strong><\/li>\n<li><i class=\"fa fa-check\" style=\"color:#6a0e41 !important;\"><\/i><strong>Reparaci\u00f3n mediante revestimiento sobre acero inoxidable, aceros especiales y aleaciones ;<\/strong><\/li>\n<li><i class=\"fa fa-check\" style=\"color:#6a0e41 !important;\"><\/i><strong>Reparaci\u00f3n en planta o en f\u00e1brica mediante mecanizado, revestimiento duro, metalizado, etc. ;<\/strong><\/li>\n<li><i class=\"fa fa-check\" style=\"color:#6a0e41 !important;\"><\/i><strong>Industrias del sector secundario: dise\u00f1o y fabricaci\u00f3n de equipos mec\u00e1nicos a medida.<\/strong><\/li>\n<\/ul>\n<p>&nbsp;<\/p>\n<h2>VALORES<\/h2>\n<p>An\u00e1lisis, intercambio, soporte y calidad son los pilares del compromiso de Dujardin para garantizar la satisfacci\u00f3n de sus clientes. Cada proyecto se estudia con especial atenci\u00f3n para satisfacer mejor las necesidades de cada cliente.<\/p>\n<p>&nbsp;<\/p>\n<h2>ASISTENCIA<\/h2>\n<p>El servicio al cliente de Dujardin no se detiene con la instalaci\u00f3n de equipos: sus equipos ofrecen asistencia dedicada, disponible las 24 horas del d\u00eda, los 7 d\u00edas de la semana.<\/p>\n<p>&nbsp;<\/p>\n<div class=\"title\">\n<h2 style=\"text-align: center;\">\u00bfQuiere confiarnos su proyecto?<\/h2>\n<p style=\"text-align: center;\">LAB&#8217;SCIENCE le acompa\u00f1a<\/p>\n<p>&nbsp;<\/p>\n<p style=\"text-align: center;\"><a class=\"header-text\" style=\"box-shadow: #6a0e41 0px 0px 0px 3px; font-size: 20px; font-style: normal; color: #ffffff; font-weight: normal; text-transform: uppercase; margin-bottom: 20px; line-height: 1; display: inline-block; padding: 10px; background: #6a0e41; text-align: center;\" href=\"https:\/\/www.lab-science.eu\/es\/contacto\/\">Cont\u00e1ctenos<\/a><\/p>\n<\/div>\n<\/div>\n","protected":false},"excerpt":{"rendered":"<p>Dujardin FABRICANTE DE ESTRUCTURAS MET\u00c1LICAS &nbsp; SOPORTE A MEDIDA Dujardin apoya a sus clientes desde el dise\u00f1o hasta la instalaci\u00f3n (fabricaci\u00f3n, montaje, pruebas, etc.) de equipos a medida. La empresa es el socio privilegiado de los actores de la industria nuclear y las industrias del sector secundario. La oficina t\u00e9cnica da soporte a cada tipo&hellip;<\/p>\n<p><a href=\"https:\/\/www.lab-science.eu\/es\/los-miembros-de-la-red-labscience-2\/dujardin\/\" class=\"read-more-link\">Read More &rarr;<\/a><\/p>\n","protected":false},"author":1,"featured_media":0,"parent":4278,"menu_order":0,"comment_status":"closed","ping_status":"closed","template":"","meta":{"footnotes":""},"class_list":["post-4112","page","type-page","status-publish","hentry"],"yoast_head":"<!-- This site is optimized with the Yoast SEO plugin v27.3 - https:\/\/yoast.com\/product\/yoast-seo-wordpress\/ -->\n<title>Dujardin, fabricante de estructuras met\u00e1licas<\/title>\n<meta name=\"description\" content=\"Dujardin est\u00e1 especializada en la fabricaci\u00f3n de estructuras met\u00e1licas en los campos de tuber\u00edas, soldadura y fabricaci\u00f3n industrial de calderas.\" \/>\n<meta name=\"robots\" content=\"index, follow, max-snippet:-1, max-image-preview:large, max-video-preview:-1\" \/>\n<link rel=\"canonical\" href=\"https:\/\/www.lab-science.eu\/es\/los-miembros-de-la-red-labscience-2\/dujardin\/\" \/>\n<meta property=\"og:locale\" content=\"es_ES\" \/>\n<meta property=\"og:type\" content=\"article\" \/>\n<meta property=\"og:title\" content=\"Dujardin, fabricante de estructuras met\u00e1licas\" \/>\n<meta property=\"og:description\" content=\"Dujardin est\u00e1 especializada en la fabricaci\u00f3n de estructuras met\u00e1licas en los campos de tuber\u00edas, soldadura y fabricaci\u00f3n industrial de calderas.\" \/>\n<meta property=\"og:url\" content=\"https:\/\/www.lab-science.eu\/es\/los-miembros-de-la-red-labscience-2\/dujardin\/\" \/>\n<meta property=\"og:site_name\" content=\"Lab Science - Conception et Fabrication de salles blanches modulaire\" \/>\n<meta property=\"article:modified_time\" content=\"2023-01-20T14:30:14+00:00\" \/>\n<meta property=\"og:image\" content=\"https:\/\/www.lab-science.eu\/wp-content\/uploads\/2022\/01\/LOGO-Dujardin-complet.png\" \/>\n<meta name=\"twitter:card\" content=\"summary_large_image\" \/>\n<meta name=\"twitter:label1\" content=\"Tiempo de lectura\" \/>\n\t<meta name=\"twitter:data1\" content=\"2 minutos\" \/>\n<script type=\"application\/ld+json\" class=\"yoast-schema-graph\">{\"@context\":\"https:\\\/\\\/schema.org\",\"@graph\":[{\"@type\":\"WebPage\",\"@id\":\"https:\\\/\\\/www.lab-science.eu\\\/es\\\/los-miembros-de-la-red-labscience-2\\\/dujardin\\\/\",\"url\":\"https:\\\/\\\/www.lab-science.eu\\\/es\\\/los-miembros-de-la-red-labscience-2\\\/dujardin\\\/\",\"name\":\"Dujardin, fabricante de estructuras met\u00e1licas\",\"isPartOf\":{\"@id\":\"https:\\\/\\\/www.lab-science.eu\\\/#website\"},\"primaryImageOfPage\":{\"@id\":\"https:\\\/\\\/www.lab-science.eu\\\/es\\\/los-miembros-de-la-red-labscience-2\\\/dujardin\\\/#primaryimage\"},\"image\":{\"@id\":\"https:\\\/\\\/www.lab-science.eu\\\/es\\\/los-miembros-de-la-red-labscience-2\\\/dujardin\\\/#primaryimage\"},\"thumbnailUrl\":\"https:\\\/\\\/www.lab-science.eu\\\/wp-content\\\/uploads\\\/2022\\\/01\\\/LOGO-Dujardin-complet.png\",\"datePublished\":\"2021-04-20T15:17:06+00:00\",\"dateModified\":\"2023-01-20T14:30:14+00:00\",\"description\":\"Dujardin est\u00e1 especializada en la fabricaci\u00f3n de estructuras met\u00e1licas en los campos de tuber\u00edas, soldadura y fabricaci\u00f3n industrial de calderas.\",\"breadcrumb\":{\"@id\":\"https:\\\/\\\/www.lab-science.eu\\\/es\\\/los-miembros-de-la-red-labscience-2\\\/dujardin\\\/#breadcrumb\"},\"inLanguage\":\"es\",\"potentialAction\":[{\"@type\":\"ReadAction\",\"target\":[\"https:\\\/\\\/www.lab-science.eu\\\/es\\\/los-miembros-de-la-red-labscience-2\\\/dujardin\\\/\"]}]},{\"@type\":\"ImageObject\",\"inLanguage\":\"es\",\"@id\":\"https:\\\/\\\/www.lab-science.eu\\\/es\\\/los-miembros-de-la-red-labscience-2\\\/dujardin\\\/#primaryimage\",\"url\":\"https:\\\/\\\/www.lab-science.eu\\\/wp-content\\\/uploads\\\/2022\\\/01\\\/LOGO-Dujardin-complet.png\",\"contentUrl\":\"https:\\\/\\\/www.lab-science.eu\\\/wp-content\\\/uploads\\\/2022\\\/01\\\/LOGO-Dujardin-complet.png\"},{\"@type\":\"BreadcrumbList\",\"@id\":\"https:\\\/\\\/www.lab-science.eu\\\/es\\\/los-miembros-de-la-red-labscience-2\\\/dujardin\\\/#breadcrumb\",\"itemListElement\":[{\"@type\":\"ListItem\",\"position\":1,\"name\":\"Accueil\",\"item\":\"https:\\\/\\\/www.lab-science.eu\\\/es\\\/\"},{\"@type\":\"ListItem\",\"position\":2,\"name\":\"LOS MIEMBROS DE LA RED LAB\u2019SCIENCE\",\"item\":\"https:\\\/\\\/www.lab-science.eu\\\/es\\\/los-miembros-de-la-red-labscience-2\\\/\"},{\"@type\":\"ListItem\",\"position\":3,\"name\":\"Dujardin\"}]},{\"@type\":\"WebSite\",\"@id\":\"https:\\\/\\\/www.lab-science.eu\\\/#website\",\"url\":\"https:\\\/\\\/www.lab-science.eu\\\/\",\"name\":\"Lab Science - Conception et Fabrication de salles blanches modulaire\",\"description\":\"\",\"potentialAction\":[{\"@type\":\"SearchAction\",\"target\":{\"@type\":\"EntryPoint\",\"urlTemplate\":\"https:\\\/\\\/www.lab-science.eu\\\/?s={search_term_string}\"},\"query-input\":{\"@type\":\"PropertyValueSpecification\",\"valueRequired\":true,\"valueName\":\"search_term_string\"}}],\"inLanguage\":\"es\"}]}<\/script>\n<!-- \/ Yoast SEO plugin. -->","yoast_head_json":{"title":"Dujardin, fabricante de estructuras met\u00e1licas","description":"Dujardin est\u00e1 especializada en la fabricaci\u00f3n de estructuras met\u00e1licas en los campos de tuber\u00edas, soldadura y fabricaci\u00f3n industrial de calderas.","robots":{"index":"index","follow":"follow","max-snippet":"max-snippet:-1","max-image-preview":"max-image-preview:large","max-video-preview":"max-video-preview:-1"},"canonical":"https:\/\/www.lab-science.eu\/es\/los-miembros-de-la-red-labscience-2\/dujardin\/","og_locale":"es_ES","og_type":"article","og_title":"Dujardin, fabricante de estructuras met\u00e1licas","og_description":"Dujardin est\u00e1 especializada en la fabricaci\u00f3n de estructuras met\u00e1licas en los campos de tuber\u00edas, soldadura y fabricaci\u00f3n industrial de calderas.","og_url":"https:\/\/www.lab-science.eu\/es\/los-miembros-de-la-red-labscience-2\/dujardin\/","og_site_name":"Lab Science - Conception et Fabrication de salles blanches modulaire","article_modified_time":"2023-01-20T14:30:14+00:00","og_image":[{"url":"https:\/\/www.lab-science.eu\/wp-content\/uploads\/2022\/01\/LOGO-Dujardin-complet.png","type":"","width":"","height":""}],"twitter_card":"summary_large_image","twitter_misc":{"Tiempo de lectura":"2 minutos"},"schema":{"@context":"https:\/\/schema.org","@graph":[{"@type":"WebPage","@id":"https:\/\/www.lab-science.eu\/es\/los-miembros-de-la-red-labscience-2\/dujardin\/","url":"https:\/\/www.lab-science.eu\/es\/los-miembros-de-la-red-labscience-2\/dujardin\/","name":"Dujardin, fabricante de estructuras met\u00e1licas","isPartOf":{"@id":"https:\/\/www.lab-science.eu\/#website"},"primaryImageOfPage":{"@id":"https:\/\/www.lab-science.eu\/es\/los-miembros-de-la-red-labscience-2\/dujardin\/#primaryimage"},"image":{"@id":"https:\/\/www.lab-science.eu\/es\/los-miembros-de-la-red-labscience-2\/dujardin\/#primaryimage"},"thumbnailUrl":"https:\/\/www.lab-science.eu\/wp-content\/uploads\/2022\/01\/LOGO-Dujardin-complet.png","datePublished":"2021-04-20T15:17:06+00:00","dateModified":"2023-01-20T14:30:14+00:00","description":"Dujardin est\u00e1 especializada en la fabricaci\u00f3n de estructuras met\u00e1licas en los campos de tuber\u00edas, soldadura y fabricaci\u00f3n industrial de calderas.","breadcrumb":{"@id":"https:\/\/www.lab-science.eu\/es\/los-miembros-de-la-red-labscience-2\/dujardin\/#breadcrumb"},"inLanguage":"es","potentialAction":[{"@type":"ReadAction","target":["https:\/\/www.lab-science.eu\/es\/los-miembros-de-la-red-labscience-2\/dujardin\/"]}]},{"@type":"ImageObject","inLanguage":"es","@id":"https:\/\/www.lab-science.eu\/es\/los-miembros-de-la-red-labscience-2\/dujardin\/#primaryimage","url":"https:\/\/www.lab-science.eu\/wp-content\/uploads\/2022\/01\/LOGO-Dujardin-complet.png","contentUrl":"https:\/\/www.lab-science.eu\/wp-content\/uploads\/2022\/01\/LOGO-Dujardin-complet.png"},{"@type":"BreadcrumbList","@id":"https:\/\/www.lab-science.eu\/es\/los-miembros-de-la-red-labscience-2\/dujardin\/#breadcrumb","itemListElement":[{"@type":"ListItem","position":1,"name":"Accueil","item":"https:\/\/www.lab-science.eu\/es\/"},{"@type":"ListItem","position":2,"name":"LOS MIEMBROS DE LA RED LAB\u2019SCIENCE","item":"https:\/\/www.lab-science.eu\/es\/los-miembros-de-la-red-labscience-2\/"},{"@type":"ListItem","position":3,"name":"Dujardin"}]},{"@type":"WebSite","@id":"https:\/\/www.lab-science.eu\/#website","url":"https:\/\/www.lab-science.eu\/","name":"Lab Science - Conception et Fabrication de salles blanches modulaire","description":"","potentialAction":[{"@type":"SearchAction","target":{"@type":"EntryPoint","urlTemplate":"https:\/\/www.lab-science.eu\/?s={search_term_string}"},"query-input":{"@type":"PropertyValueSpecification","valueRequired":true,"valueName":"search_term_string"}}],"inLanguage":"es"}]}},"_links":{"self":[{"href":"https:\/\/www.lab-science.eu\/es\/wp-json\/wp\/v2\/pages\/4112","targetHints":{"allow":["GET"]}}],"collection":[{"href":"https:\/\/www.lab-science.eu\/es\/wp-json\/wp\/v2\/pages"}],"about":[{"href":"https:\/\/www.lab-science.eu\/es\/wp-json\/wp\/v2\/types\/page"}],"author":[{"embeddable":true,"href":"https:\/\/www.lab-science.eu\/es\/wp-json\/wp\/v2\/users\/1"}],"replies":[{"embeddable":true,"href":"https:\/\/www.lab-science.eu\/es\/wp-json\/wp\/v2\/comments?post=4112"}],"version-history":[{"count":0,"href":"https:\/\/www.lab-science.eu\/es\/wp-json\/wp\/v2\/pages\/4112\/revisions"}],"up":[{"embeddable":true,"href":"https:\/\/www.lab-science.eu\/es\/wp-json\/wp\/v2\/pages\/4278"}],"wp:attachment":[{"href":"https:\/\/www.lab-science.eu\/es\/wp-json\/wp\/v2\/media?parent=4112"}],"curies":[{"name":"wp","href":"https:\/\/api.w.org\/{rel}","templated":true}]}}