{"id":4114,"date":"2021-04-20T17:20:49","date_gmt":"2021-04-20T15:20:49","guid":{"rendered":"https:\/\/www.lab-science.eu\/saita\/"},"modified":"2023-01-20T10:40:12","modified_gmt":"2023-01-20T09:40:12","slug":"saita","status":"publish","type":"page","link":"https:\/\/www.lab-science.eu\/es\/los-miembros-de-la-red-labscience-2\/saita\/","title":{"rendered":"Saita"},"content":{"rendered":"<div class=\"title\">\n<h1 class=\"header-text\">Saita<br \/>\n<span style=\"font-size: 50%;\">EMPRESA DE AQUITAINE DE INSTALACIONES T\u00c9RMICAS Y AEROLICAS<\/span><\/h1>\n<\/div>\n<div class=\"full-width\" style=\"color: #333333;background: #f6f6f6;\">\n<p>&nbsp;<\/p>\n<div class=\"one_half rnr-column\">\n<img decoding=\"async\" class=\"aligncenter size-large wp-image-2786 portfolio-lazyLoad\" src=\"https:\/\/www.lab-science.eu\/wp-content\/uploads\/2020\/12\/logo-saita-sans-Accroche.png\" data-original=\"https:\/\/www.lab-science.eu\/wp-content\/uploads\/2020\/12\/logo-saita-sans-Accroche.png\" alt=\"\" width=\"50%\" height=\"auto\" \/><noscript><img decoding=\"async\" class=\"aligncenter size-large wp-image-2786 portfolio-lazyLoad\" src=\"https:\/\/www.lab-science.eu\/wp-content\/uploads\/2020\/12\/logo-saita-sans-Accroche.png\" alt=\"\" width=\"50%\" height=\"auto\" \/><\/noscript><\/p>\n<\/div>\n<div class=\"one_half rnr-column last\">\n<span style=\"text-transform: uppercase; color: #6a0e41;\"><strong>SAITA TIENE M\u00daLTIPLES EXPERIENCIAS :<\/strong><\/span><\/p>\n<ul class=\"styled-list\">\n<li><i class=\"fa fa-check\" style=\"color:#6a0e41 !important;\"><\/i><span style=\"font-weight: 400;\">En ingenier\u00eda t\u00e9rmica: producci\u00f3n de fr\u00edo (unidades de refrigeraci\u00f3n), producci\u00f3n de calor (sala de calderas), control de temperatura o termorregulaci\u00f3n ;<\/span><\/li>\n<li><i class=\"fa fa-check\" style=\"color:#6a0e41 !important;\"><\/i><span style=\"font-weight: 400;\"><strong>Energ\u00eda solar: t\u00e9rmica o fotovoltaica ;<\/strong><\/span><\/li>\n<li><i class=\"fa fa-check\" style=\"color:#6a0e41 !important;\"><\/i><span style=\"font-weight: 400;\">Extracci\u00f3n de humos natural o mec\u00e1nica ;<\/span><\/li>\n<li><i class=\"fa fa-check\" style=\"color:#6a0e41 !important;\"><\/i><span style=\"font-weight: 400;\">Apagado autom\u00e1tico de agua ;<\/span><\/li>\n<li><i class=\"fa fa-check\" style=\"color:#6a0e41 !important;\"><\/i><span style=\"font-weight: 400;\">RIA: Redes de Incendio Armadas.<\/span><\/li>\n<\/ul>\n<\/div><div class=\"clear\"><\/div>\n<\/div>\n<p>&nbsp;<\/p>\n<h2>SOCIO DE LOS PROFESIONALES DE LA SALUD Y LA INDUSTRIA<\/h2>\n<p>Saita pone su experiencia al servicio de los establecimientos sanitarios, a los que la empresa proporciona instalaciones y tratamientos para entornos clim\u00e1ticos y de confort.<br \/>\nTambi\u00e9n est\u00e1 dirigido a los profesionales de la industria farmac\u00e9utica, electr\u00f3nica y alimentaria, a los que ofrece soluciones que satisfacen las necesidades de sus actividades.<\/p>\n<p>&nbsp;<\/p>\n<h2>MANTENIMIENTO<\/h2>\n<p>A continuaci\u00f3n de sus instalaciones, con el fin de mantenerlas en las mejores condiciones durante el mayor tiempo posible y preservar su rendimiento de acuerdo con la configuraci\u00f3n inicial, Saita ofrece a sus clientes la contrataci\u00f3n de un servicio de mantenimiento.<\/p>\n<p><strong>Sitio web:<\/strong> <a href=\"http:\/\/www.saita-entreprise.com\/\" target=\"_blank\" rel=\"nofollow\">www.saita-entreprise.com\/<\/a><\/p>\n<p>&nbsp;<\/p>\n<div class=\"title\">\n<h2 style=\"text-align: center;\">\u00bfQuiere confiarnos su proyecto?<\/h2>\n<p style=\"text-align: center;\">LAB&#8217;SCIENCE le acompa\u00f1a<\/p>\n<p>&nbsp;<\/p>\n<p style=\"text-align: center;\"><a class=\"header-text\" style=\"box-shadow: #6a0e41 0px 0px 0px 3px; font-size: 20px; font-style: normal; color: #ffffff; font-weight: normal; text-transform: uppercase; margin-bottom: 20px; line-height: 1; display: inline-block; padding: 10px; background: #6a0e41; text-align: center;\" href=\"https:\/\/www.lab-science.eu\/es\/contacto\/\">Cont\u00e1ctenos<\/a><\/p>\n<\/div>\n","protected":false},"excerpt":{"rendered":"<p>Saita EMPRESA DE AQUITAINE DE INSTALACIONES T\u00c9RMICAS Y AEROLICAS &nbsp; SOCIO DE LOS PROFESIONALES DE LA SALUD Y LA INDUSTRIA Saita pone su experiencia al servicio de los establecimientos sanitarios, a los que la empresa proporciona instalaciones y tratamientos para entornos clim\u00e1ticos y de confort. Tambi\u00e9n est\u00e1 dirigido a los profesionales de la industria farmac\u00e9utica,&hellip;<\/p>\n<p><a href=\"https:\/\/www.lab-science.eu\/es\/los-miembros-de-la-red-labscience-2\/saita\/\" class=\"read-more-link\">Read More &rarr;<\/a><\/p>\n","protected":false},"author":11,"featured_media":0,"parent":4278,"menu_order":0,"comment_status":"closed","ping_status":"closed","template":"","meta":{"footnotes":""},"class_list":["post-4114","page","type-page","status-publish","hentry"],"yoast_head":"<!-- This site is optimized with the Yoast SEO plugin v27.3 - https:\/\/yoast.com\/product\/yoast-seo-wordpress\/ -->\n<title>Saita : producci\u00f3n de fr\u00edo, calor y termorregulaci\u00f3n.<\/title>\n<meta name=\"description\" content=\"Saita pone su experiencia en la producci\u00f3n de fr\u00edo, calor y termorregulaci\u00f3n al servicio de los establecimientos sanitarios y de los industriales\" \/>\n<meta name=\"robots\" content=\"index, follow, max-snippet:-1, max-image-preview:large, max-video-preview:-1\" \/>\n<link rel=\"canonical\" href=\"https:\/\/www.lab-science.eu\/es\/los-miembros-de-la-red-labscience-2\/saita\/\" \/>\n<meta property=\"og:locale\" content=\"es_ES\" \/>\n<meta property=\"og:type\" content=\"article\" \/>\n<meta property=\"og:title\" content=\"Saita : producci\u00f3n de fr\u00edo, calor y termorregulaci\u00f3n.\" \/>\n<meta property=\"og:description\" content=\"Saita pone su experiencia en la producci\u00f3n de fr\u00edo, calor y termorregulaci\u00f3n al servicio de los establecimientos sanitarios y de los industriales\" \/>\n<meta property=\"og:url\" content=\"https:\/\/www.lab-science.eu\/es\/los-miembros-de-la-red-labscience-2\/saita\/\" \/>\n<meta property=\"og:site_name\" content=\"Lab Science - Conception et Fabrication de salles blanches modulaire\" \/>\n<meta property=\"article:modified_time\" content=\"2023-01-20T09:40:12+00:00\" \/>\n<meta property=\"og:image\" content=\"https:\/\/www.lab-science.eu\/wp-content\/uploads\/2020\/12\/logo-saita-sans-Accroche.png\" \/>\n<meta name=\"twitter:card\" content=\"summary_large_image\" \/>\n<meta name=\"twitter:label1\" content=\"Tiempo de lectura\" \/>\n\t<meta name=\"twitter:data1\" content=\"2 minutos\" \/>\n<script type=\"application\/ld+json\" class=\"yoast-schema-graph\">{\"@context\":\"https:\\\/\\\/schema.org\",\"@graph\":[{\"@type\":\"WebPage\",\"@id\":\"https:\\\/\\\/www.lab-science.eu\\\/es\\\/los-miembros-de-la-red-labscience-2\\\/saita\\\/\",\"url\":\"https:\\\/\\\/www.lab-science.eu\\\/es\\\/los-miembros-de-la-red-labscience-2\\\/saita\\\/\",\"name\":\"Saita : producci\u00f3n de fr\u00edo, calor y termorregulaci\u00f3n.\",\"isPartOf\":{\"@id\":\"https:\\\/\\\/www.lab-science.eu\\\/#website\"},\"primaryImageOfPage\":{\"@id\":\"https:\\\/\\\/www.lab-science.eu\\\/es\\\/los-miembros-de-la-red-labscience-2\\\/saita\\\/#primaryimage\"},\"image\":{\"@id\":\"https:\\\/\\\/www.lab-science.eu\\\/es\\\/los-miembros-de-la-red-labscience-2\\\/saita\\\/#primaryimage\"},\"thumbnailUrl\":\"https:\\\/\\\/www.lab-science.eu\\\/wp-content\\\/uploads\\\/2020\\\/12\\\/logo-saita-sans-Accroche.png\",\"datePublished\":\"2021-04-20T15:20:49+00:00\",\"dateModified\":\"2023-01-20T09:40:12+00:00\",\"description\":\"Saita pone su experiencia en la producci\u00f3n de fr\u00edo, calor y termorregulaci\u00f3n al servicio de los establecimientos sanitarios y de los industriales\",\"breadcrumb\":{\"@id\":\"https:\\\/\\\/www.lab-science.eu\\\/es\\\/los-miembros-de-la-red-labscience-2\\\/saita\\\/#breadcrumb\"},\"inLanguage\":\"es\",\"potentialAction\":[{\"@type\":\"ReadAction\",\"target\":[\"https:\\\/\\\/www.lab-science.eu\\\/es\\\/los-miembros-de-la-red-labscience-2\\\/saita\\\/\"]}]},{\"@type\":\"ImageObject\",\"inLanguage\":\"es\",\"@id\":\"https:\\\/\\\/www.lab-science.eu\\\/es\\\/los-miembros-de-la-red-labscience-2\\\/saita\\\/#primaryimage\",\"url\":\"https:\\\/\\\/www.lab-science.eu\\\/wp-content\\\/uploads\\\/2020\\\/12\\\/logo-saita-sans-Accroche.png\",\"contentUrl\":\"https:\\\/\\\/www.lab-science.eu\\\/wp-content\\\/uploads\\\/2020\\\/12\\\/logo-saita-sans-Accroche.png\"},{\"@type\":\"BreadcrumbList\",\"@id\":\"https:\\\/\\\/www.lab-science.eu\\\/es\\\/los-miembros-de-la-red-labscience-2\\\/saita\\\/#breadcrumb\",\"itemListElement\":[{\"@type\":\"ListItem\",\"position\":1,\"name\":\"Accueil\",\"item\":\"https:\\\/\\\/www.lab-science.eu\\\/es\\\/\"},{\"@type\":\"ListItem\",\"position\":2,\"name\":\"LOS MIEMBROS DE LA RED LAB\u2019SCIENCE\",\"item\":\"https:\\\/\\\/www.lab-science.eu\\\/es\\\/los-miembros-de-la-red-labscience-2\\\/\"},{\"@type\":\"ListItem\",\"position\":3,\"name\":\"Saita\"}]},{\"@type\":\"WebSite\",\"@id\":\"https:\\\/\\\/www.lab-science.eu\\\/#website\",\"url\":\"https:\\\/\\\/www.lab-science.eu\\\/\",\"name\":\"Lab Science - Conception et Fabrication de salles blanches modulaire\",\"description\":\"\",\"potentialAction\":[{\"@type\":\"SearchAction\",\"target\":{\"@type\":\"EntryPoint\",\"urlTemplate\":\"https:\\\/\\\/www.lab-science.eu\\\/?s={search_term_string}\"},\"query-input\":{\"@type\":\"PropertyValueSpecification\",\"valueRequired\":true,\"valueName\":\"search_term_string\"}}],\"inLanguage\":\"es\"}]}<\/script>\n<!-- \/ Yoast SEO plugin. -->","yoast_head_json":{"title":"Saita : producci\u00f3n de fr\u00edo, calor y termorregulaci\u00f3n.","description":"Saita pone su experiencia en la producci\u00f3n de fr\u00edo, calor y termorregulaci\u00f3n al servicio de los establecimientos sanitarios y de los industriales","robots":{"index":"index","follow":"follow","max-snippet":"max-snippet:-1","max-image-preview":"max-image-preview:large","max-video-preview":"max-video-preview:-1"},"canonical":"https:\/\/www.lab-science.eu\/es\/los-miembros-de-la-red-labscience-2\/saita\/","og_locale":"es_ES","og_type":"article","og_title":"Saita : producci\u00f3n de fr\u00edo, calor y termorregulaci\u00f3n.","og_description":"Saita pone su experiencia en la producci\u00f3n de fr\u00edo, calor y termorregulaci\u00f3n al servicio de los establecimientos sanitarios y de los industriales","og_url":"https:\/\/www.lab-science.eu\/es\/los-miembros-de-la-red-labscience-2\/saita\/","og_site_name":"Lab Science - Conception et Fabrication de salles blanches modulaire","article_modified_time":"2023-01-20T09:40:12+00:00","og_image":[{"url":"https:\/\/www.lab-science.eu\/wp-content\/uploads\/2020\/12\/logo-saita-sans-Accroche.png","type":"","width":"","height":""}],"twitter_card":"summary_large_image","twitter_misc":{"Tiempo de lectura":"2 minutos"},"schema":{"@context":"https:\/\/schema.org","@graph":[{"@type":"WebPage","@id":"https:\/\/www.lab-science.eu\/es\/los-miembros-de-la-red-labscience-2\/saita\/","url":"https:\/\/www.lab-science.eu\/es\/los-miembros-de-la-red-labscience-2\/saita\/","name":"Saita : producci\u00f3n de fr\u00edo, calor y termorregulaci\u00f3n.","isPartOf":{"@id":"https:\/\/www.lab-science.eu\/#website"},"primaryImageOfPage":{"@id":"https:\/\/www.lab-science.eu\/es\/los-miembros-de-la-red-labscience-2\/saita\/#primaryimage"},"image":{"@id":"https:\/\/www.lab-science.eu\/es\/los-miembros-de-la-red-labscience-2\/saita\/#primaryimage"},"thumbnailUrl":"https:\/\/www.lab-science.eu\/wp-content\/uploads\/2020\/12\/logo-saita-sans-Accroche.png","datePublished":"2021-04-20T15:20:49+00:00","dateModified":"2023-01-20T09:40:12+00:00","description":"Saita pone su experiencia en la producci\u00f3n de fr\u00edo, calor y termorregulaci\u00f3n al servicio de los establecimientos sanitarios y de los industriales","breadcrumb":{"@id":"https:\/\/www.lab-science.eu\/es\/los-miembros-de-la-red-labscience-2\/saita\/#breadcrumb"},"inLanguage":"es","potentialAction":[{"@type":"ReadAction","target":["https:\/\/www.lab-science.eu\/es\/los-miembros-de-la-red-labscience-2\/saita\/"]}]},{"@type":"ImageObject","inLanguage":"es","@id":"https:\/\/www.lab-science.eu\/es\/los-miembros-de-la-red-labscience-2\/saita\/#primaryimage","url":"https:\/\/www.lab-science.eu\/wp-content\/uploads\/2020\/12\/logo-saita-sans-Accroche.png","contentUrl":"https:\/\/www.lab-science.eu\/wp-content\/uploads\/2020\/12\/logo-saita-sans-Accroche.png"},{"@type":"BreadcrumbList","@id":"https:\/\/www.lab-science.eu\/es\/los-miembros-de-la-red-labscience-2\/saita\/#breadcrumb","itemListElement":[{"@type":"ListItem","position":1,"name":"Accueil","item":"https:\/\/www.lab-science.eu\/es\/"},{"@type":"ListItem","position":2,"name":"LOS MIEMBROS DE LA RED LAB\u2019SCIENCE","item":"https:\/\/www.lab-science.eu\/es\/los-miembros-de-la-red-labscience-2\/"},{"@type":"ListItem","position":3,"name":"Saita"}]},{"@type":"WebSite","@id":"https:\/\/www.lab-science.eu\/#website","url":"https:\/\/www.lab-science.eu\/","name":"Lab Science - Conception et Fabrication de salles blanches modulaire","description":"","potentialAction":[{"@type":"SearchAction","target":{"@type":"EntryPoint","urlTemplate":"https:\/\/www.lab-science.eu\/?s={search_term_string}"},"query-input":{"@type":"PropertyValueSpecification","valueRequired":true,"valueName":"search_term_string"}}],"inLanguage":"es"}]}},"_links":{"self":[{"href":"https:\/\/www.lab-science.eu\/es\/wp-json\/wp\/v2\/pages\/4114","targetHints":{"allow":["GET"]}}],"collection":[{"href":"https:\/\/www.lab-science.eu\/es\/wp-json\/wp\/v2\/pages"}],"about":[{"href":"https:\/\/www.lab-science.eu\/es\/wp-json\/wp\/v2\/types\/page"}],"author":[{"embeddable":true,"href":"https:\/\/www.lab-science.eu\/es\/wp-json\/wp\/v2\/users\/11"}],"replies":[{"embeddable":true,"href":"https:\/\/www.lab-science.eu\/es\/wp-json\/wp\/v2\/comments?post=4114"}],"version-history":[{"count":0,"href":"https:\/\/www.lab-science.eu\/es\/wp-json\/wp\/v2\/pages\/4114\/revisions"}],"up":[{"embeddable":true,"href":"https:\/\/www.lab-science.eu\/es\/wp-json\/wp\/v2\/pages\/4278"}],"wp:attachment":[{"href":"https:\/\/www.lab-science.eu\/es\/wp-json\/wp\/v2\/media?parent=4114"}],"curies":[{"name":"wp","href":"https:\/\/api.w.org\/{rel}","templated":true}]}}