{"id":4116,"date":"2021-04-21T11:40:21","date_gmt":"2021-04-21T09:40:21","guid":{"rendered":"https:\/\/www.lab-science.eu\/purevertech\/"},"modified":"2023-01-20T15:48:04","modified_gmt":"2023-01-20T14:48:04","slug":"labtech","status":"publish","type":"page","link":"https:\/\/www.lab-science.eu\/es\/los-miembros-de-la-red-labscience-2\/labtech\/","title":{"rendered":"2L.LAB\u2019TECH"},"content":{"rendered":"<p>&nbsp;<\/p>\n<div class=\"title\">\n<h1 class=\"header-text\">Lab&#8217;Tech:<br \/>\n<span style=\"font-size: 50%;\">especialista en el dise\u00f1o de cerramientos para salas blancas<\/span><\/h1>\n<\/div>\n<div class=\"full-width\" style=\"color: #333333;background: #FAFAFA;\">\n<div class=\"one_half rnr-column\">\n<img loading=\"lazy\" decoding=\"async\" class=\"wp-image-3244 size-full aligncenter portfolio-lazyLoad\" src=\"https:\/\/www.lab-science.eu\/wp-content\/uploads\/2022\/09\/Logo-LabTech.png\" data-original=\"https:\/\/www.lab-science.eu\/wp-content\/uploads\/2022\/09\/Logo-LabTech.png\" alt=\"\" width=\"200\" height=\"200\" \/><noscript><img loading=\"lazy\" decoding=\"async\" class=\"wp-image-3244 size-full aligncenter portfolio-lazyLoad\" src=\"https:\/\/www.lab-science.eu\/wp-content\/uploads\/2022\/09\/Logo-LabTech.png\" alt=\"\" width=\"200\" height=\"200\" \/><\/noscript><br \/>\n<\/div>\n<div class=\"one_half rnr-column last\">\n<p><span style=\"font-weight: bold; font-size: 1.2em;\">LAB&#8217;TECH (antes PUREVER Tech), empresa especializada en el dise\u00f1o de cerramientos para salas blancas y entornos de atm\u00f3sfera controlada, se une a LAB&#8217;SCIENCE y confirma as\u00ed la experiencia de la red en el mundo de las salas blancas.<\/span><\/p>\n<\/div><div class=\"clear\"><\/div>\n<\/div>\n<div class=\"one_half rnr-column\">\n<h2>LAB&#8217;TECH, un saber hacer estrat\u00e9gico para LAB&#8217;SCIENCE<\/h2>\n<p>Al integrar a LAB&#8217;TECH en su red, LAB&#8217;SCIENCE crea su propia fuerza de montaje de tabiques y garantiza ahora a sus clientes un apoyo integral en el desarrollo de salas blancas y entornos de atm\u00f3sfera controlada :<\/p>\n<p><strong>1. Asesoramiento sobre productos y soluciones de cerramiento de salas blancas ;<\/strong><br \/>\n<strong>2. Estudios y ejecuci\u00f3n de proyectos ;<\/strong><br \/>\n<strong>3. Producci\u00f3n de materiales ;<\/strong><br \/>\n<strong>4. Ejecuci\u00f3n de obras y servicios posventa.<\/strong><\/p>\n<p><span style=\"font-weight: 400;\">El enfoque integral por el que apuesta LAB&#8217;SCIENCE confirma su liderazgo <\/span><span style=\"font-weight: 400;\"> que apuesta LAB&#8217;SCIENCE confirma su liderazgo  <\/span><span style=\"font-weight: 400;\">en productos y soluciones <\/span><span style=\"font-weight: 400;\">de cerramiento de salas blancas <\/span><span style=\"font-weight: 400;\">(tabiques, techos y puertas).<\/span><br \/>\n<\/div>\n<div class=\"one_half rnr-column last\">\n<img loading=\"lazy\" decoding=\"async\" class=\"alignnone wp-image-3798 size-large portfolio-lazyLoad\" title=\"Lab'Tech, el especialista en salas blancas\" src=\"https:\/\/www.lab-science.eu\/wp-content\/uploads\/2022\/09\/Chantier-labtech-salle-propre.jpg\" data-original=\"https:\/\/www.lab-science.eu\/wp-content\/uploads\/2022\/09\/Chantier-labtech-salle-propre.jpg\" alt=\"Lab'Tech: dise\u00f1o de cerramientos para salas blancas\" width=\"1024\" height=\"875\" \/><noscript><img loading=\"lazy\" decoding=\"async\" class=\"alignnone wp-image-3798 size-large portfolio-lazyLoad\" title=\"Lab'Tech, el especialista en salas blancas\" src=\"https:\/\/www.lab-science.eu\/wp-content\/uploads\/2022\/09\/Chantier-labtech-salle-propre.jpg\" alt=\"Lab'Tech: dise\u00f1o de cerramientos para salas blancas\" width=\"1024\" height=\"875\" \/><\/noscript><br \/>\n<\/div><div class=\"clear\"><\/div>\n<div class=\"one_half rnr-column\">\n<p><img loading=\"lazy\" decoding=\"async\" class=\"alignnone wp-image-3800 size-large portfolio-lazyLoad\" title=\"Lab'Tech, el especialista en salas blancas\" src=\"https:\/\/www.lab-science.eu\/wp-content\/uploads\/2022\/09\/Labtech-mobilier-salle-propre.jpg\" data-original=\"https:\/\/www.lab-science.eu\/wp-content\/uploads\/2022\/09\/Labtech-mobilier-salle-propre.jpg\" alt=\"Lab'Tech: dise\u00f1o de cerramientos para salas blancas\" width=\"1024\" height=\"720\" \/><noscript><img loading=\"lazy\" decoding=\"async\" class=\"alignnone wp-image-3800 size-large portfolio-lazyLoad\" title=\"Lab'Tech, el especialista en salas blancas\" src=\"https:\/\/www.lab-science.eu\/wp-content\/uploads\/2022\/09\/Labtech-mobilier-salle-propre.jpg\" alt=\"Lab'Tech: dise\u00f1o de cerramientos para salas blancas\" width=\"1024\" height=\"720\" \/><\/noscript><br \/>\n<\/div>\n<div class=\"one_half rnr-column last\">\n&nbsp;<\/p>\n<h2>LAB&#8217;TECH, una oferta de cerramientos de salas blancas, y mucho m\u00e1s.<\/h2>\n<p><span style=\"font-weight: 400;\">Adem\u00e1s de especializarse en la producci\u00f3n e instalaci\u00f3n de cerramientos de salas blancas, LAB&#8217;TECH tambi\u00e9n puede llevar a cabo la supervisi\u00f3n de obras, los estudios de ejecuci\u00f3n o la s\u00edntesis BIM de proyectos llave en mano. <\/span><\/p>\n<p><span style=\"font-weight: 400;\">En funci\u00f3n de cada proyecto, LAB&#8217;TECH puede ofrecer a sus clientes la posibilidad de integrar equipos a medida :<\/span><\/p>\n<ul class=\"styled-list\">\n<li><i class=\"fa fa-check\" style=\"color:#6a0e41 !important;\"><\/i><span style=\"font-weight: bold; color: #6a0e41;\">Mobiliario de SAS y de laboratorio ;<\/span><\/li>\n<li><i class=\"fa fa-check\" style=\"color:#6a0e41 !important;\"><\/i><span style=\"font-weight: bold; color: #6a0e41;\">Sistemas de control de acceso y enclavamiento de puertas ;<\/span><\/li>\n<li><i class=\"fa fa-check\" style=\"color:#6a0e41 !important;\"><\/i><span style=\"font-weight: bold; color: #6a0e41;\">Terminales aer\u00e1ulicos o el\u00e9ctricos ;<\/span><\/li>\n<li><i class=\"fa fa-check\" style=\"color:#6a0e41 !important;\"><\/i><span style=\"font-weight: bold; color: #6a0e41;\">Sistemas de descontaminaci\u00f3n ;<\/span><\/li>\n<li><i class=\"fa fa-check\" style=\"color:#6a0e41 !important;\"><\/i><span style=\"font-weight: bold; color: #6a0e41;\">Sistemas de monitorizaci\u00f3n.<\/span><\/li>\n<\/ul>\n<\/div><div class=\"clear\"><\/div>\n&nbsp;<\/p>\n<div class=\"title\">\n<h2 style=\"text-align: center;\">\u00bfQuiere confiarnos su proyecto?<\/h2>\n<p style=\"text-align: center;\">LAB&#8217;SCIENCE le acompa\u00f1a<\/p>\n<p>&nbsp;<\/p>\n<p style=\"text-align: center;\"><a class=\"header-text\" style=\"box-shadow: #6a0e41 0px 0px 0px 3px; font-size: 20px; font-style: normal; color: #ffffff; font-weight: normal; text-transform: uppercase; margin-bottom: 20px; line-height: 1; display: inline-block; padding: 10px; background: #6a0e41; text-align: center;\" href=\"https:\/\/www.lab-science.eu\/es\/contacto\/\">CONT\u00c1CTENOS<\/a><\/p>\n<\/div>\n","protected":false},"excerpt":{"rendered":"<p>&nbsp; Lab&#8217;Tech: especialista en el dise\u00f1o de cerramientos para salas blancas &nbsp; \u00bfQuiere confiarnos su proyecto? LAB&#8217;SCIENCE le acompa\u00f1a &nbsp; CONT\u00c1CTENOS<\/p>\n","protected":false},"author":1,"featured_media":0,"parent":4278,"menu_order":0,"comment_status":"closed","ping_status":"closed","template":"","meta":{"footnotes":""},"class_list":["post-4116","page","type-page","status-publish","hentry"],"yoast_head":"<!-- This site is optimized with the Yoast SEO plugin v27.3 - https:\/\/yoast.com\/product\/yoast-seo-wordpress\/ -->\n<title>LAB&#039;TECH: dise\u00f1o de recintos para salas blancas<\/title>\n<meta name=\"description\" content=\"LAB&#039;TECH est\u00e1 especializada en el dise\u00f1o de recintos para salas blancas, y opera en diferentes campos de actividad en funci\u00f3n del nivel de control ambiental requerido.\" \/>\n<meta name=\"robots\" content=\"index, follow, max-snippet:-1, max-image-preview:large, max-video-preview:-1\" \/>\n<link rel=\"canonical\" href=\"https:\/\/www.lab-science.eu\/es\/los-miembros-de-la-red-labscience-2\/labtech\/\" \/>\n<meta property=\"og:locale\" content=\"es_ES\" \/>\n<meta property=\"og:type\" content=\"article\" \/>\n<meta property=\"og:title\" content=\"LAB&#039;TECH: dise\u00f1o de recintos para salas blancas\" \/>\n<meta property=\"og:description\" content=\"LAB&#039;TECH est\u00e1 especializada en el dise\u00f1o de recintos para salas blancas, y opera en diferentes campos de actividad en funci\u00f3n del nivel de control ambiental requerido.\" \/>\n<meta property=\"og:url\" content=\"https:\/\/www.lab-science.eu\/es\/los-miembros-de-la-red-labscience-2\/labtech\/\" \/>\n<meta property=\"og:site_name\" content=\"Lab Science - Conception et Fabrication de salles blanches modulaire\" \/>\n<meta property=\"article:modified_time\" content=\"2023-01-20T14:48:04+00:00\" \/>\n<meta property=\"og:image\" content=\"https:\/\/www.lab-science.eu\/wp-content\/uploads\/2022\/09\/Logo-LabTech.png\" \/>\n<meta name=\"twitter:card\" content=\"summary_large_image\" \/>\n<meta name=\"twitter:label1\" content=\"Tiempo de lectura\" \/>\n\t<meta name=\"twitter:data1\" content=\"3 minutos\" \/>\n<script type=\"application\/ld+json\" class=\"yoast-schema-graph\">{\"@context\":\"https:\\\/\\\/schema.org\",\"@graph\":[{\"@type\":\"WebPage\",\"@id\":\"https:\\\/\\\/www.lab-science.eu\\\/es\\\/los-miembros-de-la-red-labscience-2\\\/labtech\\\/\",\"url\":\"https:\\\/\\\/www.lab-science.eu\\\/es\\\/los-miembros-de-la-red-labscience-2\\\/labtech\\\/\",\"name\":\"LAB'TECH: dise\u00f1o de recintos para salas blancas\",\"isPartOf\":{\"@id\":\"https:\\\/\\\/www.lab-science.eu\\\/#website\"},\"primaryImageOfPage\":{\"@id\":\"https:\\\/\\\/www.lab-science.eu\\\/es\\\/los-miembros-de-la-red-labscience-2\\\/labtech\\\/#primaryimage\"},\"image\":{\"@id\":\"https:\\\/\\\/www.lab-science.eu\\\/es\\\/los-miembros-de-la-red-labscience-2\\\/labtech\\\/#primaryimage\"},\"thumbnailUrl\":\"https:\\\/\\\/www.lab-science.eu\\\/wp-content\\\/uploads\\\/2022\\\/09\\\/Logo-LabTech.png\",\"datePublished\":\"2021-04-21T09:40:21+00:00\",\"dateModified\":\"2023-01-20T14:48:04+00:00\",\"description\":\"LAB'TECH est\u00e1 especializada en el dise\u00f1o de recintos para salas blancas, y opera en diferentes campos de actividad en funci\u00f3n del nivel de control ambiental requerido.\",\"breadcrumb\":{\"@id\":\"https:\\\/\\\/www.lab-science.eu\\\/es\\\/los-miembros-de-la-red-labscience-2\\\/labtech\\\/#breadcrumb\"},\"inLanguage\":\"es\",\"potentialAction\":[{\"@type\":\"ReadAction\",\"target\":[\"https:\\\/\\\/www.lab-science.eu\\\/es\\\/los-miembros-de-la-red-labscience-2\\\/labtech\\\/\"]}]},{\"@type\":\"ImageObject\",\"inLanguage\":\"es\",\"@id\":\"https:\\\/\\\/www.lab-science.eu\\\/es\\\/los-miembros-de-la-red-labscience-2\\\/labtech\\\/#primaryimage\",\"url\":\"https:\\\/\\\/www.lab-science.eu\\\/wp-content\\\/uploads\\\/2022\\\/09\\\/Logo-LabTech.png\",\"contentUrl\":\"https:\\\/\\\/www.lab-science.eu\\\/wp-content\\\/uploads\\\/2022\\\/09\\\/Logo-LabTech.png\"},{\"@type\":\"BreadcrumbList\",\"@id\":\"https:\\\/\\\/www.lab-science.eu\\\/es\\\/los-miembros-de-la-red-labscience-2\\\/labtech\\\/#breadcrumb\",\"itemListElement\":[{\"@type\":\"ListItem\",\"position\":1,\"name\":\"Accueil\",\"item\":\"https:\\\/\\\/www.lab-science.eu\\\/es\\\/\"},{\"@type\":\"ListItem\",\"position\":2,\"name\":\"LOS MIEMBROS DE LA RED LAB\u2019SCIENCE\",\"item\":\"https:\\\/\\\/www.lab-science.eu\\\/es\\\/los-miembros-de-la-red-labscience-2\\\/\"},{\"@type\":\"ListItem\",\"position\":3,\"name\":\"2L.LAB\u2019TECH\"}]},{\"@type\":\"WebSite\",\"@id\":\"https:\\\/\\\/www.lab-science.eu\\\/#website\",\"url\":\"https:\\\/\\\/www.lab-science.eu\\\/\",\"name\":\"Lab Science - Conception et Fabrication de salles blanches modulaire\",\"description\":\"\",\"potentialAction\":[{\"@type\":\"SearchAction\",\"target\":{\"@type\":\"EntryPoint\",\"urlTemplate\":\"https:\\\/\\\/www.lab-science.eu\\\/?s={search_term_string}\"},\"query-input\":{\"@type\":\"PropertyValueSpecification\",\"valueRequired\":true,\"valueName\":\"search_term_string\"}}],\"inLanguage\":\"es\"}]}<\/script>\n<!-- \/ Yoast SEO plugin. -->","yoast_head_json":{"title":"LAB'TECH: dise\u00f1o de recintos para salas blancas","description":"LAB'TECH est\u00e1 especializada en el dise\u00f1o de recintos para salas blancas, y opera en diferentes campos de actividad en funci\u00f3n del nivel de control ambiental requerido.","robots":{"index":"index","follow":"follow","max-snippet":"max-snippet:-1","max-image-preview":"max-image-preview:large","max-video-preview":"max-video-preview:-1"},"canonical":"https:\/\/www.lab-science.eu\/es\/los-miembros-de-la-red-labscience-2\/labtech\/","og_locale":"es_ES","og_type":"article","og_title":"LAB'TECH: dise\u00f1o de recintos para salas blancas","og_description":"LAB'TECH est\u00e1 especializada en el dise\u00f1o de recintos para salas blancas, y opera en diferentes campos de actividad en funci\u00f3n del nivel de control ambiental requerido.","og_url":"https:\/\/www.lab-science.eu\/es\/los-miembros-de-la-red-labscience-2\/labtech\/","og_site_name":"Lab Science - Conception et Fabrication de salles blanches modulaire","article_modified_time":"2023-01-20T14:48:04+00:00","og_image":[{"url":"https:\/\/www.lab-science.eu\/wp-content\/uploads\/2022\/09\/Logo-LabTech.png","type":"","width":"","height":""}],"twitter_card":"summary_large_image","twitter_misc":{"Tiempo de lectura":"3 minutos"},"schema":{"@context":"https:\/\/schema.org","@graph":[{"@type":"WebPage","@id":"https:\/\/www.lab-science.eu\/es\/los-miembros-de-la-red-labscience-2\/labtech\/","url":"https:\/\/www.lab-science.eu\/es\/los-miembros-de-la-red-labscience-2\/labtech\/","name":"LAB'TECH: dise\u00f1o de recintos para salas blancas","isPartOf":{"@id":"https:\/\/www.lab-science.eu\/#website"},"primaryImageOfPage":{"@id":"https:\/\/www.lab-science.eu\/es\/los-miembros-de-la-red-labscience-2\/labtech\/#primaryimage"},"image":{"@id":"https:\/\/www.lab-science.eu\/es\/los-miembros-de-la-red-labscience-2\/labtech\/#primaryimage"},"thumbnailUrl":"https:\/\/www.lab-science.eu\/wp-content\/uploads\/2022\/09\/Logo-LabTech.png","datePublished":"2021-04-21T09:40:21+00:00","dateModified":"2023-01-20T14:48:04+00:00","description":"LAB'TECH est\u00e1 especializada en el dise\u00f1o de recintos para salas blancas, y opera en diferentes campos de actividad en funci\u00f3n del nivel de control ambiental requerido.","breadcrumb":{"@id":"https:\/\/www.lab-science.eu\/es\/los-miembros-de-la-red-labscience-2\/labtech\/#breadcrumb"},"inLanguage":"es","potentialAction":[{"@type":"ReadAction","target":["https:\/\/www.lab-science.eu\/es\/los-miembros-de-la-red-labscience-2\/labtech\/"]}]},{"@type":"ImageObject","inLanguage":"es","@id":"https:\/\/www.lab-science.eu\/es\/los-miembros-de-la-red-labscience-2\/labtech\/#primaryimage","url":"https:\/\/www.lab-science.eu\/wp-content\/uploads\/2022\/09\/Logo-LabTech.png","contentUrl":"https:\/\/www.lab-science.eu\/wp-content\/uploads\/2022\/09\/Logo-LabTech.png"},{"@type":"BreadcrumbList","@id":"https:\/\/www.lab-science.eu\/es\/los-miembros-de-la-red-labscience-2\/labtech\/#breadcrumb","itemListElement":[{"@type":"ListItem","position":1,"name":"Accueil","item":"https:\/\/www.lab-science.eu\/es\/"},{"@type":"ListItem","position":2,"name":"LOS MIEMBROS DE LA RED LAB\u2019SCIENCE","item":"https:\/\/www.lab-science.eu\/es\/los-miembros-de-la-red-labscience-2\/"},{"@type":"ListItem","position":3,"name":"2L.LAB\u2019TECH"}]},{"@type":"WebSite","@id":"https:\/\/www.lab-science.eu\/#website","url":"https:\/\/www.lab-science.eu\/","name":"Lab Science - Conception et Fabrication de salles blanches modulaire","description":"","potentialAction":[{"@type":"SearchAction","target":{"@type":"EntryPoint","urlTemplate":"https:\/\/www.lab-science.eu\/?s={search_term_string}"},"query-input":{"@type":"PropertyValueSpecification","valueRequired":true,"valueName":"search_term_string"}}],"inLanguage":"es"}]}},"_links":{"self":[{"href":"https:\/\/www.lab-science.eu\/es\/wp-json\/wp\/v2\/pages\/4116","targetHints":{"allow":["GET"]}}],"collection":[{"href":"https:\/\/www.lab-science.eu\/es\/wp-json\/wp\/v2\/pages"}],"about":[{"href":"https:\/\/www.lab-science.eu\/es\/wp-json\/wp\/v2\/types\/page"}],"author":[{"embeddable":true,"href":"https:\/\/www.lab-science.eu\/es\/wp-json\/wp\/v2\/users\/1"}],"replies":[{"embeddable":true,"href":"https:\/\/www.lab-science.eu\/es\/wp-json\/wp\/v2\/comments?post=4116"}],"version-history":[{"count":0,"href":"https:\/\/www.lab-science.eu\/es\/wp-json\/wp\/v2\/pages\/4116\/revisions"}],"up":[{"embeddable":true,"href":"https:\/\/www.lab-science.eu\/es\/wp-json\/wp\/v2\/pages\/4278"}],"wp:attachment":[{"href":"https:\/\/www.lab-science.eu\/es\/wp-json\/wp\/v2\/media?parent=4116"}],"curies":[{"name":"wp","href":"https:\/\/api.w.org\/{rel}","templated":true}]}}