{"id":4122,"date":"2021-04-21T11:50:06","date_gmt":"2021-04-21T09:50:06","guid":{"rendered":"https:\/\/www.lab-science.eu\/lebailly\/"},"modified":"2023-01-20T15:51:02","modified_gmt":"2023-01-20T14:51:02","slug":"lebailly","status":"publish","type":"page","link":"https:\/\/www.lab-science.eu\/es\/los-miembros-de-la-red-labscience-2\/lebailly\/","title":{"rendered":"Lebailly"},"content":{"rendered":"<div class=\"title\">\n<h1 class=\"header-text\">Lebailly<br \/>\n<span style=\"font-size: 50%;\">CERRAMIENTO NIDO DE ABEJA PARA SALA LIMPIA<\/span><\/h1>\n<div class=\"full-width\" style=\"color: #333333;background: #FAFAFA;\"><div class=\"one_half rnr-column\">\n<p><img loading=\"lazy\" decoding=\"async\" class=\"aligncenter size-full wp-image-2999 portfolio-lazyLoad\" title=\"Lebailly\" src=\"https:\/\/www.lab-science.eu\/wp-content\/uploads\/2018\/07\/Logo-lebailly.png\" data-original=\"https:\/\/www.lab-science.eu\/wp-content\/uploads\/2018\/07\/Logo-lebailly.png\" alt=\"\" width=\"3199\" height=\"1262\" srcset=\"https:\/\/www.lab-science.eu\/wp-content\/uploads\/2018\/07\/Logo-lebailly.png 3199w, https:\/\/www.lab-science.eu\/wp-content\/uploads\/2018\/07\/Logo-lebailly-300x118.png 300w, https:\/\/www.lab-science.eu\/wp-content\/uploads\/2018\/07\/Logo-lebailly-768x303.png 768w, https:\/\/www.lab-science.eu\/wp-content\/uploads\/2018\/07\/Logo-lebailly-1024x404.png 1024w\" sizes=\"auto, (max-width: 3199px) 100vw, 3199px\" \/><noscript><img loading=\"lazy\" decoding=\"async\" class=\"aligncenter size-full wp-image-2999 portfolio-lazyLoad\" title=\"Lebailly\" src=\"https:\/\/www.lab-science.eu\/wp-content\/uploads\/2018\/07\/Logo-lebailly.png\" alt=\"\" width=\"3199\" height=\"1262\" srcset=\"https:\/\/www.lab-science.eu\/wp-content\/uploads\/2018\/07\/Logo-lebailly.png 3199w, https:\/\/www.lab-science.eu\/wp-content\/uploads\/2018\/07\/Logo-lebailly-300x118.png 300w, https:\/\/www.lab-science.eu\/wp-content\/uploads\/2018\/07\/Logo-lebailly-768x303.png 768w, https:\/\/www.lab-science.eu\/wp-content\/uploads\/2018\/07\/Logo-lebailly-1024x404.png 1024w\" sizes=\"auto, (max-width: 3199px) 100vw, 3199px\" \/><\/noscript><br \/>\n<\/div>\n<div class=\"one_half rnr-column last\">\n<p>Desde 1978, Lebailly dise\u00f1a, fabrica y comercializa una amplia gama de cerramientos nido de abeja para los sectores terciarios e industriales. El conjunto de estos productos permite adaptarse a todos las necesidades y exigencias de las salas bajo atmosfera controlada, que sean est\u00e9ticos, t\u00e9cnicos o pr\u00e1cticos.<\/p>\n<p>Industria microelectr\u00f3nica, \u00f3ptica, hospitalario, industria farmac\u00e9utica; Lebailly es el socio privilegiado de la industria punta e interviene en todos los tipos de proyectos de creaci\u00f3n de superficies en entornos con atmosfera controlada.<br \/>\n<\/div><div class=\"clear\"><\/div>\n<\/div>\n<p>&nbsp;<\/p>\n<h2>LA EXPERIENCIA LEBAILLY<\/h2>\n<p>El entarimado con nido de abeja en zona t\u00e9cnica responde a problem\u00e1ticas muy espec\u00edficas en t\u00e9rminos de ligereza de las instalaciones, de calidad antiest\u00e1tica y de reacci\u00f3n al fuego gracias a su revestimiento en aluminio laminado.<\/p>\n<p>Las instalaciones propuestas por Lebailly cubren un amplio espectro de necesidades relativas a la integraci\u00f3n de sistemas en entornos bajo atmosfera controlada :<br \/>\n<ul class=\"styled-list\">\n<li><i class=\"fa fa-check\" style=\"color:#6a0e41 !important;\"><\/i>CVC: creaci\u00f3n de plenum espec\u00edficos de tratamiento de aire a medida ;<\/li>\n<li><i class=\"fa fa-check\" style=\"color:#6a0e41 !important;\"><\/i>Electricidad: montajes enrasados (integraci\u00f3n de sistemas el\u00e9ctricos sin sobre-espesor) ;<\/li>\n<li><i class=\"fa fa-check\" style=\"color:#6a0e41 !important;\"><\/i>Equipamiento: estuches, autoclaves, material de producci\u00f3n, etc.<\/li>\n<\/ul>\n<p>&nbsp;<\/p>\n<h2>SUS AREA DE COMPETENCIA<\/h2>\n<p><strong>Suministro e instalaci\u00f3n de paneles nido de abeja para salas especificas (gran longitud\/altura).<\/strong><br \/>\n<strong>Suministro e instalaci\u00f3n de entarimado de aluminio.<\/strong><br \/>\n<strong>Fabricaci\u00f3n de tabiques de separaci\u00f3n y puertas.<\/strong><br \/>\n<strong>Creaci\u00f3n de bungalow, local TCE (tabiques, techos, puertas).<\/strong><br \/>\n<strong>Fabricaci\u00f3n de plenums para circular.<\/strong><br \/>\n<strong>Fabricaci\u00f3n de techos filtrantes.<\/strong><br \/>\n<strong>Instalaci\u00f3n de rejilla de estanqueidad compleja.<\/strong><br \/>\n<strong>Revestimiento de equipos.<\/strong><br \/>\n<strong>Servicio de mantenimiento.<\/strong><\/p>\n<p>&nbsp;<\/p>\n<h2>ALGUNOS EJEMPLOS DE CREACIONES<\/h2>\n<ul class=\"styled-list\">\n&#8211; Creaci\u00f3n de conjuntos para quir\u00f3fanos (salas, vestuarios, laboratorios, paneles, puertas, plenum, flujo laminar).<br \/>\n&#8211; Creaci\u00f3n de laboratorios para actividad sensible (suelo autoportante, puertas, paneles, revestimientos).<br \/>\n&#8211; Creaci\u00f3n de espacios cocina con c\u00e1maras frigor\u00edficas positivas y negativas.<br \/>\n&#8211; Creaci\u00f3n de zonas de transformaci\u00f3n de producto en clase ISO 5 y ISO 8.<br \/>\n&#8211; Creaci\u00f3n de animalarios.<br \/>\n<\/ul>\n<p>&nbsp;<\/p>\n<h2>VENTAJAS DE LA OFERTA LEBAILLY<\/h2>\n<p>Lebailly le garantiza prestaciones a medida, as\u00ed como :<\/p>\n<ul class=\"styled-list\">\n<li><i class=\"fa fa-check\" style=\"color:#6a0e41 !important;\"><\/i>Una ejecuci\u00f3n r\u00e1pida para responder a sus obligaciones de planning ;<\/li>\n<li><i class=\"fa fa-check\" style=\"color:#6a0e41 !important;\"><\/i>Una facilidad de instalaci\u00f3n y puesta en marcha ;<\/li>\n<li><i class=\"fa fa-check\" style=\"color:#6a0e41 !important;\"><\/i>Una respuesta a sus exigencias de peso sin crear una losa de hormig\u00f3n.<\/li>\n<\/ul>\n<p>&nbsp;<\/p>\n<div class=\"title\">\n<h2 style=\"text-align: center;\">\u00bfQuiere confiarnos su proyecto?<\/h2>\n<p style=\"text-align: center;\">LAB&#8217;SCIENCE le acompa\u00f1a.<\/p>\n<p>&nbsp;<\/p>\n<p style=\"text-align: center;\"><a class=\"header-text\" style=\"box-shadow: #6a0e41 0px 0px 0px 3px; font-size: 20px; font-style: normal; color: #ffffff; font-weight: normal; text-transform: uppercase; margin-bottom: 20px; line-height: 1; display: inline-block; padding: 10px; background: #6a0e41; text-align: center;\" href=\"https:\/\/www.lab-science.eu\/es\/contacto\/\">Cont\u00e1ctenos<\/a><\/p>\n<\/div>\n<\/div>\n","protected":false},"excerpt":{"rendered":"<p>Lebailly CERRAMIENTO NIDO DE ABEJA PARA SALA LIMPIA &nbsp; LA EXPERIENCIA LEBAILLY El entarimado con nido de abeja en zona t\u00e9cnica responde a problem\u00e1ticas muy espec\u00edficas en t\u00e9rminos de ligereza de las instalaciones, de calidad antiest\u00e1tica y de reacci\u00f3n al fuego gracias a su revestimiento en aluminio laminado. Las instalaciones propuestas por Lebailly cubren un&hellip;<\/p>\n<p><a href=\"https:\/\/www.lab-science.eu\/es\/los-miembros-de-la-red-labscience-2\/lebailly\/\" class=\"read-more-link\">Read More &rarr;<\/a><\/p>\n","protected":false},"author":1,"featured_media":0,"parent":4278,"menu_order":0,"comment_status":"closed","ping_status":"closed","template":"","meta":{"footnotes":""},"class_list":["post-4122","page","type-page","status-publish","hentry"],"yoast_head":"<!-- This site is optimized with the Yoast SEO plugin v27.3 - https:\/\/yoast.com\/product\/yoast-seo-wordpress\/ -->\n<title>Lebailly, cerramiento nido de abeja par salas limpias<\/title>\n<meta name=\"description\" content=\"Lebailly est\u00e1 especializado en el cerramiento nido de abeja a medida y propone soluciones par salas limpias y entornos a atm\u00f3sfera controlada.\" \/>\n<meta name=\"robots\" content=\"index, follow, max-snippet:-1, max-image-preview:large, max-video-preview:-1\" \/>\n<link rel=\"canonical\" href=\"https:\/\/www.lab-science.eu\/es\/los-miembros-de-la-red-labscience-2\/lebailly\/\" \/>\n<meta property=\"og:locale\" content=\"es_ES\" \/>\n<meta property=\"og:type\" content=\"article\" \/>\n<meta property=\"og:title\" content=\"Lebailly, cerramiento nido de abeja par salas limpias\" \/>\n<meta property=\"og:description\" content=\"Lebailly est\u00e1 especializado en el cerramiento nido de abeja a medida y propone soluciones par salas limpias y entornos a atm\u00f3sfera controlada.\" \/>\n<meta property=\"og:url\" content=\"https:\/\/www.lab-science.eu\/es\/los-miembros-de-la-red-labscience-2\/lebailly\/\" \/>\n<meta property=\"og:site_name\" content=\"Lab Science - Conception et Fabrication de salles blanches modulaire\" \/>\n<meta property=\"article:modified_time\" content=\"2023-01-20T14:51:02+00:00\" \/>\n<meta property=\"og:image\" content=\"https:\/\/www.lab-science.eu\/wp-content\/uploads\/2018\/07\/Logo-lebailly.png\" \/>\n<meta name=\"twitter:card\" content=\"summary_large_image\" \/>\n<meta name=\"twitter:label1\" content=\"Tiempo de lectura\" \/>\n\t<meta name=\"twitter:data1\" content=\"3 minutos\" \/>\n<script type=\"application\/ld+json\" class=\"yoast-schema-graph\">{\"@context\":\"https:\\\/\\\/schema.org\",\"@graph\":[{\"@type\":\"WebPage\",\"@id\":\"https:\\\/\\\/www.lab-science.eu\\\/es\\\/los-miembros-de-la-red-labscience-2\\\/lebailly\\\/\",\"url\":\"https:\\\/\\\/www.lab-science.eu\\\/es\\\/los-miembros-de-la-red-labscience-2\\\/lebailly\\\/\",\"name\":\"Lebailly, cerramiento nido de abeja par salas limpias\",\"isPartOf\":{\"@id\":\"https:\\\/\\\/www.lab-science.eu\\\/#website\"},\"primaryImageOfPage\":{\"@id\":\"https:\\\/\\\/www.lab-science.eu\\\/es\\\/los-miembros-de-la-red-labscience-2\\\/lebailly\\\/#primaryimage\"},\"image\":{\"@id\":\"https:\\\/\\\/www.lab-science.eu\\\/es\\\/los-miembros-de-la-red-labscience-2\\\/lebailly\\\/#primaryimage\"},\"thumbnailUrl\":\"https:\\\/\\\/www.lab-science.eu\\\/wp-content\\\/uploads\\\/2018\\\/07\\\/Logo-lebailly.png\",\"datePublished\":\"2021-04-21T09:50:06+00:00\",\"dateModified\":\"2023-01-20T14:51:02+00:00\",\"description\":\"Lebailly est\u00e1 especializado en el cerramiento nido de abeja a medida y propone soluciones par salas limpias y entornos a atm\u00f3sfera controlada.\",\"breadcrumb\":{\"@id\":\"https:\\\/\\\/www.lab-science.eu\\\/es\\\/los-miembros-de-la-red-labscience-2\\\/lebailly\\\/#breadcrumb\"},\"inLanguage\":\"es\",\"potentialAction\":[{\"@type\":\"ReadAction\",\"target\":[\"https:\\\/\\\/www.lab-science.eu\\\/es\\\/los-miembros-de-la-red-labscience-2\\\/lebailly\\\/\"]}]},{\"@type\":\"ImageObject\",\"inLanguage\":\"es\",\"@id\":\"https:\\\/\\\/www.lab-science.eu\\\/es\\\/los-miembros-de-la-red-labscience-2\\\/lebailly\\\/#primaryimage\",\"url\":\"https:\\\/\\\/www.lab-science.eu\\\/wp-content\\\/uploads\\\/2018\\\/07\\\/Logo-lebailly.png\",\"contentUrl\":\"https:\\\/\\\/www.lab-science.eu\\\/wp-content\\\/uploads\\\/2018\\\/07\\\/Logo-lebailly.png\"},{\"@type\":\"BreadcrumbList\",\"@id\":\"https:\\\/\\\/www.lab-science.eu\\\/es\\\/los-miembros-de-la-red-labscience-2\\\/lebailly\\\/#breadcrumb\",\"itemListElement\":[{\"@type\":\"ListItem\",\"position\":1,\"name\":\"Accueil\",\"item\":\"https:\\\/\\\/www.lab-science.eu\\\/es\\\/\"},{\"@type\":\"ListItem\",\"position\":2,\"name\":\"LOS MIEMBROS DE LA RED LAB\u2019SCIENCE\",\"item\":\"https:\\\/\\\/www.lab-science.eu\\\/es\\\/los-miembros-de-la-red-labscience-2\\\/\"},{\"@type\":\"ListItem\",\"position\":3,\"name\":\"Lebailly\"}]},{\"@type\":\"WebSite\",\"@id\":\"https:\\\/\\\/www.lab-science.eu\\\/#website\",\"url\":\"https:\\\/\\\/www.lab-science.eu\\\/\",\"name\":\"Lab Science - Conception et Fabrication de salles blanches modulaire\",\"description\":\"\",\"potentialAction\":[{\"@type\":\"SearchAction\",\"target\":{\"@type\":\"EntryPoint\",\"urlTemplate\":\"https:\\\/\\\/www.lab-science.eu\\\/?s={search_term_string}\"},\"query-input\":{\"@type\":\"PropertyValueSpecification\",\"valueRequired\":true,\"valueName\":\"search_term_string\"}}],\"inLanguage\":\"es\"}]}<\/script>\n<!-- \/ Yoast SEO plugin. -->","yoast_head_json":{"title":"Lebailly, cerramiento nido de abeja par salas limpias","description":"Lebailly est\u00e1 especializado en el cerramiento nido de abeja a medida y propone soluciones par salas limpias y entornos a atm\u00f3sfera controlada.","robots":{"index":"index","follow":"follow","max-snippet":"max-snippet:-1","max-image-preview":"max-image-preview:large","max-video-preview":"max-video-preview:-1"},"canonical":"https:\/\/www.lab-science.eu\/es\/los-miembros-de-la-red-labscience-2\/lebailly\/","og_locale":"es_ES","og_type":"article","og_title":"Lebailly, cerramiento nido de abeja par salas limpias","og_description":"Lebailly est\u00e1 especializado en el cerramiento nido de abeja a medida y propone soluciones par salas limpias y entornos a atm\u00f3sfera controlada.","og_url":"https:\/\/www.lab-science.eu\/es\/los-miembros-de-la-red-labscience-2\/lebailly\/","og_site_name":"Lab Science - Conception et Fabrication de salles blanches modulaire","article_modified_time":"2023-01-20T14:51:02+00:00","og_image":[{"url":"https:\/\/www.lab-science.eu\/wp-content\/uploads\/2018\/07\/Logo-lebailly.png","type":"","width":"","height":""}],"twitter_card":"summary_large_image","twitter_misc":{"Tiempo de lectura":"3 minutos"},"schema":{"@context":"https:\/\/schema.org","@graph":[{"@type":"WebPage","@id":"https:\/\/www.lab-science.eu\/es\/los-miembros-de-la-red-labscience-2\/lebailly\/","url":"https:\/\/www.lab-science.eu\/es\/los-miembros-de-la-red-labscience-2\/lebailly\/","name":"Lebailly, cerramiento nido de abeja par salas limpias","isPartOf":{"@id":"https:\/\/www.lab-science.eu\/#website"},"primaryImageOfPage":{"@id":"https:\/\/www.lab-science.eu\/es\/los-miembros-de-la-red-labscience-2\/lebailly\/#primaryimage"},"image":{"@id":"https:\/\/www.lab-science.eu\/es\/los-miembros-de-la-red-labscience-2\/lebailly\/#primaryimage"},"thumbnailUrl":"https:\/\/www.lab-science.eu\/wp-content\/uploads\/2018\/07\/Logo-lebailly.png","datePublished":"2021-04-21T09:50:06+00:00","dateModified":"2023-01-20T14:51:02+00:00","description":"Lebailly est\u00e1 especializado en el cerramiento nido de abeja a medida y propone soluciones par salas limpias y entornos a atm\u00f3sfera controlada.","breadcrumb":{"@id":"https:\/\/www.lab-science.eu\/es\/los-miembros-de-la-red-labscience-2\/lebailly\/#breadcrumb"},"inLanguage":"es","potentialAction":[{"@type":"ReadAction","target":["https:\/\/www.lab-science.eu\/es\/los-miembros-de-la-red-labscience-2\/lebailly\/"]}]},{"@type":"ImageObject","inLanguage":"es","@id":"https:\/\/www.lab-science.eu\/es\/los-miembros-de-la-red-labscience-2\/lebailly\/#primaryimage","url":"https:\/\/www.lab-science.eu\/wp-content\/uploads\/2018\/07\/Logo-lebailly.png","contentUrl":"https:\/\/www.lab-science.eu\/wp-content\/uploads\/2018\/07\/Logo-lebailly.png"},{"@type":"BreadcrumbList","@id":"https:\/\/www.lab-science.eu\/es\/los-miembros-de-la-red-labscience-2\/lebailly\/#breadcrumb","itemListElement":[{"@type":"ListItem","position":1,"name":"Accueil","item":"https:\/\/www.lab-science.eu\/es\/"},{"@type":"ListItem","position":2,"name":"LOS MIEMBROS DE LA RED LAB\u2019SCIENCE","item":"https:\/\/www.lab-science.eu\/es\/los-miembros-de-la-red-labscience-2\/"},{"@type":"ListItem","position":3,"name":"Lebailly"}]},{"@type":"WebSite","@id":"https:\/\/www.lab-science.eu\/#website","url":"https:\/\/www.lab-science.eu\/","name":"Lab Science - Conception et Fabrication de salles blanches modulaire","description":"","potentialAction":[{"@type":"SearchAction","target":{"@type":"EntryPoint","urlTemplate":"https:\/\/www.lab-science.eu\/?s={search_term_string}"},"query-input":{"@type":"PropertyValueSpecification","valueRequired":true,"valueName":"search_term_string"}}],"inLanguage":"es"}]}},"_links":{"self":[{"href":"https:\/\/www.lab-science.eu\/es\/wp-json\/wp\/v2\/pages\/4122","targetHints":{"allow":["GET"]}}],"collection":[{"href":"https:\/\/www.lab-science.eu\/es\/wp-json\/wp\/v2\/pages"}],"about":[{"href":"https:\/\/www.lab-science.eu\/es\/wp-json\/wp\/v2\/types\/page"}],"author":[{"embeddable":true,"href":"https:\/\/www.lab-science.eu\/es\/wp-json\/wp\/v2\/users\/1"}],"replies":[{"embeddable":true,"href":"https:\/\/www.lab-science.eu\/es\/wp-json\/wp\/v2\/comments?post=4122"}],"version-history":[{"count":0,"href":"https:\/\/www.lab-science.eu\/es\/wp-json\/wp\/v2\/pages\/4122\/revisions"}],"up":[{"embeddable":true,"href":"https:\/\/www.lab-science.eu\/es\/wp-json\/wp\/v2\/pages\/4278"}],"wp:attachment":[{"href":"https:\/\/www.lab-science.eu\/es\/wp-json\/wp\/v2\/media?parent=4122"}],"curies":[{"name":"wp","href":"https:\/\/api.w.org\/{rel}","templated":true}]}}