{"id":4127,"date":"2021-04-21T12:00:09","date_gmt":"2021-04-21T10:00:09","guid":{"rendered":"https:\/\/www.lab-science.eu\/equip-labo\/"},"modified":"2023-01-20T15:32:31","modified_gmt":"2023-01-20T14:32:31","slug":"equip-labo","status":"publish","type":"page","link":"https:\/\/www.lab-science.eu\/es\/los-miembros-de-la-red-labscience-2\/equip-labo\/","title":{"rendered":"Equip Labo"},"content":{"rendered":"<div class=\"title\">\n<h1 class=\"header-text\">Equip Labo<br \/>\n<span style=\"font-size: 50%;\">MOBILIARIO Y EQUIPAMIENTO DE LABORATORIO<\/span><\/h1>\n<\/div>\n<div class=\"full-width\" style=\"color: #333333;background: #FAFAFA;\">\n<div class=\"one_half rnr-column\">\n<p><img loading=\"lazy\" decoding=\"async\" class=\"aligncenter size-full wp-image-2778 portfolio-lazyLoad\" title=\"Equip Labo\" src=\"https:\/\/www.lab-science.eu\/wp-content\/uploads\/2018\/05\/EL.jpg\" data-original=\"https:\/\/www.lab-science.eu\/wp-content\/uploads\/2018\/05\/EL.jpg\" alt=\"Equip Labo\" width=\"189\" height=\"151\" \/><noscript><img loading=\"lazy\" decoding=\"async\" class=\"aligncenter size-full wp-image-2778 portfolio-lazyLoad\" title=\"Equip Labo\" src=\"https:\/\/www.lab-science.eu\/wp-content\/uploads\/2018\/05\/EL.jpg\" alt=\"Equip Labo\" width=\"189\" height=\"151\" \/><\/noscript><\/p>\n<\/div>\n<div class=\"one_half rnr-column last\">\nPrincipal fabricante franc\u00e9s de mobiliario y equipamiento de laboratorio para la industria, la empresa Equip Labo est\u00e1 especializada, desde m\u00e1s de 40 a\u00f1os, en proyectos de amueblamiento y distribuci\u00f3n de laboratorios, y en particular en instalaciones a medida con un valor a\u00f1adido t\u00e9cnico fuerte.<\/p>\n<p>Nuestra experiencia y nuestra capacidad para escuchar y comprender las necesidades espec\u00edficas de nuestros clientes nos permiten ofrecerles soluciones globales personalizadas (campana de flujo laminar, equipos multimedia para salas blancas, etc.)<\/p>\n<\/div><div class=\"clear\"><\/div>\n<\/div>\n<p>&nbsp;<\/p>\n<h2>EQUIPAMIENTO DE LABORATORIO<\/h2>\n<ul class=\"styled-list\">\nEquip Labo es el socio privilegiado de numerosos actores de la industria y de la investigaci\u00f3n para el dise\u00f1o y la instalaci\u00f3n de mobiliario de laboratorio :<\/p>\n<li><i class=\"fa fa-check\" style=\"color:#6a0e41 !important;\"><\/i><strong>Establecimientos de la salud (centros hospitalarios) ;<\/strong><\/li>\n<li><i class=\"fa fa-check\" style=\"color:#6a0e41 !important;\"><\/i><strong>Industria farmac\u00e9utica (laboratorios p\u00fablicos y privados) ;<\/strong><\/li>\n<li><i class=\"fa fa-check\" style=\"color:#6a0e41 !important;\"><\/i><strong>Ense\u00f1anza superior (universidades) ;<\/strong><\/li>\n<li><i class=\"fa fa-check\" style=\"color:#6a0e41 !important;\"><\/i><strong>Chimie et p\u00e9trochimie ;<\/strong><\/li>\n<li><i class=\"fa fa-check\" style=\"color:#6a0e41 !important;\"><\/i><strong>Cosm\u00e9tica y perfumer\u00eda ;<\/strong><\/li>\n<li><i class=\"fa fa-check\" style=\"color:#6a0e41 !important;\"><\/i><strong>Sector agroalimentario.<\/strong><\/li>\n<\/ul>\n<p>&nbsp;<\/p>\n<h2>UNA AMPLIA GAMA DE SERVICIO<\/h2>\n<p>Equip Labo propone un enfoque integrado del dise\u00f1o de equipamiento de laboratorio, con una gama de soluciones desde su dise\u00f1o, fabricaci\u00f3n hasta la entrega y montaje del mobiliario de laboratorio, pasando por el mantenimiento.<\/p>\n<p>&nbsp;<\/p>\n<h2>LA PROMESA DE EQUIP LABO<\/h2>\n<p>Equip Labo pone a su disposici\u00f3n :<br \/>\n<ul class=\"styled-list\">\n<li><i class=\"fa fa-check\" style=\"color:#6a0e41 !important;\"><\/i>Un contacto dedicado a su proyecto ;<\/li>\n<li><i class=\"fa fa-check\" style=\"color:#6a0e41 !important;\"><\/i>Un acuerdo escrito sobre precios, plazos de ejecuci\u00f3n y fecha final de proyecto ;<\/li>\n<li><i class=\"fa fa-check\" style=\"color:#6a0e41 !important;\"><\/i>Una gama completa de productos adaptados a su entorno y presupuesto ;<\/li>\n<li><i class=\"fa fa-check\" style=\"color:#6a0e41 !important;\"><\/i>Une equipo comercial para ayudarle a diario ;<\/li>\n<li><i class=\"fa fa-check\" style=\"color:#6a0e41 !important;\"><\/i>Una capacidad \u00fanica para darle una soluci\u00f3n global para su entorno de laboratorio.<\/li>\n<\/ul>\n<p><strong>Sitio web:<\/strong> <a href=\"http:\/\/www.equiplabo.com\/\" target=\"_blank\" rel=\"nofollow\">www.equiplabo.com<\/a><\/p>\n<p>&lt;<\/p>\n<div class=\"title\">\n<h2 style=\"text-align: center;\">\u00bfQuiere confiarnos su proyecto?<\/h2>\n<p style=\"text-align: center;\">LAB&#8217;SCIENCE le acompa\u00f1a.<\/p>\n<p>&nbsp;<\/p>\n<p style=\"text-align: center;\"><a class=\"header-text\" style=\"box-shadow: #6a0e41 0px 0px 0px 3px; font-size: 20px; font-style: normal; color: #ffffff; font-weight: normal; text-transform: uppercase; margin-bottom: 20px; line-height: 1; display: inline-block; padding: 10px; background: #6a0e41; text-align: center;\" href=\"https:\/\/www.lab-science.eu\/es\/contacto\/\">Cont\u00e1ctenos<\/a><\/p>\n<\/div>\n","protected":false},"excerpt":{"rendered":"<p>Equip Labo MOBILIARIO Y EQUIPAMIENTO DE LABORATORIO &nbsp; EQUIPAMIENTO DE LABORATORIO &nbsp; UNA AMPLIA GAMA DE SERVICIO Equip Labo propone un enfoque integrado del dise\u00f1o de equipamiento de laboratorio, con una gama de soluciones desde su dise\u00f1o, fabricaci\u00f3n hasta la entrega y montaje del mobiliario de laboratorio, pasando por el mantenimiento. &nbsp; LA PROMESA DE&hellip;<\/p>\n<p><a href=\"https:\/\/www.lab-science.eu\/es\/los-miembros-de-la-red-labscience-2\/equip-labo\/\" class=\"read-more-link\">Read More &rarr;<\/a><\/p>\n","protected":false},"author":1,"featured_media":0,"parent":4278,"menu_order":0,"comment_status":"closed","ping_status":"closed","template":"","meta":{"footnotes":""},"class_list":["post-4127","page","type-page","status-publish","hentry"],"yoast_head":"<!-- This site is optimized with the Yoast SEO plugin v27.3 - https:\/\/yoast.com\/product\/yoast-seo-wordpress\/ -->\n<title>Equip Labo : mobiliario y equipamiento de laboratorio<\/title>\n<meta name=\"description\" content=\"Equip Labo est\u00e1 especializada en mobiliario y equipamiento de laboratorio que propone a numerosos actores de la industria y de la investigaci\u00f3n\" \/>\n<meta name=\"robots\" content=\"index, follow, max-snippet:-1, max-image-preview:large, max-video-preview:-1\" \/>\n<link rel=\"canonical\" href=\"https:\/\/www.lab-science.eu\/es\/los-miembros-de-la-red-labscience-2\/equip-labo\/\" \/>\n<meta property=\"og:locale\" content=\"es_ES\" \/>\n<meta property=\"og:type\" content=\"article\" \/>\n<meta property=\"og:title\" content=\"Equip Labo : mobiliario y equipamiento de laboratorio\" \/>\n<meta property=\"og:description\" content=\"Equip Labo est\u00e1 especializada en mobiliario y equipamiento de laboratorio que propone a numerosos actores de la industria y de la investigaci\u00f3n\" \/>\n<meta property=\"og:url\" content=\"https:\/\/www.lab-science.eu\/es\/los-miembros-de-la-red-labscience-2\/equip-labo\/\" \/>\n<meta property=\"og:site_name\" content=\"Lab Science - Conception et Fabrication de salles blanches modulaire\" \/>\n<meta property=\"article:modified_time\" content=\"2023-01-20T14:32:31+00:00\" \/>\n<meta property=\"og:image\" content=\"https:\/\/www.lab-science.eu\/wp-content\/uploads\/2018\/05\/EL.jpg\" \/>\n<meta name=\"twitter:card\" content=\"summary_large_image\" \/>\n<meta name=\"twitter:label1\" content=\"Tiempo de lectura\" \/>\n\t<meta name=\"twitter:data1\" content=\"2 minutos\" \/>\n<script type=\"application\/ld+json\" class=\"yoast-schema-graph\">{\"@context\":\"https:\\\/\\\/schema.org\",\"@graph\":[{\"@type\":\"WebPage\",\"@id\":\"https:\\\/\\\/www.lab-science.eu\\\/es\\\/los-miembros-de-la-red-labscience-2\\\/equip-labo\\\/\",\"url\":\"https:\\\/\\\/www.lab-science.eu\\\/es\\\/los-miembros-de-la-red-labscience-2\\\/equip-labo\\\/\",\"name\":\"Equip Labo : mobiliario y equipamiento de laboratorio\",\"isPartOf\":{\"@id\":\"https:\\\/\\\/www.lab-science.eu\\\/#website\"},\"primaryImageOfPage\":{\"@id\":\"https:\\\/\\\/www.lab-science.eu\\\/es\\\/los-miembros-de-la-red-labscience-2\\\/equip-labo\\\/#primaryimage\"},\"image\":{\"@id\":\"https:\\\/\\\/www.lab-science.eu\\\/es\\\/los-miembros-de-la-red-labscience-2\\\/equip-labo\\\/#primaryimage\"},\"thumbnailUrl\":\"https:\\\/\\\/www.lab-science.eu\\\/wp-content\\\/uploads\\\/2018\\\/05\\\/EL.jpg\",\"datePublished\":\"2021-04-21T10:00:09+00:00\",\"dateModified\":\"2023-01-20T14:32:31+00:00\",\"description\":\"Equip Labo est\u00e1 especializada en mobiliario y equipamiento de laboratorio que propone a numerosos actores de la industria y de la investigaci\u00f3n\",\"breadcrumb\":{\"@id\":\"https:\\\/\\\/www.lab-science.eu\\\/es\\\/los-miembros-de-la-red-labscience-2\\\/equip-labo\\\/#breadcrumb\"},\"inLanguage\":\"es\",\"potentialAction\":[{\"@type\":\"ReadAction\",\"target\":[\"https:\\\/\\\/www.lab-science.eu\\\/es\\\/los-miembros-de-la-red-labscience-2\\\/equip-labo\\\/\"]}]},{\"@type\":\"ImageObject\",\"inLanguage\":\"es\",\"@id\":\"https:\\\/\\\/www.lab-science.eu\\\/es\\\/los-miembros-de-la-red-labscience-2\\\/equip-labo\\\/#primaryimage\",\"url\":\"https:\\\/\\\/www.lab-science.eu\\\/wp-content\\\/uploads\\\/2018\\\/05\\\/EL.jpg\",\"contentUrl\":\"https:\\\/\\\/www.lab-science.eu\\\/wp-content\\\/uploads\\\/2018\\\/05\\\/EL.jpg\"},{\"@type\":\"BreadcrumbList\",\"@id\":\"https:\\\/\\\/www.lab-science.eu\\\/es\\\/los-miembros-de-la-red-labscience-2\\\/equip-labo\\\/#breadcrumb\",\"itemListElement\":[{\"@type\":\"ListItem\",\"position\":1,\"name\":\"Accueil\",\"item\":\"https:\\\/\\\/www.lab-science.eu\\\/es\\\/\"},{\"@type\":\"ListItem\",\"position\":2,\"name\":\"LOS MIEMBROS DE LA RED LAB\u2019SCIENCE\",\"item\":\"https:\\\/\\\/www.lab-science.eu\\\/es\\\/los-miembros-de-la-red-labscience-2\\\/\"},{\"@type\":\"ListItem\",\"position\":3,\"name\":\"Equip Labo\"}]},{\"@type\":\"WebSite\",\"@id\":\"https:\\\/\\\/www.lab-science.eu\\\/#website\",\"url\":\"https:\\\/\\\/www.lab-science.eu\\\/\",\"name\":\"Lab Science - Conception et Fabrication de salles blanches modulaire\",\"description\":\"\",\"potentialAction\":[{\"@type\":\"SearchAction\",\"target\":{\"@type\":\"EntryPoint\",\"urlTemplate\":\"https:\\\/\\\/www.lab-science.eu\\\/?s={search_term_string}\"},\"query-input\":{\"@type\":\"PropertyValueSpecification\",\"valueRequired\":true,\"valueName\":\"search_term_string\"}}],\"inLanguage\":\"es\"}]}<\/script>\n<!-- \/ Yoast SEO plugin. -->","yoast_head_json":{"title":"Equip Labo : mobiliario y equipamiento de laboratorio","description":"Equip Labo est\u00e1 especializada en mobiliario y equipamiento de laboratorio que propone a numerosos actores de la industria y de la investigaci\u00f3n","robots":{"index":"index","follow":"follow","max-snippet":"max-snippet:-1","max-image-preview":"max-image-preview:large","max-video-preview":"max-video-preview:-1"},"canonical":"https:\/\/www.lab-science.eu\/es\/los-miembros-de-la-red-labscience-2\/equip-labo\/","og_locale":"es_ES","og_type":"article","og_title":"Equip Labo : mobiliario y equipamiento de laboratorio","og_description":"Equip Labo est\u00e1 especializada en mobiliario y equipamiento de laboratorio que propone a numerosos actores de la industria y de la investigaci\u00f3n","og_url":"https:\/\/www.lab-science.eu\/es\/los-miembros-de-la-red-labscience-2\/equip-labo\/","og_site_name":"Lab Science - Conception et Fabrication de salles blanches modulaire","article_modified_time":"2023-01-20T14:32:31+00:00","og_image":[{"url":"https:\/\/www.lab-science.eu\/wp-content\/uploads\/2018\/05\/EL.jpg","type":"","width":"","height":""}],"twitter_card":"summary_large_image","twitter_misc":{"Tiempo de lectura":"2 minutos"},"schema":{"@context":"https:\/\/schema.org","@graph":[{"@type":"WebPage","@id":"https:\/\/www.lab-science.eu\/es\/los-miembros-de-la-red-labscience-2\/equip-labo\/","url":"https:\/\/www.lab-science.eu\/es\/los-miembros-de-la-red-labscience-2\/equip-labo\/","name":"Equip Labo : mobiliario y equipamiento de laboratorio","isPartOf":{"@id":"https:\/\/www.lab-science.eu\/#website"},"primaryImageOfPage":{"@id":"https:\/\/www.lab-science.eu\/es\/los-miembros-de-la-red-labscience-2\/equip-labo\/#primaryimage"},"image":{"@id":"https:\/\/www.lab-science.eu\/es\/los-miembros-de-la-red-labscience-2\/equip-labo\/#primaryimage"},"thumbnailUrl":"https:\/\/www.lab-science.eu\/wp-content\/uploads\/2018\/05\/EL.jpg","datePublished":"2021-04-21T10:00:09+00:00","dateModified":"2023-01-20T14:32:31+00:00","description":"Equip Labo est\u00e1 especializada en mobiliario y equipamiento de laboratorio que propone a numerosos actores de la industria y de la investigaci\u00f3n","breadcrumb":{"@id":"https:\/\/www.lab-science.eu\/es\/los-miembros-de-la-red-labscience-2\/equip-labo\/#breadcrumb"},"inLanguage":"es","potentialAction":[{"@type":"ReadAction","target":["https:\/\/www.lab-science.eu\/es\/los-miembros-de-la-red-labscience-2\/equip-labo\/"]}]},{"@type":"ImageObject","inLanguage":"es","@id":"https:\/\/www.lab-science.eu\/es\/los-miembros-de-la-red-labscience-2\/equip-labo\/#primaryimage","url":"https:\/\/www.lab-science.eu\/wp-content\/uploads\/2018\/05\/EL.jpg","contentUrl":"https:\/\/www.lab-science.eu\/wp-content\/uploads\/2018\/05\/EL.jpg"},{"@type":"BreadcrumbList","@id":"https:\/\/www.lab-science.eu\/es\/los-miembros-de-la-red-labscience-2\/equip-labo\/#breadcrumb","itemListElement":[{"@type":"ListItem","position":1,"name":"Accueil","item":"https:\/\/www.lab-science.eu\/es\/"},{"@type":"ListItem","position":2,"name":"LOS MIEMBROS DE LA RED LAB\u2019SCIENCE","item":"https:\/\/www.lab-science.eu\/es\/los-miembros-de-la-red-labscience-2\/"},{"@type":"ListItem","position":3,"name":"Equip Labo"}]},{"@type":"WebSite","@id":"https:\/\/www.lab-science.eu\/#website","url":"https:\/\/www.lab-science.eu\/","name":"Lab Science - Conception et Fabrication de salles blanches modulaire","description":"","potentialAction":[{"@type":"SearchAction","target":{"@type":"EntryPoint","urlTemplate":"https:\/\/www.lab-science.eu\/?s={search_term_string}"},"query-input":{"@type":"PropertyValueSpecification","valueRequired":true,"valueName":"search_term_string"}}],"inLanguage":"es"}]}},"_links":{"self":[{"href":"https:\/\/www.lab-science.eu\/es\/wp-json\/wp\/v2\/pages\/4127","targetHints":{"allow":["GET"]}}],"collection":[{"href":"https:\/\/www.lab-science.eu\/es\/wp-json\/wp\/v2\/pages"}],"about":[{"href":"https:\/\/www.lab-science.eu\/es\/wp-json\/wp\/v2\/types\/page"}],"author":[{"embeddable":true,"href":"https:\/\/www.lab-science.eu\/es\/wp-json\/wp\/v2\/users\/1"}],"replies":[{"embeddable":true,"href":"https:\/\/www.lab-science.eu\/es\/wp-json\/wp\/v2\/comments?post=4127"}],"version-history":[{"count":0,"href":"https:\/\/www.lab-science.eu\/es\/wp-json\/wp\/v2\/pages\/4127\/revisions"}],"up":[{"embeddable":true,"href":"https:\/\/www.lab-science.eu\/es\/wp-json\/wp\/v2\/pages\/4278"}],"wp:attachment":[{"href":"https:\/\/www.lab-science.eu\/es\/wp-json\/wp\/v2\/media?parent=4127"}],"curies":[{"name":"wp","href":"https:\/\/api.w.org\/{rel}","templated":true}]}}