{"id":4128,"date":"2021-04-21T12:07:04","date_gmt":"2021-04-21T10:07:04","guid":{"rendered":"https:\/\/www.lab-science.eu\/sega\/"},"modified":"2023-01-20T10:41:38","modified_gmt":"2023-01-20T09:41:38","slug":"sega","status":"publish","type":"page","link":"https:\/\/www.lab-science.eu\/es\/los-miembros-de-la-red-labscience-2\/sega\/","title":{"rendered":"SEGA"},"content":{"rendered":"<div class=\"title\">\n<h1 class=\"header-text\">Sega<br \/>\n<span style=\"font-size: 50%;\">EXPERTO EN ELECTRICIDAD INDUSTRIAL<\/span><\/h1>\n<\/div>\n<div class=\"full-width\" style=\"color: #333333;background: #FAFAFA;\"><div class=\"one_half rnr-column\">\n<img loading=\"lazy\" decoding=\"async\" class=\"aligncenter size-full wp-image-2730 portfolio-lazyLoad\" title=\"SEGA\" src=\"https:\/\/www.lab-science.eu\/wp-content\/uploads\/2018\/05\/Logo-SEGA.png\" data-original=\"https:\/\/www.lab-science.eu\/wp-content\/uploads\/2018\/05\/Logo-SEGA.png\" alt=\"SEGA\" width=\"323\" height=\"151\" srcset=\"https:\/\/www.lab-science.eu\/wp-content\/uploads\/2018\/05\/Logo-SEGA.png 323w, https:\/\/www.lab-science.eu\/wp-content\/uploads\/2018\/05\/Logo-SEGA-300x140.png 300w\" sizes=\"auto, (max-width: 323px) 100vw, 323px\" \/><noscript><img loading=\"lazy\" decoding=\"async\" class=\"aligncenter size-full wp-image-2730 portfolio-lazyLoad\" title=\"SEGA\" src=\"https:\/\/www.lab-science.eu\/wp-content\/uploads\/2018\/05\/Logo-SEGA.png\" alt=\"SEGA\" width=\"323\" height=\"151\" srcset=\"https:\/\/www.lab-science.eu\/wp-content\/uploads\/2018\/05\/Logo-SEGA.png 323w, https:\/\/www.lab-science.eu\/wp-content\/uploads\/2018\/05\/Logo-SEGA-300x140.png 300w\" sizes=\"auto, (max-width: 323px) 100vw, 323px\" \/><\/noscript><br \/>\n<\/div>\n<div class=\"one_half rnr-column last\">\n<p>Creado en 1981, la empresa Sega est\u00e1 especializada en los oficios ligados a la electricidad industrial.<\/p>\n<p>La empresa crea infraestructuras el\u00e9ctricas adaptadas a las salas limpias y a los entornos bajo atmosfera controlada para los actores de la industria.<br \/>\n<\/div><div class=\"clear\"><\/div>\n<\/div>\n<h2>AREA PRINCIPALES DE COMPETENCIAS:<\/h2>\n<p>Sega propone a sus clientes una experiencia puntera en las \u00e1reas ligadas a las instalaciones el\u00e9ctricas industriales :<br \/>\n<ul class=\"styled-list\">\n<li><i class=\"fa fa-check\" style=\"color:#6a0e41 !important;\"><\/i><strong>C\u00e9lulas H.T. ;<\/strong><\/li>\n<li><i class=\"fa fa-check\" style=\"color:#6a0e41 !important;\"><\/i><strong>Transformador ;<\/strong><\/li>\n<li><i class=\"fa fa-check\" style=\"color:#6a0e41 !important;\"><\/i><strong>Iluminaci\u00f3n ;<\/strong><\/li>\n<li><i class=\"fa fa-check\" style=\"color:#6a0e41 !important;\"><\/i><strong>Cableado de m\u00e1quinas ;<\/strong><\/li>\n<li><i class=\"fa fa-check\" style=\"color:#6a0e41 !important;\"><\/i><strong>L\u00edneas de producci\u00f3n ;<\/strong><\/li>\n<li><i class=\"fa fa-check\" style=\"color:#6a0e41 !important;\"><\/i><strong>Armarios industriales (cableado en nuestra f\u00e1brica) ;<\/strong><\/li>\n<li><i class=\"fa fa-check\" style=\"color:#6a0e41 !important;\"><\/i><strong>Mandos y regulaci\u00f3n ;<\/strong><\/li>\n<li><i class=\"fa fa-check\" style=\"color:#6a0e41 !important;\"><\/i><strong>Ondulador; <\/strong><\/li>\n<li><i class=\"fa fa-check\" style=\"color:#6a0e41 !important;\"><\/i><strong>Grupos electr\u00f3genos.<\/strong><\/li>\n<\/ul>\n<p>&nbsp;<\/p>\n<h2>EL SABER-HACER SEGA: ELECTRICIDAD INDUSTRIAL<\/h2>\n<p>Sega propone prestaciones de expertos, ingenier\u00eda, e integraci\u00f3n de soluciones innovadoras llave en mano en las \u00e1reas siguientes :<\/p>\n<h3>ESTUDIOS-ANALISIS DE NECESIDADES<\/h3>\n<ul class=\"styled-list\">\n<li><i class=\"fa fa-check\" style=\"color:#6a0e41 !important;\"><\/i><strong>CFO-CFA ;<\/strong><\/li>\n<li><i class=\"fa fa-check\" style=\"color:#6a0e41 !important;\"><\/i><strong>Regulaci\u00f3n ;<\/strong><\/li>\n<li><i class=\"fa fa-check\" style=\"color:#6a0e41 !important;\"><\/i><strong>Automatismo ;<\/strong><\/li>\n<li><i class=\"fa fa-check\" style=\"color:#6a0e41 !important;\"><\/i><strong>Tele-gesti\u00f3n GTB-GTC ;<\/strong><\/li>\n<li><i class=\"fa fa-check\" style=\"color:#6a0e41 !important;\"><\/i><strong>Inform\u00e1tica industrial.<\/strong><\/li>\n<\/ul>\n<h3>INSTALACIONES<\/h3>\n<ul class=\"styled-list\">\n<li><i class=\"fa fa-check\" style=\"color:#6a0e41 !important;\"><\/i><strong>Electricidad CFO-CFA ;<\/strong><\/li>\n<li><i class=\"fa fa-check\" style=\"color:#6a0e41 !important;\"><\/i><strong>Aut\u00f3matas ;<\/strong><\/li>\n<li><i class=\"fa fa-check\" style=\"color:#6a0e41 !important;\"><\/i><strong>Inform\u00e1tica ;<\/strong><\/li>\n<li><i class=\"fa fa-check\" style=\"color:#6a0e41 !important;\"><\/i><strong>Mantenimiento y asistencia ;<\/strong><\/li>\n<li><i class=\"fa fa-check\" style=\"color:#6a0e41 !important;\"><\/i><strong>Relamping.<\/strong><\/li>\n<\/ul>\n<h3>CONSTRUCCI\u00d3N<\/h3>\n<ul class=\"styled-list\">\n<li><i class=\"fa fa-check\" style=\"color:#6a0e41 !important;\"><\/i><strong>Distribuci\u00f3n: DGBT, TGBT, cofre de distribuci\u00f3n ;<\/strong><\/li>\n<li><i class=\"fa fa-check\" style=\"color:#6a0e41 !important;\"><\/i><strong>Automatismo: cofres, armarios.<\/strong><\/li>\n<\/ul>\n<h3>Puesta en marcha en obra<\/h3>\n<p>&nbsp;<\/p>\n<h2>INGENIER\u00cdA<\/h2>\n<p>Fuertes en innovaci\u00f3n, los equipos Sega est\u00e1 a su disposici\u00f3n para responder con eficacia a sus necesidades. Le propone un diagn\u00f3stico completo de sus instalaciones existentes para anticipar la puesta en marcha de soluciones de electricidad industrial adaptadas a sus proyectos futuros.<\/p>\n<p>&nbsp;<\/p>\n<h2>VALORES DE SEGA<\/h2>\n<p>Gracias a la experiencia de sus colaboradores, Sega ha sabido desarrollarse en un sector de expertos, siendo, a la vez, una empresa de tama\u00f1o medio, con una atenci\u00f3n particular al servicio-cliente.<\/p>\n<p>Es con este esp\u00edritu que los equipos de Sega juntan sus energ\u00edas para dar a sus clientes :<br \/>\n<ul class=\"styled-list\">\n<li><i class=\"fa fa-check\" style=\"color:#6a0e41 !important;\"><\/i><strong>Reactividad ;<\/strong><\/li>\n<li><i class=\"fa fa-check\" style=\"color:#6a0e41 !important;\"><\/i><strong>Competitividad ;<\/strong><\/li>\n<li><i class=\"fa fa-check\" style=\"color:#6a0e41 !important;\"><\/i><strong>Saber-hacer ;<\/strong><\/li>\n<li><i class=\"fa fa-check\" style=\"color:#6a0e41 !important;\"><\/i><strong>Control de procesos ;<\/strong><\/li>\n<li><i class=\"fa fa-check\" style=\"color:#6a0e41 !important;\"><\/i><strong>Progresos t\u00e9cnicos ;<\/strong><\/li>\n<li><i class=\"fa fa-check\" style=\"color:#6a0e41 !important;\"><\/i><strong>Colaboraci\u00f3n constructiva ;<\/strong><\/li>\n<li><i class=\"fa fa-check\" style=\"color:#6a0e41 !important;\"><\/i><strong>Seguridad y control de riesgos.<\/strong><\/li>\n<\/ul>\n<p>&nbsp;<\/p>\n<p><strong>Sitio web:<\/strong>\u00a0<a href=\"http:\/\/www.segaelec.fr\/\" target=\"_blank\" rel=\"noopener noreferrer nofollow\" data-saferedirecturl=\"https:\/\/www.google.com\/url?q=http:\/\/www.segaelec.fr&amp;source=gmail&amp;ust=1550559878507000&amp;usg=AFQjCNEDFPKYcGyRj69DmUZbWU44XnBgRA\">www.segaelec.fr<\/a><\/p>\n<p>&nbsp;<\/p>\n<div class=\"title\">\n<h2 style=\"text-align: center;\">\u00bfQuiere confiarnos su proyecto?<\/h2>\n<p style=\"text-align: center;\">LAB&#8217;SCIENCE le acompa\u00f1a.<\/p>\n<p>&nbsp;<\/p>\n<p style=\"text-align: center;\"><a class=\"header-text\" style=\"box-shadow: #6a0e41 0px 0px 0px 3px; font-size: 20px; font-style: normal; color: #ffffff; font-weight: normal; text-transform: uppercase; margin-bottom: 20px; line-height: 1; display: inline-block; padding: 10px; background: #6a0e41; text-align: center;\" href=\"https:\/\/www.lab-science.eu\/es\/contacto\/\">Cont\u00e1ctenos<\/a><\/p>\n<\/div>\n","protected":false},"excerpt":{"rendered":"<p>Sega EXPERTO EN ELECTRICIDAD INDUSTRIAL AREA PRINCIPALES DE COMPETENCIAS: Sega propone a sus clientes una experiencia puntera en las \u00e1reas ligadas a las instalaciones el\u00e9ctricas industriales : &nbsp; EL SABER-HACER SEGA: ELECTRICIDAD INDUSTRIAL Sega propone prestaciones de expertos, ingenier\u00eda, e integraci\u00f3n de soluciones innovadoras llave en mano en las \u00e1reas siguientes : ESTUDIOS-ANALISIS DE NECESIDADES&hellip;<\/p>\n<p><a href=\"https:\/\/www.lab-science.eu\/es\/los-miembros-de-la-red-labscience-2\/sega\/\" class=\"read-more-link\">Read More &rarr;<\/a><\/p>\n","protected":false},"author":1,"featured_media":0,"parent":4278,"menu_order":0,"comment_status":"closed","ping_status":"closed","template":"","meta":{"footnotes":""},"class_list":["post-4128","page","type-page","status-publish","hentry"],"yoast_head":"<!-- This site is optimized with the Yoast SEO plugin v27.3 - https:\/\/yoast.com\/product\/yoast-seo-wordpress\/ -->\n<title>SEGA, experto en electricidad industrial<\/title>\n<meta name=\"description\" content=\"La empresa Sega est\u00e1 especializada en los oficios ligados a la electricidad industrial (instalaci\u00f3n el\u00e9ctrica, relamping, DGBT, TGBT)\" \/>\n<meta name=\"robots\" content=\"index, follow, max-snippet:-1, max-image-preview:large, max-video-preview:-1\" \/>\n<link rel=\"canonical\" href=\"https:\/\/www.lab-science.eu\/es\/los-miembros-de-la-red-labscience-2\/sega\/\" \/>\n<meta property=\"og:locale\" content=\"es_ES\" \/>\n<meta property=\"og:type\" content=\"article\" \/>\n<meta property=\"og:title\" content=\"SEGA, experto en electricidad industrial\" \/>\n<meta property=\"og:description\" content=\"La empresa Sega est\u00e1 especializada en los oficios ligados a la electricidad industrial (instalaci\u00f3n el\u00e9ctrica, relamping, DGBT, TGBT)\" \/>\n<meta property=\"og:url\" content=\"https:\/\/www.lab-science.eu\/es\/los-miembros-de-la-red-labscience-2\/sega\/\" \/>\n<meta property=\"og:site_name\" content=\"Lab Science - Conception et Fabrication de salles blanches modulaire\" \/>\n<meta property=\"article:modified_time\" content=\"2023-01-20T09:41:38+00:00\" \/>\n<meta property=\"og:image\" content=\"https:\/\/www.lab-science.eu\/wp-content\/uploads\/2018\/05\/Logo-SEGA.png\" \/>\n<meta name=\"twitter:card\" content=\"summary_large_image\" \/>\n<meta name=\"twitter:label1\" content=\"Tiempo de lectura\" \/>\n\t<meta name=\"twitter:data1\" content=\"3 minutos\" \/>\n<script type=\"application\/ld+json\" class=\"yoast-schema-graph\">{\"@context\":\"https:\\\/\\\/schema.org\",\"@graph\":[{\"@type\":\"WebPage\",\"@id\":\"https:\\\/\\\/www.lab-science.eu\\\/es\\\/los-miembros-de-la-red-labscience-2\\\/sega\\\/\",\"url\":\"https:\\\/\\\/www.lab-science.eu\\\/es\\\/los-miembros-de-la-red-labscience-2\\\/sega\\\/\",\"name\":\"SEGA, experto en electricidad industrial\",\"isPartOf\":{\"@id\":\"https:\\\/\\\/www.lab-science.eu\\\/#website\"},\"primaryImageOfPage\":{\"@id\":\"https:\\\/\\\/www.lab-science.eu\\\/es\\\/los-miembros-de-la-red-labscience-2\\\/sega\\\/#primaryimage\"},\"image\":{\"@id\":\"https:\\\/\\\/www.lab-science.eu\\\/es\\\/los-miembros-de-la-red-labscience-2\\\/sega\\\/#primaryimage\"},\"thumbnailUrl\":\"https:\\\/\\\/www.lab-science.eu\\\/wp-content\\\/uploads\\\/2018\\\/05\\\/Logo-SEGA.png\",\"datePublished\":\"2021-04-21T10:07:04+00:00\",\"dateModified\":\"2023-01-20T09:41:38+00:00\",\"description\":\"La empresa Sega est\u00e1 especializada en los oficios ligados a la electricidad industrial (instalaci\u00f3n el\u00e9ctrica, relamping, DGBT, TGBT)\",\"breadcrumb\":{\"@id\":\"https:\\\/\\\/www.lab-science.eu\\\/es\\\/los-miembros-de-la-red-labscience-2\\\/sega\\\/#breadcrumb\"},\"inLanguage\":\"es\",\"potentialAction\":[{\"@type\":\"ReadAction\",\"target\":[\"https:\\\/\\\/www.lab-science.eu\\\/es\\\/los-miembros-de-la-red-labscience-2\\\/sega\\\/\"]}]},{\"@type\":\"ImageObject\",\"inLanguage\":\"es\",\"@id\":\"https:\\\/\\\/www.lab-science.eu\\\/es\\\/los-miembros-de-la-red-labscience-2\\\/sega\\\/#primaryimage\",\"url\":\"https:\\\/\\\/www.lab-science.eu\\\/wp-content\\\/uploads\\\/2018\\\/05\\\/Logo-SEGA.png\",\"contentUrl\":\"https:\\\/\\\/www.lab-science.eu\\\/wp-content\\\/uploads\\\/2018\\\/05\\\/Logo-SEGA.png\"},{\"@type\":\"BreadcrumbList\",\"@id\":\"https:\\\/\\\/www.lab-science.eu\\\/es\\\/los-miembros-de-la-red-labscience-2\\\/sega\\\/#breadcrumb\",\"itemListElement\":[{\"@type\":\"ListItem\",\"position\":1,\"name\":\"Accueil\",\"item\":\"https:\\\/\\\/www.lab-science.eu\\\/es\\\/\"},{\"@type\":\"ListItem\",\"position\":2,\"name\":\"LOS MIEMBROS DE LA RED LAB\u2019SCIENCE\",\"item\":\"https:\\\/\\\/www.lab-science.eu\\\/es\\\/los-miembros-de-la-red-labscience-2\\\/\"},{\"@type\":\"ListItem\",\"position\":3,\"name\":\"SEGA\"}]},{\"@type\":\"WebSite\",\"@id\":\"https:\\\/\\\/www.lab-science.eu\\\/#website\",\"url\":\"https:\\\/\\\/www.lab-science.eu\\\/\",\"name\":\"Lab Science - Conception et Fabrication de salles blanches modulaire\",\"description\":\"\",\"potentialAction\":[{\"@type\":\"SearchAction\",\"target\":{\"@type\":\"EntryPoint\",\"urlTemplate\":\"https:\\\/\\\/www.lab-science.eu\\\/?s={search_term_string}\"},\"query-input\":{\"@type\":\"PropertyValueSpecification\",\"valueRequired\":true,\"valueName\":\"search_term_string\"}}],\"inLanguage\":\"es\"}]}<\/script>\n<!-- \/ Yoast SEO plugin. -->","yoast_head_json":{"title":"SEGA, experto en electricidad industrial","description":"La empresa Sega est\u00e1 especializada en los oficios ligados a la electricidad industrial (instalaci\u00f3n el\u00e9ctrica, relamping, DGBT, TGBT)","robots":{"index":"index","follow":"follow","max-snippet":"max-snippet:-1","max-image-preview":"max-image-preview:large","max-video-preview":"max-video-preview:-1"},"canonical":"https:\/\/www.lab-science.eu\/es\/los-miembros-de-la-red-labscience-2\/sega\/","og_locale":"es_ES","og_type":"article","og_title":"SEGA, experto en electricidad industrial","og_description":"La empresa Sega est\u00e1 especializada en los oficios ligados a la electricidad industrial (instalaci\u00f3n el\u00e9ctrica, relamping, DGBT, TGBT)","og_url":"https:\/\/www.lab-science.eu\/es\/los-miembros-de-la-red-labscience-2\/sega\/","og_site_name":"Lab Science - Conception et Fabrication de salles blanches modulaire","article_modified_time":"2023-01-20T09:41:38+00:00","og_image":[{"url":"https:\/\/www.lab-science.eu\/wp-content\/uploads\/2018\/05\/Logo-SEGA.png","type":"","width":"","height":""}],"twitter_card":"summary_large_image","twitter_misc":{"Tiempo de lectura":"3 minutos"},"schema":{"@context":"https:\/\/schema.org","@graph":[{"@type":"WebPage","@id":"https:\/\/www.lab-science.eu\/es\/los-miembros-de-la-red-labscience-2\/sega\/","url":"https:\/\/www.lab-science.eu\/es\/los-miembros-de-la-red-labscience-2\/sega\/","name":"SEGA, experto en electricidad industrial","isPartOf":{"@id":"https:\/\/www.lab-science.eu\/#website"},"primaryImageOfPage":{"@id":"https:\/\/www.lab-science.eu\/es\/los-miembros-de-la-red-labscience-2\/sega\/#primaryimage"},"image":{"@id":"https:\/\/www.lab-science.eu\/es\/los-miembros-de-la-red-labscience-2\/sega\/#primaryimage"},"thumbnailUrl":"https:\/\/www.lab-science.eu\/wp-content\/uploads\/2018\/05\/Logo-SEGA.png","datePublished":"2021-04-21T10:07:04+00:00","dateModified":"2023-01-20T09:41:38+00:00","description":"La empresa Sega est\u00e1 especializada en los oficios ligados a la electricidad industrial (instalaci\u00f3n el\u00e9ctrica, relamping, DGBT, TGBT)","breadcrumb":{"@id":"https:\/\/www.lab-science.eu\/es\/los-miembros-de-la-red-labscience-2\/sega\/#breadcrumb"},"inLanguage":"es","potentialAction":[{"@type":"ReadAction","target":["https:\/\/www.lab-science.eu\/es\/los-miembros-de-la-red-labscience-2\/sega\/"]}]},{"@type":"ImageObject","inLanguage":"es","@id":"https:\/\/www.lab-science.eu\/es\/los-miembros-de-la-red-labscience-2\/sega\/#primaryimage","url":"https:\/\/www.lab-science.eu\/wp-content\/uploads\/2018\/05\/Logo-SEGA.png","contentUrl":"https:\/\/www.lab-science.eu\/wp-content\/uploads\/2018\/05\/Logo-SEGA.png"},{"@type":"BreadcrumbList","@id":"https:\/\/www.lab-science.eu\/es\/los-miembros-de-la-red-labscience-2\/sega\/#breadcrumb","itemListElement":[{"@type":"ListItem","position":1,"name":"Accueil","item":"https:\/\/www.lab-science.eu\/es\/"},{"@type":"ListItem","position":2,"name":"LOS MIEMBROS DE LA RED LAB\u2019SCIENCE","item":"https:\/\/www.lab-science.eu\/es\/los-miembros-de-la-red-labscience-2\/"},{"@type":"ListItem","position":3,"name":"SEGA"}]},{"@type":"WebSite","@id":"https:\/\/www.lab-science.eu\/#website","url":"https:\/\/www.lab-science.eu\/","name":"Lab Science - Conception et Fabrication de salles blanches modulaire","description":"","potentialAction":[{"@type":"SearchAction","target":{"@type":"EntryPoint","urlTemplate":"https:\/\/www.lab-science.eu\/?s={search_term_string}"},"query-input":{"@type":"PropertyValueSpecification","valueRequired":true,"valueName":"search_term_string"}}],"inLanguage":"es"}]}},"_links":{"self":[{"href":"https:\/\/www.lab-science.eu\/es\/wp-json\/wp\/v2\/pages\/4128","targetHints":{"allow":["GET"]}}],"collection":[{"href":"https:\/\/www.lab-science.eu\/es\/wp-json\/wp\/v2\/pages"}],"about":[{"href":"https:\/\/www.lab-science.eu\/es\/wp-json\/wp\/v2\/types\/page"}],"author":[{"embeddable":true,"href":"https:\/\/www.lab-science.eu\/es\/wp-json\/wp\/v2\/users\/1"}],"replies":[{"embeddable":true,"href":"https:\/\/www.lab-science.eu\/es\/wp-json\/wp\/v2\/comments?post=4128"}],"version-history":[{"count":0,"href":"https:\/\/www.lab-science.eu\/es\/wp-json\/wp\/v2\/pages\/4128\/revisions"}],"up":[{"embeddable":true,"href":"https:\/\/www.lab-science.eu\/es\/wp-json\/wp\/v2\/pages\/4278"}],"wp:attachment":[{"href":"https:\/\/www.lab-science.eu\/es\/wp-json\/wp\/v2\/media?parent=4128"}],"curies":[{"name":"wp","href":"https:\/\/api.w.org\/{rel}","templated":true}]}}