{"id":4137,"date":"2021-04-21T12:38:53","date_gmt":"2021-04-21T10:38:53","guid":{"rendered":"https:\/\/www.lab-science.eu\/qualimap\/"},"modified":"2023-01-20T10:39:24","modified_gmt":"2023-01-20T09:39:24","slug":"qualimap","status":"publish","type":"page","link":"https:\/\/www.lab-science.eu\/es\/los-miembros-de-la-red-labscience-2\/qualimap\/","title":{"rendered":"Qualimap"},"content":{"rendered":"<div class=\"title\">\n<h1 class=\"header-text\">Qualimap<br \/>\n<span style=\"font-size: 50%;\">VIGILANCIA Y CALIFICACI\u00d3N DE SALAS BLANCAS<\/span><\/h1>\n<\/div>\n<div class=\"full-width\" style=\"color: #333333;background: #FAFAFA;\">\n<div class=\"one_half rnr-column\">\n<p><img loading=\"lazy\" decoding=\"async\" class=\"aligncenter size-large wp-image-2682 portfolio-lazyLoad\" title=\"Qualimap\" src=\"https:\/\/www.lab-science.eu\/wp-content\/uploads\/2018\/05\/Logo-Qualimap-1024x378.jpg\" data-original=\"https:\/\/www.lab-science.eu\/wp-content\/uploads\/2018\/05\/Logo-Qualimap-1024x378.jpg\" alt=\"Qualimap\" width=\"1000\" height=\"369\" srcset=\"https:\/\/www.lab-science.eu\/wp-content\/uploads\/2018\/05\/Logo-Qualimap-1024x378.jpg 1024w, https:\/\/www.lab-science.eu\/wp-content\/uploads\/2018\/05\/Logo-Qualimap-300x111.jpg 300w, https:\/\/www.lab-science.eu\/wp-content\/uploads\/2018\/05\/Logo-Qualimap-768x284.jpg 768w, https:\/\/www.lab-science.eu\/wp-content\/uploads\/2018\/05\/Logo-Qualimap-570x210.jpg 570w, https:\/\/www.lab-science.eu\/wp-content\/uploads\/2018\/05\/Logo-Qualimap.jpg 1433w\" sizes=\"auto, (max-width: 1000px) 100vw, 1000px\" \/><noscript><img loading=\"lazy\" decoding=\"async\" class=\"aligncenter size-large wp-image-2682 portfolio-lazyLoad\" title=\"Qualimap\" src=\"https:\/\/www.lab-science.eu\/wp-content\/uploads\/2018\/05\/Logo-Qualimap-1024x378.jpg\" alt=\"Qualimap\" width=\"1000\" height=\"369\" srcset=\"https:\/\/www.lab-science.eu\/wp-content\/uploads\/2018\/05\/Logo-Qualimap-1024x378.jpg 1024w, https:\/\/www.lab-science.eu\/wp-content\/uploads\/2018\/05\/Logo-Qualimap-300x111.jpg 300w, https:\/\/www.lab-science.eu\/wp-content\/uploads\/2018\/05\/Logo-Qualimap-768x284.jpg 768w, https:\/\/www.lab-science.eu\/wp-content\/uploads\/2018\/05\/Logo-Qualimap-570x210.jpg 570w, https:\/\/www.lab-science.eu\/wp-content\/uploads\/2018\/05\/Logo-Qualimap.jpg 1433w\" sizes=\"auto, (max-width: 1000px) 100vw, 1000px\" \/><\/noscript><br \/>\n<\/div>\n<div class=\"one_half rnr-column last\">\nDesde su creaci\u00f3n en 2008, la empresa Qualimap est\u00e1 especializada en el desarrollo, vigilancia y calificaci\u00f3n de salas blancas y toda zona en atm\u00f3sfera controlada.<\/p>\n<p>Las salas limpias y los entornos controlados, constituyen un medio eficaz de control de la contaminaci\u00f3n de part\u00edculas en el aire. La utilizaci\u00f3n de una sala limpia necesita el establecimiento de una calificaci\u00f3n inicial as\u00ed como de un programa de tests y de vigilancia peri\u00f3dica que permiten confirmar la eficacia de la instalaci\u00f3n.<\/p>\n<p>Qualimap le propone soluciones adaptadas de vigilancia y calificaci\u00f3n de salas blancas, respetando las normas y reglamentos en vigor, y asegura el mantenimiento del rendimiento de su instalaci\u00f3n en lo que concierne el control de contaminaci\u00f3n de part\u00edculas en el aire.<\/p>\n<p><strong>Sus \u00e1reas de actividad :<br \/>\n<ul class=\"styled-list\">\n<li><i class=\"fa fa-check\" style=\"color:#6a0e41 !important;\"><\/i>Contado de part\u00edculas ;<\/li>\n<li><i class=\"fa fa-check\" style=\"color:#6a0e41 !important;\"><\/i>Rendimiento del sistema de aire ;<\/li>\n<li><i class=\"fa fa-check\" style=\"color:#6a0e41 !important;\"><\/i>Aero-bio-contaminaci\u00f3n y bio-contaminaci\u00f3n de las superficies.<\/strong><\/li>\n<\/ul>\n<\/div><div class=\"clear\"><\/div>\n<\/div>\n<h2>AUDITOR\u00cdA EN LA INGENIER\u00cdA CLIM\u00c1TICA<\/h2>\n<p>Qualimap es su interlocutor privilegiado para la evaluaci\u00f3n de sus instalaciones :<br \/>\n<ul class=\"styled-list\">\n<li><i class=\"fa fa-check\" style=\"color:#6a0e41 !important;\"><\/i><strong>Auditor\u00eda y diagn\u00f3stico ;<\/strong><\/li>\n<li><i class=\"fa fa-check\" style=\"color:#6a0e41 !important;\"><\/i><strong>Estudios: notas de c\u00e1lculo, planos, esquemas t\u00e9cnicos, etc. ;<\/strong><\/li>\n<li><i class=\"fa fa-check\" style=\"color:#6a0e41 !important;\"><\/i><strong>Seguimiento de obra: de la ejecuci\u00f3n a la recepci\u00f3n de obra ;<\/strong><\/li>\n<li><i class=\"fa fa-check\" style=\"color:#6a0e41 !important;\"><\/i><strong>Seguimiento de instalaciones ;<\/strong><\/li>\n<li><i class=\"fa fa-check\" style=\"color:#6a0e41 !important;\"><\/i><strong>Consejo y acompa\u00f1amiento.<\/strong><\/li>\n<\/ul>\n<p>&nbsp;<\/p>\n<h2>DESARROLLO<\/h2>\n<p>Qualimap se encarga del desarrollo y garantiza el rendimiento de sus salas blancas y otras zonas en atm\u00f3sfera controlada :<br \/>\n<ul class=\"styled-list\">\n<li><i class=\"fa fa-check\" style=\"color:#6a0e41 !important;\"><\/i><strong>Tests de integridad y estanqueidad de los filtros HEPA ;<\/strong><\/li>\n<li><i class=\"fa fa-check\" style=\"color:#6a0e41 !important;\"><\/i><strong>Medici\u00f3n de flujo y calculo de tasas de renovaci\u00f3n del aire; <\/strong><\/li>\n<li><i class=\"fa fa-check\" style=\"color:#6a0e41 !important;\"><\/i><strong>Medici\u00f3n de la presi\u00f3n absoluta ;<\/strong><\/li>\n<li><i class=\"fa fa-check\" style=\"color:#6a0e41 !important;\"><\/i><strong>Clasificaci\u00f3n GMP por conteo de part\u00edculas, control microbiol\u00f3gico del aire y control microbiol\u00f3gico de las superficies ;<\/strong><\/li>\n<li><i class=\"fa fa-check\" style=\"color:#6a0e41 !important;\"><\/i><strong>Medici\u00f3n del tiempo de descontaminaci\u00f3n de las salas blancas.<\/strong><\/li>\n<\/ul>\n<p>&nbsp;<\/p>\n<h2>BIO-DESCONTAMINACION Y ULTRA-LIMPIEZA<\/h2>\n<p>Especialista de la desinfecci\u00f3n avanzada y de la descontaminaci\u00f3n, Qualimap asegura la bio-descontaminaci\u00f3n- de sus entornos limpios (zona 1 a 4, material quir\u00fargico, veh\u00edculos sanitarios, controles microbiol\u00f3gicos) y garantiza la ultra-limpieza de sus instalaciones.<\/p>\n<div class=\"title\">\n<h2 style=\"text-align: center;\">\u00bfQuiere confiarnos su proyecto?<\/h2>\n<p style=\"text-align: center;\">LAB&#8217;SCIENCE le acompa\u00f1a.<\/p>\n<p>&nbsp;<\/p>\n<p style=\"text-align: center;\"><a class=\"header-text\" style=\"box-shadow: #6a0e41 0px 0px 0px 3px; font-size: 20px; font-style: normal; color: #ffffff; font-weight: normal; text-transform: uppercase; margin-bottom: 20px; line-height: 1; display: inline-block; padding: 10px; background: #6a0e41; text-align: center;\" href=\"https:\/\/www.lab-science.eu\/es\/contacto\/\">Cont\u00e1ctenos<\/a><\/p>\n<\/div>\n","protected":false},"excerpt":{"rendered":"<p>Qualimap VIGILANCIA Y CALIFICACI\u00d3N DE SALAS BLANCAS AUDITOR\u00cdA EN LA INGENIER\u00cdA CLIM\u00c1TICA Qualimap es su interlocutor privilegiado para la evaluaci\u00f3n de sus instalaciones : &nbsp; DESARROLLO Qualimap se encarga del desarrollo y garantiza el rendimiento de sus salas blancas y otras zonas en atm\u00f3sfera controlada : &nbsp; BIO-DESCONTAMINACION Y ULTRA-LIMPIEZA Especialista de la desinfecci\u00f3n avanzada&hellip;<\/p>\n<p><a href=\"https:\/\/www.lab-science.eu\/es\/los-miembros-de-la-red-labscience-2\/qualimap\/\" class=\"read-more-link\">Read More &rarr;<\/a><\/p>\n","protected":false},"author":1,"featured_media":0,"parent":4278,"menu_order":0,"comment_status":"closed","ping_status":"closed","template":"","meta":{"footnotes":""},"class_list":["post-4137","page","type-page","status-publish","hentry"],"yoast_head":"<!-- This site is optimized with the Yoast SEO plugin v27.3 - https:\/\/yoast.com\/product\/yoast-seo-wordpress\/ -->\n<title>Qualimap, vigilancia y calificaci\u00f3n de salas blancas<\/title>\n<meta name=\"description\" content=\"Qualimap propone soluciones adaptadas de vigilancia y calificaci\u00f3n de salas blancas y entornos con atm\u00f3sfera controlada.\" \/>\n<meta name=\"robots\" content=\"index, follow, max-snippet:-1, max-image-preview:large, max-video-preview:-1\" \/>\n<link rel=\"canonical\" href=\"https:\/\/www.lab-science.eu\/es\/los-miembros-de-la-red-labscience-2\/qualimap\/\" \/>\n<meta property=\"og:locale\" content=\"es_ES\" \/>\n<meta property=\"og:type\" content=\"article\" \/>\n<meta property=\"og:title\" content=\"Qualimap, vigilancia y calificaci\u00f3n de salas blancas\" \/>\n<meta property=\"og:description\" content=\"Qualimap propone soluciones adaptadas de vigilancia y calificaci\u00f3n de salas blancas y entornos con atm\u00f3sfera controlada.\" \/>\n<meta property=\"og:url\" content=\"https:\/\/www.lab-science.eu\/es\/los-miembros-de-la-red-labscience-2\/qualimap\/\" \/>\n<meta property=\"og:site_name\" content=\"Lab Science - Conception et Fabrication de salles blanches modulaire\" \/>\n<meta property=\"article:modified_time\" content=\"2023-01-20T09:39:24+00:00\" \/>\n<meta property=\"og:image\" content=\"https:\/\/www.lab-science.eu\/wp-content\/uploads\/2018\/05\/Logo-Qualimap-1024x378.jpg\" \/>\n<meta name=\"twitter:card\" content=\"summary_large_image\" \/>\n<meta name=\"twitter:label1\" content=\"Tiempo de lectura\" \/>\n\t<meta name=\"twitter:data1\" content=\"3 minutos\" \/>\n<script type=\"application\/ld+json\" class=\"yoast-schema-graph\">{\"@context\":\"https:\\\/\\\/schema.org\",\"@graph\":[{\"@type\":\"WebPage\",\"@id\":\"https:\\\/\\\/www.lab-science.eu\\\/es\\\/los-miembros-de-la-red-labscience-2\\\/qualimap\\\/\",\"url\":\"https:\\\/\\\/www.lab-science.eu\\\/es\\\/los-miembros-de-la-red-labscience-2\\\/qualimap\\\/\",\"name\":\"Qualimap, vigilancia y calificaci\u00f3n de salas blancas\",\"isPartOf\":{\"@id\":\"https:\\\/\\\/www.lab-science.eu\\\/#website\"},\"primaryImageOfPage\":{\"@id\":\"https:\\\/\\\/www.lab-science.eu\\\/es\\\/los-miembros-de-la-red-labscience-2\\\/qualimap\\\/#primaryimage\"},\"image\":{\"@id\":\"https:\\\/\\\/www.lab-science.eu\\\/es\\\/los-miembros-de-la-red-labscience-2\\\/qualimap\\\/#primaryimage\"},\"thumbnailUrl\":\"https:\\\/\\\/www.lab-science.eu\\\/wp-content\\\/uploads\\\/2018\\\/05\\\/Logo-Qualimap-1024x378.jpg\",\"datePublished\":\"2021-04-21T10:38:53+00:00\",\"dateModified\":\"2023-01-20T09:39:24+00:00\",\"description\":\"Qualimap propone soluciones adaptadas de vigilancia y calificaci\u00f3n de salas blancas y entornos con atm\u00f3sfera controlada.\",\"breadcrumb\":{\"@id\":\"https:\\\/\\\/www.lab-science.eu\\\/es\\\/los-miembros-de-la-red-labscience-2\\\/qualimap\\\/#breadcrumb\"},\"inLanguage\":\"es\",\"potentialAction\":[{\"@type\":\"ReadAction\",\"target\":[\"https:\\\/\\\/www.lab-science.eu\\\/es\\\/los-miembros-de-la-red-labscience-2\\\/qualimap\\\/\"]}]},{\"@type\":\"ImageObject\",\"inLanguage\":\"es\",\"@id\":\"https:\\\/\\\/www.lab-science.eu\\\/es\\\/los-miembros-de-la-red-labscience-2\\\/qualimap\\\/#primaryimage\",\"url\":\"https:\\\/\\\/www.lab-science.eu\\\/wp-content\\\/uploads\\\/2018\\\/05\\\/Logo-Qualimap-1024x378.jpg\",\"contentUrl\":\"https:\\\/\\\/www.lab-science.eu\\\/wp-content\\\/uploads\\\/2018\\\/05\\\/Logo-Qualimap-1024x378.jpg\"},{\"@type\":\"BreadcrumbList\",\"@id\":\"https:\\\/\\\/www.lab-science.eu\\\/es\\\/los-miembros-de-la-red-labscience-2\\\/qualimap\\\/#breadcrumb\",\"itemListElement\":[{\"@type\":\"ListItem\",\"position\":1,\"name\":\"Accueil\",\"item\":\"https:\\\/\\\/www.lab-science.eu\\\/es\\\/\"},{\"@type\":\"ListItem\",\"position\":2,\"name\":\"LOS MIEMBROS DE LA RED LAB\u2019SCIENCE\",\"item\":\"https:\\\/\\\/www.lab-science.eu\\\/es\\\/los-miembros-de-la-red-labscience-2\\\/\"},{\"@type\":\"ListItem\",\"position\":3,\"name\":\"Qualimap\"}]},{\"@type\":\"WebSite\",\"@id\":\"https:\\\/\\\/www.lab-science.eu\\\/#website\",\"url\":\"https:\\\/\\\/www.lab-science.eu\\\/\",\"name\":\"Lab Science - Conception et Fabrication de salles blanches modulaire\",\"description\":\"\",\"potentialAction\":[{\"@type\":\"SearchAction\",\"target\":{\"@type\":\"EntryPoint\",\"urlTemplate\":\"https:\\\/\\\/www.lab-science.eu\\\/?s={search_term_string}\"},\"query-input\":{\"@type\":\"PropertyValueSpecification\",\"valueRequired\":true,\"valueName\":\"search_term_string\"}}],\"inLanguage\":\"es\"}]}<\/script>\n<!-- \/ Yoast SEO plugin. -->","yoast_head_json":{"title":"Qualimap, vigilancia y calificaci\u00f3n de salas blancas","description":"Qualimap propone soluciones adaptadas de vigilancia y calificaci\u00f3n de salas blancas y entornos con atm\u00f3sfera controlada.","robots":{"index":"index","follow":"follow","max-snippet":"max-snippet:-1","max-image-preview":"max-image-preview:large","max-video-preview":"max-video-preview:-1"},"canonical":"https:\/\/www.lab-science.eu\/es\/los-miembros-de-la-red-labscience-2\/qualimap\/","og_locale":"es_ES","og_type":"article","og_title":"Qualimap, vigilancia y calificaci\u00f3n de salas blancas","og_description":"Qualimap propone soluciones adaptadas de vigilancia y calificaci\u00f3n de salas blancas y entornos con atm\u00f3sfera controlada.","og_url":"https:\/\/www.lab-science.eu\/es\/los-miembros-de-la-red-labscience-2\/qualimap\/","og_site_name":"Lab Science - Conception et Fabrication de salles blanches modulaire","article_modified_time":"2023-01-20T09:39:24+00:00","og_image":[{"url":"https:\/\/www.lab-science.eu\/wp-content\/uploads\/2018\/05\/Logo-Qualimap-1024x378.jpg","type":"","width":"","height":""}],"twitter_card":"summary_large_image","twitter_misc":{"Tiempo de lectura":"3 minutos"},"schema":{"@context":"https:\/\/schema.org","@graph":[{"@type":"WebPage","@id":"https:\/\/www.lab-science.eu\/es\/los-miembros-de-la-red-labscience-2\/qualimap\/","url":"https:\/\/www.lab-science.eu\/es\/los-miembros-de-la-red-labscience-2\/qualimap\/","name":"Qualimap, vigilancia y calificaci\u00f3n de salas blancas","isPartOf":{"@id":"https:\/\/www.lab-science.eu\/#website"},"primaryImageOfPage":{"@id":"https:\/\/www.lab-science.eu\/es\/los-miembros-de-la-red-labscience-2\/qualimap\/#primaryimage"},"image":{"@id":"https:\/\/www.lab-science.eu\/es\/los-miembros-de-la-red-labscience-2\/qualimap\/#primaryimage"},"thumbnailUrl":"https:\/\/www.lab-science.eu\/wp-content\/uploads\/2018\/05\/Logo-Qualimap-1024x378.jpg","datePublished":"2021-04-21T10:38:53+00:00","dateModified":"2023-01-20T09:39:24+00:00","description":"Qualimap propone soluciones adaptadas de vigilancia y calificaci\u00f3n de salas blancas y entornos con atm\u00f3sfera controlada.","breadcrumb":{"@id":"https:\/\/www.lab-science.eu\/es\/los-miembros-de-la-red-labscience-2\/qualimap\/#breadcrumb"},"inLanguage":"es","potentialAction":[{"@type":"ReadAction","target":["https:\/\/www.lab-science.eu\/es\/los-miembros-de-la-red-labscience-2\/qualimap\/"]}]},{"@type":"ImageObject","inLanguage":"es","@id":"https:\/\/www.lab-science.eu\/es\/los-miembros-de-la-red-labscience-2\/qualimap\/#primaryimage","url":"https:\/\/www.lab-science.eu\/wp-content\/uploads\/2018\/05\/Logo-Qualimap-1024x378.jpg","contentUrl":"https:\/\/www.lab-science.eu\/wp-content\/uploads\/2018\/05\/Logo-Qualimap-1024x378.jpg"},{"@type":"BreadcrumbList","@id":"https:\/\/www.lab-science.eu\/es\/los-miembros-de-la-red-labscience-2\/qualimap\/#breadcrumb","itemListElement":[{"@type":"ListItem","position":1,"name":"Accueil","item":"https:\/\/www.lab-science.eu\/es\/"},{"@type":"ListItem","position":2,"name":"LOS MIEMBROS DE LA RED LAB\u2019SCIENCE","item":"https:\/\/www.lab-science.eu\/es\/los-miembros-de-la-red-labscience-2\/"},{"@type":"ListItem","position":3,"name":"Qualimap"}]},{"@type":"WebSite","@id":"https:\/\/www.lab-science.eu\/#website","url":"https:\/\/www.lab-science.eu\/","name":"Lab Science - Conception et Fabrication de salles blanches modulaire","description":"","potentialAction":[{"@type":"SearchAction","target":{"@type":"EntryPoint","urlTemplate":"https:\/\/www.lab-science.eu\/?s={search_term_string}"},"query-input":{"@type":"PropertyValueSpecification","valueRequired":true,"valueName":"search_term_string"}}],"inLanguage":"es"}]}},"_links":{"self":[{"href":"https:\/\/www.lab-science.eu\/es\/wp-json\/wp\/v2\/pages\/4137","targetHints":{"allow":["GET"]}}],"collection":[{"href":"https:\/\/www.lab-science.eu\/es\/wp-json\/wp\/v2\/pages"}],"about":[{"href":"https:\/\/www.lab-science.eu\/es\/wp-json\/wp\/v2\/types\/page"}],"author":[{"embeddable":true,"href":"https:\/\/www.lab-science.eu\/es\/wp-json\/wp\/v2\/users\/1"}],"replies":[{"embeddable":true,"href":"https:\/\/www.lab-science.eu\/es\/wp-json\/wp\/v2\/comments?post=4137"}],"version-history":[{"count":0,"href":"https:\/\/www.lab-science.eu\/es\/wp-json\/wp\/v2\/pages\/4137\/revisions"}],"up":[{"embeddable":true,"href":"https:\/\/www.lab-science.eu\/es\/wp-json\/wp\/v2\/pages\/4278"}],"wp:attachment":[{"href":"https:\/\/www.lab-science.eu\/es\/wp-json\/wp\/v2\/media?parent=4137"}],"curies":[{"name":"wp","href":"https:\/\/api.w.org\/{rel}","templated":true}]}}