{"id":4273,"date":"2021-06-08T15:40:26","date_gmt":"2021-06-08T13:40:26","guid":{"rendered":"https:\/\/www.lab-science.eu\/informacion-legal\/"},"modified":"2023-01-23T09:52:00","modified_gmt":"2023-01-23T08:52:00","slug":"informacion-legal","status":"publish","type":"page","link":"https:\/\/www.lab-science.eu\/es\/informacion-legal\/","title":{"rendered":"Informaci\u00f3n legal"},"content":{"rendered":"<h3 style=\"text-align: justify;\"><b>Informaci\u00f3n legal<\/b><\/h3>\n<p><strong>Editorial<\/strong><\/p>\n<p><span style=\"font-weight: 400;\">LAB&#8217;SCIENCE<\/span><\/p>\n<p><span style=\"font-weight: 400;\">SAS con un capital de 100 000 euros.<\/span><\/p>\n<p><span style=\"font-weight: 400;\">SIRET : 82856042500013<\/span><\/p>\n<p><span style=\"font-weight: 400;\">C\u00f3digo APE : 7112B<\/span><\/p>\n<p><span style=\"font-weight: 400;\">C\u00f3digo IVA: FR27 828 560 425<\/span><\/p>\n<p><span style=\"font-weight: 400;\">Sede social : ZI &#8211; Boulevard de l&#8217;Industrie &#8211; 37530 NAZELLES NEGRON<\/span><\/p>\n<p><span style=\"font-weight: 400;\">Tel\u00e9fono: +33 2 47 23 41 01<\/span><\/p>\n<p><span style=\"font-weight: 400;\">Director de la publicaci\u00f3n: L. CHAIGNEAU<\/span><\/p>\n<p><span style=\"font-weight: 400;\">Director: LAB&#8217;SCIENCE &#8211; ZI &#8211; Boulevard de l&#8217;Industrie, 37530 NAZELLES-NEGRON &#8211; Tel: +33 2 47 23 41 01 &#8211; contact@lab-science.eu<\/span><\/p>\n<p><span style=\"font-weight: 400;\">P\u00e1gina web: https:\/\/preprod2.dev-ev.fr<\/span><\/p>\n<p><span style=\"font-weight: 400;\">Realizaci\u00f3n: Este sitio web fue realizado por la agencia OXYGEN Ouest, 22 rue Gustave Mareau, 49000 Angers.<\/span><\/p>\n<p><span style=\"font-weight: 400;\">Alojamiento: Este sitio web est\u00e1 alojado en la empresa OVH, 2 rue Kellermann 59100 Roubaix &#8211; Tel: 1007.<\/span><\/p>\n<p>&nbsp;<\/p>\n<p><b>Prop\u00f3sito<\/b><\/p>\n<p><span style=\"font-weight: 400;\">El sitio web de LAB&#8217;SCIENCE (preprod2.dev-ev.fr) tiene por objeto ofrecer al p\u00fablico informaci\u00f3n gratuita sobre las actividades de la empresa LAB&#8217;SCIENCE.<\/span><\/p>\n<p><span style=\"font-weight: 400;\">La navegaci\u00f3n continua por este sitio implica la aceptaci\u00f3n sin reservas de las siguientes condiciones de uso. Las condiciones actualmente en l\u00ednea son las \u00fanicas aplicables durante todo el periodo de uso del sitio. LAB&#8217;SCIENCE se reserva el derecho de modificar este aviso legal en cualquier momento.<\/span><\/p>\n<p>&nbsp;<\/p>\n<p><b>Propiedad Intelectual<\/b><\/p>\n<p><span style=\"font-weight: 400;\">LAB&#8217;SCIENCE es el propietario de los derechos de propiedad intelectual o posee los derechos de uso sobre todos los elementos accesibles en el sitio, en particular los textos, im\u00e1genes, gr\u00e1ficos, logotipos, iconos, sonidos, software.<\/span><\/p>\n<p><span style=\"font-weight: 400;\">Cualquier reproducci\u00f3n, representaci\u00f3n, modificaci\u00f3n, publicaci\u00f3n, adaptaci\u00f3n de la totalidad o parte de los elementos del sitio, cualquiera que sea el medio o el procedimiento utilizado, est\u00e1 prohibida, salvo autorizaci\u00f3n previa por escrito de LAB&#8217;SCIENCE.<\/span><\/p>\n<p><span style=\"font-weight: 400;\">Cualquier uso no autorizado del sitio o de cualquiera de los elementos que contiene se considerar\u00e1 como constitutivo de una infracci\u00f3n y ser\u00e1 perseguido de acuerdo con las disposiciones de los art\u00edculos L.335-2 y siguientes del C\u00f3digo de la Propiedad Intelectual.<\/span><\/p>\n<p>&nbsp;<\/p>\n<p><b>Derechos de autor<\/b><\/p>\n<p><span style=\"font-weight: 400;\">Todo el sitio web preprod2.dev-ev.fr est\u00e1 sujeto a la legislaci\u00f3n francesa e internacional sobre derechos de autor y propiedad intelectual. Todos los derechos de reproducci\u00f3n est\u00e1n reservados. Los textos e im\u00e1genes del sitio web preprod2.dev-ev.fr han sido creados para este sitio web. No se puede realizar ninguna reproducci\u00f3n, parcial o total, sin el consentimiento previo por escrito de LAB&#8217;SCIENCE.<\/span><\/p>\n<p>&nbsp;<\/p>\n<p><b>Gesti\u00f3n de datos personales<\/b><\/p>\n<p><span style=\"font-weight: 400;\">En Francia, los datos personales est\u00e1n protegidos por la ley n\u00b0 78-87 del 6 de enero de 1978, la ley n\u00b0 2004-801 del 6 de agosto de 2004, el art\u00edculo L. 226-13 del C\u00f3digo Penal y la Directiva Europea del 24 de octubre de 1995.<\/span><\/p>\n<p><span style=\"font-weight: 400;\">Durante el uso del sitio preprod2.dev-ev.fr, se puede recoger la siguiente informaci\u00f3n: la URL de los enlaces a trav\u00e9s de los cuales el usuario ha accedido al sitio preprod2.dev-ev.fr, el proveedor de acceso del usuario, la direcci\u00f3n del protocolo de Internet (IP) del usuario.<\/span><\/p>\n<p><span style=\"font-weight: 400;\">En cualquier caso, LAB&#8217;SCIENCE s\u00f3lo recoge informaci\u00f3n personal sobre el usuario a efectos de determinados servicios ofrecidos por el sitio preprod2.dev-ev.fr. Los usuarios proporcionan esta informaci\u00f3n con pleno conocimiento de causa, sobre todo cuando la introducen ellos mismos. A continuaci\u00f3n, se especifica al usuario del sitio preprod2.dev-ev.fr la obligaci\u00f3n o no de proporcionar esta informaci\u00f3n.<\/span><\/p>\n<p><span style=\"font-weight: 400;\">De conformidad con las disposiciones de los art\u00edculos 38 y siguientes de la ley 78-17 del 6 de enero de 1978 relativa a la inform\u00e1tica, a los archivos y a las libertades, todo usuario dispone de un derecho de acceso, de rectificaci\u00f3n y de oposici\u00f3n a los datos personales que le conciernen, realizando su solicitud por escrito y firmada, acompa\u00f1ada de una copia del t\u00edtulo de identidad con firma del titular del documento, precisando la direcci\u00f3n a la que debe enviarse la respuesta.<\/span><\/p>\n<p><span style=\"font-weight: 400;\">Ninguna informaci\u00f3n personal del usuario del sitio preprod2.dev-ev.fr se publica sin el conocimiento del usuario, se intercambia, se transfiere, se cede o se vende en ning\u00fan medio a terceros. S\u00f3lo la asunci\u00f3n de la recompra de LAB&#8217;SCIENCE y de sus derechos permitir\u00eda la transmisi\u00f3n de dicha informaci\u00f3n al posible comprador que estar\u00eda a su vez sujeto a la misma obligaci\u00f3n de conservaci\u00f3n y modificaci\u00f3n de los datos con respecto al usuario del sitio preprod2.dev-ev.fr.<\/span><\/p>\n<p><span style=\"font-weight: 400;\">Las bases de datos est\u00e1n protegidas por las disposiciones de la ley de 1 de julio de 1998 que transpone la Directiva 96\/9 de 11 de marzo de 1996 sobre la protecci\u00f3n jur\u00eddica de las bases de datos. <\/span><\/p>\n<p>&nbsp;<\/p>\n<p><b>Enlaces de hipertexto y cookies<\/b><\/p>\n<p><span style=\"font-weight: 400;\">El sitio www.lab-sciience.eu contiene una serie de enlaces de hipertexto hacia otros sitios, establecidos con la autorizaci\u00f3n de LAB&#8217;SCIENCE. Sin embargo, LAB&#8217;SCIENCE no tiene la posibilidad de verificar el contenido de los sitios as\u00ed visitados, y en consecuencia no asumir\u00e1 ninguna responsabilidad por este hecho.<\/span><\/p>\n<p><span style=\"font-weight: 400;\">La navegaci\u00f3n por el sitio www.lab-sicence.eu puede provocar la instalaci\u00f3n de cookies en el ordenador del usuario. Una cookie es un peque\u00f1o archivo que no permite la identificaci\u00f3n del usuario, pero que registra informaci\u00f3n relativa a la navegaci\u00f3n de un ordenador en un sitio. Los datos as\u00ed obtenidos est\u00e1n destinados a facilitar la navegaci\u00f3n posterior en el sitio, y tambi\u00e9n a permitir diversas medidas de frecuentaci\u00f3n.<\/span><\/p>\n<p><span style=\"font-weight: 400;\">Rechazar la instalaci\u00f3n de una cookie puede imposibilitar el acceso a determinados servicios. Sin embargo, el usuario puede configurar su ordenador de la siguiente manera para rechazar la instalaci\u00f3n de cookies:<\/span><\/p>\n<ul>\n<li><span style=\"font-weight: 400;\">En Internet Explorer: pesta\u00f1a Herramientas (pictograma en forma de rueda dentada en la esquina superior derecha) \/ Opciones de Internet. Haga clic en Privacidad y elija Bloquear todas las cookies. Validar en Ok.<\/span><\/li>\n<li><span style=\"font-weight: 400;\">En Firefox: en la parte superior de la ventana del navegador, haga clic en el bot\u00f3n de Firefox y luego vaya a la pesta\u00f1a Opciones. Haga clic en la pesta\u00f1a Privacidad. Establezca las Reglas de Retenci\u00f3n en: utilizar la configuraci\u00f3n personalizada para el historial. Por \u00faltimo, desmarque la casilla para desactivar las cookies.<\/span><\/li>\n<li><span style=\"font-weight: 400;\">En Safari: haga clic en el icono del men\u00fa (simbolizado por una rueda dentada) en la esquina superior derecha del navegador. Seleccione la configuraci\u00f3n. Haga clic en Mostrar la configuraci\u00f3n avanzada. En la secci\u00f3n \u00abPrivacidad\u00bb, haga clic en \u00abConfiguraci\u00f3n del contenido\u00bb. En la secci\u00f3n \u00abCookies\u00bb, puede bloquear las cookies.<\/span><\/li>\n<li><span style=\"font-weight: 400;\">En Chrome: Haga clic en el icono del men\u00fa (simbolizado por tres l\u00edneas horizontales) en la esquina superior derecha del navegador. Seleccione la configuraci\u00f3n. Haga clic en Mostrar la configuraci\u00f3n avanzada. En la secci\u00f3n \u00abPrivacidad\u00bb, haga clic en las preferencias. En la pesta\u00f1a \u00abPrivacidad\u00bb, puede bloquear las cookies.<\/span><\/li>\n<\/ul>\n<p><span style=\"font-weight: 400;\">Tabla de informaci\u00f3n sobre las cookies utilizadas en el sitio web<\/span>\u00a0<a href=\"https:\/\/www.lab-science.eu\">www.lab-science.eu<\/a>:<\/p>\n<p>&nbsp;<\/p>\n<table style=\"height: 368px;\" width=\"809\">\n<tbody>\n<tr>\n<td width=\"113\"><strong>Nombre de la Cookie<\/strong><\/td>\n<td width=\"302\"><strong>Funci\u00f3n<\/strong><\/td>\n<td width=\"95\"><strong>Vida \u00fatil<\/strong><\/td>\n<td width=\"94\"><strong>Lugar<\/strong><\/td>\n<\/tr>\n<tr>\n<td width=\"113\">_ga<\/td>\n<td width=\"302\"><span style=\"font-weight: 400;\">Se utiliza para medir las interacciones de los usuarios con los formularios de contacto y los enlaces de descarga dentro del sitio web.<\/span><\/td>\n<td width=\"95\">13 <span style=\"font-weight: 400;\">meses<\/span><\/td>\n<td width=\"94\">Etats-Unis<\/td>\n<\/tr>\n<tr>\n<td width=\"113\">_gat<\/td>\n<td width=\"302\"><span style=\"font-weight: 400;\">Se utiliza para limitar la velocidad de las solicitudes, lo que limita la recogida de datos en los sitios de alto tr\u00e1fico. Expira despu\u00e9s de 1 minuto.<\/span><\/td>\n<td width=\"95\">1 minuto<\/td>\n<td width=\"94\">Etats-Unis<\/td>\n<\/tr>\n<tr>\n<td width=\"113\">_gid<\/td>\n<td width=\"302\"><span style=\"font-weight: 400;\">Almacena y actualiza un valor \u00fanico para cada p\u00e1gina visitada.<\/span><\/td>\n<td width=\"95\">1 dia<\/td>\n<td width=\"94\">Etats-Unis<\/td>\n<\/tr>\n<tr>\n<td width=\"113\">cookie_notice_accepted<\/td>\n<td width=\"302\"><span style=\"font-weight: 400;\">Se utiliza para que los usuarios de Internet puedan desactivar el seguimiento de la audiencia.<\/span><\/td>\n<td width=\"95\">1 mes<\/td>\n<td width=\"94\">France<\/td>\n<\/tr>\n<\/tbody>\n<\/table>\n<p>&nbsp;<\/p>\n<p><b>Duraci\u00f3n de la conservaci\u00f3n de los datos<\/b><\/p>\n<p><span style=\"font-weight: 400;\">LAB&#8217;SCIENCE s\u00f3lo conservar\u00e1 sus datos durante el tiempo necesario para cumplir los fines para los que fueron recogidos. <\/span><\/p>\n<p>&nbsp;<\/p>\n<p><strong>Copyright<\/strong><\/p>\n<p><span style=\"font-weight: 400;\">Todo el sitio web www.lab-sicence.eu est\u00e1 sujeto a la legislaci\u00f3n francesa e internacional sobre derechos de autor y propiedad intelectual. Quedan reservados todos los derechos de reproducci\u00f3n de documentos. Los textos e im\u00e1genes del sitio web www.lab-sicence.eu han sido creados para este sitio. No se puede realizar ninguna reproducci\u00f3n, parcial o total, sin el consentimiento previo por escrito de LAB&#8217;SCIENCE. <\/span><\/p>\n<p>&nbsp;<\/p>\n<p><b>Datos personales<\/b><\/p>\n<p><span style=\"font-weight: 400;\">LAB&#8217;SCIENCE no registra ninguna informaci\u00f3n personal que permita su identificaci\u00f3n, a excepci\u00f3n del formulario de solicitud de contacto que puede rellenar libremente para sus peticiones de informaci\u00f3n, contactos y solicitudes no solicitadas.<\/span><\/p>\n<p><span style=\"font-weight: 400;\">De acuerdo con la ley francesa \u00abInformatique et Libert\u00e9s\u00bb del 6 de enero de 1978 y el Reglamento General de Protecci\u00f3n de Datos (UE) del 27 de abril de 2016 (en adelante \u00abGDPR\u00bb), sobre la protecci\u00f3n de los datos personales y la privacidad, cada usuario tiene un derecho de acceso, rectificaci\u00f3n, supresi\u00f3n y aplazamiento de la informaci\u00f3n personal sobre \u00e9l o el derecho a oponerse a su tratamiento por LAB&#8217;SCIENCE. Como usuario, puede ejercer este derecho escribiendo a LAB&#8217;SCIENCE : ZI &#8211; Boulevard de l&#8217;Industrie &#8211; 37530 NAZELLES NEGRON.<\/span><\/p>\n<p>&nbsp;<\/p>\n<p><span style=\"font-weight: 400;\">Finalidad: Esta informaci\u00f3n se utilizar\u00e1 para ponerse en contacto con usted en el marco de su solicitud de intercambios o informaci\u00f3n; no se utilizar\u00e1 con fines comerciales sin su consentimiento previo.<\/span><\/p>\n","protected":false},"excerpt":{"rendered":"<p>Informaci\u00f3n legal Editorial LAB&#8217;SCIENCE SAS con un capital de 100 000 euros. SIRET : 82856042500013 C\u00f3digo APE : 7112B C\u00f3digo IVA: FR27 828 560 425 Sede social : ZI &#8211; Boulevard de l&#8217;Industrie &#8211; 37530 NAZELLES NEGRON Tel\u00e9fono: +33 2 47 23 41 01 Director de la publicaci\u00f3n: L. CHAIGNEAU Director: LAB&#8217;SCIENCE &#8211; ZI &#8211;&hellip;<\/p>\n<p><a href=\"https:\/\/www.lab-science.eu\/es\/informacion-legal\/\" class=\"read-more-link\">Read More &rarr;<\/a><\/p>\n","protected":false},"author":1,"featured_media":0,"parent":0,"menu_order":7,"comment_status":"closed","ping_status":"closed","template":"","meta":{"footnotes":""},"class_list":["post-4273","page","type-page","status-publish","hentry"],"yoast_head":"<!-- This site is optimized with the Yoast SEO plugin v27.5 - https:\/\/yoast.com\/product\/yoast-seo-wordpress\/ -->\n<title>Informaci\u00f3n legal - Lab Science - Conception et Fabrication de salles blanches modulaire<\/title>\n<meta name=\"robots\" content=\"noindex, follow\" \/>\n<meta property=\"og:locale\" content=\"es_ES\" \/>\n<meta property=\"og:type\" content=\"article\" \/>\n<meta property=\"og:title\" content=\"Informaci\u00f3n legal - Lab Science - Conception et Fabrication de salles blanches modulaire\" \/>\n<meta property=\"og:description\" content=\"Informaci\u00f3n legal Editorial LAB&#8217;SCIENCE SAS con un capital de 100 000 euros. SIRET : 82856042500013 C\u00f3digo APE : 7112B C\u00f3digo IVA: FR27 828 560 425 Sede social : ZI &#8211; Boulevard de l&#8217;Industrie &#8211; 37530 NAZELLES NEGRON Tel\u00e9fono: +33 2 47 23 41 01 Director de la publicaci\u00f3n: L. CHAIGNEAU Director: LAB&#8217;SCIENCE &#8211; ZI &#8211;&hellip;Read More &rarr;\" \/>\n<meta property=\"og:url\" content=\"https:\/\/www.lab-science.eu\/es\/informacion-legal\/\" \/>\n<meta property=\"og:site_name\" content=\"Lab Science - Conception et Fabrication de salles blanches modulaire\" \/>\n<meta property=\"article:modified_time\" content=\"2023-01-23T08:52:00+00:00\" \/>\n<meta name=\"twitter:card\" content=\"summary_large_image\" \/>\n<meta name=\"twitter:label1\" content=\"Tiempo de lectura\" \/>\n\t<meta name=\"twitter:data1\" content=\"7 minutos\" \/>\n<script type=\"application\/ld+json\" class=\"yoast-schema-graph\">{\"@context\":\"https:\\\/\\\/schema.org\",\"@graph\":[{\"@type\":\"WebPage\",\"@id\":\"https:\\\/\\\/www.lab-science.eu\\\/es\\\/informacion-legal\\\/\",\"url\":\"https:\\\/\\\/www.lab-science.eu\\\/es\\\/informacion-legal\\\/\",\"name\":\"Informaci\u00f3n legal - Lab Science - Conception et Fabrication de salles blanches modulaire\",\"isPartOf\":{\"@id\":\"https:\\\/\\\/www.lab-science.eu\\\/#website\"},\"datePublished\":\"2021-06-08T13:40:26+00:00\",\"dateModified\":\"2023-01-23T08:52:00+00:00\",\"breadcrumb\":{\"@id\":\"https:\\\/\\\/www.lab-science.eu\\\/es\\\/informacion-legal\\\/#breadcrumb\"},\"inLanguage\":\"es\",\"potentialAction\":[{\"@type\":\"ReadAction\",\"target\":[\"https:\\\/\\\/www.lab-science.eu\\\/es\\\/informacion-legal\\\/\"]}]},{\"@type\":\"BreadcrumbList\",\"@id\":\"https:\\\/\\\/www.lab-science.eu\\\/es\\\/informacion-legal\\\/#breadcrumb\",\"itemListElement\":[{\"@type\":\"ListItem\",\"position\":1,\"name\":\"Accueil\",\"item\":\"https:\\\/\\\/www.lab-science.eu\\\/es\\\/\"},{\"@type\":\"ListItem\",\"position\":2,\"name\":\"Informaci\u00f3n legal\"}]},{\"@type\":\"WebSite\",\"@id\":\"https:\\\/\\\/www.lab-science.eu\\\/#website\",\"url\":\"https:\\\/\\\/www.lab-science.eu\\\/\",\"name\":\"Lab Science - Conception et Fabrication de salles blanches modulaire\",\"description\":\"\",\"potentialAction\":[{\"@type\":\"SearchAction\",\"target\":{\"@type\":\"EntryPoint\",\"urlTemplate\":\"https:\\\/\\\/www.lab-science.eu\\\/?s={search_term_string}\"},\"query-input\":{\"@type\":\"PropertyValueSpecification\",\"valueRequired\":true,\"valueName\":\"search_term_string\"}}],\"inLanguage\":\"es\"}]}<\/script>\n<!-- \/ Yoast SEO plugin. -->","yoast_head_json":{"title":"Informaci\u00f3n legal - Lab Science - Conception et Fabrication de salles blanches modulaire","robots":{"index":"noindex","follow":"follow"},"og_locale":"es_ES","og_type":"article","og_title":"Informaci\u00f3n legal - Lab Science - Conception et Fabrication de salles blanches modulaire","og_description":"Informaci\u00f3n legal Editorial LAB&#8217;SCIENCE SAS con un capital de 100 000 euros. SIRET : 82856042500013 C\u00f3digo APE : 7112B C\u00f3digo IVA: FR27 828 560 425 Sede social : ZI &#8211; Boulevard de l&#8217;Industrie &#8211; 37530 NAZELLES NEGRON Tel\u00e9fono: +33 2 47 23 41 01 Director de la publicaci\u00f3n: L. CHAIGNEAU Director: LAB&#8217;SCIENCE &#8211; ZI &#8211;&hellip;Read More &rarr;","og_url":"https:\/\/www.lab-science.eu\/es\/informacion-legal\/","og_site_name":"Lab Science - Conception et Fabrication de salles blanches modulaire","article_modified_time":"2023-01-23T08:52:00+00:00","twitter_card":"summary_large_image","twitter_misc":{"Tiempo de lectura":"7 minutos"},"schema":{"@context":"https:\/\/schema.org","@graph":[{"@type":"WebPage","@id":"https:\/\/www.lab-science.eu\/es\/informacion-legal\/","url":"https:\/\/www.lab-science.eu\/es\/informacion-legal\/","name":"Informaci\u00f3n legal - Lab Science - Conception et Fabrication de salles blanches modulaire","isPartOf":{"@id":"https:\/\/www.lab-science.eu\/#website"},"datePublished":"2021-06-08T13:40:26+00:00","dateModified":"2023-01-23T08:52:00+00:00","breadcrumb":{"@id":"https:\/\/www.lab-science.eu\/es\/informacion-legal\/#breadcrumb"},"inLanguage":"es","potentialAction":[{"@type":"ReadAction","target":["https:\/\/www.lab-science.eu\/es\/informacion-legal\/"]}]},{"@type":"BreadcrumbList","@id":"https:\/\/www.lab-science.eu\/es\/informacion-legal\/#breadcrumb","itemListElement":[{"@type":"ListItem","position":1,"name":"Accueil","item":"https:\/\/www.lab-science.eu\/es\/"},{"@type":"ListItem","position":2,"name":"Informaci\u00f3n legal"}]},{"@type":"WebSite","@id":"https:\/\/www.lab-science.eu\/#website","url":"https:\/\/www.lab-science.eu\/","name":"Lab Science - Conception et Fabrication de salles blanches modulaire","description":"","potentialAction":[{"@type":"SearchAction","target":{"@type":"EntryPoint","urlTemplate":"https:\/\/www.lab-science.eu\/?s={search_term_string}"},"query-input":{"@type":"PropertyValueSpecification","valueRequired":true,"valueName":"search_term_string"}}],"inLanguage":"es"}]}},"_links":{"self":[{"href":"https:\/\/www.lab-science.eu\/es\/wp-json\/wp\/v2\/pages\/4273","targetHints":{"allow":["GET"]}}],"collection":[{"href":"https:\/\/www.lab-science.eu\/es\/wp-json\/wp\/v2\/pages"}],"about":[{"href":"https:\/\/www.lab-science.eu\/es\/wp-json\/wp\/v2\/types\/page"}],"author":[{"embeddable":true,"href":"https:\/\/www.lab-science.eu\/es\/wp-json\/wp\/v2\/users\/1"}],"replies":[{"embeddable":true,"href":"https:\/\/www.lab-science.eu\/es\/wp-json\/wp\/v2\/comments?post=4273"}],"version-history":[{"count":0,"href":"https:\/\/www.lab-science.eu\/es\/wp-json\/wp\/v2\/pages\/4273\/revisions"}],"wp:attachment":[{"href":"https:\/\/www.lab-science.eu\/es\/wp-json\/wp\/v2\/media?parent=4273"}],"curies":[{"name":"wp","href":"https:\/\/api.w.org\/{rel}","templated":true}]}}