{"id":4278,"date":"2021-06-14T15:17:53","date_gmt":"2021-06-14T13:17:53","guid":{"rendered":"https:\/\/www.lab-science.eu\/los-miembros-de-la-red-labscience-2\/"},"modified":"2023-01-20T15:47:33","modified_gmt":"2023-01-20T14:47:33","slug":"los-miembros-de-la-red-labscience-2","status":"publish","type":"page","link":"https:\/\/www.lab-science.eu\/es\/los-miembros-de-la-red-labscience-2\/","title":{"rendered":"LOS MIEMBROS DE LA RED LAB\u2019SCIENCE"},"content":{"rendered":"<div class=\"title\">\n<h1 class=\"header-text\">Una red a su servicio<\/h1>\n<p>Apoy\u00e1ndose en una red de 17 empresas expertas en la construcci\u00f3n y el mantenimiento de entornos limpios, LAB&#8217;SCIENCE combina una amplia gama de competencias con la flexibilidad operativa de una PYME. Cada una de estas entidades tiene conocimientos espec\u00edficos, adaptados a cada etapa del proceso de dise\u00f1o.<\/p>\n<p>&nbsp;<\/p>\n<p><img loading=\"lazy\" decoding=\"async\" class=\"aligncenter size-large wp-image-2188 portfolio-lazyLoad\" src=\"https:\/\/www.lab-science.eu\/wp-content\/uploads\/2018\/04\/fond-labscience-presentation-1024x510.jpg\" data-original=\"https:\/\/www.lab-science.eu\/wp-content\/uploads\/2018\/04\/fond-labscience-presentation-1024x510.jpg\" alt=\"\" width=\"1000\" height=\"498\" srcset=\"https:\/\/www.lab-science.eu\/wp-content\/uploads\/2018\/04\/fond-labscience-presentation-1024x510.jpg 1024w, https:\/\/www.lab-science.eu\/wp-content\/uploads\/2018\/04\/fond-labscience-presentation-300x149.jpg 300w, https:\/\/www.lab-science.eu\/wp-content\/uploads\/2018\/04\/fond-labscience-presentation-768x382.jpg 768w\" sizes=\"auto, (max-width: 1000px) 100vw, 1000px\" \/><noscript><img loading=\"lazy\" decoding=\"async\" class=\"aligncenter size-large wp-image-2188 portfolio-lazyLoad\" src=\"https:\/\/www.lab-science.eu\/wp-content\/uploads\/2018\/04\/fond-labscience-presentation-1024x510.jpg\" alt=\"\" width=\"1000\" height=\"498\" srcset=\"https:\/\/www.lab-science.eu\/wp-content\/uploads\/2018\/04\/fond-labscience-presentation-1024x510.jpg 1024w, https:\/\/www.lab-science.eu\/wp-content\/uploads\/2018\/04\/fond-labscience-presentation-300x149.jpg 300w, https:\/\/www.lab-science.eu\/wp-content\/uploads\/2018\/04\/fond-labscience-presentation-768x382.jpg 768w\" sizes=\"auto, (max-width: 1000px) 100vw, 1000px\" \/><\/noscript><\/p>\n<p>&nbsp;<\/p>\n<h2>La fuerza de un grupo, la flexibilidad de una PYME<\/h2>\n<p>Actuando como acelerador de proyectos, esta estructura de red nos permite ofrecerle un servicio global que integra todos los aspectos del dise\u00f1o de salas blancas modulares, al tiempo que le proporciona la comodidad de un \u00fanico punto de contacto para la ejecuci\u00f3n de su proyecto.<\/p>\n<p>\u00danica en Francia, esta estructura nos permite responder a todas sus necesidades gracias a una oferta global que combina la experiencia de los principales actores del sector en el \u00e1mbito del asesoramiento, la asistencia, el control, el desarrollo y la instalaci\u00f3n de entornos de atm\u00f3sfera controlada (salas blancas, salas grises, esclusas de descontaminaci\u00f3n, etc.).<\/p>\n<div class=\"full-width\" style=\"color: #333333;background: #FAFAFA;\">\n<h2>La red LAB&#8217;SCIENCE ofrece<\/h2>\n<p>Dise\u00f1o, fabricaci\u00f3n, ampliaci\u00f3n, equipamiento, control: la experiencia combinada de las empresas de la red nos permite ofrecerle un apoyo a medida y cubrir todas sus expectativas :<\/p>\n<div class=\"one_half rnr-column\">\n<ul class=\"styled-list\">\n<li><i class=\"fa fa-check\" style=\"color:#6a0e41 !important;\"><\/i><strong>estudio, ingenier\u00eda y dise\u00f1o de salas blancas ;<\/strong><\/li>\n<li><i class=\"fa fa-check\" style=\"color:#6a0e41 !important;\"><\/i><strong>estructura met\u00e1lica ;<\/strong><\/li>\n<li><i class=\"fa fa-check\" style=\"color:#6a0e41 !important;\"><\/i><strong>tuber\u00edas industriales ;<\/strong><\/li>\n<li><i class=\"fa fa-check\" style=\"color:#6a0e41 !important;\"><\/i><strong> calderer\u00eda industrial ;<\/strong><\/li>\n<li><i class=\"fa fa-check\" style=\"color:#6a0e41 !important;\"><\/i><strong>soldadura industrial ;<\/strong><\/li>\n<li><i class=\"fa fa-check\" style=\"color:#6a0e41 !important;\"><\/i><strong> instalaci\u00f3n el\u00e9ctrica industrial ;<\/strong><\/li>\n<li><i class=\"fa fa-check\" style=\"color:#6a0e41 !important;\"><\/i><strong>rel\u00e1mpago ;<\/strong><\/li>\n<li><i class=\"fa fa-check\" style=\"color:#6a0e41 !important;\"><\/i><strong>fibra \u00f3ptica ;<\/strong><\/li>\n<li><i class=\"fa fa-check\" style=\"color:#6a0e41 !important;\"><\/i><strong>tratamiento del aire ;<\/strong><\/li>\n<li><i class=\"fa fa-check\" style=\"color:#6a0e41 !important;\"><\/i><strong>Instalaciones y control de HVAC ;<\/strong><\/li>\n<\/ul>\n<\/div>\n<div class=\"one_half rnr-column last\">\n<ul class=\"styled-list\">\n<li><i class=\"fa fa-check\" style=\"color:#6a0e41 !important;\"><\/i><strong>BMS ;<\/strong><\/li>\n<li><i class=\"fa fa-check\" style=\"color:#6a0e41 !important;\"><\/i><strong>fluidos especiales ;<\/strong><\/li>\n<li><i class=\"fa fa-check\" style=\"color:#6a0e41 !important;\"><\/i><strong>Filtros HEPA y ULPA ;<\/strong><\/li>\n<li><i class=\"fa fa-check\" style=\"color:#6a0e41 !important;\"><\/i><strong>campanas de flujo laminar ;<\/strong><\/li>\n<li><i class=\"fa fa-check\" style=\"color:#6a0e41 !important;\"><\/i><strong>recintos y tabiques para salas blancas ;<\/strong><\/li>\n<li><i class=\"fa fa-check\" style=\"color:#6a0e41 !important;\"><\/i><strong>mobiliario y equipo de laboratorio ;<\/strong><\/li>\n<li><i class=\"fa fa-check\" style=\"color:#6a0e41 !important;\"><\/i><strong>equipo multimedia ;<\/strong><\/li>\n<li><i class=\"fa fa-check\" style=\"color:#6a0e41 !important;\"><\/i><strong>control y cualificaci\u00f3n de las salas limpias ;<\/strong><\/li>\n<li><i class=\"fa fa-check\" style=\"color:#6a0e41 !important;\"><\/i><strong>mantenimiento en condiciones operativas ;<\/strong><\/li>\n<li><i class=\"fa fa-check\" style=\"color:#6a0e41 !important;\"><\/i><strong>desinfecci\u00f3n y descontaminaci\u00f3n avanzadas.<\/strong><\/li>\n<\/ul>\n<\/div><div class=\"clear\"><\/div>\n<p><\/div>\n<p>&nbsp;<\/p>\n<div class=\"title\">\n<h2 style=\"text-align: center;\">\u00bfQuiere confiarnos su proyecto?<\/h2>\n<p style=\"text-align: center;\">LAB&#8217;SCIENCE le acompa\u00f1ar\u00e1.<\/p>\n<p>&nbsp;<\/p>\n<p style=\"text-align: center;\"><a class=\"header-text\" style=\"box-shadow: #6a0e41 0px 0px 0px 3px; font-size: 20px; font-style: normal; color: #ffffff; font-weight: normal; text-transform: uppercase; margin-bottom: 20px; line-height: 1; display: inline-block; padding: 10px; background: #6a0e41; text-align: center;\" href=\"https:\/\/www.lab-science.eu\/es\/contacto\/\">Cont\u00e1ctenos<\/a><\/p>\n<\/div>\n<\/div>\n","protected":false},"excerpt":{"rendered":"<p>Una red a su servicio Apoy\u00e1ndose en una red de 17 empresas expertas en la construcci\u00f3n y el mantenimiento de entornos limpios, LAB&#8217;SCIENCE combina una amplia gama de competencias con la flexibilidad operativa de una PYME. Cada una de estas entidades tiene conocimientos espec\u00edficos, adaptados a cada etapa del proceso de dise\u00f1o. &nbsp; &nbsp; La&hellip;<\/p>\n<p><a href=\"https:\/\/www.lab-science.eu\/es\/los-miembros-de-la-red-labscience-2\/\" class=\"read-more-link\">Read More &rarr;<\/a><\/p>\n","protected":false},"author":1,"featured_media":0,"parent":0,"menu_order":0,"comment_status":"closed","ping_status":"closed","template":"","meta":{"footnotes":""},"class_list":["post-4278","page","type-page","status-publish","hentry"],"yoast_head":"<!-- This site is optimized with the Yoast SEO plugin v27.3 - https:\/\/yoast.com\/product\/yoast-seo-wordpress\/ -->\n<title>LOS MIEMBROS DE LA RED LAB\u2019SCIENCE<\/title>\n<meta name=\"description\" content=\"La red Lab&#039;Science incluye 17 empresas especializadas en el dise\u00f1o y mantenimiento de salas blancas\" \/>\n<meta name=\"robots\" content=\"index, follow, max-snippet:-1, max-image-preview:large, max-video-preview:-1\" \/>\n<link rel=\"canonical\" href=\"https:\/\/www.lab-science.eu\/es\/los-miembros-de-la-red-labscience-2\/\" \/>\n<meta property=\"og:locale\" content=\"es_ES\" \/>\n<meta property=\"og:type\" content=\"article\" \/>\n<meta property=\"og:title\" content=\"LOS MIEMBROS DE LA RED LAB\u2019SCIENCE\" \/>\n<meta property=\"og:description\" content=\"La red Lab&#039;Science incluye 17 empresas especializadas en el dise\u00f1o y mantenimiento de salas blancas\" \/>\n<meta property=\"og:url\" content=\"https:\/\/www.lab-science.eu\/es\/los-miembros-de-la-red-labscience-2\/\" \/>\n<meta property=\"og:site_name\" content=\"Lab Science - Conception et Fabrication de salles blanches modulaire\" \/>\n<meta property=\"article:modified_time\" content=\"2023-01-20T14:47:33+00:00\" \/>\n<meta property=\"og:image\" content=\"https:\/\/www.lab-science.eu\/wp-content\/uploads\/2018\/04\/fond-labscience-presentation-1024x510.jpg\" \/>\n<meta name=\"twitter:card\" content=\"summary_large_image\" \/>\n<meta name=\"twitter:label1\" content=\"Tiempo de lectura\" \/>\n\t<meta name=\"twitter:data1\" content=\"3 minutos\" \/>\n<script type=\"application\/ld+json\" class=\"yoast-schema-graph\">{\"@context\":\"https:\\\/\\\/schema.org\",\"@graph\":[{\"@type\":\"WebPage\",\"@id\":\"https:\\\/\\\/www.lab-science.eu\\\/es\\\/los-miembros-de-la-red-labscience-2\\\/\",\"url\":\"https:\\\/\\\/www.lab-science.eu\\\/es\\\/los-miembros-de-la-red-labscience-2\\\/\",\"name\":\"LOS MIEMBROS DE LA RED LAB\u2019SCIENCE\",\"isPartOf\":{\"@id\":\"https:\\\/\\\/www.lab-science.eu\\\/#website\"},\"primaryImageOfPage\":{\"@id\":\"https:\\\/\\\/www.lab-science.eu\\\/es\\\/los-miembros-de-la-red-labscience-2\\\/#primaryimage\"},\"image\":{\"@id\":\"https:\\\/\\\/www.lab-science.eu\\\/es\\\/los-miembros-de-la-red-labscience-2\\\/#primaryimage\"},\"thumbnailUrl\":\"https:\\\/\\\/www.lab-science.eu\\\/wp-content\\\/uploads\\\/2018\\\/04\\\/fond-labscience-presentation-1024x510.jpg\",\"datePublished\":\"2021-06-14T13:17:53+00:00\",\"dateModified\":\"2023-01-20T14:47:33+00:00\",\"description\":\"La red Lab'Science incluye 17 empresas especializadas en el dise\u00f1o y mantenimiento de salas blancas\",\"breadcrumb\":{\"@id\":\"https:\\\/\\\/www.lab-science.eu\\\/es\\\/los-miembros-de-la-red-labscience-2\\\/#breadcrumb\"},\"inLanguage\":\"es\",\"potentialAction\":[{\"@type\":\"ReadAction\",\"target\":[\"https:\\\/\\\/www.lab-science.eu\\\/es\\\/los-miembros-de-la-red-labscience-2\\\/\"]}]},{\"@type\":\"ImageObject\",\"inLanguage\":\"es\",\"@id\":\"https:\\\/\\\/www.lab-science.eu\\\/es\\\/los-miembros-de-la-red-labscience-2\\\/#primaryimage\",\"url\":\"https:\\\/\\\/www.lab-science.eu\\\/wp-content\\\/uploads\\\/2018\\\/04\\\/fond-labscience-presentation-1024x510.jpg\",\"contentUrl\":\"https:\\\/\\\/www.lab-science.eu\\\/wp-content\\\/uploads\\\/2018\\\/04\\\/fond-labscience-presentation-1024x510.jpg\"},{\"@type\":\"BreadcrumbList\",\"@id\":\"https:\\\/\\\/www.lab-science.eu\\\/es\\\/los-miembros-de-la-red-labscience-2\\\/#breadcrumb\",\"itemListElement\":[{\"@type\":\"ListItem\",\"position\":1,\"name\":\"Accueil\",\"item\":\"https:\\\/\\\/www.lab-science.eu\\\/es\\\/\"},{\"@type\":\"ListItem\",\"position\":2,\"name\":\"LOS MIEMBROS DE LA RED LAB\u2019SCIENCE\"}]},{\"@type\":\"WebSite\",\"@id\":\"https:\\\/\\\/www.lab-science.eu\\\/#website\",\"url\":\"https:\\\/\\\/www.lab-science.eu\\\/\",\"name\":\"Lab Science - Conception et Fabrication de salles blanches modulaire\",\"description\":\"\",\"potentialAction\":[{\"@type\":\"SearchAction\",\"target\":{\"@type\":\"EntryPoint\",\"urlTemplate\":\"https:\\\/\\\/www.lab-science.eu\\\/?s={search_term_string}\"},\"query-input\":{\"@type\":\"PropertyValueSpecification\",\"valueRequired\":true,\"valueName\":\"search_term_string\"}}],\"inLanguage\":\"es\"}]}<\/script>\n<!-- \/ Yoast SEO plugin. -->","yoast_head_json":{"title":"LOS MIEMBROS DE LA RED LAB\u2019SCIENCE","description":"La red Lab'Science incluye 17 empresas especializadas en el dise\u00f1o y mantenimiento de salas blancas","robots":{"index":"index","follow":"follow","max-snippet":"max-snippet:-1","max-image-preview":"max-image-preview:large","max-video-preview":"max-video-preview:-1"},"canonical":"https:\/\/www.lab-science.eu\/es\/los-miembros-de-la-red-labscience-2\/","og_locale":"es_ES","og_type":"article","og_title":"LOS MIEMBROS DE LA RED LAB\u2019SCIENCE","og_description":"La red Lab'Science incluye 17 empresas especializadas en el dise\u00f1o y mantenimiento de salas blancas","og_url":"https:\/\/www.lab-science.eu\/es\/los-miembros-de-la-red-labscience-2\/","og_site_name":"Lab Science - Conception et Fabrication de salles blanches modulaire","article_modified_time":"2023-01-20T14:47:33+00:00","og_image":[{"url":"https:\/\/www.lab-science.eu\/wp-content\/uploads\/2018\/04\/fond-labscience-presentation-1024x510.jpg","type":"","width":"","height":""}],"twitter_card":"summary_large_image","twitter_misc":{"Tiempo de lectura":"3 minutos"},"schema":{"@context":"https:\/\/schema.org","@graph":[{"@type":"WebPage","@id":"https:\/\/www.lab-science.eu\/es\/los-miembros-de-la-red-labscience-2\/","url":"https:\/\/www.lab-science.eu\/es\/los-miembros-de-la-red-labscience-2\/","name":"LOS MIEMBROS DE LA RED LAB\u2019SCIENCE","isPartOf":{"@id":"https:\/\/www.lab-science.eu\/#website"},"primaryImageOfPage":{"@id":"https:\/\/www.lab-science.eu\/es\/los-miembros-de-la-red-labscience-2\/#primaryimage"},"image":{"@id":"https:\/\/www.lab-science.eu\/es\/los-miembros-de-la-red-labscience-2\/#primaryimage"},"thumbnailUrl":"https:\/\/www.lab-science.eu\/wp-content\/uploads\/2018\/04\/fond-labscience-presentation-1024x510.jpg","datePublished":"2021-06-14T13:17:53+00:00","dateModified":"2023-01-20T14:47:33+00:00","description":"La red Lab'Science incluye 17 empresas especializadas en el dise\u00f1o y mantenimiento de salas blancas","breadcrumb":{"@id":"https:\/\/www.lab-science.eu\/es\/los-miembros-de-la-red-labscience-2\/#breadcrumb"},"inLanguage":"es","potentialAction":[{"@type":"ReadAction","target":["https:\/\/www.lab-science.eu\/es\/los-miembros-de-la-red-labscience-2\/"]}]},{"@type":"ImageObject","inLanguage":"es","@id":"https:\/\/www.lab-science.eu\/es\/los-miembros-de-la-red-labscience-2\/#primaryimage","url":"https:\/\/www.lab-science.eu\/wp-content\/uploads\/2018\/04\/fond-labscience-presentation-1024x510.jpg","contentUrl":"https:\/\/www.lab-science.eu\/wp-content\/uploads\/2018\/04\/fond-labscience-presentation-1024x510.jpg"},{"@type":"BreadcrumbList","@id":"https:\/\/www.lab-science.eu\/es\/los-miembros-de-la-red-labscience-2\/#breadcrumb","itemListElement":[{"@type":"ListItem","position":1,"name":"Accueil","item":"https:\/\/www.lab-science.eu\/es\/"},{"@type":"ListItem","position":2,"name":"LOS MIEMBROS DE LA RED LAB\u2019SCIENCE"}]},{"@type":"WebSite","@id":"https:\/\/www.lab-science.eu\/#website","url":"https:\/\/www.lab-science.eu\/","name":"Lab Science - Conception et Fabrication de salles blanches modulaire","description":"","potentialAction":[{"@type":"SearchAction","target":{"@type":"EntryPoint","urlTemplate":"https:\/\/www.lab-science.eu\/?s={search_term_string}"},"query-input":{"@type":"PropertyValueSpecification","valueRequired":true,"valueName":"search_term_string"}}],"inLanguage":"es"}]}},"_links":{"self":[{"href":"https:\/\/www.lab-science.eu\/es\/wp-json\/wp\/v2\/pages\/4278","targetHints":{"allow":["GET"]}}],"collection":[{"href":"https:\/\/www.lab-science.eu\/es\/wp-json\/wp\/v2\/pages"}],"about":[{"href":"https:\/\/www.lab-science.eu\/es\/wp-json\/wp\/v2\/types\/page"}],"author":[{"embeddable":true,"href":"https:\/\/www.lab-science.eu\/es\/wp-json\/wp\/v2\/users\/1"}],"replies":[{"embeddable":true,"href":"https:\/\/www.lab-science.eu\/es\/wp-json\/wp\/v2\/comments?post=4278"}],"version-history":[{"count":0,"href":"https:\/\/www.lab-science.eu\/es\/wp-json\/wp\/v2\/pages\/4278\/revisions"}],"wp:attachment":[{"href":"https:\/\/www.lab-science.eu\/es\/wp-json\/wp\/v2\/media?parent=4278"}],"curies":[{"name":"wp","href":"https:\/\/api.w.org\/{rel}","templated":true}]}}