{"id":4563,"date":"2022-11-29T17:03:18","date_gmt":"2022-11-29T16:03:18","guid":{"rendered":"https:\/\/www.lab-science.eu\/?page_id=4563"},"modified":"2023-02-20T15:10:55","modified_gmt":"2023-02-20T14:10:55","slug":"formacion-descontaminacion-de-superficies-no-dirigida","status":"publish","type":"page","link":"https:\/\/www.lab-science.eu\/es\/academia-labscience-2\/formacion-descontaminacion-de-superficies-no-dirigida\/","title":{"rendered":"Formaci\u00f3n en descontaminaci\u00f3n de superficies no dirigida"},"content":{"rendered":"<p>&nbsp;<\/p>\n<div class=\"title\">\n<h1 class=\"header-text\">Formaci\u00f3n en descontaminaci\u00f3n de superficies no dirigida<\/h1>\n<\/div>\n<div class=\"full-width\" style=\"color: #333333;background: #f6f6f6;\">\n<p>&nbsp;<\/p>\n<div class=\"one_half rnr-column\">\n<h2 style=\"font-size: 25px;\">Objetivos de la formaci\u00f3n en descontaminaci\u00f3n de superficies no dirigida :<\/h2>\n<p>&nbsp;<\/p>\n<div style=\"text-align: left; font-weight: 400;\"><ul class=\"styled-list\">\n<li><i class=\"fa fa-check\" style=\"color:#6a0e41 !important;\"><\/i><strong>CONOCIMIENTO :<\/strong> Desarrollar habilidades y competencias en los \u00e1mbitos de la descontaminaci\u00f3n de superficies no dirigida ;<\/li><li><i class=\"fa fa-check\" style=\"color:#6a0e41 !important;\"><\/i><strong>SABER HACER :<\/strong> Dominar las pr\u00e1cticas y los conceptos relacionados con los temas espec\u00edficos en los \u00e1mbitos de la descontaminaci\u00f3n de superficies no dirigida ; <\/li><li><i class=\"fa fa-check\" style=\"color:#6a0e41 !important;\"><\/i><strong>SABER HACER :<\/strong> Aplicar buenas pr\u00e1cticas de descontaminaci\u00f3n de superficies no dirigida en entornos con polvo controlado.<\/li>\n<\/ul><\/div>\n<p>&nbsp;<\/p>\n<p style=\"text-align: left;\"><a class=\"header-text\" style=\"box-shadow: #6a0e41 0px 0px 0px 3px; font-size: 20px; font-style: normal; color: #ffffff; font-weight: normal; text-transform: uppercase; margin-bottom: 20px; line-height: 1; display: inline-block; padding: 10px; background: #6a0e41; text-align: center;\" href=\"https:\/\/www.lab-science.eu\/contact\/\">DESEO OBTENER M\u00c1S INFORMACI\u00d3N<\/a><\/p>\n<\/div>\n<div class=\"one_half rnr-column last\">\n<p><img loading=\"lazy\" decoding=\"async\" class=\"alignnone wp-image-3858 size-large portfolio-lazyLoad\" title=\"Sala blanca modular - Lab Science\" src=\"https:\/\/www.lab-science.eu\/wp-content\/uploads\/2020\/12\/maintenance-1024x521.jpeg\" data-original=\"https:\/\/www.lab-science.eu\/wp-content\/uploads\/2020\/12\/maintenance-1024x521.jpeg\" alt=\"mantenimiento\" width=\"1024\" height=\"521\" \/><noscript><img loading=\"lazy\" decoding=\"async\" class=\"alignnone wp-image-3858 size-large portfolio-lazyLoad\" title=\"Sala blanca modular - Lab Science\" src=\"https:\/\/www.lab-science.eu\/wp-content\/uploads\/2020\/12\/maintenance-1024x521.jpeg\" alt=\"mantenimiento\" width=\"1024\" height=\"521\" \/><\/noscript><\/p>\n<\/div><div class=\"clear\"><\/div>\n<p><\/div>\n<div class=\"one_half rnr-column\">\n<h2 style=\"font-size: 25px;\">Medios y m\u00e9todos pedag\u00f3gicos<\/h2>\n<p><strong>Las formaciones impartidas por LAB&#8217;SCIENCE Acad\u00e9mie se organizan de forma presencial. En ellas se alternan las partes pr\u00e1cticas (m\u00e9todos participativos, demostrativos, de preguntas) y las te\u00f3ricas (ense\u00f1anza magistral). Los conocimientos se aplican mediante ejercicios, escenarios y estudios.<\/strong><\/p>\n<p>&#8211; Nuestras formaciones se distinguen por la alta calidad y la diversidad del material disponible: (Puntero l\u00e1ser, proyector de v\u00eddeo, sistema de altavoces\/sonido, rotafolio). Se organizan de acuerdo con la normativa vigente en materia de accesibilidad (personas con discapacidad), higiene y seguridad;<br \/>\n&#8211; Durante los talleres pr\u00e1cticos, utilizamos un \u00e1rea de aplicaci\u00f3n relevante (laboratorio, sala blanca, sala limpia).<\/p>\n<p><\/div>\n<div class=\"one_half rnr-column last\">\n<h2 style=\"font-size: 25px;\">Requisitos previos<\/h2>\n<p>Nuestras formaciones est\u00e1n destinadas a los profesionales de entornos de polvo controlado (laboratorios, salas blancas, salas limpias) en los \u00e1mbitos de la investigaci\u00f3n, la salud y la industria (farmac\u00e9utica, alimentaria y agroalimentaria). La formaci\u00f3n no requiere ning\u00fan requisito previo particular en materia de descontaminaci\u00f3n de superficies no dirigida. Se puede personalizar a petici\u00f3n de la parte interesada y dirigirse entonces a personas que ya posean conocimientos espec\u00edficos.<\/p>\n<p><\/div><div class=\"clear\"><\/div>\n<div class=\"title\">\n<h2 class=\"header-text\"><div class=\"clearfix aligncenter\"><div class=\"fancy-header1\"><h2>Destinatarios de la formaci\u00f3n en descontaminaci\u00f3n de superficies no dirigida<\/h2><\/div><\/div><\/h2>\n<div class=\"subtitle\">\n<p style=\"text-transform: initial; text-align: center; font-size: 18px;\">La formaci\u00f3n se dirige a los profesionales que se enfrentan a la descontaminaci\u00f3n no dirigida de superficies como parte de su actividad :<br \/>\n&gt; Funciones t\u00e9cnicas : personal de mantenimiento, usuarios, manipuladores (t\u00e9cnicos, investigadores, aprendices) ;<br \/>\n&gt; Funciones de apoyo : direcci\u00f3n, responsables de bioseguridad, gerentes, responsables de HSE.<\/p>\n<p>&nbsp;<\/p>\n<p style=\"text-align: center;\"><a class=\"header-text\" style=\"box-shadow: #6a0e41 0px 0px 0px 3px; font-size: 20px; font-style: normal; color: #ffffff; font-weight: normal; text-transform: uppercase; margin-bottom: 20px; line-height: 1; display: inline-block; padding: 10px; background: #6a0e41; text-align: center;\" href=\"https:\/\/www.lab-science.eu\/contact\/\">CONT\u00c1CTENOS<\/a><\/p>\n<\/div>\n<\/div>\n<h2 class=\"header-text\"><div class=\"clearfix aligncenter\"><div class=\"fancy-header1\"><h2>Evaluaci\u00f3n de la formaci\u00f3n en descontaminaci\u00f3n de superficies no dirigida<\/h2><\/div><\/div><\/h2>\n<p style=\"text-align: center;\">Los resultados del aprendizaje se eval\u00faan despu\u00e9s de cada d\u00eda de formaci\u00f3n. La evaluaci\u00f3n se concreta en preguntas, ejercicios y debates, desarrollados con el objetivo de validar la correcta asimilaci\u00f3n de los conceptos abordados en la formaci\u00f3n. Al final de la formaci\u00f3n en descontaminaci\u00f3n de superficies no dirigida se entrega un certificado de formaci\u00f3n.<\/p>\n<p>&nbsp;<\/p>\n<h2 class=\"header-text\"><div class=\"clearfix aligncenter\"><div class=\"fancy-header1\"><h2>Duraci\u00f3n, ubicaci\u00f3n y tarifas<\/h2><\/div><\/div><\/h2>\n<p style=\"text-align: center;\">La duraci\u00f3n de la formaci\u00f3n se determinar\u00e1 en funci\u00f3n de sus necesidades. Las condiciones generales de venta son las de LAB&#8217;SCIENCE.<\/p>\n<p style=\"text-align: center; color: #6a0e41;\"><em>Intraempresa: 450 euros (sin IVA) \/ aprendiz \/ d\u00eda<br \/>\nInterempresa: 650 euros (sin IVA) \/ aprendiz \/ d\u00eda (ubicaci\u00f3n definida seg\u00fan la demanda)<\/em><\/p>\n<p style=\"text-align: center;\">Estas condiciones de precios son aplicables a nuestras formaciones existentes y desarrolladas.<br \/>\nTambi\u00e9n ofrecemos cursos de formaci\u00f3n a medida (precios seg\u00fan presupuesto personalizado).<\/p>\n<div class=\"full-width\" style=\"color: #333333;background: #f6f6f6;\">\n<h2 class=\"header-text\"><div class=\"clearfix aligncenter\"><div class=\"fancy-header1\"><h2>Formadores<\/h2><\/div><\/div><\/h2>\n<div class=\"one_half rnr-column\">\n<a href=\"https:\/\/www.lab-science.eu\/lab-science-academie\/\"><div data-effect=\"fadeInUp\" id=\"service-features-445269628\" class=\"service-features animated rnr-animate\"><style type=\"text\/css\">#service-features-445269628 .img-container { background : #848E98; } #service-features-445269628 .img-container i{ color: ; } #service-features-445269628 .img-container:after { border-color: #848E98; }<\/style><div class=\"img-container\"><img decoding=\"async\" src=\"https:\/\/www.lab-science.eu\/wp-content\/uploads\/2019\/09\/sebastien-alix-leguen.png\" data-original=\"https:\/\/www.lab-science.eu\/wp-content\/uploads\/2019\/09\/sebastien-alix-leguen.png\" alt=\"S\u00e9bastien Allix\"><noscript><img decoding=\"async\" src=\"https:\/\/www.lab-science.eu\/wp-content\/uploads\/2019\/09\/sebastien-alix-leguen.png\" alt=\"S\u00e9bastien Allix\"><\/noscript><\/div>  <h3>S\u00e9bastien Allix<\/h3>                <p>\u00a0<span class=\"highlight portfolio-lazyLoad\"><\/a><a href=\"https:\/\/www.lab-science.eu\/lab-science-academie\/\">Director cient\u00edfico de LAB&#8217;SCIENCE<\/a><a href=\"https:\/\/www.lab-science.eu\/lab-science-academie\/\"><\/span><\/p><\/div><\/a><br \/>\n<\/div>\n<div class=\"one_half rnr-column last\">\n<a href=\"https:\/\/www.lab-science.eu\/lab-science-academie\/\"><div data-effect=\"fadeInUp\" id=\"service-features-1698369885\" class=\"service-features animated rnr-animate\"><style type=\"text\/css\">#service-features-1698369885 .img-container { background : #848E98; } #service-features-1698369885 .img-container i{ color: ; } #service-features-1698369885 .img-container:after { border-color: #848E98; }<\/style><div class=\"img-container\"><img decoding=\"async\" src=\"https:\/\/www.lab-science.eu\/wp-content\/uploads\/2021\/12\/arnaud.png\" data-original=\"https:\/\/www.lab-science.eu\/wp-content\/uploads\/2021\/12\/arnaud.png\" alt=\"Arnaud Orelle\"><noscript><img decoding=\"async\" src=\"https:\/\/www.lab-science.eu\/wp-content\/uploads\/2021\/12\/arnaud.png\" alt=\"Arnaud Orelle\"><\/noscript><\/div>  <h3>Arnaud Orelle<\/h3>                <p><span class=\"highlight portfolio-lazyLoad\"><\/a><a href=\"https:\/\/www.lab-science.eu\/lab-science-academie\/\">Asesor cient\u00edfico de LAB&#8217;SCIENCE<\/a><a href=\"https:\/\/www.lab-science.eu\/lab-science-academie\/\"><\/span><\/p><\/div><\/a><br \/>\n<\/div><div class=\"clear\"><\/div>\n<\/div>\n<div class=\"fancy-header2\"><h4>Temas :<\/h4><h2 class=\"highlight\">Formaci\u00f3n en descontaminaci\u00f3n de superficies no dirigida<\/h2><\/div>\n<div class=\"one_half rnr-column\">\n<img loading=\"lazy\" decoding=\"async\" class=\"alignnone wp-image-3858 size-large portfolio-lazyLoad\" title=\"Sala blanca modular - Lab Science\" src=\"https:\/\/www.lab-science.eu\/wp-content\/uploads\/2020\/12\/maintenance-1024x521.jpeg\" data-original=\"https:\/\/www.lab-science.eu\/wp-content\/uploads\/2020\/12\/maintenance-1024x521.jpeg\" alt=\"mantenimiento\" width=\"1024\" height=\"521\" \/><noscript><img loading=\"lazy\" decoding=\"async\" class=\"alignnone wp-image-3858 size-large portfolio-lazyLoad\" title=\"Sala blanca modular - Lab Science\" src=\"https:\/\/www.lab-science.eu\/wp-content\/uploads\/2020\/12\/maintenance-1024x521.jpeg\" alt=\"mantenimiento\" width=\"1024\" height=\"521\" \/><\/noscript><br \/>\n<\/div>\n<div class=\"one_half rnr-column last\">\n<div style=\"text-align: left; font-weight: 400;\"><ul class=\"styled-list\">\n<li><i class=\"fa fa-check\" style=\"color:#6a0e41 !important;\"><\/i>Introducci\u00f3n ;<\/li>\n<li><i class=\"fa fa-check\" style=\"color:#6a0e41 !important;\"><\/i>Definiciones y generalidades ;<\/li>\n<li><i class=\"fa fa-check\" style=\"color:#6a0e41 !important;\"><\/i>M\u00e9todos de descontaminaci\u00f3n (f\u00edsica\/qu\u00edmica) ;<\/li>\n<li><i class=\"fa fa-check\" style=\"color:#6a0e41 !important;\"><\/i>Par\u00e1metros de descontaminaci\u00f3n de superficies no dirigida (fases, c\u00edrculo de Sinner, temperatura, humedad, sellado, topograf\u00eda, ventilaci\u00f3n) ;<\/li>\n<li><i class=\"fa fa-check\" style=\"color:#6a0e41 !important;\"><\/i>M\u00e9todos de descontaminaci\u00f3n f\u00edsica (radiaci\u00f3n t\u00e9rmica, ionizante y no ionizante, incluida la UV-C) ;<\/li>\n<li><i class=\"fa fa-check\" style=\"color:#6a0e41 !important;\"><\/i>Medios de difusi\u00f3n (aerosolizaci\u00f3n\/nebulizaci\u00f3n, evaporaci\u00f3n instant\u00e1nea) ;<\/li>\n<li><i class=\"fa fa-check\" style=\"color:#6a0e41 !important;\"><\/i>M\u00e9todos de descontaminaci\u00f3n qu\u00edmica: microcondensaci\u00f3n (per\u00f3xido de hidr\u00f3geno, formaldeh\u00eddo, amonio cuaternario, \u00e1cido perac\u00e9tico) y gases (incluyendo ozono, di\u00f3xido de cloro y per\u00f3xido de hidr\u00f3geno) ;<\/li>\n<li><i class=\"fa fa-check\" style=\"color:#6a0e41 !important;\"><\/i>Emparejamiento de dispositivos\/productos ;<\/li>\n<li><i class=\"fa fa-check\" style=\"color:#6a0e41 !important;\"><\/i>Compatibilidades e incompatibilidades con materiales o pr\u00e1cticas ;<\/li>\n<li><i class=\"fa fa-check\" style=\"color:#6a0e41 !important;\"><\/i>\u00c1mbitos de aplicaci\u00f3n ;<\/li>\n<li><i class=\"fa fa-check\" style=\"color:#6a0e41 !important;\"><\/i>\u00bfQu\u00e9 m\u00e9todo para qu\u00e9 uso? <\/li>\n<li><i class=\"fa fa-check\" style=\"color:#6a0e41 !important;\"><\/i>Calificaci\u00f3n y validaci\u00f3n ;<\/li>\n<li><i class=\"fa fa-check\" style=\"color:#6a0e41 !important;\"><\/i>Normas de seguridad ;<\/li>\n<li><i class=\"fa fa-check\" style=\"color:#6a0e41 !important;\"><\/i>Buenas pr\u00e1cticas de aplicaci\u00f3n ;<\/li>\n<li><i class=\"fa fa-check\" style=\"color:#6a0e41 !important;\"><\/i>Riesgos biol\u00f3gicos y qu\u00edmicos durante la DSVA ;<\/li>\n<li><i class=\"fa fa-check\" style=\"color:#6a0e41 !important;\"><\/i>Gesti\u00f3n de dispositivos ;<\/li>\n<li><i class=\"fa fa-check\" style=\"color:#6a0e41 !important;\"><\/i>Formaci\u00f3n y sensibilizaci\u00f3n ;<\/li>\n<li><i class=\"fa fa-check\" style=\"color:#6a0e41 !important;\"><\/i>Norma EN 17272: 2020 y regulaci\u00f3n ;<\/li>\n<li><i class=\"fa fa-check\" style=\"color:#6a0e41 !important;\"><\/i>DSVA aplicada al laboratorio.<\/li><\/ul><\/div>\n<p>&nbsp;<\/p>\n<p style=\"text-align: left;\"><a class=\"header-text\" style=\"box-shadow: #6a0e41 0px 0px 0px 3px; font-size: 20px; font-style: normal; color: #ffffff; font-weight: normal; text-transform: uppercase; margin-bottom: 20px; line-height: 1; display: inline-block; padding: 10px; background: #6a0e41; text-align: center;\" href=\"https:\/\/www.lab-science.eu\/wp-content\/uploads\/2023\/02\/FLY-formation-decontamination-C_compressed.pdf\" target=\"_blank\" rel=\"noopener\">DESCARGAR EL FOLLETO DE LA FORMACI\u00d3N<\/a><\/p>\n<p><\/div><div class=\"clear\"><\/div>\n<p>&nbsp;<\/p>\n<div class=\"title\">\n<h2 style=\"text-align: center;\">Y tambi\u00e9n&#8230;<\/h2>\n<p style=\"text-align: center;\">Se pueden organizar talleres pr\u00e1cticos.<br \/>\nNuestras formaciones pr\u00e1cticas pueden adaptarse a su equipo.<\/p>\n<p>&nbsp;<\/p>\n<p style=\"text-align: center;\"><a class=\"header-text\" style=\"box-shadow: #6a0e41 0px 0px 0px 3px; font-size: 20px; font-style: normal; color: #ffffff; font-weight: normal; text-transform: uppercase; margin-bottom: 20px; line-height: 1; display: inline-block; padding: 10px; background: #6a0e41; text-align: center;\" href=\"https:\/\/www.lab-science.eu\/lab-science-academie\/formation-biosecurite\/\">DESCUBRA NUESTRA FORMACI\u00d3N EN BIOSEGURIDAD<\/a><\/p>\n<\/div>\n","protected":false},"excerpt":{"rendered":"<p>&nbsp; Formaci\u00f3n en descontaminaci\u00f3n de superficies no dirigida La formaci\u00f3n se dirige a los profesionales que se enfrentan a la descontaminaci\u00f3n no dirigida de superficies como parte de su actividad : &gt; Funciones t\u00e9cnicas : personal de mantenimiento, usuarios, manipuladores (t\u00e9cnicos, investigadores, aprendices) ; &gt; Funciones de apoyo : direcci\u00f3n, responsables de bioseguridad, gerentes, responsables&hellip;<\/p>\n<p><a href=\"https:\/\/www.lab-science.eu\/es\/academia-labscience-2\/formacion-descontaminacion-de-superficies-no-dirigida\/\" class=\"read-more-link\">Read More &rarr;<\/a><\/p>\n","protected":false},"author":7,"featured_media":0,"parent":4075,"menu_order":0,"comment_status":"closed","ping_status":"closed","template":"","meta":{"footnotes":""},"class_list":["post-4563","page","type-page","status-publish","hentry"],"yoast_head":"<!-- This site is optimized with the Yoast SEO plugin v27.5 - https:\/\/yoast.com\/product\/yoast-seo-wordpress\/ -->\n<title>Formaci\u00f3n en descontaminaci\u00f3n de superficies no dirigida<\/title>\n<meta name=\"description\" content=\"Los expertos cient\u00edficos de Lab&#039;Science Acad\u00e9mie le ofrecen una formaci\u00f3n de descontaminaci\u00f3n de superficies no dirigida certificada por Qualiopi.\" \/>\n<meta name=\"robots\" content=\"index, follow, max-snippet:-1, max-image-preview:large, max-video-preview:-1\" \/>\n<link rel=\"canonical\" href=\"https:\/\/www.lab-science.eu\/es\/academia-labscience-2\/formacion-descontaminacion-de-superficies-no-dirigida\/\" \/>\n<meta property=\"og:locale\" content=\"es_ES\" \/>\n<meta property=\"og:type\" content=\"article\" \/>\n<meta property=\"og:title\" content=\"Formaci\u00f3n en descontaminaci\u00f3n de superficies no dirigida\" \/>\n<meta property=\"og:description\" content=\"Los expertos cient\u00edficos de Lab&#039;Science Acad\u00e9mie le ofrecen una formaci\u00f3n de descontaminaci\u00f3n de superficies no dirigida certificada por Qualiopi.\" \/>\n<meta property=\"og:url\" content=\"https:\/\/www.lab-science.eu\/es\/academia-labscience-2\/formacion-descontaminacion-de-superficies-no-dirigida\/\" \/>\n<meta property=\"og:site_name\" content=\"Lab Science - Conception et Fabrication de salles blanches modulaire\" \/>\n<meta property=\"article:modified_time\" content=\"2023-02-20T14:10:55+00:00\" \/>\n<meta property=\"og:image\" content=\"https:\/\/www.lab-science.eu\/wp-content\/uploads\/2020\/12\/maintenance-1024x521.jpeg\" \/>\n<meta name=\"twitter:card\" content=\"summary_large_image\" \/>\n<meta name=\"twitter:label1\" content=\"Tiempo de lectura\" \/>\n\t<meta name=\"twitter:data1\" content=\"5 minutos\" \/>\n<script type=\"application\/ld+json\" class=\"yoast-schema-graph\">{\"@context\":\"https:\\\/\\\/schema.org\",\"@graph\":[{\"@type\":\"WebPage\",\"@id\":\"https:\\\/\\\/www.lab-science.eu\\\/es\\\/academia-labscience-2\\\/formacion-descontaminacion-de-superficies-no-dirigida\\\/\",\"url\":\"https:\\\/\\\/www.lab-science.eu\\\/es\\\/academia-labscience-2\\\/formacion-descontaminacion-de-superficies-no-dirigida\\\/\",\"name\":\"Formaci\u00f3n en descontaminaci\u00f3n de superficies no dirigida\",\"isPartOf\":{\"@id\":\"https:\\\/\\\/www.lab-science.eu\\\/#website\"},\"primaryImageOfPage\":{\"@id\":\"https:\\\/\\\/www.lab-science.eu\\\/es\\\/academia-labscience-2\\\/formacion-descontaminacion-de-superficies-no-dirigida\\\/#primaryimage\"},\"image\":{\"@id\":\"https:\\\/\\\/www.lab-science.eu\\\/es\\\/academia-labscience-2\\\/formacion-descontaminacion-de-superficies-no-dirigida\\\/#primaryimage\"},\"thumbnailUrl\":\"https:\\\/\\\/www.lab-science.eu\\\/wp-content\\\/uploads\\\/2020\\\/12\\\/maintenance-1024x521.jpeg\",\"datePublished\":\"2022-11-29T16:03:18+00:00\",\"dateModified\":\"2023-02-20T14:10:55+00:00\",\"description\":\"Los expertos cient\u00edficos de Lab'Science Acad\u00e9mie le ofrecen una formaci\u00f3n de descontaminaci\u00f3n de superficies no dirigida certificada por Qualiopi.\",\"breadcrumb\":{\"@id\":\"https:\\\/\\\/www.lab-science.eu\\\/es\\\/academia-labscience-2\\\/formacion-descontaminacion-de-superficies-no-dirigida\\\/#breadcrumb\"},\"inLanguage\":\"es\",\"potentialAction\":[{\"@type\":\"ReadAction\",\"target\":[\"https:\\\/\\\/www.lab-science.eu\\\/es\\\/academia-labscience-2\\\/formacion-descontaminacion-de-superficies-no-dirigida\\\/\"]}]},{\"@type\":\"ImageObject\",\"inLanguage\":\"es\",\"@id\":\"https:\\\/\\\/www.lab-science.eu\\\/es\\\/academia-labscience-2\\\/formacion-descontaminacion-de-superficies-no-dirigida\\\/#primaryimage\",\"url\":\"https:\\\/\\\/www.lab-science.eu\\\/wp-content\\\/uploads\\\/2020\\\/12\\\/maintenance-1024x521.jpeg\",\"contentUrl\":\"https:\\\/\\\/www.lab-science.eu\\\/wp-content\\\/uploads\\\/2020\\\/12\\\/maintenance-1024x521.jpeg\"},{\"@type\":\"BreadcrumbList\",\"@id\":\"https:\\\/\\\/www.lab-science.eu\\\/es\\\/academia-labscience-2\\\/formacion-descontaminacion-de-superficies-no-dirigida\\\/#breadcrumb\",\"itemListElement\":[{\"@type\":\"ListItem\",\"position\":1,\"name\":\"Accueil\",\"item\":\"https:\\\/\\\/www.lab-science.eu\\\/es\\\/\"},{\"@type\":\"ListItem\",\"position\":2,\"name\":\"ACADEMIA LAB\u2019SCIENCE\",\"item\":\"https:\\\/\\\/www.lab-science.eu\\\/es\\\/academia-labscience-2\\\/\"},{\"@type\":\"ListItem\",\"position\":3,\"name\":\"Formaci\u00f3n en descontaminaci\u00f3n de superficies no dirigida\"}]},{\"@type\":\"WebSite\",\"@id\":\"https:\\\/\\\/www.lab-science.eu\\\/#website\",\"url\":\"https:\\\/\\\/www.lab-science.eu\\\/\",\"name\":\"Lab Science - Conception et Fabrication de salles blanches modulaire\",\"description\":\"\",\"potentialAction\":[{\"@type\":\"SearchAction\",\"target\":{\"@type\":\"EntryPoint\",\"urlTemplate\":\"https:\\\/\\\/www.lab-science.eu\\\/?s={search_term_string}\"},\"query-input\":{\"@type\":\"PropertyValueSpecification\",\"valueRequired\":true,\"valueName\":\"search_term_string\"}}],\"inLanguage\":\"es\"}]}<\/script>\n<!-- \/ Yoast SEO plugin. -->","yoast_head_json":{"title":"Formaci\u00f3n en descontaminaci\u00f3n de superficies no dirigida","description":"Los expertos cient\u00edficos de Lab'Science Acad\u00e9mie le ofrecen una formaci\u00f3n de descontaminaci\u00f3n de superficies no dirigida certificada por Qualiopi.","robots":{"index":"index","follow":"follow","max-snippet":"max-snippet:-1","max-image-preview":"max-image-preview:large","max-video-preview":"max-video-preview:-1"},"canonical":"https:\/\/www.lab-science.eu\/es\/academia-labscience-2\/formacion-descontaminacion-de-superficies-no-dirigida\/","og_locale":"es_ES","og_type":"article","og_title":"Formaci\u00f3n en descontaminaci\u00f3n de superficies no dirigida","og_description":"Los expertos cient\u00edficos de Lab'Science Acad\u00e9mie le ofrecen una formaci\u00f3n de descontaminaci\u00f3n de superficies no dirigida certificada por Qualiopi.","og_url":"https:\/\/www.lab-science.eu\/es\/academia-labscience-2\/formacion-descontaminacion-de-superficies-no-dirigida\/","og_site_name":"Lab Science - Conception et Fabrication de salles blanches modulaire","article_modified_time":"2023-02-20T14:10:55+00:00","og_image":[{"url":"https:\/\/www.lab-science.eu\/wp-content\/uploads\/2020\/12\/maintenance-1024x521.jpeg","type":"","width":"","height":""}],"twitter_card":"summary_large_image","twitter_misc":{"Tiempo de lectura":"5 minutos"},"schema":{"@context":"https:\/\/schema.org","@graph":[{"@type":"WebPage","@id":"https:\/\/www.lab-science.eu\/es\/academia-labscience-2\/formacion-descontaminacion-de-superficies-no-dirigida\/","url":"https:\/\/www.lab-science.eu\/es\/academia-labscience-2\/formacion-descontaminacion-de-superficies-no-dirigida\/","name":"Formaci\u00f3n en descontaminaci\u00f3n de superficies no dirigida","isPartOf":{"@id":"https:\/\/www.lab-science.eu\/#website"},"primaryImageOfPage":{"@id":"https:\/\/www.lab-science.eu\/es\/academia-labscience-2\/formacion-descontaminacion-de-superficies-no-dirigida\/#primaryimage"},"image":{"@id":"https:\/\/www.lab-science.eu\/es\/academia-labscience-2\/formacion-descontaminacion-de-superficies-no-dirigida\/#primaryimage"},"thumbnailUrl":"https:\/\/www.lab-science.eu\/wp-content\/uploads\/2020\/12\/maintenance-1024x521.jpeg","datePublished":"2022-11-29T16:03:18+00:00","dateModified":"2023-02-20T14:10:55+00:00","description":"Los expertos cient\u00edficos de Lab'Science Acad\u00e9mie le ofrecen una formaci\u00f3n de descontaminaci\u00f3n de superficies no dirigida certificada por Qualiopi.","breadcrumb":{"@id":"https:\/\/www.lab-science.eu\/es\/academia-labscience-2\/formacion-descontaminacion-de-superficies-no-dirigida\/#breadcrumb"},"inLanguage":"es","potentialAction":[{"@type":"ReadAction","target":["https:\/\/www.lab-science.eu\/es\/academia-labscience-2\/formacion-descontaminacion-de-superficies-no-dirigida\/"]}]},{"@type":"ImageObject","inLanguage":"es","@id":"https:\/\/www.lab-science.eu\/es\/academia-labscience-2\/formacion-descontaminacion-de-superficies-no-dirigida\/#primaryimage","url":"https:\/\/www.lab-science.eu\/wp-content\/uploads\/2020\/12\/maintenance-1024x521.jpeg","contentUrl":"https:\/\/www.lab-science.eu\/wp-content\/uploads\/2020\/12\/maintenance-1024x521.jpeg"},{"@type":"BreadcrumbList","@id":"https:\/\/www.lab-science.eu\/es\/academia-labscience-2\/formacion-descontaminacion-de-superficies-no-dirigida\/#breadcrumb","itemListElement":[{"@type":"ListItem","position":1,"name":"Accueil","item":"https:\/\/www.lab-science.eu\/es\/"},{"@type":"ListItem","position":2,"name":"ACADEMIA LAB\u2019SCIENCE","item":"https:\/\/www.lab-science.eu\/es\/academia-labscience-2\/"},{"@type":"ListItem","position":3,"name":"Formaci\u00f3n en descontaminaci\u00f3n de superficies no dirigida"}]},{"@type":"WebSite","@id":"https:\/\/www.lab-science.eu\/#website","url":"https:\/\/www.lab-science.eu\/","name":"Lab Science - Conception et Fabrication de salles blanches modulaire","description":"","potentialAction":[{"@type":"SearchAction","target":{"@type":"EntryPoint","urlTemplate":"https:\/\/www.lab-science.eu\/?s={search_term_string}"},"query-input":{"@type":"PropertyValueSpecification","valueRequired":true,"valueName":"search_term_string"}}],"inLanguage":"es"}]}},"_links":{"self":[{"href":"https:\/\/www.lab-science.eu\/es\/wp-json\/wp\/v2\/pages\/4563","targetHints":{"allow":["GET"]}}],"collection":[{"href":"https:\/\/www.lab-science.eu\/es\/wp-json\/wp\/v2\/pages"}],"about":[{"href":"https:\/\/www.lab-science.eu\/es\/wp-json\/wp\/v2\/types\/page"}],"author":[{"embeddable":true,"href":"https:\/\/www.lab-science.eu\/es\/wp-json\/wp\/v2\/users\/7"}],"replies":[{"embeddable":true,"href":"https:\/\/www.lab-science.eu\/es\/wp-json\/wp\/v2\/comments?post=4563"}],"version-history":[{"count":0,"href":"https:\/\/www.lab-science.eu\/es\/wp-json\/wp\/v2\/pages\/4563\/revisions"}],"up":[{"embeddable":true,"href":"https:\/\/www.lab-science.eu\/es\/wp-json\/wp\/v2\/pages\/4075"}],"wp:attachment":[{"href":"https:\/\/www.lab-science.eu\/es\/wp-json\/wp\/v2\/media?parent=4563"}],"curies":[{"name":"wp","href":"https:\/\/api.w.org\/{rel}","templated":true}]}}