{"id":4566,"date":"2022-11-25T11:05:22","date_gmt":"2022-11-25T10:05:22","guid":{"rendered":"https:\/\/www.lab-science.eu\/?page_id=4566"},"modified":"2023-02-20T15:13:10","modified_gmt":"2023-02-20T14:13:10","slug":"bioseguridad","status":"publish","type":"page","link":"https:\/\/www.lab-science.eu\/es\/academia-labscience-2\/bioseguridad\/","title":{"rendered":"Formaci\u00f3n en bioseguridad"},"content":{"rendered":"<p>&nbsp;<\/p>\n<div class=\"title\">\n<h1 class=\"header-text\">Formaci\u00f3n en bioseguridad<\/h1>\n<div class=\"clearfix aligncenter\"><div class=\"fancy-header1\"><h2>Bioseguridad y bioprotecci\u00f3n<\/h2><\/div><\/div>\n<\/div>\n<div class=\"full-width\" style=\"color: #333333;background: #f6f6f6;\">\n<p>&nbsp;<\/p>\n<div class=\"one_half rnr-column\">\n<h2 style=\"font-size: 25px;\">Objetivos de la formaci\u00f3n en bioseguridad :<\/h2>\n<p>&nbsp;<\/p>\n<div style=\"text-align: left; font-weight: 400;\"><ul class=\"styled-list\">\n<li><i class=\"fa fa-check\" style=\"color:#6a0e41 !important;\"><\/i>Desarrollar habilidades y competencias en los \u00e1mbitos de la bioseguridad y la bioprotecci\u00f3n (conocimiento) ;<\/li>\n<li><i class=\"fa fa-check\" style=\"color:#6a0e41 !important;\"><\/i>Garantizar el dominio de conceptos y pr\u00e1cticas sobre temas espec\u00edficos en los \u00e1mbitos de la bioseguridad y la bioprotecci\u00f3n (saber hacer) ;<\/li>\n<li><i class=\"fa fa-check\" style=\"color:#6a0e41 !important;\"><\/i>Aplicar buenas pr\u00e1cticas de manipulaci\u00f3n de materiales biol\u00f3gicos en el laboratorio (saber hacer).<\/li>\n<\/ul><\/div>\n<p>&nbsp;<\/p>\n<p style=\"text-align: left;\"><a class=\"header-text\" style=\"box-shadow: #6a0e41 0px 0px 0px 3px; font-size: 20px; font-style: normal; color: #ffffff; font-weight: normal; text-transform: uppercase; margin-bottom: 20px; line-height: 1; display: inline-block; padding: 10px; background: #6a0e41; text-align: center;\" href=\"https:\/\/www.lab-science.eu\/contact\/\">DESEO OBTENER M\u00c1S INFORMACI\u00d3N<\/a><\/p>\n<\/div>\n<div class=\"one_half rnr-column last\">\n<p><img loading=\"lazy\" decoding=\"async\" class=\"alignnone wp-image-3858 size-large portfolio-lazyLoad\" title=\"Sala blanca modular - Lab Science\" src=\"https:\/\/www.lab-science.eu\/wp-content\/uploads\/2020\/12\/Scan-60-scaled-e1608028518249.jpeg\" data-original=\"https:\/\/www.lab-science.eu\/wp-content\/uploads\/2020\/12\/Scan-60-scaled-e1608028518249.jpeg\" alt=\"mantenimiento\" width=\"1024\" height=\"521\" \/><noscript><img loading=\"lazy\" decoding=\"async\" class=\"alignnone wp-image-3858 size-large portfolio-lazyLoad\" title=\"Sala blanca modular - Lab Science\" src=\"https:\/\/www.lab-science.eu\/wp-content\/uploads\/2020\/12\/Scan-60-scaled-e1608028518249.jpeg\" alt=\"mantenimiento\" width=\"1024\" height=\"521\" \/><\/noscript><\/p>\n<\/div><div class=\"clear\"><\/div>\n<p><\/div>\n<div class=\"one_half rnr-column\">\n<h2 style=\"font-size: 25px;\">Medios y m\u00e9todos pedag\u00f3gicos<\/h2>\n<p><strong>LAB&#8217;SCIENCE Acad\u00e9mie organiza sesiones de formaci\u00f3n te\u00f3rica y pr\u00e1ctica que se desarrollan de forma presencial, utilizando tanto m\u00e9todos de ense\u00f1anza magistral como m\u00e9todos activos (participativos, demostrativos, de preguntas).<br \/>\nLos ejercicios, escenarios y estudios de casos ayudan a aplicar los conocimientos.<\/strong><\/p>\n<p>\u2013 Nuestras formaciones se organizan en una sala de formaci\u00f3n totalmente equipada (proyector de v\u00eddeo, rotafolio, puntero l\u00e1ser, sistema de altavoces\/sonido), cumpliendo con la normativa en materia de accesibilidad, higiene y seguridad, incluida la relativa a las personas con discapacidad.<br \/>\n\u2013 Para nuestros talleres pr\u00e1cticos, nos aseguramos de utilizar un \u00e1rea de laboratorio.<\/p>\n<p><\/div>\n<div class=\"one_half rnr-column last\">\n<h2 style=\"font-size: 25px;\">Requisitos previos para la formaci\u00f3n en bioseguridad<\/h2>\n<p>Nuestras formaciones se dirigen a los profesionales del laboratorio en los \u00e1mbitos de la salud, la investigaci\u00f3n y la industria (farmac\u00e9utica, alimentaria, agroalimentaria).<br \/>\nSin embargo, no se requieren conocimientos espec\u00edficos ni requisitos previos en materia de bioseguridad o bioprotecci\u00f3n, a menos que se definan durante la personalizaci\u00f3n de la formaci\u00f3n en bioseguridad.<br \/>\n<\/div><div class=\"clear\"><\/div>\n<div class=\"title\">\n<h2 class=\"header-text\"><div class=\"clearfix aligncenter\"><div class=\"fancy-header1\"><h2>P\u00fablico objetivo<\/h2><\/div><\/div><\/h2>\n<div class=\"subtitle\">\n<p style=\"text-transform: initial; text-align: center; font-size: 18px;\"><strong>Cualquier persona que tenga que trabajar con microorganismos pat\u00f3genos o que se enfrente a una situaci\u00f3n profesional relacionada con un riesgo de contaminaci\u00f3n microbiol\u00f3gica : <\/strong><\/p>\n<p><em>FUNCIONES T\u00c9CNICAS : USUARIOS, MANIPULADORES<\/em><br \/>\n(T\u00c9CNICOS, INVESTIGADORES, APRENDICES);<br \/>\n<em>FUNCIONES DE APOYO, DIRECCI\u00d3N O SUPERVISI\u00d3N<\/em><br \/>\n(DIRECTORES DE SEGURIDAD BIOL\u00d3GICA, DIRECTORES DE EQUIPO, DIRECTORES DE SALUD, SEGURIDAD Y MEDIO AMBIENTE).<\/p>\n<p>&nbsp;<\/p>\n<p style=\"text-align: center;\"><a class=\"header-text\" style=\"box-shadow: #6a0e41 0px 0px 0px 3px; font-size: 20px; font-style: normal; color: #ffffff; font-weight: normal; text-transform: uppercase; margin-bottom: 20px; line-height: 1; display: inline-block; padding: 10px; background: #6a0e41; text-align: center;\" href=\"https:\/\/www.lab-science.eu\/contact\/\"> CONT\u00c1CTENOS<\/a><\/p>\n<\/div>\n<\/div>\n<h2 class=\"header-text\"><div class=\"clearfix aligncenter\"><div class=\"fancy-header1\"><h2>Evaluaci\u00f3n de la formaci\u00f3n<\/h2><\/div><\/div><\/h2>\n<p style=\"text-align: center;\">La evaluaci\u00f3n del aprendizaje se realiza al final de cada d\u00eda, mediante preguntas, ejercicios y conversaciones, para garantizar que los conceptos se han comprendido correctamente.<\/p>\n<p><strong>Al final del curso se expide un certificado de formaci\u00f3n.<\/strong><\/p>\n<p>&nbsp;<\/p>\n<h2 class=\"header-text\"><div class=\"clearfix aligncenter\"><div class=\"fancy-header1\"><h2>Modalidades<\/h2><\/div><\/div><\/h2>\n<p style=\"text-align: center;\">La duraci\u00f3n de la formaci\u00f3n en bioseguridad se determinar\u00e1 en funci\u00f3n de sus necesidades.<\/p>\n<p style=\"text-align: center; color: #6a0e41;\"><em>450 euros (sin IVA) \/ aprendiz \/ d\u00eda para la formaci\u00f3n intraempresa<br \/>\n650 euros (sin IVA) \/ aprendiz \/ d\u00eda para la formaci\u00f3n interempresa<br \/>\n<\/em><\/p>\n<p style=\"text-align: center;\">La ubicaci\u00f3n de la formaci\u00f3n se determina en funci\u00f3n de la demanda.<br \/>\nEstas condiciones son aplicables a nuestras formaciones existentes y desarrolladas. P\u00f3ngase en contacto con nosotros para obtener un presupuesto de formaci\u00f3n a medida.<\/p>\n<div class=\"full-width\" style=\"color: #333333;background: #f6f6f6;\">\n<h2 class=\"header-text\"><div class=\"clearfix aligncenter\"><div class=\"fancy-header1\"><h2>Formadores<\/h2><\/div><\/div><\/h2>\n<p style=\"text-align: center;\"><strong><em>Nuestros formadores son especialistas reconocidos en bioseguridad y bioprotecci\u00f3n, y cuentan con una amplia experiencia sobre el terreno.<\/em><\/strong><\/p>\n<div class=\"one_half rnr-column\">\n<a href=\"https:\/\/www.lab-science.eu\/lab-science-academie\/\"><div data-effect=\"fadeInUp\" id=\"service-features-555886943\" class=\"service-features animated rnr-animate\"><style type=\"text\/css\">#service-features-555886943 .img-container { background : #848E98; } #service-features-555886943 .img-container i{ color: ; } #service-features-555886943 .img-container:after { border-color: #848E98; }<\/style><div class=\"img-container\"><img decoding=\"async\" src=\"https:\/\/www.lab-science.eu\/wp-content\/uploads\/2019\/09\/sebastien-alix-leguen.png\" data-original=\"https:\/\/www.lab-science.eu\/wp-content\/uploads\/2019\/09\/sebastien-alix-leguen.png\" alt=\"S\u00e9bastien Allix\"><noscript><img decoding=\"async\" src=\"https:\/\/www.lab-science.eu\/wp-content\/uploads\/2019\/09\/sebastien-alix-leguen.png\" alt=\"S\u00e9bastien Allix\"><\/noscript><\/div>  <h3>S\u00e9bastien Allix<\/h3>                <p>\u00a0<span class=\"highlight portfolio-lazyLoad\"><\/a><a href=\"https:\/\/www.lab-science.eu\/lab-science-academie\/\">Director cient\u00edfico de LAB&#8217;SCIENCE<\/a><a href=\"https:\/\/www.lab-science.eu\/lab-science-academie\/\"><\/span><\/p><\/div><\/a><br \/>\n<\/div>\n<div class=\"one_half rnr-column last\">\n<a href=\"https:\/\/www.lab-science.eu\/lab-science-academie\/\"><div data-effect=\"fadeInUp\" id=\"service-features-1364557523\" class=\"service-features animated rnr-animate\"><style type=\"text\/css\">#service-features-1364557523 .img-container { background : #848E98; } #service-features-1364557523 .img-container i{ color: ; } #service-features-1364557523 .img-container:after { border-color: #848E98; }<\/style><div class=\"img-container\"><img decoding=\"async\" src=\"https:\/\/www.lab-science.eu\/wp-content\/uploads\/2021\/12\/arnaud.png\" data-original=\"https:\/\/www.lab-science.eu\/wp-content\/uploads\/2021\/12\/arnaud.png\" alt=\"Arnaud Orelle\"><noscript><img decoding=\"async\" src=\"https:\/\/www.lab-science.eu\/wp-content\/uploads\/2021\/12\/arnaud.png\" alt=\"Arnaud Orelle\"><\/noscript><\/div>  <h3>Arnaud Orelle<\/h3>                <p><span class=\"highlight portfolio-lazyLoad\"><\/a><a href=\"https:\/\/www.lab-science.eu\/lab-science-academie\/\">Asesor cient\u00edfico de LAB&#8217;SCIENCE<\/a><a href=\"https:\/\/www.lab-science.eu\/lab-science-academie\/\"><\/span><\/p><\/div><\/a><br \/>\n<\/div><div class=\"clear\"><\/div>\n<\/div>\n<div class=\"fancy-header2\"><h4>Temas<\/h4><h2 class=\"highlight\">Formaci\u00f3n en bioseguridad<\/h2><\/div>\n<p style=\"text-align: center;\"><strong>La bioseguridad y bioprotecci\u00f3n abarcan una amplia gama de cuestiones que podemos abordar.<br \/>\nA continuaci\u00f3n, se detalla la lista de estos temas :<\/strong><\/p>\n<div class=\"one_half rnr-column\">\n<img loading=\"lazy\" decoding=\"async\" class=\"alignnone wp-image-3858 size-large portfolio-lazyLoad\" title=\"Sala blanca modular - Lab Science\" src=\"https:\/\/www.lab-science.eu\/wp-content\/uploads\/2020\/12\/maintenance-1024x521.jpeg\" data-original=\"https:\/\/www.lab-science.eu\/wp-content\/uploads\/2020\/12\/maintenance-1024x521.jpeg\" alt=\"mantenimiento\" width=\"1024\" height=\"521\" \/><noscript><img loading=\"lazy\" decoding=\"async\" class=\"alignnone wp-image-3858 size-large portfolio-lazyLoad\" title=\"Sala blanca modular - Lab Science\" src=\"https:\/\/www.lab-science.eu\/wp-content\/uploads\/2020\/12\/maintenance-1024x521.jpeg\" alt=\"mantenimiento\" width=\"1024\" height=\"521\" \/><\/noscript><br \/>\n<\/div>\n<div class=\"one_half rnr-column last\">\n<div style=\"text-align: left; font-weight: 400;\"><ul class=\"styled-list\">\n<li><i class=\"fa fa-check\" style=\"color:#6a0e41 !important;\"><\/i>Introducci\u00f3n a la bioseguridad y la bioprotecci\u00f3n (cuestionario\/fotos) ;<\/li>\n<li><i class=\"fa fa-check\" style=\"color:#6a0e41 !important;\"><\/i>Buenas pr\u00e1cticas de laboratorio ;<\/li>\n<li><i class=\"fa fa-check\" style=\"color:#6a0e41 !important;\"><\/i>Nivel de seguridad y clasificaci\u00f3n de los agentes pat\u00f3genos ;<\/li>\n<li><i class=\"fa fa-check\" style=\"color:#6a0e41 !important;\"><\/i>Normativa nacional ;<\/li>\n<li><i class=\"fa fa-check\" style=\"color:#6a0e41 !important;\"><\/i>Normativa internacional ;<\/li>\n<li><i class=\"fa fa-check\" style=\"color:#6a0e41 !important;\"><\/i>Infraestructura e instalaciones ;<\/li>\n<li><i class=\"fa fa-check\" style=\"color:#6a0e41 !important;\"><\/i>Equipos de protecci\u00f3n personal ;<\/li>\n<li><i class=\"fa fa-check\" style=\"color:#6a0e41 !important;\"><\/i>Se\u00f1alizaci\u00f3n ;<\/li>\n<li><i class=\"fa fa-check\" style=\"color:#6a0e41 !important;\"><\/i>Desinfecci\u00f3n, limpieza y descontaminaci\u00f3n ;<\/li>\n<li><i class=\"fa fa-check\" style=\"color:#6a0e41 !important;\"><\/i>Lavado de manos ;<\/li>\n<li><i class=\"fa fa-check\" style=\"color:#6a0e41 !important;\"><\/i>Bioprotecci\u00f3n ;<\/li>\n<li><i class=\"fa fa-check\" style=\"color:#6a0e41 !important;\"><\/i>Emergencias :<br \/>\n\u2013 Procedimientos de emergencia y equipos de seguridad ;<br \/>\n\u2013 Incendios ;<br \/>\n\u2013 Gesti\u00f3n de incidentes ;<br \/>\n\u2013 Gesti\u00f3n de derrames y aerosoles.<br \/>\n<\/li>\n<li><i class=\"fa fa-check\" style=\"color:#6a0e41 !important;\"><\/i>Documentaci\u00f3n, procedimientos y manual de bioseguridad y bioprotecci\u00f3n ;<\/li>\n<li><i class=\"fa fa-check\" style=\"color:#6a0e41 !important;\"><\/i>Transporte y env\u00edo de materiales infecciosos (nacional, interno, internacional) ;<\/li>\n<li><i class=\"fa fa-check\" style=\"color:#6a0e41 !important;\"><\/i>Pretratamiento de residuos (autoclave, efluentes) ;<\/li>\n<li><i class=\"fa fa-check\" style=\"color:#6a0e41 !important;\"><\/i>Gesti\u00f3n de residuos ;<\/li>\n<li><i class=\"fa fa-check\" style=\"color:#6a0e41 !important;\"><\/i>Seguimiento m\u00e9dico ;<\/li>\n<li><i class=\"fa fa-check\" style=\"color:#6a0e41 !important;\"><\/i>Estaci\u00f3n de seguridad microbiol\u00f3gica, pr\u00e1cticas y comportamientos adecuados ;<\/li>\n<li><i class=\"fa fa-check\" style=\"color:#6a0e41 !important;\"><\/i>Evaluaci\u00f3n de riesgos biol\u00f3gicos.<\/li><\/ul><\/div>\n<p>&nbsp;<\/p>\n<p style=\"text-align: left;\"><a class=\"header-text\" style=\"box-shadow: #6a0e41 0px 0px 0px 3px; font-size: 20px; font-style: normal; color: #ffffff; font-weight: normal; text-transform: uppercase; margin-bottom: 20px; line-height: 1; display: inline-block; padding: 10px; background: #6a0e41; text-align: center;\" href=\"https:\/\/www.lab-science.eu\/wp-content\/uploads\/2023\/02\/FLY-formation-J-1121_compressed.pdf\" target=\"_blank\" rel=\"noopener\">DESCARGAR EL FOLLETO DE LA FORMACI\u00d3N<\/a><\/p>\n<p><\/div><div class=\"clear\"><\/div>\n<p>&nbsp;<\/p>\n<div class=\"title\">\n<h2 style=\"text-align: center;\">Y tambi\u00e9n&#8230;<\/h2>\n<p style=\"text-align: center;\">Se pueden organizar talleres pr\u00e1cticos sobre los siguientes temas (lista no exhaustiva) :<br \/>\n<em>Equipos de protecci\u00f3n personal ; puesto de seguridad microbiol\u00f3gica (PSM) ; gesti\u00f3n de emergencias (gesti\u00f3n de vertidos) ; evaluaci\u00f3n de riesgos biol\u00f3gico (seguridad y protecci\u00f3n), etc.<\/em><\/p>\n<p>&nbsp;<\/p>\n<p style=\"text-align: center;\"><a class=\"header-text\" style=\"box-shadow: #6a0e41 0px 0px 0px 3px; font-size: 20px; font-style: normal; color: #ffffff; font-weight: normal; text-transform: uppercase; margin-bottom: 20px; line-height: 1; display: inline-block; padding: 10px; background: #6a0e41; text-align: center;\" href=\"https:\/\/www.lab-science.eu\/lab-science-academie\/formation-decontamination-non-dirigee-des-surfaces\/\">DESCUBRA NUESTRA FORMACI\u00d3N EN DESCONTAMINACI\u00d3N DE SUPERFICIES NO DIRIGIDA<\/a><\/p>\n<\/div>\n","protected":false},"excerpt":{"rendered":"<p>&nbsp; Formaci\u00f3n en bioseguridad Cualquier persona que tenga que trabajar con microorganismos pat\u00f3genos o que se enfrente a una situaci\u00f3n profesional relacionada con un riesgo de contaminaci\u00f3n microbiol\u00f3gica : FUNCIONES T\u00c9CNICAS : USUARIOS, MANIPULADORES (T\u00c9CNICOS, INVESTIGADORES, APRENDICES); FUNCIONES DE APOYO, DIRECCI\u00d3N O SUPERVISI\u00d3N (DIRECTORES DE SEGURIDAD BIOL\u00d3GICA, DIRECTORES DE EQUIPO, DIRECTORES DE SALUD, SEGURIDAD Y&hellip;<\/p>\n<p><a href=\"https:\/\/www.lab-science.eu\/es\/academia-labscience-2\/bioseguridad\/\" class=\"read-more-link\">Read More &rarr;<\/a><\/p>\n","protected":false},"author":7,"featured_media":0,"parent":4075,"menu_order":0,"comment_status":"closed","ping_status":"closed","template":"","meta":{"footnotes":""},"class_list":["post-4566","page","type-page","status-publish","hentry"],"yoast_head":"<!-- This site is optimized with the Yoast SEO plugin v27.3 - https:\/\/yoast.com\/product\/yoast-seo-wordpress\/ -->\n<title>Formaci\u00f3n sobre bioseguridad impartida por Lab&#039;Science Acad\u00e9mie<\/title>\n<meta name=\"description\" content=\"Aprenda sobre bioseguridad y seguridad biol\u00f3gica con la formaci\u00f3n sobre bioseguridad que ofrecen los expertos cient\u00edficos de Lab&#039;Science Acad\u00e9mie.\" \/>\n<meta name=\"robots\" content=\"index, follow, max-snippet:-1, max-image-preview:large, max-video-preview:-1\" \/>\n<link rel=\"canonical\" href=\"https:\/\/www.lab-science.eu\/es\/academia-labscience-2\/bioseguridad\/\" \/>\n<meta property=\"og:locale\" content=\"es_ES\" \/>\n<meta property=\"og:type\" content=\"article\" \/>\n<meta property=\"og:title\" content=\"Formaci\u00f3n sobre bioseguridad impartida por Lab&#039;Science Acad\u00e9mie\" \/>\n<meta property=\"og:description\" content=\"Aprenda sobre bioseguridad y seguridad biol\u00f3gica con la formaci\u00f3n sobre bioseguridad que ofrecen los expertos cient\u00edficos de Lab&#039;Science Acad\u00e9mie.\" \/>\n<meta property=\"og:url\" content=\"https:\/\/www.lab-science.eu\/es\/academia-labscience-2\/bioseguridad\/\" \/>\n<meta property=\"og:site_name\" content=\"Lab Science - Conception et Fabrication de salles blanches modulaire\" \/>\n<meta property=\"article:modified_time\" content=\"2023-02-20T14:13:10+00:00\" \/>\n<meta property=\"og:image\" content=\"https:\/\/www.lab-science.eu\/wp-content\/uploads\/2020\/12\/Scan-60-scaled-e1608028518249.jpeg\" \/>\n<meta name=\"twitter:card\" content=\"summary_large_image\" \/>\n<meta name=\"twitter:label1\" content=\"Tiempo de lectura\" \/>\n\t<meta name=\"twitter:data1\" content=\"5 minutos\" \/>\n<script type=\"application\/ld+json\" class=\"yoast-schema-graph\">{\"@context\":\"https:\\\/\\\/schema.org\",\"@graph\":[{\"@type\":\"WebPage\",\"@id\":\"https:\\\/\\\/www.lab-science.eu\\\/es\\\/academia-labscience-2\\\/bioseguridad\\\/\",\"url\":\"https:\\\/\\\/www.lab-science.eu\\\/es\\\/academia-labscience-2\\\/bioseguridad\\\/\",\"name\":\"Formaci\u00f3n sobre bioseguridad impartida por Lab'Science Acad\u00e9mie\",\"isPartOf\":{\"@id\":\"https:\\\/\\\/www.lab-science.eu\\\/#website\"},\"primaryImageOfPage\":{\"@id\":\"https:\\\/\\\/www.lab-science.eu\\\/es\\\/academia-labscience-2\\\/bioseguridad\\\/#primaryimage\"},\"image\":{\"@id\":\"https:\\\/\\\/www.lab-science.eu\\\/es\\\/academia-labscience-2\\\/bioseguridad\\\/#primaryimage\"},\"thumbnailUrl\":\"https:\\\/\\\/www.lab-science.eu\\\/wp-content\\\/uploads\\\/2020\\\/12\\\/Scan-60-scaled-e1608028518249.jpeg\",\"datePublished\":\"2022-11-25T10:05:22+00:00\",\"dateModified\":\"2023-02-20T14:13:10+00:00\",\"description\":\"Aprenda sobre bioseguridad y seguridad biol\u00f3gica con la formaci\u00f3n sobre bioseguridad que ofrecen los expertos cient\u00edficos de Lab'Science Acad\u00e9mie.\",\"breadcrumb\":{\"@id\":\"https:\\\/\\\/www.lab-science.eu\\\/es\\\/academia-labscience-2\\\/bioseguridad\\\/#breadcrumb\"},\"inLanguage\":\"es\",\"potentialAction\":[{\"@type\":\"ReadAction\",\"target\":[\"https:\\\/\\\/www.lab-science.eu\\\/es\\\/academia-labscience-2\\\/bioseguridad\\\/\"]}]},{\"@type\":\"ImageObject\",\"inLanguage\":\"es\",\"@id\":\"https:\\\/\\\/www.lab-science.eu\\\/es\\\/academia-labscience-2\\\/bioseguridad\\\/#primaryimage\",\"url\":\"https:\\\/\\\/www.lab-science.eu\\\/wp-content\\\/uploads\\\/2020\\\/12\\\/Scan-60-scaled-e1608028518249.jpeg\",\"contentUrl\":\"https:\\\/\\\/www.lab-science.eu\\\/wp-content\\\/uploads\\\/2020\\\/12\\\/Scan-60-scaled-e1608028518249.jpeg\"},{\"@type\":\"BreadcrumbList\",\"@id\":\"https:\\\/\\\/www.lab-science.eu\\\/es\\\/academia-labscience-2\\\/bioseguridad\\\/#breadcrumb\",\"itemListElement\":[{\"@type\":\"ListItem\",\"position\":1,\"name\":\"Accueil\",\"item\":\"https:\\\/\\\/www.lab-science.eu\\\/es\\\/\"},{\"@type\":\"ListItem\",\"position\":2,\"name\":\"ACADEMIA LAB\u2019SCIENCE\",\"item\":\"https:\\\/\\\/www.lab-science.eu\\\/es\\\/academia-labscience-2\\\/\"},{\"@type\":\"ListItem\",\"position\":3,\"name\":\"Formaci\u00f3n en bioseguridad\"}]},{\"@type\":\"WebSite\",\"@id\":\"https:\\\/\\\/www.lab-science.eu\\\/#website\",\"url\":\"https:\\\/\\\/www.lab-science.eu\\\/\",\"name\":\"Lab Science - Conception et Fabrication de salles blanches modulaire\",\"description\":\"\",\"potentialAction\":[{\"@type\":\"SearchAction\",\"target\":{\"@type\":\"EntryPoint\",\"urlTemplate\":\"https:\\\/\\\/www.lab-science.eu\\\/?s={search_term_string}\"},\"query-input\":{\"@type\":\"PropertyValueSpecification\",\"valueRequired\":true,\"valueName\":\"search_term_string\"}}],\"inLanguage\":\"es\"}]}<\/script>\n<!-- \/ Yoast SEO plugin. -->","yoast_head_json":{"title":"Formaci\u00f3n sobre bioseguridad impartida por Lab'Science Acad\u00e9mie","description":"Aprenda sobre bioseguridad y seguridad biol\u00f3gica con la formaci\u00f3n sobre bioseguridad que ofrecen los expertos cient\u00edficos de Lab'Science Acad\u00e9mie.","robots":{"index":"index","follow":"follow","max-snippet":"max-snippet:-1","max-image-preview":"max-image-preview:large","max-video-preview":"max-video-preview:-1"},"canonical":"https:\/\/www.lab-science.eu\/es\/academia-labscience-2\/bioseguridad\/","og_locale":"es_ES","og_type":"article","og_title":"Formaci\u00f3n sobre bioseguridad impartida por Lab'Science Acad\u00e9mie","og_description":"Aprenda sobre bioseguridad y seguridad biol\u00f3gica con la formaci\u00f3n sobre bioseguridad que ofrecen los expertos cient\u00edficos de Lab'Science Acad\u00e9mie.","og_url":"https:\/\/www.lab-science.eu\/es\/academia-labscience-2\/bioseguridad\/","og_site_name":"Lab Science - Conception et Fabrication de salles blanches modulaire","article_modified_time":"2023-02-20T14:13:10+00:00","og_image":[{"url":"https:\/\/www.lab-science.eu\/wp-content\/uploads\/2020\/12\/Scan-60-scaled-e1608028518249.jpeg","type":"","width":"","height":""}],"twitter_card":"summary_large_image","twitter_misc":{"Tiempo de lectura":"5 minutos"},"schema":{"@context":"https:\/\/schema.org","@graph":[{"@type":"WebPage","@id":"https:\/\/www.lab-science.eu\/es\/academia-labscience-2\/bioseguridad\/","url":"https:\/\/www.lab-science.eu\/es\/academia-labscience-2\/bioseguridad\/","name":"Formaci\u00f3n sobre bioseguridad impartida por Lab'Science Acad\u00e9mie","isPartOf":{"@id":"https:\/\/www.lab-science.eu\/#website"},"primaryImageOfPage":{"@id":"https:\/\/www.lab-science.eu\/es\/academia-labscience-2\/bioseguridad\/#primaryimage"},"image":{"@id":"https:\/\/www.lab-science.eu\/es\/academia-labscience-2\/bioseguridad\/#primaryimage"},"thumbnailUrl":"https:\/\/www.lab-science.eu\/wp-content\/uploads\/2020\/12\/Scan-60-scaled-e1608028518249.jpeg","datePublished":"2022-11-25T10:05:22+00:00","dateModified":"2023-02-20T14:13:10+00:00","description":"Aprenda sobre bioseguridad y seguridad biol\u00f3gica con la formaci\u00f3n sobre bioseguridad que ofrecen los expertos cient\u00edficos de Lab'Science Acad\u00e9mie.","breadcrumb":{"@id":"https:\/\/www.lab-science.eu\/es\/academia-labscience-2\/bioseguridad\/#breadcrumb"},"inLanguage":"es","potentialAction":[{"@type":"ReadAction","target":["https:\/\/www.lab-science.eu\/es\/academia-labscience-2\/bioseguridad\/"]}]},{"@type":"ImageObject","inLanguage":"es","@id":"https:\/\/www.lab-science.eu\/es\/academia-labscience-2\/bioseguridad\/#primaryimage","url":"https:\/\/www.lab-science.eu\/wp-content\/uploads\/2020\/12\/Scan-60-scaled-e1608028518249.jpeg","contentUrl":"https:\/\/www.lab-science.eu\/wp-content\/uploads\/2020\/12\/Scan-60-scaled-e1608028518249.jpeg"},{"@type":"BreadcrumbList","@id":"https:\/\/www.lab-science.eu\/es\/academia-labscience-2\/bioseguridad\/#breadcrumb","itemListElement":[{"@type":"ListItem","position":1,"name":"Accueil","item":"https:\/\/www.lab-science.eu\/es\/"},{"@type":"ListItem","position":2,"name":"ACADEMIA LAB\u2019SCIENCE","item":"https:\/\/www.lab-science.eu\/es\/academia-labscience-2\/"},{"@type":"ListItem","position":3,"name":"Formaci\u00f3n en bioseguridad"}]},{"@type":"WebSite","@id":"https:\/\/www.lab-science.eu\/#website","url":"https:\/\/www.lab-science.eu\/","name":"Lab Science - Conception et Fabrication de salles blanches modulaire","description":"","potentialAction":[{"@type":"SearchAction","target":{"@type":"EntryPoint","urlTemplate":"https:\/\/www.lab-science.eu\/?s={search_term_string}"},"query-input":{"@type":"PropertyValueSpecification","valueRequired":true,"valueName":"search_term_string"}}],"inLanguage":"es"}]}},"_links":{"self":[{"href":"https:\/\/www.lab-science.eu\/es\/wp-json\/wp\/v2\/pages\/4566","targetHints":{"allow":["GET"]}}],"collection":[{"href":"https:\/\/www.lab-science.eu\/es\/wp-json\/wp\/v2\/pages"}],"about":[{"href":"https:\/\/www.lab-science.eu\/es\/wp-json\/wp\/v2\/types\/page"}],"author":[{"embeddable":true,"href":"https:\/\/www.lab-science.eu\/es\/wp-json\/wp\/v2\/users\/7"}],"replies":[{"embeddable":true,"href":"https:\/\/www.lab-science.eu\/es\/wp-json\/wp\/v2\/comments?post=4566"}],"version-history":[{"count":0,"href":"https:\/\/www.lab-science.eu\/es\/wp-json\/wp\/v2\/pages\/4566\/revisions"}],"up":[{"embeddable":true,"href":"https:\/\/www.lab-science.eu\/es\/wp-json\/wp\/v2\/pages\/4075"}],"wp:attachment":[{"href":"https:\/\/www.lab-science.eu\/es\/wp-json\/wp\/v2\/media?parent=4566"}],"curies":[{"name":"wp","href":"https:\/\/api.w.org\/{rel}","templated":true}]}}