{"id":4591,"date":"2022-11-25T10:00:02","date_gmt":"2022-11-25T09:00:02","guid":{"rendered":"https:\/\/www.lab-science.eu\/?page_id=4591"},"modified":"2023-01-20T10:44:29","modified_gmt":"2023-01-20T09:44:29","slug":"labsafe","status":"publish","type":"page","link":"https:\/\/www.lab-science.eu\/es\/los-miembros-de-la-red-labscience-2\/labsafe\/","title":{"rendered":"LAB\u2019SAFE"},"content":{"rendered":"<p>&nbsp;<\/p>\n<div class=\"title\">\n<h1 class=\"header-text\" style=\"font-size: 50px;\">LAB\u2019SAFE<br \/>\n<span style=\"font-size: 80%;\">soluci\u00f3n de descontaminaci\u00f3n<\/span><\/h1>\n<\/div>\n<p>&nbsp;<\/p>\n<p><img loading=\"lazy\" decoding=\"async\" class=\"wp-image-4593 size-medium aligncenter portfolio-lazyLoad\" src=\"https:\/\/www.lab-science.eu\/wp-content\/uploads\/2022\/07\/Logo-LBS-Safe-bleu-300x220.png\" data-original=\"https:\/\/www.lab-science.eu\/wp-content\/uploads\/2022\/07\/Logo-LBS-Safe-bleu-300x220.png\" alt=\"Logo Labsafe bleu\" width=\"300\" height=\"220\" srcset=\"https:\/\/www.lab-science.eu\/wp-content\/uploads\/2022\/07\/Logo-LBS-Safe-bleu-300x220.png 300w, https:\/\/www.lab-science.eu\/wp-content\/uploads\/2022\/07\/Logo-LBS-Safe-bleu-1024x749.png 1024w, https:\/\/www.lab-science.eu\/wp-content\/uploads\/2022\/07\/Logo-LBS-Safe-bleu-768x562.png 768w, https:\/\/www.lab-science.eu\/wp-content\/uploads\/2022\/07\/Logo-LBS-Safe-bleu-1536x1124.png 1536w, https:\/\/www.lab-science.eu\/wp-content\/uploads\/2022\/07\/Logo-LBS-Safe-bleu.png 1681w\" sizes=\"auto, (max-width: 300px) 100vw, 300px\" \/><noscript><img loading=\"lazy\" decoding=\"async\" class=\"wp-image-4593 size-medium aligncenter portfolio-lazyLoad\" src=\"https:\/\/www.lab-science.eu\/wp-content\/uploads\/2022\/07\/Logo-LBS-Safe-bleu-300x220.png\" alt=\"Logo Labsafe bleu\" width=\"300\" height=\"220\" srcset=\"https:\/\/www.lab-science.eu\/wp-content\/uploads\/2022\/07\/Logo-LBS-Safe-bleu-300x220.png 300w, https:\/\/www.lab-science.eu\/wp-content\/uploads\/2022\/07\/Logo-LBS-Safe-bleu-1024x749.png 1024w, https:\/\/www.lab-science.eu\/wp-content\/uploads\/2022\/07\/Logo-LBS-Safe-bleu-768x562.png 768w, https:\/\/www.lab-science.eu\/wp-content\/uploads\/2022\/07\/Logo-LBS-Safe-bleu-1536x1124.png 1536w, https:\/\/www.lab-science.eu\/wp-content\/uploads\/2022\/07\/Logo-LBS-Safe-bleu.png 1681w\" sizes=\"auto, (max-width: 300px) 100vw, 300px\" \/><\/noscript><br \/>\n&nbsp;<\/p>\n<p style=\"text-align: center;\"><strong>LAB&#8217;SAFE trabaja con actores del sector de los servicios, de los transportes, de la industria y de la investigaci\u00f3n, as\u00ed como con los establecimientos sanitarios, ofreciendo a cada uno una soluci\u00f3n de descontaminaci\u00f3n desarrollada espec\u00edficamente para sus necesidades. Las soluciones de LAB&#8217;SAFE brindan soluciones innovadoras a los problemas sanitarios de las salas limpias, de los entornos de atm\u00f3sfera controlada y de los laboratorios mediante acciones bactericidas, virucidas, esporicidas y fungicidas. <\/strong><\/p>\n<div class=\"full-width\" style=\"color: #333333;background: #FAFAFA;\">\n<div class=\"one_half rnr-column\">\n<p><img loading=\"lazy\" decoding=\"async\" class=\"alignleft wp-image-4602 size-large portfolio-lazyLoad\" title=\"Sala blanca modular - Lab Science\" src=\"https:\/\/www.lab-science.eu\/wp-content\/uploads\/2022\/07\/expertise-solution-de-decontamination-1024x683.jpg\" data-original=\"https:\/\/www.lab-science.eu\/wp-content\/uploads\/2022\/07\/expertise-solution-de-decontamination-1024x683.jpg\" alt=\"Sala blanca modular - Lab Science\" width=\"1024\" height=\"683\" srcset=\"https:\/\/www.lab-science.eu\/wp-content\/uploads\/2022\/07\/expertise-solution-de-decontamination-1024x683.jpg 1024w, https:\/\/www.lab-science.eu\/wp-content\/uploads\/2022\/07\/expertise-solution-de-decontamination-300x200.jpg 300w, https:\/\/www.lab-science.eu\/wp-content\/uploads\/2022\/07\/expertise-solution-de-decontamination-768x512.jpg 768w, https:\/\/www.lab-science.eu\/wp-content\/uploads\/2022\/07\/expertise-solution-de-decontamination.jpg 1500w\" sizes=\"auto, (max-width: 1024px) 100vw, 1024px\" \/><noscript><img loading=\"lazy\" decoding=\"async\" class=\"alignleft wp-image-4602 size-large portfolio-lazyLoad\" title=\"Sala blanca modular - Lab Science\" src=\"https:\/\/www.lab-science.eu\/wp-content\/uploads\/2022\/07\/expertise-solution-de-decontamination-1024x683.jpg\" alt=\"Sala blanca modular - Lab Science\" width=\"1024\" height=\"683\" srcset=\"https:\/\/www.lab-science.eu\/wp-content\/uploads\/2022\/07\/expertise-solution-de-decontamination-1024x683.jpg 1024w, https:\/\/www.lab-science.eu\/wp-content\/uploads\/2022\/07\/expertise-solution-de-decontamination-300x200.jpg 300w, https:\/\/www.lab-science.eu\/wp-content\/uploads\/2022\/07\/expertise-solution-de-decontamination-768x512.jpg 768w, https:\/\/www.lab-science.eu\/wp-content\/uploads\/2022\/07\/expertise-solution-de-decontamination.jpg 1500w\" sizes=\"auto, (max-width: 1024px) 100vw, 1024px\" \/><\/noscript><\/p>\n<\/div>\n<div class=\"one_half rnr-column last\">\n<h2><b>Una amplia gama de equipos<\/b><\/h2>\n<p><span style=\"font-weight: 400;\">Sea cual sea la necesidad, LAB&#8217;SAFE ofrece la soluci\u00f3n de descontaminaci\u00f3n de superficies m\u00e1s adecuada : <\/span><br \/>\n<ul class=\"styled-list\">\n<li><i class=\"fa fa-home\" style=\"color:#6a0e41 !important;\"><\/i>Equipos m\u00f3viles ;<\/li>\n<li><i class=\"fa fa-home\" style=\"color:#6a0e41 !important;\"><\/i>Equipos fijos ;<\/li>\n<li><i class=\"fa fa-home\" style=\"color:#6a0e41 !important;\"><\/i>Equipos integrados en los locales.<\/li>\n<\/ul>\n&nbsp;<\/p>\n<p><strong>Como miembro de la red LAB&#8217;SCIENCE, LAB&#8217;SAFE puede dise\u00f1ar sistemas DSVA llave en mano que integran todos los niveles de seguridad y seguimiento de procesos.<\/strong><\/p>\n<\/div><div class=\"clear\"><\/div>\n<p><\/div>\n<div class=\"one_half rnr-column\">\n<h2><b>Soluci\u00f3n de descontaminaci\u00f3n LAB&#8217;SAFE<br \/>\n<span style=\"font-size: 70%; color: #000000;\">Ventajas :<\/span><\/b><\/h2>\n<ul class=\"styled-list\">\n<li><i class=\"fa fa-home\" style=\"color:#6a0e41 !important;\"><\/i>Eficacia garantizada (incluso con niveles de contaminaci\u00f3n extremadamente altos) ;<\/li>\n<li><i class=\"fa fa-home\" style=\"color:#6a0e41 !important;\"><\/i>Validaci\u00f3n en laboratorio de los ciclos de desinfecci\u00f3n ;<\/li>\n<li><i class=\"fa fa-home\" style=\"color:#6a0e41 !important;\"><\/i>Superficies y equipos totalmente desinfectados, incluidos los de dif\u00edcil acceso ;<\/li>\n<li><i class=\"fa fa-home\" style=\"color:#6a0e41 !important;\"><\/i>Proceso no corrosivo y no peligroso ;<\/li>\n<li><i class=\"fa fa-home\" style=\"color:#6a0e41 !important;\"><\/i>Utilizaci\u00f3n muy sencilla ;<\/li>\n<li><i class=\"fa fa-home\" style=\"color:#6a0e41 !important;\"><\/i>No hay alteraci\u00f3n en los materiales ni en los equipos ;<\/li>\n<li><i class=\"fa fa-home\" style=\"color:#6a0e41 !important;\"><\/i>Tras la aplicaci\u00f3n, superficies secas y sin residuos ;<\/li>\n<li><i class=\"fa fa-home\" style=\"color:#6a0e41 !important;\"><\/i>Eficacia de amplio espectro probada seg\u00fan las normas vigentes ;<\/li>\n<li><i class=\"fa fa-home\" style=\"color:#6a0e41 !important;\"><\/i>Adaptable a grandes superficies ;<\/li>\n<li><i class=\"fa fa-home\" style=\"color:#6a0e41 !important;\"><\/i>Alta seguridad (desinfectante no t\u00f3xico) ;<\/li>\n<li><i class=\"fa fa-home\" style=\"color:#6a0e41 !important;\"><\/i>Alta rentabilidad.<\/li>\n<\/ul>\n<\/div>\n<div class=\"one_half rnr-column last\">\n<img loading=\"lazy\" decoding=\"async\" class=\"alignleft wp-image-4605 size-full portfolio-lazyLoad\" title=\"Beneficios-soluciones-labsafe\" src=\"https:\/\/www.lab-science.eu\/wp-content\/uploads\/2022\/07\/Avantages-solutions-labsafe.jpg\" data-original=\"https:\/\/www.lab-science.eu\/wp-content\/uploads\/2022\/07\/Avantages-solutions-labsafe.jpg\" alt=\"Beneficios-soluciones-labsafe\" width=\"1024\" height=\"768\" srcset=\"https:\/\/www.lab-science.eu\/wp-content\/uploads\/2022\/07\/Avantages-solutions-labsafe.jpg 1024w, https:\/\/www.lab-science.eu\/wp-content\/uploads\/2022\/07\/Avantages-solutions-labsafe-300x225.jpg 300w, https:\/\/www.lab-science.eu\/wp-content\/uploads\/2022\/07\/Avantages-solutions-labsafe-768x576.jpg 768w\" sizes=\"auto, (max-width: 1024px) 100vw, 1024px\" \/><noscript><img loading=\"lazy\" decoding=\"async\" class=\"alignleft wp-image-4605 size-full portfolio-lazyLoad\" title=\"Beneficios-soluciones-labsafe\" src=\"https:\/\/www.lab-science.eu\/wp-content\/uploads\/2022\/07\/Avantages-solutions-labsafe.jpg\" alt=\"Beneficios-soluciones-labsafe\" width=\"1024\" height=\"768\" srcset=\"https:\/\/www.lab-science.eu\/wp-content\/uploads\/2022\/07\/Avantages-solutions-labsafe.jpg 1024w, https:\/\/www.lab-science.eu\/wp-content\/uploads\/2022\/07\/Avantages-solutions-labsafe-300x225.jpg 300w, https:\/\/www.lab-science.eu\/wp-content\/uploads\/2022\/07\/Avantages-solutions-labsafe-768x576.jpg 768w\" sizes=\"auto, (max-width: 1024px) 100vw, 1024px\" \/><\/noscript><\/p>\n<p>&nbsp;<\/p>\n<p><\/div><div class=\"clear\"><\/div>\n<div class=\"one_half rnr-column\">\n<img loading=\"lazy\" decoding=\"async\" class=\"alignleft wp-image-4599 size-large portfolio-lazyLoad\" title=\"Beneficios-soluciones-labsafe\" src=\"https:\/\/www.lab-science.eu\/wp-content\/uploads\/2022\/07\/Labsafe-solution-de-decontamination-1024x705.jpg\" data-original=\"https:\/\/www.lab-science.eu\/wp-content\/uploads\/2022\/07\/Labsafe-solution-de-decontamination-1024x705.jpg\" alt=\"\" width=\"1024\" height=\"705\" srcset=\"https:\/\/www.lab-science.eu\/wp-content\/uploads\/2022\/07\/Labsafe-solution-de-decontamination-1024x705.jpg 1024w, https:\/\/www.lab-science.eu\/wp-content\/uploads\/2022\/07\/Labsafe-solution-de-decontamination-300x206.jpg 300w, https:\/\/www.lab-science.eu\/wp-content\/uploads\/2022\/07\/Labsafe-solution-de-decontamination-768x528.jpg 768w, https:\/\/www.lab-science.eu\/wp-content\/uploads\/2022\/07\/Labsafe-solution-de-decontamination-1536x1057.jpg 1536w, https:\/\/www.lab-science.eu\/wp-content\/uploads\/2022\/07\/Labsafe-solution-de-decontamination.jpg 1542w\" sizes=\"auto, (max-width: 1024px) 100vw, 1024px\" \/><noscript><img loading=\"lazy\" decoding=\"async\" class=\"alignleft wp-image-4599 size-large portfolio-lazyLoad\" title=\"Beneficios-soluciones-labsafe\" src=\"https:\/\/www.lab-science.eu\/wp-content\/uploads\/2022\/07\/Labsafe-solution-de-decontamination-1024x705.jpg\" alt=\"\" width=\"1024\" height=\"705\" srcset=\"https:\/\/www.lab-science.eu\/wp-content\/uploads\/2022\/07\/Labsafe-solution-de-decontamination-1024x705.jpg 1024w, https:\/\/www.lab-science.eu\/wp-content\/uploads\/2022\/07\/Labsafe-solution-de-decontamination-300x206.jpg 300w, https:\/\/www.lab-science.eu\/wp-content\/uploads\/2022\/07\/Labsafe-solution-de-decontamination-768x528.jpg 768w, https:\/\/www.lab-science.eu\/wp-content\/uploads\/2022\/07\/Labsafe-solution-de-decontamination-1536x1057.jpg 1536w, https:\/\/www.lab-science.eu\/wp-content\/uploads\/2022\/07\/Labsafe-solution-de-decontamination.jpg 1542w\" sizes=\"auto, (max-width: 1024px) 100vw, 1024px\" \/><\/noscript><\/p>\n<p><\/div>\n<div class=\"one_half rnr-column last\">\n<h2><b>Soluciones a medida<\/b><\/h2>\n<p><span style=\"font-weight: 400;\">LAB&#8217;SAFE ofrece un enfoque personalizado en materia de desinfecci\u00f3n y descontaminaci\u00f3n. Sus equipos desarrollan protocolos espec\u00edficos para cada cliente para facilitar una soluci\u00f3n llave en mano tanto para operaciones recurrentes como puntuales.<\/span><br \/>\n<\/div><div class=\"clear\"><\/div>\n<p>&nbsp;<\/p>\n<div class=\"title\">\n<h2 style=\"text-align: center;\">\u00bfQuiere confiarnos su proyecto?<\/h2>\n<p style=\"text-align: center;\">LAB&#8217;SCIENCE le acompa\u00f1a<\/p>\n<p>&nbsp;<\/p>\n<p style=\"text-align: center;\"><a class=\"header-text\" style=\"box-shadow: #6a0e41 0px 0px 0px 3px; font-size: 20px; font-style: normal; color: #ffffff; font-weight: normal; text-transform: uppercase; margin-bottom: 20px; line-height: 1; display: inline-block; padding: 10px; background: #6a0e41; text-align: center;\" href=\"https:\/\/www.lab-science.eu\/es\/contacto\/\">CONT\u00c1CTENOS<\/a><\/p>\n<\/div>\n","protected":false},"excerpt":{"rendered":"<p>&nbsp; LAB\u2019SAFE soluci\u00f3n de descontaminaci\u00f3n &nbsp; &nbsp; LAB&#8217;SAFE trabaja con actores del sector de los servicios, de los transportes, de la industria y de la investigaci\u00f3n, as\u00ed como con los establecimientos sanitarios, ofreciendo a cada uno una soluci\u00f3n de descontaminaci\u00f3n desarrollada espec\u00edficamente para sus necesidades. Las soluciones de LAB&#8217;SAFE brindan soluciones innovadoras a los problemas&hellip;<\/p>\n<p><a href=\"https:\/\/www.lab-science.eu\/es\/los-miembros-de-la-red-labscience-2\/labsafe\/\" class=\"read-more-link\">Read More &rarr;<\/a><\/p>\n","protected":false},"author":7,"featured_media":0,"parent":4278,"menu_order":1,"comment_status":"closed","ping_status":"closed","template":"","meta":{"footnotes":""},"class_list":["post-4591","page","type-page","status-publish","hentry"],"yoast_head":"<!-- This site is optimized with the Yoast SEO plugin v27.3 - https:\/\/yoast.com\/product\/yoast-seo-wordpress\/ -->\n<title>LAB&#039;SAFE, especialista en soluciones de descontaminaci\u00f3n<\/title>\n<meta name=\"description\" content=\"LAB&#039;SAFE es una empresa miembro de Lab&#039;Science especializada en soluciones de descontaminaci\u00f3n y desinfecci\u00f3n de alto nivel.\" \/>\n<meta name=\"robots\" content=\"index, follow, max-snippet:-1, max-image-preview:large, max-video-preview:-1\" \/>\n<link rel=\"canonical\" href=\"https:\/\/www.lab-science.eu\/es\/los-miembros-de-la-red-labscience-2\/labsafe\/\" \/>\n<meta property=\"og:locale\" content=\"es_ES\" \/>\n<meta property=\"og:type\" content=\"article\" \/>\n<meta property=\"og:title\" content=\"LAB&#039;SAFE, especialista en soluciones de descontaminaci\u00f3n\" \/>\n<meta property=\"og:description\" content=\"LAB&#039;SAFE es una empresa miembro de Lab&#039;Science especializada en soluciones de descontaminaci\u00f3n y desinfecci\u00f3n de alto nivel.\" \/>\n<meta property=\"og:url\" content=\"https:\/\/www.lab-science.eu\/es\/los-miembros-de-la-red-labscience-2\/labsafe\/\" \/>\n<meta property=\"og:site_name\" content=\"Lab Science - Conception et Fabrication de salles blanches modulaire\" \/>\n<meta property=\"article:modified_time\" content=\"2023-01-20T09:44:29+00:00\" \/>\n<meta property=\"og:image\" content=\"https:\/\/www.lab-science.eu\/wp-content\/uploads\/2022\/07\/Logo-LBS-Safe-bleu-300x220.png\" \/>\n<meta name=\"twitter:card\" content=\"summary_large_image\" \/>\n<meta name=\"twitter:label1\" content=\"Tiempo de lectura\" \/>\n\t<meta name=\"twitter:data1\" content=\"3 minutos\" \/>\n<script type=\"application\/ld+json\" class=\"yoast-schema-graph\">{\"@context\":\"https:\\\/\\\/schema.org\",\"@graph\":[{\"@type\":\"WebPage\",\"@id\":\"https:\\\/\\\/www.lab-science.eu\\\/es\\\/los-miembros-de-la-red-labscience-2\\\/labsafe\\\/\",\"url\":\"https:\\\/\\\/www.lab-science.eu\\\/es\\\/los-miembros-de-la-red-labscience-2\\\/labsafe\\\/\",\"name\":\"LAB'SAFE, especialista en soluciones de descontaminaci\u00f3n\",\"isPartOf\":{\"@id\":\"https:\\\/\\\/www.lab-science.eu\\\/#website\"},\"primaryImageOfPage\":{\"@id\":\"https:\\\/\\\/www.lab-science.eu\\\/es\\\/los-miembros-de-la-red-labscience-2\\\/labsafe\\\/#primaryimage\"},\"image\":{\"@id\":\"https:\\\/\\\/www.lab-science.eu\\\/es\\\/los-miembros-de-la-red-labscience-2\\\/labsafe\\\/#primaryimage\"},\"thumbnailUrl\":\"https:\\\/\\\/www.lab-science.eu\\\/wp-content\\\/uploads\\\/2022\\\/07\\\/Logo-LBS-Safe-bleu-300x220.png\",\"datePublished\":\"2022-11-25T09:00:02+00:00\",\"dateModified\":\"2023-01-20T09:44:29+00:00\",\"description\":\"LAB'SAFE es una empresa miembro de Lab'Science especializada en soluciones de descontaminaci\u00f3n y desinfecci\u00f3n de alto nivel.\",\"breadcrumb\":{\"@id\":\"https:\\\/\\\/www.lab-science.eu\\\/es\\\/los-miembros-de-la-red-labscience-2\\\/labsafe\\\/#breadcrumb\"},\"inLanguage\":\"es\",\"potentialAction\":[{\"@type\":\"ReadAction\",\"target\":[\"https:\\\/\\\/www.lab-science.eu\\\/es\\\/los-miembros-de-la-red-labscience-2\\\/labsafe\\\/\"]}]},{\"@type\":\"ImageObject\",\"inLanguage\":\"es\",\"@id\":\"https:\\\/\\\/www.lab-science.eu\\\/es\\\/los-miembros-de-la-red-labscience-2\\\/labsafe\\\/#primaryimage\",\"url\":\"https:\\\/\\\/www.lab-science.eu\\\/wp-content\\\/uploads\\\/2022\\\/07\\\/Logo-LBS-Safe-bleu-300x220.png\",\"contentUrl\":\"https:\\\/\\\/www.lab-science.eu\\\/wp-content\\\/uploads\\\/2022\\\/07\\\/Logo-LBS-Safe-bleu-300x220.png\"},{\"@type\":\"BreadcrumbList\",\"@id\":\"https:\\\/\\\/www.lab-science.eu\\\/es\\\/los-miembros-de-la-red-labscience-2\\\/labsafe\\\/#breadcrumb\",\"itemListElement\":[{\"@type\":\"ListItem\",\"position\":1,\"name\":\"Accueil\",\"item\":\"https:\\\/\\\/www.lab-science.eu\\\/es\\\/\"},{\"@type\":\"ListItem\",\"position\":2,\"name\":\"LOS MIEMBROS DE LA RED LAB\u2019SCIENCE\",\"item\":\"https:\\\/\\\/www.lab-science.eu\\\/es\\\/los-miembros-de-la-red-labscience-2\\\/\"},{\"@type\":\"ListItem\",\"position\":3,\"name\":\"LAB\u2019SAFE\"}]},{\"@type\":\"WebSite\",\"@id\":\"https:\\\/\\\/www.lab-science.eu\\\/#website\",\"url\":\"https:\\\/\\\/www.lab-science.eu\\\/\",\"name\":\"Lab Science - Conception et Fabrication de salles blanches modulaire\",\"description\":\"\",\"potentialAction\":[{\"@type\":\"SearchAction\",\"target\":{\"@type\":\"EntryPoint\",\"urlTemplate\":\"https:\\\/\\\/www.lab-science.eu\\\/?s={search_term_string}\"},\"query-input\":{\"@type\":\"PropertyValueSpecification\",\"valueRequired\":true,\"valueName\":\"search_term_string\"}}],\"inLanguage\":\"es\"}]}<\/script>\n<!-- \/ Yoast SEO plugin. -->","yoast_head_json":{"title":"LAB'SAFE, especialista en soluciones de descontaminaci\u00f3n","description":"LAB'SAFE es una empresa miembro de Lab'Science especializada en soluciones de descontaminaci\u00f3n y desinfecci\u00f3n de alto nivel.","robots":{"index":"index","follow":"follow","max-snippet":"max-snippet:-1","max-image-preview":"max-image-preview:large","max-video-preview":"max-video-preview:-1"},"canonical":"https:\/\/www.lab-science.eu\/es\/los-miembros-de-la-red-labscience-2\/labsafe\/","og_locale":"es_ES","og_type":"article","og_title":"LAB'SAFE, especialista en soluciones de descontaminaci\u00f3n","og_description":"LAB'SAFE es una empresa miembro de Lab'Science especializada en soluciones de descontaminaci\u00f3n y desinfecci\u00f3n de alto nivel.","og_url":"https:\/\/www.lab-science.eu\/es\/los-miembros-de-la-red-labscience-2\/labsafe\/","og_site_name":"Lab Science - Conception et Fabrication de salles blanches modulaire","article_modified_time":"2023-01-20T09:44:29+00:00","og_image":[{"url":"https:\/\/www.lab-science.eu\/wp-content\/uploads\/2022\/07\/Logo-LBS-Safe-bleu-300x220.png","type":"","width":"","height":""}],"twitter_card":"summary_large_image","twitter_misc":{"Tiempo de lectura":"3 minutos"},"schema":{"@context":"https:\/\/schema.org","@graph":[{"@type":"WebPage","@id":"https:\/\/www.lab-science.eu\/es\/los-miembros-de-la-red-labscience-2\/labsafe\/","url":"https:\/\/www.lab-science.eu\/es\/los-miembros-de-la-red-labscience-2\/labsafe\/","name":"LAB'SAFE, especialista en soluciones de descontaminaci\u00f3n","isPartOf":{"@id":"https:\/\/www.lab-science.eu\/#website"},"primaryImageOfPage":{"@id":"https:\/\/www.lab-science.eu\/es\/los-miembros-de-la-red-labscience-2\/labsafe\/#primaryimage"},"image":{"@id":"https:\/\/www.lab-science.eu\/es\/los-miembros-de-la-red-labscience-2\/labsafe\/#primaryimage"},"thumbnailUrl":"https:\/\/www.lab-science.eu\/wp-content\/uploads\/2022\/07\/Logo-LBS-Safe-bleu-300x220.png","datePublished":"2022-11-25T09:00:02+00:00","dateModified":"2023-01-20T09:44:29+00:00","description":"LAB'SAFE es una empresa miembro de Lab'Science especializada en soluciones de descontaminaci\u00f3n y desinfecci\u00f3n de alto nivel.","breadcrumb":{"@id":"https:\/\/www.lab-science.eu\/es\/los-miembros-de-la-red-labscience-2\/labsafe\/#breadcrumb"},"inLanguage":"es","potentialAction":[{"@type":"ReadAction","target":["https:\/\/www.lab-science.eu\/es\/los-miembros-de-la-red-labscience-2\/labsafe\/"]}]},{"@type":"ImageObject","inLanguage":"es","@id":"https:\/\/www.lab-science.eu\/es\/los-miembros-de-la-red-labscience-2\/labsafe\/#primaryimage","url":"https:\/\/www.lab-science.eu\/wp-content\/uploads\/2022\/07\/Logo-LBS-Safe-bleu-300x220.png","contentUrl":"https:\/\/www.lab-science.eu\/wp-content\/uploads\/2022\/07\/Logo-LBS-Safe-bleu-300x220.png"},{"@type":"BreadcrumbList","@id":"https:\/\/www.lab-science.eu\/es\/los-miembros-de-la-red-labscience-2\/labsafe\/#breadcrumb","itemListElement":[{"@type":"ListItem","position":1,"name":"Accueil","item":"https:\/\/www.lab-science.eu\/es\/"},{"@type":"ListItem","position":2,"name":"LOS MIEMBROS DE LA RED LAB\u2019SCIENCE","item":"https:\/\/www.lab-science.eu\/es\/los-miembros-de-la-red-labscience-2\/"},{"@type":"ListItem","position":3,"name":"LAB\u2019SAFE"}]},{"@type":"WebSite","@id":"https:\/\/www.lab-science.eu\/#website","url":"https:\/\/www.lab-science.eu\/","name":"Lab Science - Conception et Fabrication de salles blanches modulaire","description":"","potentialAction":[{"@type":"SearchAction","target":{"@type":"EntryPoint","urlTemplate":"https:\/\/www.lab-science.eu\/?s={search_term_string}"},"query-input":{"@type":"PropertyValueSpecification","valueRequired":true,"valueName":"search_term_string"}}],"inLanguage":"es"}]}},"_links":{"self":[{"href":"https:\/\/www.lab-science.eu\/es\/wp-json\/wp\/v2\/pages\/4591","targetHints":{"allow":["GET"]}}],"collection":[{"href":"https:\/\/www.lab-science.eu\/es\/wp-json\/wp\/v2\/pages"}],"about":[{"href":"https:\/\/www.lab-science.eu\/es\/wp-json\/wp\/v2\/types\/page"}],"author":[{"embeddable":true,"href":"https:\/\/www.lab-science.eu\/es\/wp-json\/wp\/v2\/users\/7"}],"replies":[{"embeddable":true,"href":"https:\/\/www.lab-science.eu\/es\/wp-json\/wp\/v2\/comments?post=4591"}],"version-history":[{"count":0,"href":"https:\/\/www.lab-science.eu\/es\/wp-json\/wp\/v2\/pages\/4591\/revisions"}],"up":[{"embeddable":true,"href":"https:\/\/www.lab-science.eu\/es\/wp-json\/wp\/v2\/pages\/4278"}],"wp:attachment":[{"href":"https:\/\/www.lab-science.eu\/es\/wp-json\/wp\/v2\/media?parent=4591"}],"curies":[{"name":"wp","href":"https:\/\/api.w.org\/{rel}","templated":true}]}}