{"id":4767,"date":"2022-12-01T16:01:21","date_gmt":"2022-12-01T15:01:21","guid":{"rendered":"https:\/\/preprod2.dev-ev.fr\/soluciones\/solucion-de-descontaminacion\/uvclabs\/tunel-de-descontaminacion-por-plasma-para-aeropuertos\/"},"modified":"2023-01-20T15:55:19","modified_gmt":"2023-01-20T14:55:19","slug":"tunel-de-descontaminacion-por-plasma-para-aeropuertos","status":"publish","type":"page","link":"https:\/\/www.lab-science.eu\/es\/soluciones\/solucion-de-descontaminacion\/uvclabs\/tunel-de-descontaminacion-por-plasma-para-aeropuertos\/","title":{"rendered":"T\u00fanel de descontaminaci\u00f3n por plasma para aeropuertos"},"content":{"rendered":"<div class=\"title\">\n<h1 class=\"header-text\">T\u00fanel de descontaminaci\u00f3n por plasma<br \/>\n<span style=\"font-size: 50%;\">para aeropuertos<\/span><\/h1>\n<p style=\"text-align: left;\"><div class=\"full-width\" style=\"color: #333333;background: #FAFAFA;\">\n<p style=\"text-align: center;\">Desarrollado para los aeropuertos, este t\u00fanel tiene la particularidad de garantizar una perfecta descontaminaci\u00f3n de todas las superficies de los equipajes y efectos personales. El t\u00fanel de descontaminaci\u00f3n por plasma desarrollado por LLAB&#8217;SCIENCE, que a\u00fana rapidez y rendimiento probados, se adapta perfectamente a las exigencias asociadas a los puntos de inspecci\u00f3n fronterizos. Los ciclos de contaminaci\u00f3n se rompen y las superficies de las bandejas y el equipaje se ven libres de SARS-CoV2 y otros microorganismos pat\u00f3genos. El personal del aeropuerto, las compa\u00f1\u00edas a\u00e9reas y los viajeros pueden estar as\u00ed tranquilos.<\/p>\n<\/div>\n<div class=\"one_half rnr-column\">\n<img loading=\"lazy\" decoding=\"async\" class=\"aligncenter wp-image-3401 portfolio-lazyLoad\" src=\"https:\/\/www.lab-science.eu\/wp-content\/uploads\/2020\/07\/Tunnel-a-plasma-300x212.jpg\" data-original=\"https:\/\/www.lab-science.eu\/wp-content\/uploads\/2020\/07\/Tunnel-a-plasma-300x212.jpg\" alt=\"t\u00fanel de descontaminaci\u00f3n por plasma\" width=\"532\" height=\"376\" srcset=\"https:\/\/www.lab-science.eu\/wp-content\/uploads\/2020\/07\/Tunnel-a-plasma-300x212.jpg 300w, https:\/\/www.lab-science.eu\/wp-content\/uploads\/2020\/07\/Tunnel-a-plasma-1024x723.jpg 1024w, https:\/\/www.lab-science.eu\/wp-content\/uploads\/2020\/07\/Tunnel-a-plasma-768x542.jpg 768w, https:\/\/www.lab-science.eu\/wp-content\/uploads\/2020\/07\/Tunnel-a-plasma.jpg 1223w\" sizes=\"auto, (max-width: 532px) 100vw, 532px\" \/><noscript><img loading=\"lazy\" decoding=\"async\" class=\"aligncenter wp-image-3401 portfolio-lazyLoad\" src=\"https:\/\/www.lab-science.eu\/wp-content\/uploads\/2020\/07\/Tunnel-a-plasma-300x212.jpg\" alt=\"t\u00fanel de descontaminaci\u00f3n por plasma\" width=\"532\" height=\"376\" srcset=\"https:\/\/www.lab-science.eu\/wp-content\/uploads\/2020\/07\/Tunnel-a-plasma-300x212.jpg 300w, https:\/\/www.lab-science.eu\/wp-content\/uploads\/2020\/07\/Tunnel-a-plasma-1024x723.jpg 1024w, https:\/\/www.lab-science.eu\/wp-content\/uploads\/2020\/07\/Tunnel-a-plasma-768x542.jpg 768w, https:\/\/www.lab-science.eu\/wp-content\/uploads\/2020\/07\/Tunnel-a-plasma.jpg 1223w\" sizes=\"auto, (max-width: 532px) 100vw, 532px\" \/><\/noscript><br \/>\n<\/div>\n<div class=\"one_half rnr-column last\">\n<img loading=\"lazy\" decoding=\"async\" class=\"alignnone wp-image-3399 size-full portfolio-lazyLoad\" src=\"https:\/\/www.lab-science.eu\/wp-content\/uploads\/2020\/07\/aeroprot-paris-e1607946688310.jpg\" data-original=\"https:\/\/www.lab-science.eu\/wp-content\/uploads\/2020\/07\/aeroprot-paris-e1607946688310.jpg\" alt=\"t\u00fanel de descontaminaci\u00f3n en el aeropuerto de par\u00eds\" width=\"530\" height=\"378\" srcset=\"https:\/\/www.lab-science.eu\/wp-content\/uploads\/2020\/07\/aeroprot-paris-e1607946688310.jpg 530w, https:\/\/www.lab-science.eu\/wp-content\/uploads\/2020\/07\/aeroprot-paris-e1607946688310-300x214.jpg 300w\" sizes=\"auto, (max-width: 530px) 100vw, 530px\" \/><noscript><img loading=\"lazy\" decoding=\"async\" class=\"alignnone wp-image-3399 size-full portfolio-lazyLoad\" src=\"https:\/\/www.lab-science.eu\/wp-content\/uploads\/2020\/07\/aeroprot-paris-e1607946688310.jpg\" alt=\"t\u00fanel de descontaminaci\u00f3n en el aeropuerto de par\u00eds\" width=\"530\" height=\"378\" srcset=\"https:\/\/www.lab-science.eu\/wp-content\/uploads\/2020\/07\/aeroprot-paris-e1607946688310.jpg 530w, https:\/\/www.lab-science.eu\/wp-content\/uploads\/2020\/07\/aeroprot-paris-e1607946688310-300x214.jpg 300w\" sizes=\"auto, (max-width: 530px) 100vw, 530px\" \/><\/noscript><br \/>\n<\/div><div class=\"clear\"><\/div>\n<h2 style=\"text-align: left;\"><strong>Funcionamiento del t\u00fanel de descontaminaci\u00f3n por plasma <\/strong><\/h2>\n<p style=\"text-align: left;\">Desarrollado en colaboraci\u00f3n con el Instituto Universitario Nacional Champollion, el t\u00fanel de descontaminaci\u00f3n por plasma expone los objetos que en \u00e9l se encuentran a rayos UV-C, cuyo efecto germicida garantiza la descontaminaci\u00f3n de los objetos expuestos, en todas sus superficies.<\/p>\n<h3 style=\"text-align: left;\"><strong>Eficacia y velocidad muy elevadas<\/strong><\/h3>\n<p style=\"text-align: left;\">Para responder a las necesidades de los aeropuertos, el t\u00fanel de descontaminaci\u00f3n por plasma fr\u00edo de LAB&#8217;SCIENCE ofrece una alta potencia de UV-C para eliminar r\u00e1pidamente los microorganismos. Esto garantiza que el flujo de viajeros sea tan fluido como antes de su implantaci\u00f3n.<\/p>\n<h3 style=\"text-align: left;\"><strong>Datos t\u00e9cnicos<\/strong><\/h3>\n<p style=\"text-align: left;\">El t\u00fanel de descontaminaci\u00f3n por plasma incorpora en su interior l\u00e1mparas de plasma fr\u00edo que emiten UV-C a una dosis letal para los g\u00e9rmenes. Para reflejar al m\u00e1ximo los rayos UV-C y optimizar el tratamiento, la carcasa interior del t\u00fanel es de acero inoxidable cepillado.<\/p>\n<h3 style=\"text-align: left;\"><strong>Conformidad con los reglamentos y normas<\/strong><\/h3>\n<p style=\"text-align: left;\">El t\u00fanel de plasma fr\u00edo cumple con la normativa vigente (Decreto franc\u00e9s 2010-750 del 2 de julio de 2010 sobre la protecci\u00f3n de los trabajadores frente a los riesgos derivados de las radiaciones \u00f3pticas artificiales y Orden francesa del 1 de marzo de 2016 sobre los m\u00e9todos de evaluaci\u00f3n de los riesgos derivados de la exposici\u00f3n a radiaciones \u00f3pticas artificiales en el lugar de trabajo).<\/p>\n<p style=\"text-align: left;\">Nuestros t\u00faneles est\u00e1n certificados \u00abin situ\u00bb por un organismo independiente para las siguientes normas :<\/p>\n<p style=\"text-align: left;\">&#8211; EN 14 255-1:2005 Medici\u00f3n y evaluaci\u00f3n de la exposici\u00f3n de las personas a la radiaci\u00f3n \u00f3ptica incoherente. Parte 1: Radiaci\u00f3n ultravioleta emitida por fuentes artificiales en el lugar de trabajo.<br \/>\n&#8211; NF EN ISO 15 858: 2016 Dispositivos UV-C. Informaci\u00f3n sobre seguridad. L\u00edmites admisibles para la exposici\u00f3n humana.<\/p>\n<h2 style=\"text-align: left;\">Descubra nuestro t\u00fanel de descontaminaci\u00f3n por plasma fr\u00edo<\/h2>\n<\/div>\n<p><iframe loading=\"lazy\" src=\"https:\/\/cdn.flipsnack.com\/widget\/v2\/widget.html?hash=hnf43l8hp8\" width=\"100%\" height=\"480\" frameborder=\"0\" scrolling=\"no\" seamless=\"seamless\" allowfullscreen=\"allowfullscreen\"><\/iframe><br \/>\n\u00a0<\/p>\n<div class=\"title\">\n<h2 style=\"text-align: center;\">\u00bfQuiere confiarnos su proyecto?<\/h2>\n<p style=\"text-align: center;\">LAB&#8217;SCIENCE le acompa\u00f1a<\/p>\n<p>\u00a0<\/p>\n<p style=\"text-align: center;\"><a class=\"header-text\" style=\"box-shadow: #6a0e41 0px 0px 0px 3px; font-size: 20px; font-style: normal; color: #ffffff; font-weight: normal; text-transform: uppercase; margin-bottom: 20px; line-height: 1; display: inline-block; padding: 10px; background: #6a0e41; text-align: center;\" href=\"https:\/\/www.lab-science.eu\/es\/contacto\/\">CONT\u00c1CTENOS<\/a><\/p>\n<\/div>\n","protected":false},"excerpt":{"rendered":"<p>T\u00fanel de descontaminaci\u00f3n por plasma para aeropuertos Funcionamiento del t\u00fanel de descontaminaci\u00f3n por plasma Desarrollado en colaboraci\u00f3n con el Instituto Universitario Nacional Champollion, el t\u00fanel de descontaminaci\u00f3n por plasma expone los objetos que en \u00e9l se encuentran a rayos UV-C, cuyo efecto germicida garantiza la descontaminaci\u00f3n de los objetos expuestos, en todas sus superficies. Eficacia&hellip;<\/p>\n<p><a href=\"https:\/\/www.lab-science.eu\/es\/soluciones\/solucion-de-descontaminacion\/uvclabs\/tunel-de-descontaminacion-por-plasma-para-aeropuertos\/\" class=\"read-more-link\">Read More &rarr;<\/a><\/p>\n","protected":false},"author":1,"featured_media":0,"parent":4064,"menu_order":0,"comment_status":"closed","ping_status":"closed","template":"","meta":{"footnotes":""},"class_list":["post-4767","page","type-page","status-publish","hentry"],"yoast_head":"<!-- This site is optimized with the Yoast SEO plugin v27.1.1 - https:\/\/yoast.com\/product\/yoast-seo-wordpress\/ -->\n<title>T\u00fanel de descontaminaci\u00f3n por plasma para aeropuertos<\/title>\n<meta name=\"description\" content=\"El t\u00fanel de descontaminaci\u00f3n por plasma de Lab&#039;Science ha sido desarrollado para responder a las necesidades de los aeropuertos en materia de desinfecci\u00f3n de equipajes en los PIF.\" \/>\n<meta name=\"robots\" content=\"index, follow, max-snippet:-1, max-image-preview:large, max-video-preview:-1\" \/>\n<link rel=\"canonical\" href=\"https:\/\/www.lab-science.eu\/es\/soluciones\/solucion-de-descontaminacion\/uvclabs\/tunel-de-descontaminacion-por-plasma-para-aeropuertos\/\" \/>\n<meta property=\"og:locale\" content=\"es_ES\" \/>\n<meta property=\"og:type\" content=\"article\" \/>\n<meta property=\"og:title\" content=\"T\u00fanel de descontaminaci\u00f3n por plasma para aeropuertos\" \/>\n<meta property=\"og:description\" content=\"El t\u00fanel de descontaminaci\u00f3n por plasma de Lab&#039;Science ha sido desarrollado para responder a las necesidades de los aeropuertos en materia de desinfecci\u00f3n de equipajes en los PIF.\" \/>\n<meta property=\"og:url\" content=\"https:\/\/www.lab-science.eu\/es\/soluciones\/solucion-de-descontaminacion\/uvclabs\/tunel-de-descontaminacion-por-plasma-para-aeropuertos\/\" \/>\n<meta property=\"og:site_name\" content=\"Lab Science - Conception et Fabrication de salles blanches modulaire\" \/>\n<meta property=\"article:modified_time\" content=\"2023-01-20T14:55:19+00:00\" \/>\n<meta property=\"og:image\" content=\"https:\/\/www.lab-science.eu\/wp-content\/uploads\/2020\/07\/Tunnel-a-plasma-300x212.jpg\" \/>\n<meta name=\"twitter:card\" content=\"summary_large_image\" \/>\n<meta name=\"twitter:label1\" content=\"Tiempo de lectura\" \/>\n\t<meta name=\"twitter:data1\" content=\"3 minutos\" \/>\n<script type=\"application\/ld+json\" class=\"yoast-schema-graph\">{\"@context\":\"https:\/\/schema.org\",\"@graph\":[{\"@type\":\"WebPage\",\"@id\":\"https:\/\/www.lab-science.eu\/es\/soluciones\/solucion-de-descontaminacion\/uvclabs\/tunel-de-descontaminacion-por-plasma-para-aeropuertos\/\",\"url\":\"https:\/\/www.lab-science.eu\/es\/soluciones\/solucion-de-descontaminacion\/uvclabs\/tunel-de-descontaminacion-por-plasma-para-aeropuertos\/\",\"name\":\"T\u00fanel de descontaminaci\u00f3n por plasma para aeropuertos\",\"isPartOf\":{\"@id\":\"https:\/\/www.lab-science.eu\/#website\"},\"primaryImageOfPage\":{\"@id\":\"https:\/\/www.lab-science.eu\/es\/soluciones\/solucion-de-descontaminacion\/uvclabs\/tunel-de-descontaminacion-por-plasma-para-aeropuertos\/#primaryimage\"},\"image\":{\"@id\":\"https:\/\/www.lab-science.eu\/es\/soluciones\/solucion-de-descontaminacion\/uvclabs\/tunel-de-descontaminacion-por-plasma-para-aeropuertos\/#primaryimage\"},\"thumbnailUrl\":\"https:\/\/www.lab-science.eu\/wp-content\/uploads\/2020\/07\/Tunnel-a-plasma-300x212.jpg\",\"datePublished\":\"2022-12-01T15:01:21+00:00\",\"dateModified\":\"2023-01-20T14:55:19+00:00\",\"description\":\"El t\u00fanel de descontaminaci\u00f3n por plasma de Lab'Science ha sido desarrollado para responder a las necesidades de los aeropuertos en materia de desinfecci\u00f3n de equipajes en los PIF.\",\"breadcrumb\":{\"@id\":\"https:\/\/www.lab-science.eu\/es\/soluciones\/solucion-de-descontaminacion\/uvclabs\/tunel-de-descontaminacion-por-plasma-para-aeropuertos\/#breadcrumb\"},\"inLanguage\":\"es\",\"potentialAction\":[{\"@type\":\"ReadAction\",\"target\":[\"https:\/\/www.lab-science.eu\/es\/soluciones\/solucion-de-descontaminacion\/uvclabs\/tunel-de-descontaminacion-por-plasma-para-aeropuertos\/\"]}]},{\"@type\":\"ImageObject\",\"inLanguage\":\"es\",\"@id\":\"https:\/\/www.lab-science.eu\/es\/soluciones\/solucion-de-descontaminacion\/uvclabs\/tunel-de-descontaminacion-por-plasma-para-aeropuertos\/#primaryimage\",\"url\":\"https:\/\/www.lab-science.eu\/wp-content\/uploads\/2020\/07\/Tunnel-a-plasma-300x212.jpg\",\"contentUrl\":\"https:\/\/www.lab-science.eu\/wp-content\/uploads\/2020\/07\/Tunnel-a-plasma-300x212.jpg\"},{\"@type\":\"BreadcrumbList\",\"@id\":\"https:\/\/www.lab-science.eu\/es\/soluciones\/solucion-de-descontaminacion\/uvclabs\/tunel-de-descontaminacion-por-plasma-para-aeropuertos\/#breadcrumb\",\"itemListElement\":[{\"@type\":\"ListItem\",\"position\":1,\"name\":\"Accueil\",\"item\":\"https:\/\/www.lab-science.eu\/es\/\"},{\"@type\":\"ListItem\",\"position\":2,\"name\":\"Soluciones\",\"item\":\"https:\/\/www.lab-science.eu\/es\/soluciones\/\"},{\"@type\":\"ListItem\",\"position\":3,\"name\":\"SOLUCI\u00d3N DE DESCONTAMINACI\u00d3N\",\"item\":\"https:\/\/www.lab-science.eu\/es\/soluciones\/solucion-de-descontaminacion\/\"},{\"@type\":\"ListItem\",\"position\":4,\"name\":\"UVC&#8217;Labs\",\"item\":\"https:\/\/www.lab-science.eu\/es\/soluciones\/solucion-de-descontaminacion\/uvclabs\/\"},{\"@type\":\"ListItem\",\"position\":5,\"name\":\"T\u00fanel de descontaminaci\u00f3n por plasma para aeropuertos\"}]},{\"@type\":\"WebSite\",\"@id\":\"https:\/\/www.lab-science.eu\/#website\",\"url\":\"https:\/\/www.lab-science.eu\/\",\"name\":\"Lab Science - Conception et Fabrication de salles blanches modulaire\",\"description\":\"\",\"potentialAction\":[{\"@type\":\"SearchAction\",\"target\":{\"@type\":\"EntryPoint\",\"urlTemplate\":\"https:\/\/www.lab-science.eu\/?s={search_term_string}\"},\"query-input\":{\"@type\":\"PropertyValueSpecification\",\"valueRequired\":true,\"valueName\":\"search_term_string\"}}],\"inLanguage\":\"es\"}]}<\/script>\n<!-- \/ Yoast SEO plugin. -->","yoast_head_json":{"title":"T\u00fanel de descontaminaci\u00f3n por plasma para aeropuertos","description":"El t\u00fanel de descontaminaci\u00f3n por plasma de Lab'Science ha sido desarrollado para responder a las necesidades de los aeropuertos en materia de desinfecci\u00f3n de equipajes en los PIF.","robots":{"index":"index","follow":"follow","max-snippet":"max-snippet:-1","max-image-preview":"max-image-preview:large","max-video-preview":"max-video-preview:-1"},"canonical":"https:\/\/www.lab-science.eu\/es\/soluciones\/solucion-de-descontaminacion\/uvclabs\/tunel-de-descontaminacion-por-plasma-para-aeropuertos\/","og_locale":"es_ES","og_type":"article","og_title":"T\u00fanel de descontaminaci\u00f3n por plasma para aeropuertos","og_description":"El t\u00fanel de descontaminaci\u00f3n por plasma de Lab'Science ha sido desarrollado para responder a las necesidades de los aeropuertos en materia de desinfecci\u00f3n de equipajes en los PIF.","og_url":"https:\/\/www.lab-science.eu\/es\/soluciones\/solucion-de-descontaminacion\/uvclabs\/tunel-de-descontaminacion-por-plasma-para-aeropuertos\/","og_site_name":"Lab Science - Conception et Fabrication de salles blanches modulaire","article_modified_time":"2023-01-20T14:55:19+00:00","og_image":[{"url":"https:\/\/www.lab-science.eu\/wp-content\/uploads\/2020\/07\/Tunnel-a-plasma-300x212.jpg","type":"","width":"","height":""}],"twitter_card":"summary_large_image","twitter_misc":{"Tiempo de lectura":"3 minutos"},"schema":{"@context":"https:\/\/schema.org","@graph":[{"@type":"WebPage","@id":"https:\/\/www.lab-science.eu\/es\/soluciones\/solucion-de-descontaminacion\/uvclabs\/tunel-de-descontaminacion-por-plasma-para-aeropuertos\/","url":"https:\/\/www.lab-science.eu\/es\/soluciones\/solucion-de-descontaminacion\/uvclabs\/tunel-de-descontaminacion-por-plasma-para-aeropuertos\/","name":"T\u00fanel de descontaminaci\u00f3n por plasma para aeropuertos","isPartOf":{"@id":"https:\/\/www.lab-science.eu\/#website"},"primaryImageOfPage":{"@id":"https:\/\/www.lab-science.eu\/es\/soluciones\/solucion-de-descontaminacion\/uvclabs\/tunel-de-descontaminacion-por-plasma-para-aeropuertos\/#primaryimage"},"image":{"@id":"https:\/\/www.lab-science.eu\/es\/soluciones\/solucion-de-descontaminacion\/uvclabs\/tunel-de-descontaminacion-por-plasma-para-aeropuertos\/#primaryimage"},"thumbnailUrl":"https:\/\/www.lab-science.eu\/wp-content\/uploads\/2020\/07\/Tunnel-a-plasma-300x212.jpg","datePublished":"2022-12-01T15:01:21+00:00","dateModified":"2023-01-20T14:55:19+00:00","description":"El t\u00fanel de descontaminaci\u00f3n por plasma de Lab'Science ha sido desarrollado para responder a las necesidades de los aeropuertos en materia de desinfecci\u00f3n de equipajes en los PIF.","breadcrumb":{"@id":"https:\/\/www.lab-science.eu\/es\/soluciones\/solucion-de-descontaminacion\/uvclabs\/tunel-de-descontaminacion-por-plasma-para-aeropuertos\/#breadcrumb"},"inLanguage":"es","potentialAction":[{"@type":"ReadAction","target":["https:\/\/www.lab-science.eu\/es\/soluciones\/solucion-de-descontaminacion\/uvclabs\/tunel-de-descontaminacion-por-plasma-para-aeropuertos\/"]}]},{"@type":"ImageObject","inLanguage":"es","@id":"https:\/\/www.lab-science.eu\/es\/soluciones\/solucion-de-descontaminacion\/uvclabs\/tunel-de-descontaminacion-por-plasma-para-aeropuertos\/#primaryimage","url":"https:\/\/www.lab-science.eu\/wp-content\/uploads\/2020\/07\/Tunnel-a-plasma-300x212.jpg","contentUrl":"https:\/\/www.lab-science.eu\/wp-content\/uploads\/2020\/07\/Tunnel-a-plasma-300x212.jpg"},{"@type":"BreadcrumbList","@id":"https:\/\/www.lab-science.eu\/es\/soluciones\/solucion-de-descontaminacion\/uvclabs\/tunel-de-descontaminacion-por-plasma-para-aeropuertos\/#breadcrumb","itemListElement":[{"@type":"ListItem","position":1,"name":"Accueil","item":"https:\/\/www.lab-science.eu\/es\/"},{"@type":"ListItem","position":2,"name":"Soluciones","item":"https:\/\/www.lab-science.eu\/es\/soluciones\/"},{"@type":"ListItem","position":3,"name":"SOLUCI\u00d3N DE DESCONTAMINACI\u00d3N","item":"https:\/\/www.lab-science.eu\/es\/soluciones\/solucion-de-descontaminacion\/"},{"@type":"ListItem","position":4,"name":"UVC&#8217;Labs","item":"https:\/\/www.lab-science.eu\/es\/soluciones\/solucion-de-descontaminacion\/uvclabs\/"},{"@type":"ListItem","position":5,"name":"T\u00fanel de descontaminaci\u00f3n por plasma para aeropuertos"}]},{"@type":"WebSite","@id":"https:\/\/www.lab-science.eu\/#website","url":"https:\/\/www.lab-science.eu\/","name":"Lab Science - Conception et Fabrication de salles blanches modulaire","description":"","potentialAction":[{"@type":"SearchAction","target":{"@type":"EntryPoint","urlTemplate":"https:\/\/www.lab-science.eu\/?s={search_term_string}"},"query-input":{"@type":"PropertyValueSpecification","valueRequired":true,"valueName":"search_term_string"}}],"inLanguage":"es"}]}},"_links":{"self":[{"href":"https:\/\/www.lab-science.eu\/es\/wp-json\/wp\/v2\/pages\/4767","targetHints":{"allow":["GET"]}}],"collection":[{"href":"https:\/\/www.lab-science.eu\/es\/wp-json\/wp\/v2\/pages"}],"about":[{"href":"https:\/\/www.lab-science.eu\/es\/wp-json\/wp\/v2\/types\/page"}],"author":[{"embeddable":true,"href":"https:\/\/www.lab-science.eu\/es\/wp-json\/wp\/v2\/users\/1"}],"replies":[{"embeddable":true,"href":"https:\/\/www.lab-science.eu\/es\/wp-json\/wp\/v2\/comments?post=4767"}],"version-history":[{"count":0,"href":"https:\/\/www.lab-science.eu\/es\/wp-json\/wp\/v2\/pages\/4767\/revisions"}],"up":[{"embeddable":true,"href":"https:\/\/www.lab-science.eu\/es\/wp-json\/wp\/v2\/pages\/4064"}],"wp:attachment":[{"href":"https:\/\/www.lab-science.eu\/es\/wp-json\/wp\/v2\/media?parent=4767"}],"curies":[{"name":"wp","href":"https:\/\/api.w.org\/{rel}","templated":true}]}}