{"id":4770,"date":"2022-12-01T16:13:32","date_gmt":"2022-12-01T15:13:32","guid":{"rendered":"https:\/\/preprod2.dev-ev.fr\/?page_id=4770"},"modified":"2023-01-20T15:52:59","modified_gmt":"2023-01-20T14:52:59","slug":"calificaciones-y-auditorias","status":"publish","type":"page","link":"https:\/\/www.lab-science.eu\/es\/calificaciones-y-auditorias\/","title":{"rendered":"Calificaciones y auditor\u00edas"},"content":{"rendered":"<div class=\"title\">\n<h1 class=\"header-text\">Calificaciones y auditor\u00edas<br \/>\n<span style=\"font-size: 50%;\">Sala blanca | Zona de contenci\u00f3n<\/span><\/h1>\n<div class=\"subtitle\">\n<p style=\"text-transform: initial;\">El departamento cient\u00edfico de LAB&#8217;SCIENCE le apoya en las diversas etapas del ciclo de vida de sus instalaciones : durante su dise\u00f1o, calificando cient\u00edficamente los estudios propuestos, y una vez que el edificio est\u00e1 en funcionamiento, auditando su instalaci\u00f3n (auditor\u00eda de sala blanca, zona de contenci\u00f3n, instalaci\u00f3n de entorno controlado).<\/p>\n<\/div>\n<\/div>\n<div class=\"full-width\" style=\"color: #333333;background: #f6f6f6;\">\n<div class=\"one_half rnr-column\">\n<h2>Calificaciones (dise\u00f1o, instalaci\u00f3n, rendimiento, etc.).<\/h2>\n<p>Salas blancas, zonas de contenci\u00f3n, etc. Todas las soluciones que ofrecemos son auditadas sistem\u00e1ticamente por nuestro departamento cient\u00edfico antes de present\u00e1rselas.<\/p>\n<p>Nuestro proceso de calificaci\u00f3n abarca :<br \/>\n<ul class=\"styled-list\">\n<li><i class=\"fa fa-home\" style=\"color:#6a0e41 !important;\"><\/i>La legislaci\u00f3n laboral ;<\/li>\n<li><i class=\"fa fa-home\" style=\"color:#6a0e41 !important;\"><\/i>La norma ISO EN NF 14644 y otras normas ;<\/li>\n<li><i class=\"fa fa-home\" style=\"color:#6a0e41 !important;\"><\/i>Las buenas pr\u00e1cticas profesionales en cada \u00e1mbito: buenas pr\u00e1cticas de fabricaci\u00f3n, buenas pr\u00e1cticas de laboratorio, gu\u00edas, etc ;<\/li>\n<li><i class=\"fa fa-home\" style=\"color:#6a0e41 !important;\"><\/i>Cualquier otra normativa aplicable.<\/li>\n<\/ul>\n<br \/>\nEsto le garantiza una soluci\u00f3n que cumple la normativa y est\u00e1 optimizada a nivel de funcionamiento.<\/p>\n<\/div>\n<div class=\"one_half rnr-column last\">\n<p><img loading=\"lazy\" decoding=\"async\" class=\"alignnone wp-image-3164 size-large portfolio-lazyLoad\" title=\"Calificaci\u00f3n del dise\u00f1o\" src=\"https:\/\/www.lab-science.eu\/wp-content\/uploads\/2022\/08\/Qualification-de-conception.png\" data-original=\"https:\/\/www.lab-science.eu\/wp-content\/uploads\/2022\/08\/Qualification-de-conception.png\" alt=\"Calificaci\u00f3n del dise\u00f1o\" width=\"2763\" height=\"1767\" \/><noscript><img loading=\"lazy\" decoding=\"async\" class=\"alignnone wp-image-3164 size-large portfolio-lazyLoad\" title=\"Calificaci\u00f3n del dise\u00f1o\" src=\"https:\/\/www.lab-science.eu\/wp-content\/uploads\/2022\/08\/Qualification-de-conception.png\" alt=\"Calificaci\u00f3n del dise\u00f1o\" width=\"2763\" height=\"1767\" \/><\/noscript><\/p>\n<\/div><div class=\"clear\"><\/div>\n<p><\/div>\n<div class=\"one_half rnr-column\">\n<img loading=\"lazy\" decoding=\"async\" class=\"alignnone wp-image-3164 size-large portfolio-lazyLoad\" title=\"Auditor\u00eda de procesos t\u00e9cnicos\" src=\"https:\/\/www.lab-science.eu\/wp-content\/uploads\/2022\/08\/Audit-des-processus-techniques.jpg\" data-original=\"https:\/\/www.lab-science.eu\/wp-content\/uploads\/2022\/08\/Audit-des-processus-techniques.jpg\" alt=\"Auditor\u00eda de procesos t\u00e9cnicos de LAB'SCIENCE\" width=\"1817\" height=\"1400\" \/><noscript><img loading=\"lazy\" decoding=\"async\" class=\"alignnone wp-image-3164 size-large portfolio-lazyLoad\" title=\"Auditor\u00eda de procesos t\u00e9cnicos\" src=\"https:\/\/www.lab-science.eu\/wp-content\/uploads\/2022\/08\/Audit-des-processus-techniques.jpg\" alt=\"Auditor\u00eda de procesos t\u00e9cnicos de LAB'SCIENCE\" width=\"1817\" height=\"1400\" \/><\/noscript><\/p>\n<p><\/div>\n<div class=\"one_half rnr-column last\">\n<h2>Auditor\u00eda de procesos t\u00e9cnicos<br \/>\nAuditor\u00eda de salas blancas<\/h2>\n<p>LAB&#8217;SCIENCE cuenta con empresas especializadas en el campo del control del polvo, cada una con sus propias competencias t\u00e9cnicas, y es capaz de auditar todas las partes clave de una instalaci\u00f3n con polvo controlado.<br \/>\nEstas m\u00faltiples competencias t\u00e9cnicas, solicitadas y organizadas con rigor por el departamento cient\u00edfico de LAB&#8217;SCIENCE, ofrecen un servicio de auditor\u00eda de salas blancas especialmente eficaz y cr\u00edtico.<\/p>\n<p>Las competencias complementarias de nuestra red :<br \/>\n<ul class=\"styled-list\">\n<li><i class=\"fa fa-home\" style=\"color:#6a0e41 !important;\"><\/i>Fluidos HVAC ;<\/li>\n<li><i class=\"fa fa-home\" style=\"color:#6a0e41 !important;\"><\/i>Regulaci\u00f3n HVAC ;<\/li>\n<li><i class=\"fa fa-home\" style=\"color:#6a0e41 !important;\"><\/i>Fluidos especiales ;<\/li>\n<li><i class=\"fa fa-home\" style=\"color:#6a0e41 !important;\"><\/i>Electricidad industrial ;<\/li>\n<li><i class=\"fa fa-home\" style=\"color:#6a0e41 !important;\"><\/i>Fontaner\u00eda ;<\/li>\n<li><i class=\"fa fa-home\" style=\"color:#6a0e41 !important;\"><\/i>Equipos de laboratorio ;<\/li>\n<li><i class=\"fa fa-home\" style=\"color:#6a0e41 !important;\"><\/i>Descontaminaci\u00f3n ;<\/li>\n<li><i class=\"fa fa-home\" style=\"color:#6a0e41 !important;\"><\/i>Puesta a punto ;<\/li>\n<li><i class=\"fa fa-home\" style=\"color:#6a0e41 !important;\"><\/i>Calificaciones.<\/li>\n<\/ul>\n<p style=\"text-align: center;\"><a class=\"header-text\" style=\"box-shadow: #6a0e41 0px 0px 0px 3px; font-size: 20px; font-style: normal; color: #ffffff; font-weight: normal; text-transform: uppercase; margin-bottom: 20px; line-height: 1; display: inline-block; padding: 10px; background: #6a0e41; text-align: center;\" href=\"https:\/\/www.lab-science.eu\/contact\/\">CONT\u00c1CTENOS<\/a><\/p>\n<\/div><div class=\"clear\"><\/div>\n<div class=\"full-width\" style=\"color: #333333;background: #f6f6f6;\">\n<div class=\"one_half rnr-column\">\n<h2>Un departamento cient\u00edfico al servicio de sus proyectos<\/h2>\n<p>LAB&#8217;SCIENCE cuenta con un departamento cient\u00edfico de alto nivel formado por S\u00e9bastien Allix, director cient\u00edfico de LAB&#8217;SCIENCE y Arnaud Orelle, asesor cient\u00edfico.<\/p>\n<p>Juntos suman m\u00e1s de 30 a\u00f1os de experiencia en el mundo de los laboratorios, tanto a nivel nacional como internacional.<\/p>\n<p>S\u00e9bastien Allix es experto de la OMS, la OIE y el OIEA, y preside la secci\u00f3n \u00abBioseguridad-Bioprotecci\u00f3n\u00bb de la Sociedad Francesa de Microbiolog\u00eda. Es miembro de la junta directiva de la APSEC.<\/p>\n<p>Arnaud Orelle es miembro del consejo asesor restringido del Young Leader Circle de la American Society for Microbiology y profesional certificado por la International Federation of Biosafety Association.<\/p>\n<p>Son los encargados de realizar la calificaci\u00f3n y la auditor\u00eda de los procesos t\u00e9cnicos en nombre de LAB&#8217;SCIENCE.<\/p>\n<p><\/div>\n<div class=\"one_half rnr-column last\">\n<p><img loading=\"lazy\" decoding=\"async\" class=\"alignnone wp-image-2375 size-large portfolio-lazyLoad\" title=\"Departamento cient\u00edfico\" src=\"https:\/\/www.lab-science.eu\/wp-content\/uploads\/2022\/08\/Direction-scientifique-1.png\" data-original=\"https:\/\/www.lab-science.eu\/wp-content\/uploads\/2022\/08\/Direction-scientifique-1.png\" alt=\"Departamento cient\u00edfico\" width=\"500\" height=\"500\" \/><noscript><img loading=\"lazy\" decoding=\"async\" class=\"alignnone wp-image-2375 size-large portfolio-lazyLoad\" title=\"Departamento cient\u00edfico\" src=\"https:\/\/www.lab-science.eu\/wp-content\/uploads\/2022\/08\/Direction-scientifique-1.png\" alt=\"Departamento cient\u00edfico\" width=\"500\" height=\"500\" \/><\/noscript><\/p>\n<p><\/div><div class=\"clear\"><\/div>\n<\/div>\n<p>&nbsp;<\/p>\n<div class=\"title\">\n<h2 style=\"text-align: center;\">\u00bfQuiere confiarnos su proyecto?<\/h2>\n<p style=\"text-align: center;\">LAB&#8217;SCIENCE le acompa\u00f1a<\/p>\n<p>&nbsp;<\/p>\n<p style=\"text-align: center;\"><a class=\"header-text\" style=\"box-shadow: #6a0e41 0px 0px 0px 3px; font-size: 20px; font-style: normal; color: #ffffff; font-weight: normal; text-transform: uppercase; margin-bottom: 20px; line-height: 1; display: inline-block; padding: 10px; background: #6a0e41; text-align: center;\" href=\"https:\/\/www.lab-science.eu\/es\/contacto\/\">CONT\u00c1CTENOS<\/a><\/p>\n<\/div>\n","protected":false},"excerpt":{"rendered":"<p>Calificaciones y auditor\u00edas Sala blanca | Zona de contenci\u00f3n El departamento cient\u00edfico de LAB&#8217;SCIENCE le apoya en las diversas etapas del ciclo de vida de sus instalaciones : durante su dise\u00f1o, calificando cient\u00edficamente los estudios propuestos, y una vez que el edificio est\u00e1 en funcionamiento, auditando su instalaci\u00f3n (auditor\u00eda de sala blanca, zona de contenci\u00f3n,&hellip;<\/p>\n<p><a href=\"https:\/\/www.lab-science.eu\/es\/calificaciones-y-auditorias\/\" class=\"read-more-link\">Read More &rarr;<\/a><\/p>\n","protected":false},"author":7,"featured_media":0,"parent":0,"menu_order":1,"comment_status":"closed","ping_status":"closed","template":"","meta":{"footnotes":""},"class_list":["post-4770","page","type-page","status-publish","hentry"],"yoast_head":"<!-- This site is optimized with the Yoast SEO plugin v27.3 - https:\/\/yoast.com\/product\/yoast-seo-wordpress\/ -->\n<title>Calificaciones y auditor\u00edas - Lab Science - Conception et Fabrication de salles blanches modulaire<\/title>\n<meta name=\"robots\" content=\"index, follow, max-snippet:-1, max-image-preview:large, max-video-preview:-1\" \/>\n<link rel=\"canonical\" href=\"https:\/\/www.lab-science.eu\/es\/calificaciones-y-auditorias\/\" \/>\n<meta property=\"og:locale\" content=\"es_ES\" \/>\n<meta property=\"og:type\" content=\"article\" \/>\n<meta property=\"og:title\" content=\"Calificaciones y auditor\u00edas - Lab Science - Conception et Fabrication de salles blanches modulaire\" \/>\n<meta property=\"og:description\" content=\"Calificaciones y auditor\u00edas Sala blanca | Zona de contenci\u00f3n El departamento cient\u00edfico de LAB&#8217;SCIENCE le apoya en las diversas etapas del ciclo de vida de sus instalaciones : durante su dise\u00f1o, calificando cient\u00edficamente los estudios propuestos, y una vez que el edificio est\u00e1 en funcionamiento, auditando su instalaci\u00f3n (auditor\u00eda de sala blanca, zona de contenci\u00f3n,&hellip;Read More &rarr;\" \/>\n<meta property=\"og:url\" content=\"https:\/\/www.lab-science.eu\/es\/calificaciones-y-auditorias\/\" \/>\n<meta property=\"og:site_name\" content=\"Lab Science - Conception et Fabrication de salles blanches modulaire\" \/>\n<meta property=\"article:modified_time\" content=\"2023-01-20T14:52:59+00:00\" \/>\n<meta property=\"og:image\" content=\"https:\/\/www.lab-science.eu\/wp-content\/uploads\/2022\/08\/Qualification-de-conception.png\" \/>\n<meta name=\"twitter:card\" content=\"summary_large_image\" \/>\n<meta name=\"twitter:label1\" content=\"Tiempo de lectura\" \/>\n\t<meta name=\"twitter:data1\" content=\"3 minutos\" \/>\n<script type=\"application\/ld+json\" class=\"yoast-schema-graph\">{\"@context\":\"https:\\\/\\\/schema.org\",\"@graph\":[{\"@type\":\"WebPage\",\"@id\":\"https:\\\/\\\/www.lab-science.eu\\\/es\\\/calificaciones-y-auditorias\\\/\",\"url\":\"https:\\\/\\\/www.lab-science.eu\\\/es\\\/calificaciones-y-auditorias\\\/\",\"name\":\"Calificaciones y auditor\u00edas - Lab Science - Conception et Fabrication de salles blanches modulaire\",\"isPartOf\":{\"@id\":\"https:\\\/\\\/www.lab-science.eu\\\/#website\"},\"primaryImageOfPage\":{\"@id\":\"https:\\\/\\\/www.lab-science.eu\\\/es\\\/calificaciones-y-auditorias\\\/#primaryimage\"},\"image\":{\"@id\":\"https:\\\/\\\/www.lab-science.eu\\\/es\\\/calificaciones-y-auditorias\\\/#primaryimage\"},\"thumbnailUrl\":\"https:\\\/\\\/www.lab-science.eu\\\/wp-content\\\/uploads\\\/2022\\\/08\\\/Qualification-de-conception.png\",\"datePublished\":\"2022-12-01T15:13:32+00:00\",\"dateModified\":\"2023-01-20T14:52:59+00:00\",\"breadcrumb\":{\"@id\":\"https:\\\/\\\/www.lab-science.eu\\\/es\\\/calificaciones-y-auditorias\\\/#breadcrumb\"},\"inLanguage\":\"es\",\"potentialAction\":[{\"@type\":\"ReadAction\",\"target\":[\"https:\\\/\\\/www.lab-science.eu\\\/es\\\/calificaciones-y-auditorias\\\/\"]}]},{\"@type\":\"ImageObject\",\"inLanguage\":\"es\",\"@id\":\"https:\\\/\\\/www.lab-science.eu\\\/es\\\/calificaciones-y-auditorias\\\/#primaryimage\",\"url\":\"https:\\\/\\\/www.lab-science.eu\\\/wp-content\\\/uploads\\\/2022\\\/08\\\/Qualification-de-conception.png\",\"contentUrl\":\"https:\\\/\\\/www.lab-science.eu\\\/wp-content\\\/uploads\\\/2022\\\/08\\\/Qualification-de-conception.png\"},{\"@type\":\"BreadcrumbList\",\"@id\":\"https:\\\/\\\/www.lab-science.eu\\\/es\\\/calificaciones-y-auditorias\\\/#breadcrumb\",\"itemListElement\":[{\"@type\":\"ListItem\",\"position\":1,\"name\":\"Accueil\",\"item\":\"https:\\\/\\\/www.lab-science.eu\\\/es\\\/\"},{\"@type\":\"ListItem\",\"position\":2,\"name\":\"Calificaciones y auditor\u00edas\"}]},{\"@type\":\"WebSite\",\"@id\":\"https:\\\/\\\/www.lab-science.eu\\\/#website\",\"url\":\"https:\\\/\\\/www.lab-science.eu\\\/\",\"name\":\"Lab Science - Conception et Fabrication de salles blanches modulaire\",\"description\":\"\",\"potentialAction\":[{\"@type\":\"SearchAction\",\"target\":{\"@type\":\"EntryPoint\",\"urlTemplate\":\"https:\\\/\\\/www.lab-science.eu\\\/?s={search_term_string}\"},\"query-input\":{\"@type\":\"PropertyValueSpecification\",\"valueRequired\":true,\"valueName\":\"search_term_string\"}}],\"inLanguage\":\"es\"}]}<\/script>\n<!-- \/ Yoast SEO plugin. -->","yoast_head_json":{"title":"Calificaciones y auditor\u00edas - Lab Science - Conception et Fabrication de salles blanches modulaire","robots":{"index":"index","follow":"follow","max-snippet":"max-snippet:-1","max-image-preview":"max-image-preview:large","max-video-preview":"max-video-preview:-1"},"canonical":"https:\/\/www.lab-science.eu\/es\/calificaciones-y-auditorias\/","og_locale":"es_ES","og_type":"article","og_title":"Calificaciones y auditor\u00edas - Lab Science - Conception et Fabrication de salles blanches modulaire","og_description":"Calificaciones y auditor\u00edas Sala blanca | Zona de contenci\u00f3n El departamento cient\u00edfico de LAB&#8217;SCIENCE le apoya en las diversas etapas del ciclo de vida de sus instalaciones : durante su dise\u00f1o, calificando cient\u00edficamente los estudios propuestos, y una vez que el edificio est\u00e1 en funcionamiento, auditando su instalaci\u00f3n (auditor\u00eda de sala blanca, zona de contenci\u00f3n,&hellip;Read More &rarr;","og_url":"https:\/\/www.lab-science.eu\/es\/calificaciones-y-auditorias\/","og_site_name":"Lab Science - Conception et Fabrication de salles blanches modulaire","article_modified_time":"2023-01-20T14:52:59+00:00","og_image":[{"url":"https:\/\/www.lab-science.eu\/wp-content\/uploads\/2022\/08\/Qualification-de-conception.png","type":"","width":"","height":""}],"twitter_card":"summary_large_image","twitter_misc":{"Tiempo de lectura":"3 minutos"},"schema":{"@context":"https:\/\/schema.org","@graph":[{"@type":"WebPage","@id":"https:\/\/www.lab-science.eu\/es\/calificaciones-y-auditorias\/","url":"https:\/\/www.lab-science.eu\/es\/calificaciones-y-auditorias\/","name":"Calificaciones y auditor\u00edas - Lab Science - Conception et Fabrication de salles blanches modulaire","isPartOf":{"@id":"https:\/\/www.lab-science.eu\/#website"},"primaryImageOfPage":{"@id":"https:\/\/www.lab-science.eu\/es\/calificaciones-y-auditorias\/#primaryimage"},"image":{"@id":"https:\/\/www.lab-science.eu\/es\/calificaciones-y-auditorias\/#primaryimage"},"thumbnailUrl":"https:\/\/www.lab-science.eu\/wp-content\/uploads\/2022\/08\/Qualification-de-conception.png","datePublished":"2022-12-01T15:13:32+00:00","dateModified":"2023-01-20T14:52:59+00:00","breadcrumb":{"@id":"https:\/\/www.lab-science.eu\/es\/calificaciones-y-auditorias\/#breadcrumb"},"inLanguage":"es","potentialAction":[{"@type":"ReadAction","target":["https:\/\/www.lab-science.eu\/es\/calificaciones-y-auditorias\/"]}]},{"@type":"ImageObject","inLanguage":"es","@id":"https:\/\/www.lab-science.eu\/es\/calificaciones-y-auditorias\/#primaryimage","url":"https:\/\/www.lab-science.eu\/wp-content\/uploads\/2022\/08\/Qualification-de-conception.png","contentUrl":"https:\/\/www.lab-science.eu\/wp-content\/uploads\/2022\/08\/Qualification-de-conception.png"},{"@type":"BreadcrumbList","@id":"https:\/\/www.lab-science.eu\/es\/calificaciones-y-auditorias\/#breadcrumb","itemListElement":[{"@type":"ListItem","position":1,"name":"Accueil","item":"https:\/\/www.lab-science.eu\/es\/"},{"@type":"ListItem","position":2,"name":"Calificaciones y auditor\u00edas"}]},{"@type":"WebSite","@id":"https:\/\/www.lab-science.eu\/#website","url":"https:\/\/www.lab-science.eu\/","name":"Lab Science - Conception et Fabrication de salles blanches modulaire","description":"","potentialAction":[{"@type":"SearchAction","target":{"@type":"EntryPoint","urlTemplate":"https:\/\/www.lab-science.eu\/?s={search_term_string}"},"query-input":{"@type":"PropertyValueSpecification","valueRequired":true,"valueName":"search_term_string"}}],"inLanguage":"es"}]}},"_links":{"self":[{"href":"https:\/\/www.lab-science.eu\/es\/wp-json\/wp\/v2\/pages\/4770","targetHints":{"allow":["GET"]}}],"collection":[{"href":"https:\/\/www.lab-science.eu\/es\/wp-json\/wp\/v2\/pages"}],"about":[{"href":"https:\/\/www.lab-science.eu\/es\/wp-json\/wp\/v2\/types\/page"}],"author":[{"embeddable":true,"href":"https:\/\/www.lab-science.eu\/es\/wp-json\/wp\/v2\/users\/7"}],"replies":[{"embeddable":true,"href":"https:\/\/www.lab-science.eu\/es\/wp-json\/wp\/v2\/comments?post=4770"}],"version-history":[{"count":0,"href":"https:\/\/www.lab-science.eu\/es\/wp-json\/wp\/v2\/pages\/4770\/revisions"}],"wp:attachment":[{"href":"https:\/\/www.lab-science.eu\/es\/wp-json\/wp\/v2\/media?parent=4770"}],"curies":[{"name":"wp","href":"https:\/\/api.w.org\/{rel}","templated":true}]}}