{"id":4781,"date":"2022-12-15T10:25:17","date_gmt":"2022-12-15T09:25:17","guid":{"rendered":"https:\/\/preprod2.dev-ev.fr\/?page_id=4781"},"modified":"2023-01-20T15:29:37","modified_gmt":"2023-01-20T14:29:37","slug":"duffay","status":"publish","type":"page","link":"https:\/\/www.lab-science.eu\/es\/los-miembros-de-la-red-labscience-2\/duffay\/","title":{"rendered":"Duffay"},"content":{"rendered":"<div class=\"title\">\n<h1 class=\"header-text\">Duffay,<br \/>\n<span style=\"font-size: 50%;\">dise\u00f1ador de salas blancas para las industrias farmac\u00e9utica y cosm\u00e9tica<\/span><\/h1>\n<\/div>\n<div class=\"full-width\" style=\"color: #333333;background: #FAFAFA;\">\n<div class=\"one_half rnr-column\">\n<img loading=\"lazy\" decoding=\"async\" class=\"wp-image-3244 size-full aligncenter portfolio-lazyLoad\" src=\"https:\/\/www.lab-science.eu\/wp-content\/uploads\/2022\/03\/DUFFAY-Logo-avec-LABS-INDUSTRIE-1.png\" data-original=\"https:\/\/www.lab-science.eu\/wp-content\/uploads\/2022\/03\/DUFFAY-Logo-avec-LABS-INDUSTRIE-1.png\" alt=\"\" width=\"300\" height=\"300\" \/><noscript><img loading=\"lazy\" decoding=\"async\" class=\"wp-image-3244 size-full aligncenter portfolio-lazyLoad\" src=\"https:\/\/www.lab-science.eu\/wp-content\/uploads\/2022\/03\/DUFFAY-Logo-avec-LABS-INDUSTRIE-1.png\" alt=\"\" width=\"300\" height=\"300\" \/><\/noscript><br \/>\n<\/div>\n<div class=\"one_half rnr-column last\">\n<h2>Acompa\u00f1amiento desde la planificaci\u00f3n hasta la instalaci\u00f3n, desde el dise\u00f1o hasta el mantenimiento<\/h2>\n<p>Cada a\u00f1o, Duffay instala 7000 m2 de techos y 12 000 m2 de tabiques. Como dise\u00f1ador de salas blancas para las industrias farmac\u00e9utica y cosm\u00e9tica, Duffay puede ayudarle en todas las etapas de su proyecto (dise\u00f1o, instalaci\u00f3n y mantenimiento).<br \/>\n<\/div><div class=\"clear\"><\/div>\n<\/div>\n<H2>Una amplia gama de productos para salas blancas<\/h2>\n<p>En Duffay, el dise\u00f1o de salas blancas para las industrias farmac\u00e9utica y cosm\u00e9tica se distingue por una amplia gama de productos. Los productos Duffay se caracterizan por su resistencia y su perfecta adaptaci\u00f3n a los requisitos de los entornos controlados, incluyendo tabiques (tabiques compactos con certificaci\u00f3n FM-Global y tabiques de chapa), techos, puertas, acristalamientos, salidas de emergencia, luminarias e incluso nichos para extintores.<br \/>\n&nbsp;<\/p>\n<h2>Un proyecto bien pensado y meticulosamente integrado<\/h2>\n<p>En Duffay, cada proyecto es \u00fanico. Escuchamos sus necesidades y le ofrecemos una soluci\u00f3n, desarrollada espec\u00edficamente para satisfacer sus necesidades.<br \/>\nComo dise\u00f1ador de salas blancas para las industrias farmac\u00e9utica y cosm\u00e9tica, garantizamos el cumplimiento de los requisitos de las normas GMP y BPF, seg\u00fan corresponda.<br \/>\nUn proyecto dise\u00f1ado para satisfacer sus necesidades, con una fabricaci\u00f3n de calidad y un montaje meticuloso que garantizan unos entornos de sala blanca robustos y duraderos.<\/p>\n<p>&nbsp;<\/p>\n<h2>Gesti\u00f3n global de salas limpias<\/h2>\n<p>Con CleanSuite, Duffay ofrece una gesti\u00f3n global de las zonas de atm\u00f3sfera controlada. CleanSuite es una suite de software basada en una caja de tecnolog\u00eda abierta que permite controlar los controles t\u00e1ctiles de enclavamiento de las puertas, supervisar la seguridad de las instalaciones, hacer un seguimiento de su consumo de energ\u00eda, controlar sus par\u00e1metros de producci\u00f3n, y hacer el seguimiento y las mediciones de sus datos sensibles.<br \/>\n&nbsp;<br \/>\n<H2>Mobiliario especialmente dise\u00f1ado para salas blancas<\/H2><br \/>\nDuffay recomienda, dise\u00f1a, fabrica e instala su mobiliario descontaminable: vestuarios personales, taquillas para zapatos, dispensadores, cubos de basura, armarios, escotillas, bancos y mobiliario de procesos, mesas de laboratorio, industria farmac\u00e9utica.<br \/>\n&nbsp;<br \/>\n<H2>Duffay, dise\u00f1ador de salas blancas para las industrias farmac\u00e9utica y cosm\u00e9tica, y mucho m\u00e1s<\/h2>\n<p><strong>Cosm\u00e9tica &#8211; Farmac\u00e9utica :<\/strong> Miembro de Cosmetic Valley, Duffay es un reconocido actor de las industrias cosm\u00e9tica y farmac\u00e9utica de Francia.<br \/>\n<strong>Industria &#8211; Hospitales :<\/strong> En Duffay, los actores industriales y hospitalarios han encontrado al experto que puede satisfacer sus necesidades.<br \/>\n<strong>Cocinas centrales &#8211; Tiendas de animales :<\/strong> Productos resistentes, materiales robustos y un equipo de I+D que escucha sus necesidades espec\u00edficas hacen de Duffay un actor id\u00f3neo para la creaci\u00f3n de sus cocinas centrales y tiendas de animales.<br \/>\n&nbsp;<\/p>\n<div class=\"title\">\n<h2 style=\"text-align: center;\">\u00bfQuiere confiarnos su proyecto?<\/h2>\n<p style=\"text-align: center;\">LAB&#8217;SCIENCE le acompa\u00f1a<\/p>\n<p>&nbsp;<\/p>\n<p style=\"text-align: center;\"><a class=\"header-text\" style=\"box-shadow: #6a0e41 0px 0px 0px 3px; font-size: 20px; font-style: normal; color: #ffffff; font-weight: normal; text-transform: uppercase; margin-bottom: 20px; line-height: 1; display: inline-block; padding: 10px; background: #6a0e41; text-align: center;\" href=\"https:\/\/www.lab-science.eu\/es\/contacto\/\">CONT\u00c1CTENOS<\/a><\/p>\n<\/div>\n","protected":false},"excerpt":{"rendered":"<p>Duffay, dise\u00f1ador de salas blancas para las industrias farmac\u00e9utica y cosm\u00e9tica Una amplia gama de productos para salas blancas En Duffay, el dise\u00f1o de salas blancas para las industrias farmac\u00e9utica y cosm\u00e9tica se distingue por una amplia gama de productos. Los productos Duffay se caracterizan por su resistencia y su perfecta adaptaci\u00f3n a los requisitos&hellip;<\/p>\n<p><a href=\"https:\/\/www.lab-science.eu\/es\/los-miembros-de-la-red-labscience-2\/duffay\/\" class=\"read-more-link\">Read More &rarr;<\/a><\/p>\n","protected":false},"author":7,"featured_media":0,"parent":4278,"menu_order":0,"comment_status":"closed","ping_status":"closed","template":"","meta":{"footnotes":""},"class_list":["post-4781","page","type-page","status-publish","hentry"],"yoast_head":"<!-- This site is optimized with the Yoast SEO plugin v27.3 - https:\/\/yoast.com\/product\/yoast-seo-wordpress\/ -->\n<title>Duffay, dise\u00f1ador de salas blancas farmac\u00e9uticas y cosm\u00e9ticas<\/title>\n<meta name=\"description\" content=\"Duffay, dise\u00f1ador de salas blancas farmac\u00e9uticas y cosm\u00e9ticas, fabrica e instala salas blancas y mobiliario descontaminable.\" \/>\n<meta name=\"robots\" content=\"index, follow, max-snippet:-1, max-image-preview:large, max-video-preview:-1\" \/>\n<link rel=\"canonical\" href=\"https:\/\/www.lab-science.eu\/es\/los-miembros-de-la-red-labscience-2\/duffay\/\" \/>\n<meta property=\"og:locale\" content=\"es_ES\" \/>\n<meta property=\"og:type\" content=\"article\" \/>\n<meta property=\"og:title\" content=\"Duffay, dise\u00f1ador de salas blancas farmac\u00e9uticas y cosm\u00e9ticas\" \/>\n<meta property=\"og:description\" content=\"Duffay, dise\u00f1ador de salas blancas farmac\u00e9uticas y cosm\u00e9ticas, fabrica e instala salas blancas y mobiliario descontaminable.\" \/>\n<meta property=\"og:url\" content=\"https:\/\/www.lab-science.eu\/es\/los-miembros-de-la-red-labscience-2\/duffay\/\" \/>\n<meta property=\"og:site_name\" content=\"Lab Science - Conception et Fabrication de salles blanches modulaire\" \/>\n<meta property=\"article:modified_time\" content=\"2023-01-20T14:29:37+00:00\" \/>\n<meta property=\"og:image\" content=\"https:\/\/www.lab-science.eu\/wp-content\/uploads\/2022\/03\/DUFFAY-Logo-avec-LABS-INDUSTRIE-1.png\" \/>\n<meta name=\"twitter:card\" content=\"summary_large_image\" \/>\n<meta name=\"twitter:label1\" content=\"Tiempo de lectura\" \/>\n\t<meta name=\"twitter:data1\" content=\"3 minutos\" \/>\n<script type=\"application\/ld+json\" class=\"yoast-schema-graph\">{\"@context\":\"https:\\\/\\\/schema.org\",\"@graph\":[{\"@type\":\"WebPage\",\"@id\":\"https:\\\/\\\/www.lab-science.eu\\\/es\\\/los-miembros-de-la-red-labscience-2\\\/duffay\\\/\",\"url\":\"https:\\\/\\\/www.lab-science.eu\\\/es\\\/los-miembros-de-la-red-labscience-2\\\/duffay\\\/\",\"name\":\"Duffay, dise\u00f1ador de salas blancas farmac\u00e9uticas y cosm\u00e9ticas\",\"isPartOf\":{\"@id\":\"https:\\\/\\\/www.lab-science.eu\\\/#website\"},\"primaryImageOfPage\":{\"@id\":\"https:\\\/\\\/www.lab-science.eu\\\/es\\\/los-miembros-de-la-red-labscience-2\\\/duffay\\\/#primaryimage\"},\"image\":{\"@id\":\"https:\\\/\\\/www.lab-science.eu\\\/es\\\/los-miembros-de-la-red-labscience-2\\\/duffay\\\/#primaryimage\"},\"thumbnailUrl\":\"https:\\\/\\\/www.lab-science.eu\\\/wp-content\\\/uploads\\\/2022\\\/03\\\/DUFFAY-Logo-avec-LABS-INDUSTRIE-1.png\",\"datePublished\":\"2022-12-15T09:25:17+00:00\",\"dateModified\":\"2023-01-20T14:29:37+00:00\",\"description\":\"Duffay, dise\u00f1ador de salas blancas farmac\u00e9uticas y cosm\u00e9ticas, fabrica e instala salas blancas y mobiliario descontaminable.\",\"breadcrumb\":{\"@id\":\"https:\\\/\\\/www.lab-science.eu\\\/es\\\/los-miembros-de-la-red-labscience-2\\\/duffay\\\/#breadcrumb\"},\"inLanguage\":\"es\",\"potentialAction\":[{\"@type\":\"ReadAction\",\"target\":[\"https:\\\/\\\/www.lab-science.eu\\\/es\\\/los-miembros-de-la-red-labscience-2\\\/duffay\\\/\"]}]},{\"@type\":\"ImageObject\",\"inLanguage\":\"es\",\"@id\":\"https:\\\/\\\/www.lab-science.eu\\\/es\\\/los-miembros-de-la-red-labscience-2\\\/duffay\\\/#primaryimage\",\"url\":\"https:\\\/\\\/www.lab-science.eu\\\/wp-content\\\/uploads\\\/2022\\\/03\\\/DUFFAY-Logo-avec-LABS-INDUSTRIE-1.png\",\"contentUrl\":\"https:\\\/\\\/www.lab-science.eu\\\/wp-content\\\/uploads\\\/2022\\\/03\\\/DUFFAY-Logo-avec-LABS-INDUSTRIE-1.png\"},{\"@type\":\"BreadcrumbList\",\"@id\":\"https:\\\/\\\/www.lab-science.eu\\\/es\\\/los-miembros-de-la-red-labscience-2\\\/duffay\\\/#breadcrumb\",\"itemListElement\":[{\"@type\":\"ListItem\",\"position\":1,\"name\":\"Accueil\",\"item\":\"https:\\\/\\\/www.lab-science.eu\\\/es\\\/\"},{\"@type\":\"ListItem\",\"position\":2,\"name\":\"LOS MIEMBROS DE LA RED LAB\u2019SCIENCE\",\"item\":\"https:\\\/\\\/www.lab-science.eu\\\/es\\\/los-miembros-de-la-red-labscience-2\\\/\"},{\"@type\":\"ListItem\",\"position\":3,\"name\":\"Duffay\"}]},{\"@type\":\"WebSite\",\"@id\":\"https:\\\/\\\/www.lab-science.eu\\\/#website\",\"url\":\"https:\\\/\\\/www.lab-science.eu\\\/\",\"name\":\"Lab Science - Conception et Fabrication de salles blanches modulaire\",\"description\":\"\",\"potentialAction\":[{\"@type\":\"SearchAction\",\"target\":{\"@type\":\"EntryPoint\",\"urlTemplate\":\"https:\\\/\\\/www.lab-science.eu\\\/?s={search_term_string}\"},\"query-input\":{\"@type\":\"PropertyValueSpecification\",\"valueRequired\":true,\"valueName\":\"search_term_string\"}}],\"inLanguage\":\"es\"}]}<\/script>\n<!-- \/ Yoast SEO plugin. -->","yoast_head_json":{"title":"Duffay, dise\u00f1ador de salas blancas farmac\u00e9uticas y cosm\u00e9ticas","description":"Duffay, dise\u00f1ador de salas blancas farmac\u00e9uticas y cosm\u00e9ticas, fabrica e instala salas blancas y mobiliario descontaminable.","robots":{"index":"index","follow":"follow","max-snippet":"max-snippet:-1","max-image-preview":"max-image-preview:large","max-video-preview":"max-video-preview:-1"},"canonical":"https:\/\/www.lab-science.eu\/es\/los-miembros-de-la-red-labscience-2\/duffay\/","og_locale":"es_ES","og_type":"article","og_title":"Duffay, dise\u00f1ador de salas blancas farmac\u00e9uticas y cosm\u00e9ticas","og_description":"Duffay, dise\u00f1ador de salas blancas farmac\u00e9uticas y cosm\u00e9ticas, fabrica e instala salas blancas y mobiliario descontaminable.","og_url":"https:\/\/www.lab-science.eu\/es\/los-miembros-de-la-red-labscience-2\/duffay\/","og_site_name":"Lab Science - Conception et Fabrication de salles blanches modulaire","article_modified_time":"2023-01-20T14:29:37+00:00","og_image":[{"url":"https:\/\/www.lab-science.eu\/wp-content\/uploads\/2022\/03\/DUFFAY-Logo-avec-LABS-INDUSTRIE-1.png","type":"","width":"","height":""}],"twitter_card":"summary_large_image","twitter_misc":{"Tiempo de lectura":"3 minutos"},"schema":{"@context":"https:\/\/schema.org","@graph":[{"@type":"WebPage","@id":"https:\/\/www.lab-science.eu\/es\/los-miembros-de-la-red-labscience-2\/duffay\/","url":"https:\/\/www.lab-science.eu\/es\/los-miembros-de-la-red-labscience-2\/duffay\/","name":"Duffay, dise\u00f1ador de salas blancas farmac\u00e9uticas y cosm\u00e9ticas","isPartOf":{"@id":"https:\/\/www.lab-science.eu\/#website"},"primaryImageOfPage":{"@id":"https:\/\/www.lab-science.eu\/es\/los-miembros-de-la-red-labscience-2\/duffay\/#primaryimage"},"image":{"@id":"https:\/\/www.lab-science.eu\/es\/los-miembros-de-la-red-labscience-2\/duffay\/#primaryimage"},"thumbnailUrl":"https:\/\/www.lab-science.eu\/wp-content\/uploads\/2022\/03\/DUFFAY-Logo-avec-LABS-INDUSTRIE-1.png","datePublished":"2022-12-15T09:25:17+00:00","dateModified":"2023-01-20T14:29:37+00:00","description":"Duffay, dise\u00f1ador de salas blancas farmac\u00e9uticas y cosm\u00e9ticas, fabrica e instala salas blancas y mobiliario descontaminable.","breadcrumb":{"@id":"https:\/\/www.lab-science.eu\/es\/los-miembros-de-la-red-labscience-2\/duffay\/#breadcrumb"},"inLanguage":"es","potentialAction":[{"@type":"ReadAction","target":["https:\/\/www.lab-science.eu\/es\/los-miembros-de-la-red-labscience-2\/duffay\/"]}]},{"@type":"ImageObject","inLanguage":"es","@id":"https:\/\/www.lab-science.eu\/es\/los-miembros-de-la-red-labscience-2\/duffay\/#primaryimage","url":"https:\/\/www.lab-science.eu\/wp-content\/uploads\/2022\/03\/DUFFAY-Logo-avec-LABS-INDUSTRIE-1.png","contentUrl":"https:\/\/www.lab-science.eu\/wp-content\/uploads\/2022\/03\/DUFFAY-Logo-avec-LABS-INDUSTRIE-1.png"},{"@type":"BreadcrumbList","@id":"https:\/\/www.lab-science.eu\/es\/los-miembros-de-la-red-labscience-2\/duffay\/#breadcrumb","itemListElement":[{"@type":"ListItem","position":1,"name":"Accueil","item":"https:\/\/www.lab-science.eu\/es\/"},{"@type":"ListItem","position":2,"name":"LOS MIEMBROS DE LA RED LAB\u2019SCIENCE","item":"https:\/\/www.lab-science.eu\/es\/los-miembros-de-la-red-labscience-2\/"},{"@type":"ListItem","position":3,"name":"Duffay"}]},{"@type":"WebSite","@id":"https:\/\/www.lab-science.eu\/#website","url":"https:\/\/www.lab-science.eu\/","name":"Lab Science - Conception et Fabrication de salles blanches modulaire","description":"","potentialAction":[{"@type":"SearchAction","target":{"@type":"EntryPoint","urlTemplate":"https:\/\/www.lab-science.eu\/?s={search_term_string}"},"query-input":{"@type":"PropertyValueSpecification","valueRequired":true,"valueName":"search_term_string"}}],"inLanguage":"es"}]}},"_links":{"self":[{"href":"https:\/\/www.lab-science.eu\/es\/wp-json\/wp\/v2\/pages\/4781","targetHints":{"allow":["GET"]}}],"collection":[{"href":"https:\/\/www.lab-science.eu\/es\/wp-json\/wp\/v2\/pages"}],"about":[{"href":"https:\/\/www.lab-science.eu\/es\/wp-json\/wp\/v2\/types\/page"}],"author":[{"embeddable":true,"href":"https:\/\/www.lab-science.eu\/es\/wp-json\/wp\/v2\/users\/7"}],"replies":[{"embeddable":true,"href":"https:\/\/www.lab-science.eu\/es\/wp-json\/wp\/v2\/comments?post=4781"}],"version-history":[{"count":0,"href":"https:\/\/www.lab-science.eu\/es\/wp-json\/wp\/v2\/pages\/4781\/revisions"}],"up":[{"embeddable":true,"href":"https:\/\/www.lab-science.eu\/es\/wp-json\/wp\/v2\/pages\/4278"}],"wp:attachment":[{"href":"https:\/\/www.lab-science.eu\/es\/wp-json\/wp\/v2\/media?parent=4781"}],"curies":[{"name":"wp","href":"https:\/\/api.w.org\/{rel}","templated":true}]}}